{"id":6929,"date":"2021-01-11T10:04:36","date_gmt":"2021-01-11T09:04:36","guid":{"rendered":"https:\/\/beconfident.simplesmile.hemsida.eu\/produkt\/revitalizing-boost-serum\/"},"modified":"2026-03-04T11:17:21","modified_gmt":"2026-03-04T10:17:21","slug":"revitalizing-boost-serum","status":"publish","type":"product","link":"https:\/\/beconfident.com\/es\/produkt\/revitalizing-boost-serum\/","title":{"rendered":"SERUM REVITALIZANTE BOOST"},"content":{"rendered":"<p>Con Revitalizing Boost Serum empiezas el d\u00eda con un impulso de energ\u00eda y preparas tu piel para los factores de estr\u00e9s externos. Revitalizing Boost Serum contiene Hylasome\u00ae EG 10 que es un \u00e1cido hialur\u00f3nico desarrollado no animal que retiene 50 veces m\u00e1s agua que el \u00e1cido hialur\u00f3nico regular y 5 veces m\u00e1s hidratante despu\u00e9s de 24 horas. Tambi\u00e9n contiene Pantenol que en contacto con la piel se convierte en \u00e1cido pantot\u00e9nico (vitamina B5). Funci\u00f3n antiinflamatoria y puede aliviar la picaz\u00f3n, al mismo tiempo que ayuda a calmar la piel seca e irritada.<\/p>\n<p>Al igual que Cleanser Antioxidant, Revitalizing Boost Serum tambi\u00e9n contiene extracto de t\u00e9 verde org\u00e1nico, pero tambi\u00e9n Superox-C, que proviene de la ciruela Kadadu, que es una de las llamadas s\u00faper frutas. Superox-C ayuda a reducir las l\u00edneas finas, las arrugas e igualar el tono de la piel gracias al alto contenido de vitamina C. De esta manera, sus antioxidantes naturales se despiertan y este impulso inteligente reconstruir\u00e1 su piel como nunca antes. Tambi\u00e9n funciona perfectamente para planchar despu\u00e9s de un tratamiento con microagujas o dermaroller. Envasado en nuestra botella sin aire, el suero conserva su eficacia y tambi\u00e9n permanece higi\u00e9nico.<\/p>\n","protected":false},"excerpt":{"rendered":"<p>Serum rico en vitaminas que hidrata, protege y fortalece la piel<\/p>\n","protected":false},"featured_media":1025,"comment_status":"open","ping_status":"closed","template":"","meta":{"_acf_changed":false,"inline_featured_image":false,"_monsterinsights_skip_tracking":false,"_monsterinsights_sitenote_active":false,"_monsterinsights_sitenote_note":"","_monsterinsights_sitenote_category":0},"product_brand":[],"product_cat":[59],"product_tag":[],"class_list":{"0":"post-6929","1":"product","2":"type-product","3":"status-publish","4":"has-post-thumbnail","6":"product_cat-sin-categorizar","8":"first","9":"outofstock","10":"taxable","11":"shipping-taxable","12":"purchasable","13":"product-type-simple"},"acf":[],"shsp-ext":{"main":{},"variations":[]},"yoast_head":"<!-- This site is optimized with the Yoast SEO plugin v27.2 - https:\/\/yoast.com\/product\/yoast-seo-wordpress\/ -->\n<title>SERUM REVITALIZANTE BOOST - Beconfident<\/title>\n<meta name=\"robots\" content=\"index, follow, max-snippet:-1, max-image-preview:large, max-video-preview:-1\" \/>\n<link rel=\"canonical\" href=\"https:\/\/beconfident.com\/es\/produkt\/revitalizing-boost-serum\/\" \/>\n<meta property=\"og:locale\" content=\"es_ES\" \/>\n<meta property=\"og:type\" content=\"article\" \/>\n<meta property=\"og:title\" content=\"SERUM REVITALIZANTE BOOST - Beconfident\" \/>\n<meta property=\"og:description\" content=\"Serum rico en vitaminas que hidrata, protege y fortalece la piel\" \/>\n<meta property=\"og:url\" content=\"https:\/\/beconfident.com\/es\/produkt\/revitalizing-boost-serum\/\" \/>\n<meta property=\"og:site_name\" content=\"Beconfident\" \/>\n<meta property=\"article:modified_time\" content=\"2026-03-04T10:17:21+00:00\" \/>\n<meta property=\"og:image\" content=\"https:\/\/beconfident.com\/wp-content\/uploads\/2021\/01\/181098-Revitalizing-Boost-Serum.jpg\" \/>\n\t<meta property=\"og:image:width\" content=\"1000\" \/>\n\t<meta property=\"og:image:height\" content=\"1000\" \/>\n\t<meta property=\"og:image:type\" content=\"image\/jpeg\" \/>\n<meta name=\"twitter:card\" content=\"summary_large_image\" \/>\n<meta name=\"twitter:label1\" content=\"Tiempo de lectura\" \/>\n\t<meta name=\"twitter:data1\" content=\"1 minuto\" \/>\n<script type=\"application\/ld+json\" class=\"yoast-schema-graph\">{\"@context\":\"https:\/\/schema.org\",\"@graph\":[{\"@type\":\"WebPage\",\"@id\":\"https:\/\/beconfident.com\/es\/produkt\/revitalizing-boost-serum\/\",\"url\":\"https:\/\/beconfident.com\/es\/produkt\/revitalizing-boost-serum\/\",\"name\":\"SERUM REVITALIZANTE BOOST - Beconfident\",\"isPartOf\":{\"@id\":\"https:\/\/beconfident.com\/lv\/#website\"},\"primaryImageOfPage\":{\"@id\":\"https:\/\/beconfident.com\/es\/produkt\/revitalizing-boost-serum\/#primaryimage\"},\"image\":{\"@id\":\"https:\/\/beconfident.com\/es\/produkt\/revitalizing-boost-serum\/#primaryimage\"},\"thumbnailUrl\":\"https:\/\/beconfident.com\/wp-content\/uploads\/2021\/01\/181098-Revitalizing-Boost-Serum.jpg\",\"datePublished\":\"2021-01-11T09:04:36+00:00\",\"dateModified\":\"2026-03-04T10:17:21+00:00\",\"breadcrumb\":{\"@id\":\"https:\/\/beconfident.com\/es\/produkt\/revitalizing-boost-serum\/#breadcrumb\"},\"inLanguage\":\"es\",\"potentialAction\":[{\"@type\":\"ReadAction\",\"target\":[\"https:\/\/beconfident.com\/es\/produkt\/revitalizing-boost-serum\/\"]}]},{\"@type\":\"ImageObject\",\"inLanguage\":\"es\",\"@id\":\"https:\/\/beconfident.com\/es\/produkt\/revitalizing-boost-serum\/#primaryimage\",\"url\":\"https:\/\/beconfident.com\/wp-content\/uploads\/2021\/01\/181098-Revitalizing-Boost-Serum.jpg\",\"contentUrl\":\"https:\/\/beconfident.com\/wp-content\/uploads\/2021\/01\/181098-Revitalizing-Boost-Serum.jpg\",\"width\":1000,\"height\":1000,\"caption\":\"181098 Revitalizing Boost Serum\"},{\"@type\":\"BreadcrumbList\",\"@id\":\"https:\/\/beconfident.com\/es\/produkt\/revitalizing-boost-serum\/#breadcrumb\",\"itemListElement\":[{\"@type\":\"ListItem\",\"position\":1,\"name\":\"Hem\",\"item\":\"https:\/\/beconfident.com\/es\/\"},{\"@type\":\"ListItem\",\"position\":2,\"name\":\"Webbutik\",\"item\":\"https:\/\/beconfident.com\/es\/webbutik\/\"},{\"@type\":\"ListItem\",\"position\":3,\"name\":\"SERUM REVITALIZANTE BOOST\"}]},{\"@type\":\"WebSite\",\"@id\":\"https:\/\/beconfident.com\/lv\/#website\",\"url\":\"https:\/\/beconfident.com\/lv\/\",\"name\":\"Beconfident\",\"description\":\"\",\"potentialAction\":[{\"@type\":\"SearchAction\",\"target\":{\"@type\":\"EntryPoint\",\"urlTemplate\":\"https:\/\/beconfident.com\/lv\/?s={search_term_string}\"},\"query-input\":{\"@type\":\"PropertyValueSpecification\",\"valueRequired\":true,\"valueName\":\"search_term_string\"}}],\"inLanguage\":\"es\"}]}<\/script>\n<!-- \/ Yoast SEO plugin. -->","yoast_head_json":{"title":"SERUM REVITALIZANTE BOOST - Beconfident","robots":{"index":"index","follow":"follow","max-snippet":"max-snippet:-1","max-image-preview":"max-image-preview:large","max-video-preview":"max-video-preview:-1"},"canonical":"https:\/\/beconfident.com\/es\/produkt\/revitalizing-boost-serum\/","og_locale":"es_ES","og_type":"article","og_title":"SERUM REVITALIZANTE BOOST - Beconfident","og_description":"Serum rico en vitaminas que hidrata, protege y fortalece la piel","og_url":"https:\/\/beconfident.com\/es\/produkt\/revitalizing-boost-serum\/","og_site_name":"Beconfident","article_modified_time":"2026-03-04T10:17:21+00:00","og_image":[{"width":1000,"height":1000,"url":"https:\/\/beconfident.com\/wp-content\/uploads\/2021\/01\/181098-Revitalizing-Boost-Serum.jpg","type":"image\/jpeg"}],"twitter_card":"summary_large_image","twitter_misc":{"Tiempo de lectura":"1 minuto"},"schema":{"@context":"https:\/\/schema.org","@graph":[{"@type":"WebPage","@id":"https:\/\/beconfident.com\/es\/produkt\/revitalizing-boost-serum\/","url":"https:\/\/beconfident.com\/es\/produkt\/revitalizing-boost-serum\/","name":"SERUM REVITALIZANTE BOOST - Beconfident","isPartOf":{"@id":"https:\/\/beconfident.com\/lv\/#website"},"primaryImageOfPage":{"@id":"https:\/\/beconfident.com\/es\/produkt\/revitalizing-boost-serum\/#primaryimage"},"image":{"@id":"https:\/\/beconfident.com\/es\/produkt\/revitalizing-boost-serum\/#primaryimage"},"thumbnailUrl":"https:\/\/beconfident.com\/wp-content\/uploads\/2021\/01\/181098-Revitalizing-Boost-Serum.jpg","datePublished":"2021-01-11T09:04:36+00:00","dateModified":"2026-03-04T10:17:21+00:00","breadcrumb":{"@id":"https:\/\/beconfident.com\/es\/produkt\/revitalizing-boost-serum\/#breadcrumb"},"inLanguage":"es","potentialAction":[{"@type":"ReadAction","target":["https:\/\/beconfident.com\/es\/produkt\/revitalizing-boost-serum\/"]}]},{"@type":"ImageObject","inLanguage":"es","@id":"https:\/\/beconfident.com\/es\/produkt\/revitalizing-boost-serum\/#primaryimage","url":"https:\/\/beconfident.com\/wp-content\/uploads\/2021\/01\/181098-Revitalizing-Boost-Serum.jpg","contentUrl":"https:\/\/beconfident.com\/wp-content\/uploads\/2021\/01\/181098-Revitalizing-Boost-Serum.jpg","width":1000,"height":1000,"caption":"181098 Revitalizing Boost Serum"},{"@type":"BreadcrumbList","@id":"https:\/\/beconfident.com\/es\/produkt\/revitalizing-boost-serum\/#breadcrumb","itemListElement":[{"@type":"ListItem","position":1,"name":"Hem","item":"https:\/\/beconfident.com\/es\/"},{"@type":"ListItem","position":2,"name":"Webbutik","item":"https:\/\/beconfident.com\/es\/webbutik\/"},{"@type":"ListItem","position":3,"name":"SERUM REVITALIZANTE BOOST"}]},{"@type":"WebSite","@id":"https:\/\/beconfident.com\/lv\/#website","url":"https:\/\/beconfident.com\/lv\/","name":"Beconfident","description":"","potentialAction":[{"@type":"SearchAction","target":{"@type":"EntryPoint","urlTemplate":"https:\/\/beconfident.com\/lv\/?s={search_term_string}"},"query-input":{"@type":"PropertyValueSpecification","valueRequired":true,"valueName":"search_term_string"}}],"inLanguage":"es"}]}},"_links":{"self":[{"href":"https:\/\/beconfident.com\/es\/wp-json\/wp\/v2\/product\/6929","targetHints":{"allow":["GET"]}}],"collection":[{"href":"https:\/\/beconfident.com\/es\/wp-json\/wp\/v2\/product"}],"about":[{"href":"https:\/\/beconfident.com\/es\/wp-json\/wp\/v2\/types\/product"}],"replies":[{"embeddable":true,"href":"https:\/\/beconfident.com\/es\/wp-json\/wp\/v2\/comments?post=6929"}],"wp:featuredmedia":[{"embeddable":true,"href":"https:\/\/beconfident.com\/es\/wp-json\/wp\/v2\/media\/1025"}],"wp:attachment":[{"href":"https:\/\/beconfident.com\/es\/wp-json\/wp\/v2\/media?parent=6929"}],"wp:term":[{"taxonomy":"product_brand","embeddable":true,"href":"https:\/\/beconfident.com\/es\/wp-json\/wp\/v2\/product_brand?post=6929"},{"taxonomy":"product_cat","embeddable":true,"href":"https:\/\/beconfident.com\/es\/wp-json\/wp\/v2\/product_cat?post=6929"},{"taxonomy":"product_tag","embeddable":true,"href":"https:\/\/beconfident.com\/es\/wp-json\/wp\/v2\/product_tag?post=6929"}],"curies":[{"name":"wp","href":"https:\/\/api.w.org\/{rel}","templated":true}]}}