{"id":6915,"date":"2021-01-11T10:04:36","date_gmt":"2021-01-11T09:04:36","guid":{"rendered":"https:\/\/beconfident.simplesmile.hemsida.eu\/produkt\/clear-skin-start-kit\/"},"modified":"2023-05-29T20:55:21","modified_gmt":"2023-05-29T18:55:21","slug":"clear-skin-start-kit","status":"publish","type":"product","link":"https:\/\/beconfident.com\/es\/produkt\/clear-skin-start-kit\/","title":{"rendered":"KIT DE INICIO CLEAR SKIN"},"content":{"rendered":"<p>Beconfident\u00ae Clear Skin Start Kit es un sistema completo con todo lo necesario para reducir las espinillas, los co\u00e1gulos y el acn\u00e9 en dos sencillos pasos.<\/p>\n<p>Paso 1: Clear Skin Prepare contiene lactoperoxidasa, que es un producto de calostro \u00fanico que tiene la funci\u00f3n de reducir las bacterias del acn\u00e9 con la menor irritaci\u00f3n posible de la piel. Los productos son suaves pero contienen ingredientes que reducen eficazmente sus problemas de acn\u00e9, mientras fortalecen la piel a largo plazo y evitan que aparezcan nuevos granos.<br \/>\nPaso 2 &#8211; Clear Skin Reduce en el uso diario har\u00e1 que la piel a largo plazo sea m\u00e1s fuerte y m\u00e1s resistente para que no se produzca un nuevo acn\u00e9 y as\u00ed limitar sus problemas futuros.<br \/>\nEl acn\u00e9 se trata mejor en cada fase con la cantidad justa de ingredientes activos. Por lo tanto, vendemos el tratamiento como un kit completo que contiene dos botellas sin aire (para la mejor higiene posible), Clear Skin Prepare para comenzar el tratamiento y Clear Skin Reduce para un resultado duradero a largo plazo. De esta forma, tu acn\u00e9 se combate de la forma m\u00e1s eficaz posible en cada fase.<\/p>\n<p>Clear Skin est\u00e1 desarrollado por expertos de la Universidad de Lund y con resultados cl\u00ednicamente probados que muestran una reducci\u00f3n del 30% en el acn\u00e9 en 3 semanas y hasta un 65% despu\u00e9s de 6 semanas. Los productos Clear Skin no contienen \u00e1cido acetilsalic\u00edlico, que puede irritar una piel ya sensible.<br \/>\nEl paquete contiene 1 x Preparar (10 ml), 1 x Reducir (10 ml) e instrucciones de uso.<\/p>\n","protected":false},"excerpt":{"rendered":"<p>Un completo sistema de cuidado de la piel con un efecto probado contra los puntos negros y el acn\u00e9.<\/p>\n","protected":false},"featured_media":1044,"comment_status":"open","ping_status":"closed","template":"","meta":{"_acf_changed":false,"inline_featured_image":false,"_monsterinsights_skip_tracking":false,"_monsterinsights_sitenote_active":false,"_monsterinsights_sitenote_note":"","_monsterinsights_sitenote_category":0},"product_brand":[],"product_cat":[190],"product_tag":[],"class_list":{"0":"post-6915","1":"product","2":"type-product","3":"status-publish","4":"has-post-thumbnail","6":"product_cat-serie-piel-clara-es","8":"first","9":"outofstock","10":"taxable","11":"shipping-taxable","12":"purchasable","13":"product-type-simple"},"acf":[],"shsp-ext":{"main":{},"variations":[]},"yoast_head":"<!-- This site is optimized with the Yoast SEO plugin v27.5 - https:\/\/yoast.com\/product\/yoast-seo-wordpress\/ -->\n<title>KIT DE INICIO CLEAR SKIN - Beconfident<\/title>\n<meta name=\"robots\" content=\"index, follow, max-snippet:-1, max-image-preview:large, max-video-preview:-1\" \/>\n<link rel=\"canonical\" href=\"https:\/\/beconfident.com\/es\/produkt\/clear-skin-start-kit\/\" \/>\n<meta property=\"og:locale\" content=\"es_ES\" \/>\n<meta property=\"og:type\" content=\"article\" \/>\n<meta property=\"og:title\" content=\"KIT DE INICIO CLEAR SKIN - Beconfident\" \/>\n<meta property=\"og:description\" content=\"Un completo sistema de cuidado de la piel con un efecto probado contra los puntos negros y el acn\u00e9.\" \/>\n<meta property=\"og:url\" content=\"https:\/\/beconfident.com\/es\/produkt\/clear-skin-start-kit\/\" \/>\n<meta property=\"og:site_name\" content=\"Beconfident\" \/>\n<meta property=\"article:modified_time\" content=\"2023-05-29T18:55:21+00:00\" \/>\n<meta property=\"og:image\" content=\"https:\/\/beconfident.com\/wp-content\/uploads\/2021\/01\/190097-Clear-Skin-Start-Kit.jpg\" \/>\n\t<meta property=\"og:image:width\" content=\"1000\" \/>\n\t<meta property=\"og:image:height\" content=\"1000\" \/>\n\t<meta property=\"og:image:type\" content=\"image\/jpeg\" \/>\n<meta name=\"twitter:card\" content=\"summary_large_image\" \/>\n<meta name=\"twitter:label1\" content=\"Tiempo de lectura\" \/>\n\t<meta name=\"twitter:data1\" content=\"1 minuto\" \/>\n<script type=\"application\/ld+json\" class=\"yoast-schema-graph\">{\"@context\":\"https:\\\/\\\/schema.org\",\"@graph\":[{\"@type\":\"WebPage\",\"@id\":\"https:\\\/\\\/beconfident.com\\\/es\\\/produkt\\\/clear-skin-start-kit\\\/\",\"url\":\"https:\\\/\\\/beconfident.com\\\/es\\\/produkt\\\/clear-skin-start-kit\\\/\",\"name\":\"KIT DE INICIO CLEAR SKIN - Beconfident\",\"isPartOf\":{\"@id\":\"https:\\\/\\\/beconfident.com\\\/lv\\\/#website\"},\"primaryImageOfPage\":{\"@id\":\"https:\\\/\\\/beconfident.com\\\/es\\\/produkt\\\/clear-skin-start-kit\\\/#primaryimage\"},\"image\":{\"@id\":\"https:\\\/\\\/beconfident.com\\\/es\\\/produkt\\\/clear-skin-start-kit\\\/#primaryimage\"},\"thumbnailUrl\":\"https:\\\/\\\/beconfident.com\\\/wp-content\\\/uploads\\\/2021\\\/01\\\/190097-Clear-Skin-Start-Kit.jpg\",\"datePublished\":\"2021-01-11T09:04:36+00:00\",\"dateModified\":\"2023-05-29T18:55:21+00:00\",\"breadcrumb\":{\"@id\":\"https:\\\/\\\/beconfident.com\\\/es\\\/produkt\\\/clear-skin-start-kit\\\/#breadcrumb\"},\"inLanguage\":\"es\",\"potentialAction\":[{\"@type\":\"ReadAction\",\"target\":[\"https:\\\/\\\/beconfident.com\\\/es\\\/produkt\\\/clear-skin-start-kit\\\/\"]}]},{\"@type\":\"ImageObject\",\"inLanguage\":\"es\",\"@id\":\"https:\\\/\\\/beconfident.com\\\/es\\\/produkt\\\/clear-skin-start-kit\\\/#primaryimage\",\"url\":\"https:\\\/\\\/beconfident.com\\\/wp-content\\\/uploads\\\/2021\\\/01\\\/190097-Clear-Skin-Start-Kit.jpg\",\"contentUrl\":\"https:\\\/\\\/beconfident.com\\\/wp-content\\\/uploads\\\/2021\\\/01\\\/190097-Clear-Skin-Start-Kit.jpg\",\"width\":1000,\"height\":1000,\"caption\":\"190097 Clear Skin Start Kit\"},{\"@type\":\"BreadcrumbList\",\"@id\":\"https:\\\/\\\/beconfident.com\\\/es\\\/produkt\\\/clear-skin-start-kit\\\/#breadcrumb\",\"itemListElement\":[{\"@type\":\"ListItem\",\"position\":1,\"name\":\"Hem\",\"item\":\"https:\\\/\\\/beconfident.com\\\/es\\\/\"},{\"@type\":\"ListItem\",\"position\":2,\"name\":\"Webbutik\",\"item\":\"https:\\\/\\\/beconfident.com\\\/es\\\/webbutik\\\/\"},{\"@type\":\"ListItem\",\"position\":3,\"name\":\"KIT DE INICIO CLEAR SKIN\"}]},{\"@type\":\"WebSite\",\"@id\":\"https:\\\/\\\/beconfident.com\\\/lv\\\/#website\",\"url\":\"https:\\\/\\\/beconfident.com\\\/lv\\\/\",\"name\":\"Beconfident\",\"description\":\"\",\"potentialAction\":[{\"@type\":\"SearchAction\",\"target\":{\"@type\":\"EntryPoint\",\"urlTemplate\":\"https:\\\/\\\/beconfident.com\\\/lv\\\/?s={search_term_string}\"},\"query-input\":{\"@type\":\"PropertyValueSpecification\",\"valueRequired\":true,\"valueName\":\"search_term_string\"}}],\"inLanguage\":\"es\"}]}<\/script>\n<!-- \/ Yoast SEO plugin. -->","yoast_head_json":{"title":"KIT DE INICIO CLEAR SKIN - Beconfident","robots":{"index":"index","follow":"follow","max-snippet":"max-snippet:-1","max-image-preview":"max-image-preview:large","max-video-preview":"max-video-preview:-1"},"canonical":"https:\/\/beconfident.com\/es\/produkt\/clear-skin-start-kit\/","og_locale":"es_ES","og_type":"article","og_title":"KIT DE INICIO CLEAR SKIN - Beconfident","og_description":"Un completo sistema de cuidado de la piel con un efecto probado contra los puntos negros y el acn\u00e9.","og_url":"https:\/\/beconfident.com\/es\/produkt\/clear-skin-start-kit\/","og_site_name":"Beconfident","article_modified_time":"2023-05-29T18:55:21+00:00","og_image":[{"width":1000,"height":1000,"url":"https:\/\/beconfident.com\/wp-content\/uploads\/2021\/01\/190097-Clear-Skin-Start-Kit.jpg","type":"image\/jpeg"}],"twitter_card":"summary_large_image","twitter_misc":{"Tiempo de lectura":"1 minuto"},"schema":{"@context":"https:\/\/schema.org","@graph":[{"@type":"WebPage","@id":"https:\/\/beconfident.com\/es\/produkt\/clear-skin-start-kit\/","url":"https:\/\/beconfident.com\/es\/produkt\/clear-skin-start-kit\/","name":"KIT DE INICIO CLEAR SKIN - Beconfident","isPartOf":{"@id":"https:\/\/beconfident.com\/lv\/#website"},"primaryImageOfPage":{"@id":"https:\/\/beconfident.com\/es\/produkt\/clear-skin-start-kit\/#primaryimage"},"image":{"@id":"https:\/\/beconfident.com\/es\/produkt\/clear-skin-start-kit\/#primaryimage"},"thumbnailUrl":"https:\/\/beconfident.com\/wp-content\/uploads\/2021\/01\/190097-Clear-Skin-Start-Kit.jpg","datePublished":"2021-01-11T09:04:36+00:00","dateModified":"2023-05-29T18:55:21+00:00","breadcrumb":{"@id":"https:\/\/beconfident.com\/es\/produkt\/clear-skin-start-kit\/#breadcrumb"},"inLanguage":"es","potentialAction":[{"@type":"ReadAction","target":["https:\/\/beconfident.com\/es\/produkt\/clear-skin-start-kit\/"]}]},{"@type":"ImageObject","inLanguage":"es","@id":"https:\/\/beconfident.com\/es\/produkt\/clear-skin-start-kit\/#primaryimage","url":"https:\/\/beconfident.com\/wp-content\/uploads\/2021\/01\/190097-Clear-Skin-Start-Kit.jpg","contentUrl":"https:\/\/beconfident.com\/wp-content\/uploads\/2021\/01\/190097-Clear-Skin-Start-Kit.jpg","width":1000,"height":1000,"caption":"190097 Clear Skin Start Kit"},{"@type":"BreadcrumbList","@id":"https:\/\/beconfident.com\/es\/produkt\/clear-skin-start-kit\/#breadcrumb","itemListElement":[{"@type":"ListItem","position":1,"name":"Hem","item":"https:\/\/beconfident.com\/es\/"},{"@type":"ListItem","position":2,"name":"Webbutik","item":"https:\/\/beconfident.com\/es\/webbutik\/"},{"@type":"ListItem","position":3,"name":"KIT DE INICIO CLEAR SKIN"}]},{"@type":"WebSite","@id":"https:\/\/beconfident.com\/lv\/#website","url":"https:\/\/beconfident.com\/lv\/","name":"Beconfident","description":"","potentialAction":[{"@type":"SearchAction","target":{"@type":"EntryPoint","urlTemplate":"https:\/\/beconfident.com\/lv\/?s={search_term_string}"},"query-input":{"@type":"PropertyValueSpecification","valueRequired":true,"valueName":"search_term_string"}}],"inLanguage":"es"}]}},"_links":{"self":[{"href":"https:\/\/beconfident.com\/es\/wp-json\/wp\/v2\/product\/6915","targetHints":{"allow":["GET"]}}],"collection":[{"href":"https:\/\/beconfident.com\/es\/wp-json\/wp\/v2\/product"}],"about":[{"href":"https:\/\/beconfident.com\/es\/wp-json\/wp\/v2\/types\/product"}],"replies":[{"embeddable":true,"href":"https:\/\/beconfident.com\/es\/wp-json\/wp\/v2\/comments?post=6915"}],"wp:featuredmedia":[{"embeddable":true,"href":"https:\/\/beconfident.com\/es\/wp-json\/wp\/v2\/media\/1044"}],"wp:attachment":[{"href":"https:\/\/beconfident.com\/es\/wp-json\/wp\/v2\/media?parent=6915"}],"wp:term":[{"taxonomy":"product_brand","embeddable":true,"href":"https:\/\/beconfident.com\/es\/wp-json\/wp\/v2\/product_brand?post=6915"},{"taxonomy":"product_cat","embeddable":true,"href":"https:\/\/beconfident.com\/es\/wp-json\/wp\/v2\/product_cat?post=6915"},{"taxonomy":"product_tag","embeddable":true,"href":"https:\/\/beconfident.com\/es\/wp-json\/wp\/v2\/product_tag?post=6915"}],"curies":[{"name":"wp","href":"https:\/\/api.w.org\/{rel}","templated":true}]}}