{"id":6880,"date":"2021-01-12T12:09:23","date_gmt":"2021-01-12T11:09:23","guid":{"rendered":"https:\/\/beconfident.simplesmile.hemsida.eu\/produkt\/hyaluronic-anti-ageing-cream-50-ml\/"},"modified":"2026-03-04T11:17:32","modified_gmt":"2026-03-04T10:17:32","slug":"hyaluronic-anti-ageing-cream-50-ml","status":"publish","type":"product","link":"https:\/\/beconfident.com\/es\/produkt\/hyaluronic-anti-ageing-cream-50-ml\/","title":{"rendered":"CREMA HIALUR\u00d3NICA ANTIEDAD"},"content":{"rendered":"<p>Beconfident\u00ae Hyaluronic Anti-Aging Cream contiene una f\u00f3rmula avanzada con propiedades protectoras que hidratan y previenen los signos del envejecimiento. El producto contiene Hylasome\u00ae EG 10, que es un \u00e1cido hialur\u00f3nico no animal que es 50 veces m\u00e1s absorbente de agua que el \u00e1cido hialur\u00f3nico regular y 5 veces m\u00e1s hidratante despu\u00e9s de 24 horas. La crema reconstruye la elasticidad de la piel al mismo tiempo que hidrata para 24 horas gracias al alto contenido de \u00e1cido hialur\u00f3nico. Las vitaminas E y B5 aceleran la cicatrizaci\u00f3n de la piel y el extracto de t\u00e9 verde aporta antioxidantes que hacen que la piel se sienta sana y fresca. Hecho en Suecia. Aprobado por farmacia Registrado en la Agencia de Productos M\u00e9dicos El paquete contiene 1 x Crema Hialur\u00f3nica Anti-Agein (50 ml) e instrucciones de uso.<\/p>\n","protected":false},"excerpt":{"rendered":"<p>Crema de d\u00eda hidratante que contrarresta arrugas, manchas de pigmentaci\u00f3n y reconstruye la piel<\/p>\n","protected":false},"featured_media":975,"comment_status":"open","ping_status":"closed","template":"","meta":{"_acf_changed":false,"inline_featured_image":false,"_monsterinsights_skip_tracking":false,"_monsterinsights_sitenote_active":false,"_monsterinsights_sitenote_note":"","_monsterinsights_sitenote_category":0},"product_brand":[],"product_cat":[59],"product_tag":[],"class_list":{"0":"post-6880","1":"product","2":"type-product","3":"status-publish","4":"has-post-thumbnail","6":"product_cat-sin-categorizar","8":"first","9":"outofstock","10":"taxable","11":"shipping-taxable","12":"purchasable","13":"product-type-simple"},"acf":[],"shsp-ext":{"main":{},"variations":[]},"yoast_head":"<!-- This site is optimized with the Yoast SEO plugin v27.5 - https:\/\/yoast.com\/product\/yoast-seo-wordpress\/ -->\n<title>CREMA HIALUR\u00d3NICA ANTIEDAD - Beconfident<\/title>\n<meta name=\"robots\" content=\"index, follow, max-snippet:-1, max-image-preview:large, max-video-preview:-1\" \/>\n<link rel=\"canonical\" href=\"https:\/\/beconfident.com\/es\/produkt\/hyaluronic-anti-ageing-cream-50-ml\/\" \/>\n<meta property=\"og:locale\" content=\"es_ES\" \/>\n<meta property=\"og:type\" content=\"article\" \/>\n<meta property=\"og:title\" content=\"CREMA HIALUR\u00d3NICA ANTIEDAD - Beconfident\" \/>\n<meta property=\"og:description\" content=\"Crema de d\u00eda hidratante que contrarresta arrugas, manchas de pigmentaci\u00f3n y reconstruye la piel\" \/>\n<meta property=\"og:url\" content=\"https:\/\/beconfident.com\/es\/produkt\/hyaluronic-anti-ageing-cream-50-ml\/\" \/>\n<meta property=\"og:site_name\" content=\"Beconfident\" \/>\n<meta property=\"article:modified_time\" content=\"2026-03-04T10:17:32+00:00\" \/>\n<meta property=\"og:image\" content=\"https:\/\/beconfident.com\/wp-content\/uploads\/2021\/01\/180798-Hyaluronic-Anti-Ageing-Cream-50-ml.jpg\" \/>\n\t<meta property=\"og:image:width\" content=\"1000\" \/>\n\t<meta property=\"og:image:height\" content=\"1000\" \/>\n\t<meta property=\"og:image:type\" content=\"image\/jpeg\" \/>\n<meta name=\"twitter:card\" content=\"summary_large_image\" \/>\n<meta name=\"twitter:label1\" content=\"Tiempo de lectura\" \/>\n\t<meta name=\"twitter:data1\" content=\"1 minuto\" \/>\n<script type=\"application\/ld+json\" class=\"yoast-schema-graph\">{\"@context\":\"https:\\\/\\\/schema.org\",\"@graph\":[{\"@type\":\"WebPage\",\"@id\":\"https:\\\/\\\/beconfident.com\\\/es\\\/produkt\\\/hyaluronic-anti-ageing-cream-50-ml\\\/\",\"url\":\"https:\\\/\\\/beconfident.com\\\/es\\\/produkt\\\/hyaluronic-anti-ageing-cream-50-ml\\\/\",\"name\":\"CREMA HIALUR\u00d3NICA ANTIEDAD - Beconfident\",\"isPartOf\":{\"@id\":\"https:\\\/\\\/beconfident.com\\\/lv\\\/#website\"},\"primaryImageOfPage\":{\"@id\":\"https:\\\/\\\/beconfident.com\\\/es\\\/produkt\\\/hyaluronic-anti-ageing-cream-50-ml\\\/#primaryimage\"},\"image\":{\"@id\":\"https:\\\/\\\/beconfident.com\\\/es\\\/produkt\\\/hyaluronic-anti-ageing-cream-50-ml\\\/#primaryimage\"},\"thumbnailUrl\":\"https:\\\/\\\/beconfident.com\\\/wp-content\\\/uploads\\\/2021\\\/01\\\/180798-Hyaluronic-Anti-Ageing-Cream-50-ml.jpg\",\"datePublished\":\"2021-01-12T11:09:23+00:00\",\"dateModified\":\"2026-03-04T10:17:32+00:00\",\"breadcrumb\":{\"@id\":\"https:\\\/\\\/beconfident.com\\\/es\\\/produkt\\\/hyaluronic-anti-ageing-cream-50-ml\\\/#breadcrumb\"},\"inLanguage\":\"es\",\"potentialAction\":[{\"@type\":\"ReadAction\",\"target\":[\"https:\\\/\\\/beconfident.com\\\/es\\\/produkt\\\/hyaluronic-anti-ageing-cream-50-ml\\\/\"]}]},{\"@type\":\"ImageObject\",\"inLanguage\":\"es\",\"@id\":\"https:\\\/\\\/beconfident.com\\\/es\\\/produkt\\\/hyaluronic-anti-ageing-cream-50-ml\\\/#primaryimage\",\"url\":\"https:\\\/\\\/beconfident.com\\\/wp-content\\\/uploads\\\/2021\\\/01\\\/180798-Hyaluronic-Anti-Ageing-Cream-50-ml.jpg\",\"contentUrl\":\"https:\\\/\\\/beconfident.com\\\/wp-content\\\/uploads\\\/2021\\\/01\\\/180798-Hyaluronic-Anti-Ageing-Cream-50-ml.jpg\",\"width\":1000,\"height\":1000,\"caption\":\"180798 Hyaluronic Anti Ageing Cream 50 ml\"},{\"@type\":\"BreadcrumbList\",\"@id\":\"https:\\\/\\\/beconfident.com\\\/es\\\/produkt\\\/hyaluronic-anti-ageing-cream-50-ml\\\/#breadcrumb\",\"itemListElement\":[{\"@type\":\"ListItem\",\"position\":1,\"name\":\"Hem\",\"item\":\"https:\\\/\\\/beconfident.com\\\/es\\\/\"},{\"@type\":\"ListItem\",\"position\":2,\"name\":\"Webbutik\",\"item\":\"https:\\\/\\\/beconfident.com\\\/es\\\/webbutik\\\/\"},{\"@type\":\"ListItem\",\"position\":3,\"name\":\"CREMA HIALUR\u00d3NICA ANTIEDAD\"}]},{\"@type\":\"WebSite\",\"@id\":\"https:\\\/\\\/beconfident.com\\\/lv\\\/#website\",\"url\":\"https:\\\/\\\/beconfident.com\\\/lv\\\/\",\"name\":\"Beconfident\",\"description\":\"\",\"potentialAction\":[{\"@type\":\"SearchAction\",\"target\":{\"@type\":\"EntryPoint\",\"urlTemplate\":\"https:\\\/\\\/beconfident.com\\\/lv\\\/?s={search_term_string}\"},\"query-input\":{\"@type\":\"PropertyValueSpecification\",\"valueRequired\":true,\"valueName\":\"search_term_string\"}}],\"inLanguage\":\"es\"}]}<\/script>\n<!-- \/ Yoast SEO plugin. -->","yoast_head_json":{"title":"CREMA HIALUR\u00d3NICA ANTIEDAD - Beconfident","robots":{"index":"index","follow":"follow","max-snippet":"max-snippet:-1","max-image-preview":"max-image-preview:large","max-video-preview":"max-video-preview:-1"},"canonical":"https:\/\/beconfident.com\/es\/produkt\/hyaluronic-anti-ageing-cream-50-ml\/","og_locale":"es_ES","og_type":"article","og_title":"CREMA HIALUR\u00d3NICA ANTIEDAD - Beconfident","og_description":"Crema de d\u00eda hidratante que contrarresta arrugas, manchas de pigmentaci\u00f3n y reconstruye la piel","og_url":"https:\/\/beconfident.com\/es\/produkt\/hyaluronic-anti-ageing-cream-50-ml\/","og_site_name":"Beconfident","article_modified_time":"2026-03-04T10:17:32+00:00","og_image":[{"width":1000,"height":1000,"url":"https:\/\/beconfident.com\/wp-content\/uploads\/2021\/01\/180798-Hyaluronic-Anti-Ageing-Cream-50-ml.jpg","type":"image\/jpeg"}],"twitter_card":"summary_large_image","twitter_misc":{"Tiempo de lectura":"1 minuto"},"schema":{"@context":"https:\/\/schema.org","@graph":[{"@type":"WebPage","@id":"https:\/\/beconfident.com\/es\/produkt\/hyaluronic-anti-ageing-cream-50-ml\/","url":"https:\/\/beconfident.com\/es\/produkt\/hyaluronic-anti-ageing-cream-50-ml\/","name":"CREMA HIALUR\u00d3NICA ANTIEDAD - Beconfident","isPartOf":{"@id":"https:\/\/beconfident.com\/lv\/#website"},"primaryImageOfPage":{"@id":"https:\/\/beconfident.com\/es\/produkt\/hyaluronic-anti-ageing-cream-50-ml\/#primaryimage"},"image":{"@id":"https:\/\/beconfident.com\/es\/produkt\/hyaluronic-anti-ageing-cream-50-ml\/#primaryimage"},"thumbnailUrl":"https:\/\/beconfident.com\/wp-content\/uploads\/2021\/01\/180798-Hyaluronic-Anti-Ageing-Cream-50-ml.jpg","datePublished":"2021-01-12T11:09:23+00:00","dateModified":"2026-03-04T10:17:32+00:00","breadcrumb":{"@id":"https:\/\/beconfident.com\/es\/produkt\/hyaluronic-anti-ageing-cream-50-ml\/#breadcrumb"},"inLanguage":"es","potentialAction":[{"@type":"ReadAction","target":["https:\/\/beconfident.com\/es\/produkt\/hyaluronic-anti-ageing-cream-50-ml\/"]}]},{"@type":"ImageObject","inLanguage":"es","@id":"https:\/\/beconfident.com\/es\/produkt\/hyaluronic-anti-ageing-cream-50-ml\/#primaryimage","url":"https:\/\/beconfident.com\/wp-content\/uploads\/2021\/01\/180798-Hyaluronic-Anti-Ageing-Cream-50-ml.jpg","contentUrl":"https:\/\/beconfident.com\/wp-content\/uploads\/2021\/01\/180798-Hyaluronic-Anti-Ageing-Cream-50-ml.jpg","width":1000,"height":1000,"caption":"180798 Hyaluronic Anti Ageing Cream 50 ml"},{"@type":"BreadcrumbList","@id":"https:\/\/beconfident.com\/es\/produkt\/hyaluronic-anti-ageing-cream-50-ml\/#breadcrumb","itemListElement":[{"@type":"ListItem","position":1,"name":"Hem","item":"https:\/\/beconfident.com\/es\/"},{"@type":"ListItem","position":2,"name":"Webbutik","item":"https:\/\/beconfident.com\/es\/webbutik\/"},{"@type":"ListItem","position":3,"name":"CREMA HIALUR\u00d3NICA ANTIEDAD"}]},{"@type":"WebSite","@id":"https:\/\/beconfident.com\/lv\/#website","url":"https:\/\/beconfident.com\/lv\/","name":"Beconfident","description":"","potentialAction":[{"@type":"SearchAction","target":{"@type":"EntryPoint","urlTemplate":"https:\/\/beconfident.com\/lv\/?s={search_term_string}"},"query-input":{"@type":"PropertyValueSpecification","valueRequired":true,"valueName":"search_term_string"}}],"inLanguage":"es"}]}},"_links":{"self":[{"href":"https:\/\/beconfident.com\/es\/wp-json\/wp\/v2\/product\/6880","targetHints":{"allow":["GET"]}}],"collection":[{"href":"https:\/\/beconfident.com\/es\/wp-json\/wp\/v2\/product"}],"about":[{"href":"https:\/\/beconfident.com\/es\/wp-json\/wp\/v2\/types\/product"}],"replies":[{"embeddable":true,"href":"https:\/\/beconfident.com\/es\/wp-json\/wp\/v2\/comments?post=6880"}],"wp:featuredmedia":[{"embeddable":true,"href":"https:\/\/beconfident.com\/es\/wp-json\/wp\/v2\/media\/975"}],"wp:attachment":[{"href":"https:\/\/beconfident.com\/es\/wp-json\/wp\/v2\/media?parent=6880"}],"wp:term":[{"taxonomy":"product_brand","embeddable":true,"href":"https:\/\/beconfident.com\/es\/wp-json\/wp\/v2\/product_brand?post=6880"},{"taxonomy":"product_cat","embeddable":true,"href":"https:\/\/beconfident.com\/es\/wp-json\/wp\/v2\/product_cat?post=6880"},{"taxonomy":"product_tag","embeddable":true,"href":"https:\/\/beconfident.com\/es\/wp-json\/wp\/v2\/product_tag?post=6880"}],"curies":[{"name":"wp","href":"https:\/\/api.w.org\/{rel}","templated":true}]}}