{"id":33706,"date":"2021-08-16T08:43:51","date_gmt":"2021-08-16T06:43:51","guid":{"rendered":"http:\/\/beconfident.beconfident.hemsida.eu\/?post_type=product&#038;p=33706"},"modified":"2026-03-22T23:35:37","modified_gmt":"2026-03-22T22:35:37","slug":"cepillo-electrico-blanqueador-sonico-plata","status":"publish","type":"product","link":"https:\/\/beconfident.com\/es\/produkt\/cepillo-electrico-blanqueador-sonico-plata\/","title":{"rendered":"CEPILLO EL\u00c9CTRICO BLANQUEADOR SONICO PLATA"},"content":{"rendered":"<p><span data-sheets-value=\"{&quot;1&quot;:2,&quot;2&quot;:&quot;Beconfident\u00ae\ufe0f Cepillo de dientes s\u00f3nico color blanco\/plata: El cepillo de dientes el\u00e9ctrico blanqueador s\u00f3nico vibra con 38.000 oscilaciones (equivalente a 76.000 movimientos por minuto de un cepillo el\u00e9ctrico). Cl\u00ednicamente probado, elimina la placa un 62% mas que un cepillo de dientes manual. Adem\u00e1s del cepillado mec\u00e1nico, el cepillo sonico Beconfident crea las vibraciones, que junto a la pasta de dientes y la saliva, genera unos remolinos que proporcionan un efecto de limpieza secundario y ayudan a eliminar la placa incluso donde no pueden acceder las cerdas del cepillo. El proceso mec\u00e1nico favorece la eliminaci\u00f3n de las manchas de una manera eficaz, proporcionando unos dientes m\u00e1s blancos y el mismo efecto de limpieza que despu\u00e9s de una visita al higienista dental. El cepillo de dientes el\u00e9ctrico blanqueador s\u00f3nico Beconfident viene con 1 cabezal de cepillo regular (existen tambi\u00e9n cabezales de blanqueamiento y versiones m\u00e1s suaves) y cuenta con 3 modos de cepillado diferentes: Sensible, Limpieza y Blanqueamiento. El cepillo cuenta con un temporizador que da una se\u00f1al cada 30 segundos para que los cuatro cuadrantes de la boca obtengan la misma limpieza y se apague autom\u00e1ticamente despu\u00e9s de un total de dos minutos. La bater\u00eda recargable incorporada tiene carga r\u00e1pida que se completa s\u00f3lo 6 horas y proporciona una duraci\u00f3n de 90 d\u00edas completos al cepillarse 2 veces al d\u00eda. El paquete incluye un cabezal de cepillo de dientes Sonic Regular, un cable de CC (conexi\u00f3n directa) al cargador USB (no incluido) e instrucciones de uso. Cabezal de cepillo de dientes desarrollado en exclusiva para los cepillos el\u00e9ctricos de Beconfident\u00ae\ufe0f.&quot;}\" data-sheets-userformat=\"{&quot;2&quot;:13245,&quot;3&quot;:{&quot;1&quot;:0},&quot;5&quot;:{&quot;1&quot;:[{&quot;1&quot;:2,&quot;2&quot;:0,&quot;5&quot;:{&quot;1&quot;:2,&quot;2&quot;:0}},{&quot;1&quot;:0,&quot;2&quot;:0,&quot;3&quot;:3},{&quot;1&quot;:1,&quot;2&quot;:0,&quot;4&quot;:1}]},&quot;6&quot;:{&quot;1&quot;:[{&quot;1&quot;:2,&quot;2&quot;:0,&quot;5&quot;:{&quot;1&quot;:2,&quot;2&quot;:0}},{&quot;1&quot;:0,&quot;2&quot;:0,&quot;3&quot;:3},{&quot;1&quot;:1,&quot;2&quot;:0,&quot;4&quot;:1}]},&quot;7&quot;:{&quot;1&quot;:[{&quot;1&quot;:2,&quot;2&quot;:0,&quot;5&quot;:{&quot;1&quot;:2,&quot;2&quot;:0}},{&quot;1&quot;:0,&quot;2&quot;:0,&quot;3&quot;:3},{&quot;1&quot;:1,&quot;2&quot;:0,&quot;4&quot;:1}]},&quot;8&quot;:{&quot;1&quot;:[{&quot;1&quot;:2,&quot;2&quot;:0,&quot;5&quot;:{&quot;1&quot;:2,&quot;2&quot;:0}},{&quot;1&quot;:0,&quot;2&quot;:0,&quot;3&quot;:3},{&quot;1&quot;:1,&quot;2&quot;:0,&quot;4&quot;:1}]},&quot;10&quot;:0,&quot;11&quot;:4,&quot;12&quot;:0,&quot;15&quot;:&quot;Avenir&quot;,&quot;16&quot;:10}\">Beconfident\u00ae\ufe0f Cepillo de dientes s\u00f3nico color blanco\/plata: El cepillo de dientes el\u00e9ctrico blanqueador s\u00f3nico vibra con 38.000 oscilaciones (equivalente a 76.000 movimientos por minuto de un cepillo el\u00e9ctrico). Cl\u00ednicamente probado, elimina la placa un 62% mas que un cepillo de dientes manual. Adem\u00e1s del cepillado mec\u00e1nico, el cepillo sonico Beconfident crea las vibraciones, que junto a la pasta de dientes y la saliva, genera unos remolinos que proporcionan un efecto de limpieza secundario y ayudan a eliminar la placa incluso donde no pueden acceder las cerdas del cepillo. El proceso mec\u00e1nico favorece la eliminaci\u00f3n de las manchas de una manera eficaz, proporcionando unos dientes m\u00e1s blancos y el mismo efecto de limpieza que despu\u00e9s de una visita al higienista dental. El cepillo de dientes el\u00e9ctrico blanqueador s\u00f3nico Beconfident viene con 1 cabezal de cepillo regular (existen tambi\u00e9n cabezales de blanqueamiento y versiones m\u00e1s suaves) y cuenta con 3 modos de cepillado diferentes: Sensible, Limpieza y Blanqueamiento. El cepillo cuenta con un temporizador que da una se\u00f1al cada 30 segundos para que los cuatro cuadrantes de la boca obtengan la misma limpieza y se apague autom\u00e1ticamente despu\u00e9s de un total de dos minutos. La bater\u00eda recargable incorporada tiene carga r\u00e1pida que se completa s\u00f3lo 6 horas y proporciona una duraci\u00f3n de 90 d\u00edas completos al cepillarse 2 veces al d\u00eda. El paquete incluye un cabezal de cepillo de dientes Sonic Regular, un cable de CC (conexi\u00f3n directa) al cargador USB (no incluido) e instrucciones de uso. Cabezal de cepillo de dientes desarrollado en exclusiva para los cepillos el\u00e9ctricos de Beconfident\u00ae\ufe0f.<\/span><\/p>\n","protected":false},"excerpt":{"rendered":"<p id=\"tw-target-text\" class=\"tw-data-text tw-text-large XcVN5d tw-ta\" dir=\"ltr\" data-placeholder=\"\u00d6vers\u00e4ttning\"><span class=\"Y2IQFc\" lang=\"es\">Cepillo de dientes el\u00e9ctrico Silver Sonic Whitening blanco \/ plateado. Completo con 1 cabezal de cepillo normal, cable para cargador USB y manual.<\/span><\/p>\n","protected":false},"featured_media":58668,"comment_status":"open","ping_status":"closed","template":"","meta":{"_acf_changed":false,"inline_featured_image":false,"_monsterinsights_skip_tracking":false,"_monsterinsights_sitenote_active":false,"_monsterinsights_sitenote_note":"","_monsterinsights_sitenote_category":0},"product_brand":[],"product_cat":[738,238,252],"product_tag":[],"class_list":{"0":"post-33706","1":"product","2":"type-product","3":"status-publish","4":"has-post-thumbnail","6":"product_cat-all-products-es","7":"product_cat-cuidado-oral","8":"product_cat-sonic-eltandsborstar-es","10":"first","11":"instock","12":"featured","13":"taxable","14":"shipping-taxable","15":"purchasable","16":"product-type-simple"},"acf":[],"shsp-ext":{"main":{},"variations":[]},"yoast_head":"<!-- This site is optimized with the Yoast SEO plugin v27.2 - https:\/\/yoast.com\/product\/yoast-seo-wordpress\/ -->\n<title>CEPILLO EL\u00c9CTRICO BLANQUEADOR SONICO PLATA - Beconfident<\/title>\n<meta name=\"robots\" content=\"index, follow, max-snippet:-1, max-image-preview:large, max-video-preview:-1\" \/>\n<link rel=\"canonical\" href=\"https:\/\/beconfident.com\/es\/produkt\/cepillo-electrico-blanqueador-sonico-plata\/\" \/>\n<meta property=\"og:locale\" content=\"es_ES\" \/>\n<meta property=\"og:type\" content=\"article\" \/>\n<meta property=\"og:title\" content=\"CEPILLO EL\u00c9CTRICO BLANQUEADOR SONICO PLATA - Beconfident\" \/>\n<meta property=\"og:description\" content=\"Cepillo de dientes el\u00e9ctrico Silver Sonic Whitening blanco \/ plateado. Completo con 1 cabezal de cepillo normal, cable para cargador USB y manual.\" \/>\n<meta property=\"og:url\" content=\"https:\/\/beconfident.com\/es\/produkt\/cepillo-electrico-blanqueador-sonico-plata\/\" \/>\n<meta property=\"og:site_name\" content=\"Beconfident\" \/>\n<meta property=\"article:modified_time\" content=\"2026-03-22T22:35:37+00:00\" \/>\n<meta property=\"og:image\" content=\"https:\/\/beconfident.com\/wp-content\/uploads\/2021\/08\/Sonic-toothbrush-old.jpg\" \/>\n\t<meta property=\"og:image:width\" content=\"2000\" \/>\n\t<meta property=\"og:image:height\" content=\"2000\" \/>\n\t<meta property=\"og:image:type\" content=\"image\/jpeg\" \/>\n<meta name=\"twitter:card\" content=\"summary_large_image\" \/>\n<meta name=\"twitter:label1\" content=\"Tiempo de lectura\" \/>\n\t<meta name=\"twitter:data1\" content=\"2 minutos\" \/>\n<script type=\"application\/ld+json\" class=\"yoast-schema-graph\">{\"@context\":\"https:\/\/schema.org\",\"@graph\":[{\"@type\":\"WebPage\",\"@id\":\"https:\/\/beconfident.com\/es\/produkt\/cepillo-electrico-blanqueador-sonico-plata\/\",\"url\":\"https:\/\/beconfident.com\/es\/produkt\/cepillo-electrico-blanqueador-sonico-plata\/\",\"name\":\"CEPILLO EL\u00c9CTRICO BLANQUEADOR SONICO PLATA - Beconfident\",\"isPartOf\":{\"@id\":\"https:\/\/beconfident.com\/lv\/#website\"},\"primaryImageOfPage\":{\"@id\":\"https:\/\/beconfident.com\/es\/produkt\/cepillo-electrico-blanqueador-sonico-plata\/#primaryimage\"},\"image\":{\"@id\":\"https:\/\/beconfident.com\/es\/produkt\/cepillo-electrico-blanqueador-sonico-plata\/#primaryimage\"},\"thumbnailUrl\":\"https:\/\/beconfident.com\/wp-content\/uploads\/2021\/08\/Sonic-toothbrush-old.jpg\",\"datePublished\":\"2021-08-16T06:43:51+00:00\",\"dateModified\":\"2026-03-22T22:35:37+00:00\",\"breadcrumb\":{\"@id\":\"https:\/\/beconfident.com\/es\/produkt\/cepillo-electrico-blanqueador-sonico-plata\/#breadcrumb\"},\"inLanguage\":\"es\",\"potentialAction\":[{\"@type\":\"ReadAction\",\"target\":[\"https:\/\/beconfident.com\/es\/produkt\/cepillo-electrico-blanqueador-sonico-plata\/\"]}]},{\"@type\":\"ImageObject\",\"inLanguage\":\"es\",\"@id\":\"https:\/\/beconfident.com\/es\/produkt\/cepillo-electrico-blanqueador-sonico-plata\/#primaryimage\",\"url\":\"https:\/\/beconfident.com\/wp-content\/uploads\/2021\/08\/Sonic-toothbrush-old.jpg\",\"contentUrl\":\"https:\/\/beconfident.com\/wp-content\/uploads\/2021\/08\/Sonic-toothbrush-old.jpg\",\"width\":2000,\"height\":2000},{\"@type\":\"BreadcrumbList\",\"@id\":\"https:\/\/beconfident.com\/es\/produkt\/cepillo-electrico-blanqueador-sonico-plata\/#breadcrumb\",\"itemListElement\":[{\"@type\":\"ListItem\",\"position\":1,\"name\":\"Hem\",\"item\":\"https:\/\/beconfident.com\/es\/\"},{\"@type\":\"ListItem\",\"position\":2,\"name\":\"Webbutik\",\"item\":\"https:\/\/beconfident.com\/es\/webbutik\/\"},{\"@type\":\"ListItem\",\"position\":3,\"name\":\"CEPILLO EL\u00c9CTRICO BLANQUEADOR SONICO PLATA\"}]},{\"@type\":\"WebSite\",\"@id\":\"https:\/\/beconfident.com\/lv\/#website\",\"url\":\"https:\/\/beconfident.com\/lv\/\",\"name\":\"Beconfident\",\"description\":\"\",\"potentialAction\":[{\"@type\":\"SearchAction\",\"target\":{\"@type\":\"EntryPoint\",\"urlTemplate\":\"https:\/\/beconfident.com\/lv\/?s={search_term_string}\"},\"query-input\":{\"@type\":\"PropertyValueSpecification\",\"valueRequired\":true,\"valueName\":\"search_term_string\"}}],\"inLanguage\":\"es\"}]}<\/script>\n<!-- \/ Yoast SEO plugin. -->","yoast_head_json":{"title":"CEPILLO EL\u00c9CTRICO BLANQUEADOR SONICO PLATA - Beconfident","robots":{"index":"index","follow":"follow","max-snippet":"max-snippet:-1","max-image-preview":"max-image-preview:large","max-video-preview":"max-video-preview:-1"},"canonical":"https:\/\/beconfident.com\/es\/produkt\/cepillo-electrico-blanqueador-sonico-plata\/","og_locale":"es_ES","og_type":"article","og_title":"CEPILLO EL\u00c9CTRICO BLANQUEADOR SONICO PLATA - Beconfident","og_description":"Cepillo de dientes el\u00e9ctrico Silver Sonic Whitening blanco \/ plateado. Completo con 1 cabezal de cepillo normal, cable para cargador USB y manual.","og_url":"https:\/\/beconfident.com\/es\/produkt\/cepillo-electrico-blanqueador-sonico-plata\/","og_site_name":"Beconfident","article_modified_time":"2026-03-22T22:35:37+00:00","og_image":[{"width":2000,"height":2000,"url":"https:\/\/beconfident.com\/wp-content\/uploads\/2021\/08\/Sonic-toothbrush-old.jpg","type":"image\/jpeg"}],"twitter_card":"summary_large_image","twitter_misc":{"Tiempo de lectura":"2 minutos"},"schema":{"@context":"https:\/\/schema.org","@graph":[{"@type":"WebPage","@id":"https:\/\/beconfident.com\/es\/produkt\/cepillo-electrico-blanqueador-sonico-plata\/","url":"https:\/\/beconfident.com\/es\/produkt\/cepillo-electrico-blanqueador-sonico-plata\/","name":"CEPILLO EL\u00c9CTRICO BLANQUEADOR SONICO PLATA - Beconfident","isPartOf":{"@id":"https:\/\/beconfident.com\/lv\/#website"},"primaryImageOfPage":{"@id":"https:\/\/beconfident.com\/es\/produkt\/cepillo-electrico-blanqueador-sonico-plata\/#primaryimage"},"image":{"@id":"https:\/\/beconfident.com\/es\/produkt\/cepillo-electrico-blanqueador-sonico-plata\/#primaryimage"},"thumbnailUrl":"https:\/\/beconfident.com\/wp-content\/uploads\/2021\/08\/Sonic-toothbrush-old.jpg","datePublished":"2021-08-16T06:43:51+00:00","dateModified":"2026-03-22T22:35:37+00:00","breadcrumb":{"@id":"https:\/\/beconfident.com\/es\/produkt\/cepillo-electrico-blanqueador-sonico-plata\/#breadcrumb"},"inLanguage":"es","potentialAction":[{"@type":"ReadAction","target":["https:\/\/beconfident.com\/es\/produkt\/cepillo-electrico-blanqueador-sonico-plata\/"]}]},{"@type":"ImageObject","inLanguage":"es","@id":"https:\/\/beconfident.com\/es\/produkt\/cepillo-electrico-blanqueador-sonico-plata\/#primaryimage","url":"https:\/\/beconfident.com\/wp-content\/uploads\/2021\/08\/Sonic-toothbrush-old.jpg","contentUrl":"https:\/\/beconfident.com\/wp-content\/uploads\/2021\/08\/Sonic-toothbrush-old.jpg","width":2000,"height":2000},{"@type":"BreadcrumbList","@id":"https:\/\/beconfident.com\/es\/produkt\/cepillo-electrico-blanqueador-sonico-plata\/#breadcrumb","itemListElement":[{"@type":"ListItem","position":1,"name":"Hem","item":"https:\/\/beconfident.com\/es\/"},{"@type":"ListItem","position":2,"name":"Webbutik","item":"https:\/\/beconfident.com\/es\/webbutik\/"},{"@type":"ListItem","position":3,"name":"CEPILLO EL\u00c9CTRICO BLANQUEADOR SONICO PLATA"}]},{"@type":"WebSite","@id":"https:\/\/beconfident.com\/lv\/#website","url":"https:\/\/beconfident.com\/lv\/","name":"Beconfident","description":"","potentialAction":[{"@type":"SearchAction","target":{"@type":"EntryPoint","urlTemplate":"https:\/\/beconfident.com\/lv\/?s={search_term_string}"},"query-input":{"@type":"PropertyValueSpecification","valueRequired":true,"valueName":"search_term_string"}}],"inLanguage":"es"}]}},"_links":{"self":[{"href":"https:\/\/beconfident.com\/es\/wp-json\/wp\/v2\/product\/33706","targetHints":{"allow":["GET"]}}],"collection":[{"href":"https:\/\/beconfident.com\/es\/wp-json\/wp\/v2\/product"}],"about":[{"href":"https:\/\/beconfident.com\/es\/wp-json\/wp\/v2\/types\/product"}],"replies":[{"embeddable":true,"href":"https:\/\/beconfident.com\/es\/wp-json\/wp\/v2\/comments?post=33706"}],"wp:featuredmedia":[{"embeddable":true,"href":"https:\/\/beconfident.com\/es\/wp-json\/wp\/v2\/media\/58668"}],"wp:attachment":[{"href":"https:\/\/beconfident.com\/es\/wp-json\/wp\/v2\/media?parent=33706"}],"wp:term":[{"taxonomy":"product_brand","embeddable":true,"href":"https:\/\/beconfident.com\/es\/wp-json\/wp\/v2\/product_brand?post=33706"},{"taxonomy":"product_cat","embeddable":true,"href":"https:\/\/beconfident.com\/es\/wp-json\/wp\/v2\/product_cat?post=33706"},{"taxonomy":"product_tag","embeddable":true,"href":"https:\/\/beconfident.com\/es\/wp-json\/wp\/v2\/product_tag?post=33706"}],"curies":[{"name":"wp","href":"https:\/\/api.w.org\/{rel}","templated":true}]}}