{"id":10010,"date":"2021-01-27T15:21:11","date_gmt":"2021-01-27T14:21:11","guid":{"rendered":"https:\/\/beconfident.simplesmile.hemsida.eu\/produkt\/multifunktionell-whitening-tandkram-acai-mint-25ml\/"},"modified":"2024-12-05T09:01:06","modified_gmt":"2024-12-05T08:01:06","slug":"multifunktionell-whitening-tandkram-acai-mint-25ml","status":"publish","type":"product","link":"https:\/\/beconfident.com\/es\/produkt\/multifunktionell-whitening-tandkram-acai-mint-25ml\/","title":{"rendered":"PASTA DENTAL BLANQUEADORA MULTIFUNCIONAL ACAI + MENTA"},"content":{"rendered":"<p>La pasta de dientes blanqueadora multifuncional Beconfident\u00ae ha sido desarrollada junto con dentistas l\u00edderes en el mundo para ser la pasta de dientes blanqueadora de dientes m\u00e1s completa del mercado. Adem\u00e1s de blanquear los dientes, protege contra la caries y la placa, fortalece las enc\u00edas y elimina las manchas y decoloraciones. Disponible en sabores: Acai + Menta, Cocos + Menta, Fresa + Menta, Menta Extra y Menta Sensible.<\/p>\n<p>Para garantizar que la pasta de dientes multifuncional Beconfident\u00ae sea segura y eficaz, realizamos un estudio cl\u00ednico durante cuatro semanas. El estudio se realiz\u00f3 de acuerdo con las pautas de buenas pr\u00e1cticas cl\u00ednicas y las pautas de la ADA para probar pastas dentales y productos blanqueadores dentales. La pasta de dientes blanqueadora multifuncional Beconfident\u00ae contiene una mezcla de fl\u00faor, nitrato de potasio, fosfato de calcio, zinc, carb\u00f3n blanco y per\u00f3xido de calcio para brindar al usuario el mejor cuidado bucal posible.<\/p>\n","protected":false},"excerpt":{"rendered":"<p>Pasta de dientes blanqueadora multifuncional para dientes m\u00e1s blancos, limpios y fuertes.<\/p>\n","protected":false},"featured_media":10089,"comment_status":"open","ping_status":"closed","template":"","meta":{"_acf_changed":false,"inline_featured_image":false,"_monsterinsights_skip_tracking":false,"_monsterinsights_sitenote_active":false,"_monsterinsights_sitenote_note":"","_monsterinsights_sitenote_category":0},"product_brand":[],"product_cat":[738,146,145],"product_tag":[],"class_list":{"0":"post-10010","1":"product","2":"type-product","3":"status-publish","4":"has-post-thumbnail","6":"product_cat-all-products-es","7":"product_cat-tandkram-es","8":"product_cat-multifunctional-tandkram-es","10":"first","11":"instock","12":"taxable","13":"shipping-taxable","14":"purchasable","15":"product-type-simple"},"acf":[],"shsp-ext":{"main":{},"variations":[]},"yoast_head":"<!-- This site is optimized with the Yoast SEO plugin v27.2 - https:\/\/yoast.com\/product\/yoast-seo-wordpress\/ -->\n<title>PASTA DENTAL BLANQUEADORA MULTIFUNCIONAL ACAI + MENTA - Beconfident<\/title>\n<meta name=\"description\" content=\"Multifunktionell whitening tandkr\u00e4m f\u00f6r vitare, renare och starkare t\u00e4nder.\" \/>\n<meta name=\"robots\" content=\"index, follow, max-snippet:-1, max-image-preview:large, max-video-preview:-1\" \/>\n<link rel=\"canonical\" href=\"https:\/\/beconfident.com\/es\/produkt\/multifunktionell-whitening-tandkram-acai-mint-25ml\/\" \/>\n<meta property=\"og:locale\" content=\"es_ES\" \/>\n<meta property=\"og:type\" content=\"article\" \/>\n<meta property=\"og:title\" content=\"PASTA DENTAL BLANQUEADORA MULTIFUNCIONAL ACAI + MENTA - Beconfident\" \/>\n<meta property=\"og:description\" content=\"Multifunktionell whitening tandkr\u00e4m f\u00f6r vitare, renare och starkare t\u00e4nder.\" \/>\n<meta property=\"og:url\" content=\"https:\/\/beconfident.com\/es\/produkt\/multifunktionell-whitening-tandkram-acai-mint-25ml\/\" \/>\n<meta property=\"og:site_name\" content=\"Beconfident\" \/>\n<meta property=\"article:modified_time\" content=\"2024-12-05T08:01:06+00:00\" \/>\n<meta property=\"og:image\" content=\"https:\/\/beconfident.com\/wp-content\/uploads\/2021\/01\/141098_Toothpaste_Acai3.jpg\" \/>\n\t<meta property=\"og:image:width\" content=\"1417\" \/>\n\t<meta property=\"og:image:height\" content=\"1063\" \/>\n\t<meta property=\"og:image:type\" content=\"image\/jpeg\" \/>\n<meta name=\"twitter:card\" content=\"summary_large_image\" \/>\n<meta name=\"twitter:label1\" content=\"Tiempo de lectura\" \/>\n\t<meta name=\"twitter:data1\" content=\"1 minuto\" \/>\n<script type=\"application\/ld+json\" class=\"yoast-schema-graph\">{\"@context\":\"https:\/\/schema.org\",\"@graph\":[{\"@type\":\"WebPage\",\"@id\":\"https:\/\/beconfident.com\/es\/produkt\/multifunktionell-whitening-tandkram-acai-mint-25ml\/\",\"url\":\"https:\/\/beconfident.com\/es\/produkt\/multifunktionell-whitening-tandkram-acai-mint-25ml\/\",\"name\":\"PASTA DENTAL BLANQUEADORA MULTIFUNCIONAL ACAI + MENTA - Beconfident\",\"isPartOf\":{\"@id\":\"https:\/\/beconfident.com\/lv\/#website\"},\"primaryImageOfPage\":{\"@id\":\"https:\/\/beconfident.com\/es\/produkt\/multifunktionell-whitening-tandkram-acai-mint-25ml\/#primaryimage\"},\"image\":{\"@id\":\"https:\/\/beconfident.com\/es\/produkt\/multifunktionell-whitening-tandkram-acai-mint-25ml\/#primaryimage\"},\"thumbnailUrl\":\"https:\/\/beconfident.com\/wp-content\/uploads\/2021\/01\/141098_Toothpaste_Acai3.jpg\",\"datePublished\":\"2021-01-27T14:21:11+00:00\",\"dateModified\":\"2024-12-05T08:01:06+00:00\",\"description\":\"Multifunktionell whitening tandkr\u00e4m f\u00f6r vitare, renare och starkare t\u00e4nder.\",\"breadcrumb\":{\"@id\":\"https:\/\/beconfident.com\/es\/produkt\/multifunktionell-whitening-tandkram-acai-mint-25ml\/#breadcrumb\"},\"inLanguage\":\"es\",\"potentialAction\":[{\"@type\":\"ReadAction\",\"target\":[\"https:\/\/beconfident.com\/es\/produkt\/multifunktionell-whitening-tandkram-acai-mint-25ml\/\"]}]},{\"@type\":\"ImageObject\",\"inLanguage\":\"es\",\"@id\":\"https:\/\/beconfident.com\/es\/produkt\/multifunktionell-whitening-tandkram-acai-mint-25ml\/#primaryimage\",\"url\":\"https:\/\/beconfident.com\/wp-content\/uploads\/2021\/01\/141098_Toothpaste_Acai3.jpg\",\"contentUrl\":\"https:\/\/beconfident.com\/wp-content\/uploads\/2021\/01\/141098_Toothpaste_Acai3.jpg\",\"width\":1417,\"height\":1063},{\"@type\":\"BreadcrumbList\",\"@id\":\"https:\/\/beconfident.com\/es\/produkt\/multifunktionell-whitening-tandkram-acai-mint-25ml\/#breadcrumb\",\"itemListElement\":[{\"@type\":\"ListItem\",\"position\":1,\"name\":\"Hem\",\"item\":\"https:\/\/beconfident.com\/es\/\"},{\"@type\":\"ListItem\",\"position\":2,\"name\":\"Webbutik\",\"item\":\"https:\/\/beconfident.com\/es\/webbutik\/\"},{\"@type\":\"ListItem\",\"position\":3,\"name\":\"PASTA DENTAL BLANQUEADORA MULTIFUNCIONAL ACAI + MENTA\"}]},{\"@type\":\"WebSite\",\"@id\":\"https:\/\/beconfident.com\/lv\/#website\",\"url\":\"https:\/\/beconfident.com\/lv\/\",\"name\":\"Beconfident\",\"description\":\"\",\"potentialAction\":[{\"@type\":\"SearchAction\",\"target\":{\"@type\":\"EntryPoint\",\"urlTemplate\":\"https:\/\/beconfident.com\/lv\/?s={search_term_string}\"},\"query-input\":{\"@type\":\"PropertyValueSpecification\",\"valueRequired\":true,\"valueName\":\"search_term_string\"}}],\"inLanguage\":\"es\"}]}<\/script>\n<!-- \/ Yoast SEO plugin. -->","yoast_head_json":{"title":"PASTA DENTAL BLANQUEADORA MULTIFUNCIONAL ACAI + MENTA - Beconfident","description":"Multifunktionell whitening tandkr\u00e4m f\u00f6r vitare, renare och starkare t\u00e4nder.","robots":{"index":"index","follow":"follow","max-snippet":"max-snippet:-1","max-image-preview":"max-image-preview:large","max-video-preview":"max-video-preview:-1"},"canonical":"https:\/\/beconfident.com\/es\/produkt\/multifunktionell-whitening-tandkram-acai-mint-25ml\/","og_locale":"es_ES","og_type":"article","og_title":"PASTA DENTAL BLANQUEADORA MULTIFUNCIONAL ACAI + MENTA - Beconfident","og_description":"Multifunktionell whitening tandkr\u00e4m f\u00f6r vitare, renare och starkare t\u00e4nder.","og_url":"https:\/\/beconfident.com\/es\/produkt\/multifunktionell-whitening-tandkram-acai-mint-25ml\/","og_site_name":"Beconfident","article_modified_time":"2024-12-05T08:01:06+00:00","og_image":[{"width":1417,"height":1063,"url":"https:\/\/beconfident.com\/wp-content\/uploads\/2021\/01\/141098_Toothpaste_Acai3.jpg","type":"image\/jpeg"}],"twitter_card":"summary_large_image","twitter_misc":{"Tiempo de lectura":"1 minuto"},"schema":{"@context":"https:\/\/schema.org","@graph":[{"@type":"WebPage","@id":"https:\/\/beconfident.com\/es\/produkt\/multifunktionell-whitening-tandkram-acai-mint-25ml\/","url":"https:\/\/beconfident.com\/es\/produkt\/multifunktionell-whitening-tandkram-acai-mint-25ml\/","name":"PASTA DENTAL BLANQUEADORA MULTIFUNCIONAL ACAI + MENTA - Beconfident","isPartOf":{"@id":"https:\/\/beconfident.com\/lv\/#website"},"primaryImageOfPage":{"@id":"https:\/\/beconfident.com\/es\/produkt\/multifunktionell-whitening-tandkram-acai-mint-25ml\/#primaryimage"},"image":{"@id":"https:\/\/beconfident.com\/es\/produkt\/multifunktionell-whitening-tandkram-acai-mint-25ml\/#primaryimage"},"thumbnailUrl":"https:\/\/beconfident.com\/wp-content\/uploads\/2021\/01\/141098_Toothpaste_Acai3.jpg","datePublished":"2021-01-27T14:21:11+00:00","dateModified":"2024-12-05T08:01:06+00:00","description":"Multifunktionell whitening tandkr\u00e4m f\u00f6r vitare, renare och starkare t\u00e4nder.","breadcrumb":{"@id":"https:\/\/beconfident.com\/es\/produkt\/multifunktionell-whitening-tandkram-acai-mint-25ml\/#breadcrumb"},"inLanguage":"es","potentialAction":[{"@type":"ReadAction","target":["https:\/\/beconfident.com\/es\/produkt\/multifunktionell-whitening-tandkram-acai-mint-25ml\/"]}]},{"@type":"ImageObject","inLanguage":"es","@id":"https:\/\/beconfident.com\/es\/produkt\/multifunktionell-whitening-tandkram-acai-mint-25ml\/#primaryimage","url":"https:\/\/beconfident.com\/wp-content\/uploads\/2021\/01\/141098_Toothpaste_Acai3.jpg","contentUrl":"https:\/\/beconfident.com\/wp-content\/uploads\/2021\/01\/141098_Toothpaste_Acai3.jpg","width":1417,"height":1063},{"@type":"BreadcrumbList","@id":"https:\/\/beconfident.com\/es\/produkt\/multifunktionell-whitening-tandkram-acai-mint-25ml\/#breadcrumb","itemListElement":[{"@type":"ListItem","position":1,"name":"Hem","item":"https:\/\/beconfident.com\/es\/"},{"@type":"ListItem","position":2,"name":"Webbutik","item":"https:\/\/beconfident.com\/es\/webbutik\/"},{"@type":"ListItem","position":3,"name":"PASTA DENTAL BLANQUEADORA MULTIFUNCIONAL ACAI + MENTA"}]},{"@type":"WebSite","@id":"https:\/\/beconfident.com\/lv\/#website","url":"https:\/\/beconfident.com\/lv\/","name":"Beconfident","description":"","potentialAction":[{"@type":"SearchAction","target":{"@type":"EntryPoint","urlTemplate":"https:\/\/beconfident.com\/lv\/?s={search_term_string}"},"query-input":{"@type":"PropertyValueSpecification","valueRequired":true,"valueName":"search_term_string"}}],"inLanguage":"es"}]}},"_links":{"self":[{"href":"https:\/\/beconfident.com\/es\/wp-json\/wp\/v2\/product\/10010","targetHints":{"allow":["GET"]}}],"collection":[{"href":"https:\/\/beconfident.com\/es\/wp-json\/wp\/v2\/product"}],"about":[{"href":"https:\/\/beconfident.com\/es\/wp-json\/wp\/v2\/types\/product"}],"replies":[{"embeddable":true,"href":"https:\/\/beconfident.com\/es\/wp-json\/wp\/v2\/comments?post=10010"}],"wp:featuredmedia":[{"embeddable":true,"href":"https:\/\/beconfident.com\/es\/wp-json\/wp\/v2\/media\/10089"}],"wp:attachment":[{"href":"https:\/\/beconfident.com\/es\/wp-json\/wp\/v2\/media?parent=10010"}],"wp:term":[{"taxonomy":"product_brand","embeddable":true,"href":"https:\/\/beconfident.com\/es\/wp-json\/wp\/v2\/product_brand?post=10010"},{"taxonomy":"product_cat","embeddable":true,"href":"https:\/\/beconfident.com\/es\/wp-json\/wp\/v2\/product_cat?post=10010"},{"taxonomy":"product_tag","embeddable":true,"href":"https:\/\/beconfident.com\/es\/wp-json\/wp\/v2\/product_tag?post=10010"}],"curies":[{"name":"wp","href":"https:\/\/api.w.org\/{rel}","templated":true}]}}