{"id":7685,"date":"2021-01-20T18:10:17","date_gmt":"2021-01-20T17:10:17","guid":{"rendered":"https:\/\/beconfident.simplesmile.hemsida.eu\/produkt\/sonic-whitening-elektrische-zahnbuerste-weiss-rosegold\/"},"modified":"2023-06-26T06:40:24","modified_gmt":"2023-06-26T04:40:24","slug":"sonic-whitening-elektrische-zahnbuerste-weiss-rosegold","status":"publish","type":"product","link":"https:\/\/beconfident.com\/de\/produkt\/sonic-whitening-elektrische-zahnbuerste-weiss-rosegold\/","title":{"rendered":"Sonic Whitening Elektrische Zahnb\u00fcrste Weiss \/ Rose&#8217;gold"},"content":{"rendered":"<p>Die Beconfident\u00ae Sonic Whitening Zahnb\u00fcrste reinigt nicht nur Ihre Z\u00e4hne und erfrischt Ihren Atem &#8211; sie sorgt auch f\u00fcr eine gute Mundgesundheit mit ges\u00fcnderem Zahnfleisch und weniger Karies. Die elektrische Sonic-Zahnb\u00fcrste vibriert mit 38.000 Vibrationen pro Minute und entfernt Plaque 62% besser als die manuelle Zahnb\u00fcrste. Die Schallvibrationen erzeugen einen sekund\u00e4ren Reinigungseffekt \/ eine Wasserbewegung, die dazu beitr\u00e4gt, Plaque auch zwischen den Z\u00e4hnen zu entfernen, wo die B\u00fcrste nicht zug\u00e4nglich ist. Dies hilft, den gesamten Mund zu reinigen und alle Beschichtungen f\u00fcr wei\u00dfere Z\u00e4hne zu entfernen. Sie haben das gleiche saubere Gef\u00fchl wie nach einem Zahnarztbesuch.<\/p>\n<p>Tiefenreinigung: Die elektrische Zahnb\u00fcrste von Sonic vibriert 38.000 Mal pro Minute und entfernt klinisch nachweislich Plaque-Beschichtungen sehr effektiv.<br \/>\nStarke, langlebige Batterie: Sobald die elektrische Sonic-Zahnb\u00fcrste vollst\u00e4ndig aufgeladen ist, reicht eine einzige Ladung f\u00fcr eine Nutzungsdauer von bis zu 90 Tagen aus. Die elektrische Zahnb\u00fcrste wird mit dem mitgelieferten USB-Ladeger\u00e4t aufgeladen, das bequem zu Hause oder unterwegs verwendet werden kann. Kann in einem PC, einer elektrischen Bank, einem Auto oder einem Telefonladeger\u00e4t aufgeladen werden. Bei voller Aufladung wird der Akku bis zu 3 Monate lang aufgeladen (bei normalem Gebrauch 2 Minuten 2-mal t\u00e4glich).<br \/>\nTimer: Es dauert nur zwei Minuten, um Ihre Z\u00e4hne gr\u00fcndlich zu reinigen. Der Timer gibt alle 30 Sekunden ein Signal zum \u00c4ndern des Quadranten. Nach zwei Minuten stoppt die Zahnb\u00fcrste automatisch.<br \/>\n5 B\u00fcrstenfunktionen: Reinigen: zur optimalen Entfernung von Plaque, empfindlich: besonders sanfte Position f\u00fcr empfindliche Z\u00e4hne und Zahnfleisch, Zahnfleischpflege: l\u00e4ngere Pinselstriche, die auch das Zahnfleisch massieren, wei\u00df: hat wechselnde Schwingungen am B\u00fcrstenkopf, um Plaque und Flecken zu entfernen und Wei\u00dfere Z\u00e4hne geben, Polieren: Starke Reinigung f\u00fcr Polier- und Bleaching-Effekt.<br \/>\nErweiterter Bleaching-Effekt: Der \u00fcberlegene Whitening-B\u00fcrstenkopf wurde speziell entwickelt, um Flecken von den Z\u00e4hnen zu entfernen und Ihnen sichtbar wei\u00dfere Z\u00e4hne zu geben. Alle Beconfident\u00ae-Zahnb\u00fcrstenk\u00f6pfe haben DuPont\u00ae-Borsten mit verblassender Farbe, um daran zu erinnern, wann es Zeit ist, die Zahnb\u00fcrstenk\u00f6pfe zu wechseln. Wenn die Farbe verblasst, ist es Zeit zu \u00e4ndern &#8211; normalerweise alle drei Monate.<br \/>\nTechnische Daten: 2000-mAh-Li-Ionen-Akku. IPX7 wasserdicht. CE, Rohs, FCC und FDA zugelassen. Eine Taste zum Ein- und Ausschalten und zur Auswahl des Modus. DuPont\u00ae Borsten mit Farberinnerung. Drahtloser Lademodus \u00fcber USB.<\/p>\n","protected":false},"excerpt":{"rendered":"<p>F\u00fcr eine bessere Mundgesundheit, sauberere Z\u00e4hne und ein wei\u00dferes L\u00e4cheln. Bis zu 90 Tage Akkulaufzeit.<\/p>\n","protected":false},"featured_media":1080,"comment_status":"closed","ping_status":"closed","template":"","meta":{"_acf_changed":false,"inline_featured_image":false,"_monsterinsights_skip_tracking":false,"_monsterinsights_sitenote_active":false,"_monsterinsights_sitenote_note":"","_monsterinsights_sitenote_category":0},"product_brand":[],"product_cat":[734,246,57],"product_tag":[],"class_list":{"0":"post-7685","1":"product","2":"type-product","3":"status-publish","4":"has-post-thumbnail","6":"product_cat-all-products-de","7":"product_cat-sonic-eltandsborstar-de","8":"product_cat-unkategorisiert","10":"first","11":"instock","12":"purchasable","13":"product-type-simple"},"acf":[],"shsp-ext":{"main":{},"variations":[]},"yoast_head":"<!-- This site is optimized with the Yoast SEO plugin v27.2 - https:\/\/yoast.com\/product\/yoast-seo-wordpress\/ -->\n<title>Sonic Whitening Elektrische Zahnb\u00fcrste Weiss \/ Rose&#039;gold - Beconfident<\/title>\n<meta name=\"robots\" content=\"index, follow, max-snippet:-1, max-image-preview:large, max-video-preview:-1\" \/>\n<link rel=\"canonical\" href=\"https:\/\/beconfident.com\/de\/produkt\/sonic-whitening-elektrische-zahnbuerste-weiss-rosegold\/\" \/>\n<meta property=\"og:locale\" content=\"de_DE\" \/>\n<meta property=\"og:type\" content=\"article\" \/>\n<meta property=\"og:title\" content=\"Sonic Whitening Elektrische Zahnb\u00fcrste Weiss \/ Rose&#039;gold - Beconfident\" \/>\n<meta property=\"og:description\" content=\"F\u00fcr eine bessere Mundgesundheit, sauberere Z\u00e4hne und ein wei\u00dferes L\u00e4cheln. Bis zu 90 Tage Akkulaufzeit.\" \/>\n<meta property=\"og:url\" content=\"https:\/\/beconfident.com\/de\/produkt\/sonic-whitening-elektrische-zahnbuerste-weiss-rosegold\/\" \/>\n<meta property=\"og:site_name\" content=\"Beconfident\" \/>\n<meta property=\"article:modified_time\" content=\"2023-06-26T04:40:24+00:00\" \/>\n<meta property=\"og:image\" content=\"https:\/\/beconfident.com\/wp-content\/uploads\/2021\/01\/650000-Box-and-brush.jpg\" \/>\n\t<meta property=\"og:image:width\" content=\"1063\" \/>\n\t<meta property=\"og:image:height\" content=\"1417\" \/>\n\t<meta property=\"og:image:type\" content=\"image\/jpeg\" \/>\n<meta name=\"twitter:card\" content=\"summary_large_image\" \/>\n<meta name=\"twitter:label1\" content=\"Gesch\u00e4tzte Lesezeit\" \/>\n\t<meta name=\"twitter:data1\" content=\"2\u00a0Minuten\" \/>\n<script type=\"application\/ld+json\" class=\"yoast-schema-graph\">{\"@context\":\"https:\/\/schema.org\",\"@graph\":[{\"@type\":\"WebPage\",\"@id\":\"https:\/\/beconfident.com\/de\/produkt\/sonic-whitening-elektrische-zahnbuerste-weiss-rosegold\/\",\"url\":\"https:\/\/beconfident.com\/de\/produkt\/sonic-whitening-elektrische-zahnbuerste-weiss-rosegold\/\",\"name\":\"Sonic Whitening Elektrische Zahnb\u00fcrste Weiss \/ Rose'gold - Beconfident\",\"isPartOf\":{\"@id\":\"https:\/\/beconfident.com\/lv\/#website\"},\"primaryImageOfPage\":{\"@id\":\"https:\/\/beconfident.com\/de\/produkt\/sonic-whitening-elektrische-zahnbuerste-weiss-rosegold\/#primaryimage\"},\"image\":{\"@id\":\"https:\/\/beconfident.com\/de\/produkt\/sonic-whitening-elektrische-zahnbuerste-weiss-rosegold\/#primaryimage\"},\"thumbnailUrl\":\"https:\/\/beconfident.com\/wp-content\/uploads\/2021\/01\/650000-Box-and-brush.jpg\",\"datePublished\":\"2021-01-20T17:10:17+00:00\",\"dateModified\":\"2023-06-26T04:40:24+00:00\",\"breadcrumb\":{\"@id\":\"https:\/\/beconfident.com\/de\/produkt\/sonic-whitening-elektrische-zahnbuerste-weiss-rosegold\/#breadcrumb\"},\"inLanguage\":\"de\",\"potentialAction\":[{\"@type\":\"ReadAction\",\"target\":[\"https:\/\/beconfident.com\/de\/produkt\/sonic-whitening-elektrische-zahnbuerste-weiss-rosegold\/\"]}]},{\"@type\":\"ImageObject\",\"inLanguage\":\"de\",\"@id\":\"https:\/\/beconfident.com\/de\/produkt\/sonic-whitening-elektrische-zahnbuerste-weiss-rosegold\/#primaryimage\",\"url\":\"https:\/\/beconfident.com\/wp-content\/uploads\/2021\/01\/650000-Box-and-brush.jpg\",\"contentUrl\":\"https:\/\/beconfident.com\/wp-content\/uploads\/2021\/01\/650000-Box-and-brush.jpg\",\"width\":1063,\"height\":1417,\"caption\":\"650000 Box and brush\"},{\"@type\":\"BreadcrumbList\",\"@id\":\"https:\/\/beconfident.com\/de\/produkt\/sonic-whitening-elektrische-zahnbuerste-weiss-rosegold\/#breadcrumb\",\"itemListElement\":[{\"@type\":\"ListItem\",\"position\":1,\"name\":\"Hem\",\"item\":\"https:\/\/beconfident.com\/de\/\"},{\"@type\":\"ListItem\",\"position\":2,\"name\":\"Webbutik\",\"item\":\"https:\/\/beconfident.com\/de\/webbutik\/\"},{\"@type\":\"ListItem\",\"position\":3,\"name\":\"Sonic Whitening Elektrische Zahnb\u00fcrste Weiss \/ Rose&#8217;gold\"}]},{\"@type\":\"WebSite\",\"@id\":\"https:\/\/beconfident.com\/lv\/#website\",\"url\":\"https:\/\/beconfident.com\/lv\/\",\"name\":\"Beconfident\",\"description\":\"\",\"potentialAction\":[{\"@type\":\"SearchAction\",\"target\":{\"@type\":\"EntryPoint\",\"urlTemplate\":\"https:\/\/beconfident.com\/lv\/?s={search_term_string}\"},\"query-input\":{\"@type\":\"PropertyValueSpecification\",\"valueRequired\":true,\"valueName\":\"search_term_string\"}}],\"inLanguage\":\"de\"}]}<\/script>\n<!-- \/ Yoast SEO plugin. -->","yoast_head_json":{"title":"Sonic Whitening Elektrische Zahnb\u00fcrste Weiss \/ Rose'gold - Beconfident","robots":{"index":"index","follow":"follow","max-snippet":"max-snippet:-1","max-image-preview":"max-image-preview:large","max-video-preview":"max-video-preview:-1"},"canonical":"https:\/\/beconfident.com\/de\/produkt\/sonic-whitening-elektrische-zahnbuerste-weiss-rosegold\/","og_locale":"de_DE","og_type":"article","og_title":"Sonic Whitening Elektrische Zahnb\u00fcrste Weiss \/ Rose'gold - Beconfident","og_description":"F\u00fcr eine bessere Mundgesundheit, sauberere Z\u00e4hne und ein wei\u00dferes L\u00e4cheln. Bis zu 90 Tage Akkulaufzeit.","og_url":"https:\/\/beconfident.com\/de\/produkt\/sonic-whitening-elektrische-zahnbuerste-weiss-rosegold\/","og_site_name":"Beconfident","article_modified_time":"2023-06-26T04:40:24+00:00","og_image":[{"width":1063,"height":1417,"url":"https:\/\/beconfident.com\/wp-content\/uploads\/2021\/01\/650000-Box-and-brush.jpg","type":"image\/jpeg"}],"twitter_card":"summary_large_image","twitter_misc":{"Gesch\u00e4tzte Lesezeit":"2\u00a0Minuten"},"schema":{"@context":"https:\/\/schema.org","@graph":[{"@type":"WebPage","@id":"https:\/\/beconfident.com\/de\/produkt\/sonic-whitening-elektrische-zahnbuerste-weiss-rosegold\/","url":"https:\/\/beconfident.com\/de\/produkt\/sonic-whitening-elektrische-zahnbuerste-weiss-rosegold\/","name":"Sonic Whitening Elektrische Zahnb\u00fcrste Weiss \/ Rose'gold - Beconfident","isPartOf":{"@id":"https:\/\/beconfident.com\/lv\/#website"},"primaryImageOfPage":{"@id":"https:\/\/beconfident.com\/de\/produkt\/sonic-whitening-elektrische-zahnbuerste-weiss-rosegold\/#primaryimage"},"image":{"@id":"https:\/\/beconfident.com\/de\/produkt\/sonic-whitening-elektrische-zahnbuerste-weiss-rosegold\/#primaryimage"},"thumbnailUrl":"https:\/\/beconfident.com\/wp-content\/uploads\/2021\/01\/650000-Box-and-brush.jpg","datePublished":"2021-01-20T17:10:17+00:00","dateModified":"2023-06-26T04:40:24+00:00","breadcrumb":{"@id":"https:\/\/beconfident.com\/de\/produkt\/sonic-whitening-elektrische-zahnbuerste-weiss-rosegold\/#breadcrumb"},"inLanguage":"de","potentialAction":[{"@type":"ReadAction","target":["https:\/\/beconfident.com\/de\/produkt\/sonic-whitening-elektrische-zahnbuerste-weiss-rosegold\/"]}]},{"@type":"ImageObject","inLanguage":"de","@id":"https:\/\/beconfident.com\/de\/produkt\/sonic-whitening-elektrische-zahnbuerste-weiss-rosegold\/#primaryimage","url":"https:\/\/beconfident.com\/wp-content\/uploads\/2021\/01\/650000-Box-and-brush.jpg","contentUrl":"https:\/\/beconfident.com\/wp-content\/uploads\/2021\/01\/650000-Box-and-brush.jpg","width":1063,"height":1417,"caption":"650000 Box and brush"},{"@type":"BreadcrumbList","@id":"https:\/\/beconfident.com\/de\/produkt\/sonic-whitening-elektrische-zahnbuerste-weiss-rosegold\/#breadcrumb","itemListElement":[{"@type":"ListItem","position":1,"name":"Hem","item":"https:\/\/beconfident.com\/de\/"},{"@type":"ListItem","position":2,"name":"Webbutik","item":"https:\/\/beconfident.com\/de\/webbutik\/"},{"@type":"ListItem","position":3,"name":"Sonic Whitening Elektrische Zahnb\u00fcrste Weiss \/ Rose&#8217;gold"}]},{"@type":"WebSite","@id":"https:\/\/beconfident.com\/lv\/#website","url":"https:\/\/beconfident.com\/lv\/","name":"Beconfident","description":"","potentialAction":[{"@type":"SearchAction","target":{"@type":"EntryPoint","urlTemplate":"https:\/\/beconfident.com\/lv\/?s={search_term_string}"},"query-input":{"@type":"PropertyValueSpecification","valueRequired":true,"valueName":"search_term_string"}}],"inLanguage":"de"}]}},"_links":{"self":[{"href":"https:\/\/beconfident.com\/de\/wp-json\/wp\/v2\/product\/7685","targetHints":{"allow":["GET"]}}],"collection":[{"href":"https:\/\/beconfident.com\/de\/wp-json\/wp\/v2\/product"}],"about":[{"href":"https:\/\/beconfident.com\/de\/wp-json\/wp\/v2\/types\/product"}],"replies":[{"embeddable":true,"href":"https:\/\/beconfident.com\/de\/wp-json\/wp\/v2\/comments?post=7685"}],"wp:featuredmedia":[{"embeddable":true,"href":"https:\/\/beconfident.com\/de\/wp-json\/wp\/v2\/media\/1080"}],"wp:attachment":[{"href":"https:\/\/beconfident.com\/de\/wp-json\/wp\/v2\/media?parent=7685"}],"wp:term":[{"taxonomy":"product_brand","embeddable":true,"href":"https:\/\/beconfident.com\/de\/wp-json\/wp\/v2\/product_brand?post=7685"},{"taxonomy":"product_cat","embeddable":true,"href":"https:\/\/beconfident.com\/de\/wp-json\/wp\/v2\/product_cat?post=7685"},{"taxonomy":"product_tag","embeddable":true,"href":"https:\/\/beconfident.com\/de\/wp-json\/wp\/v2\/product_tag?post=7685"}],"curies":[{"name":"wp","href":"https:\/\/api.w.org\/{rel}","templated":true}]}}