{"id":7578,"date":"2021-01-11T10:04:26","date_gmt":"2021-01-11T09:04:26","guid":{"rendered":"https:\/\/beconfident.simplesmile.hemsida.eu\/produkt\/teeth-whitening-touch-up-pen\/"},"modified":"2025-02-04T16:05:00","modified_gmt":"2025-02-04T15:05:00","slug":"teeth-whitening-touch-up-pen","status":"publish","type":"product","link":"https:\/\/beconfident.com\/de\/produkt\/teeth-whitening-touch-up-pen\/","title":{"rendered":"Z\u00c4HNE WHITENING TOUCH-UP REINIGUNGSSTIFT 2 ML"},"content":{"rendered":"<p>Der Beconfident\u00ae Touch-Up-Reinigungsstift eignet sich zum Reinigen Ihrer Z\u00e4hne unterwegs oder wenn Sie eine schnelle Aufhellung ben\u00f6tigen. Der Bleaching Pen entfernt Flecken von vielen T\u00e4tern, einschlie\u00dflich farbigem Essen, Trinken und Rauchen. Der Beconfident-Stift wird mit der B\u00fcrste auf die Z\u00e4hne aufgetragen und ist somit das perfekte Aufhellungswerkzeug, um Flecken zwischen den Z\u00e4hnen gezielt zu entfernen. Der peroxidfreie Beconfident-Zahnaufhellungsstift eignet sich perfekt zum Entfernen von Flecken zwischen den Z\u00e4hnen und zur Aufrechterhaltung der Zahnaufhellung nach Verwendung des Beconfident-Aufhellungskits oder zur Verwendung neben Beconfident-Aufhellungsbehandlungen. Gezielte Zahnaufhellung f\u00fcr ein wundersch\u00f6nes, wei\u00dferes L\u00e4cheln.<\/p>\n","protected":false},"excerpt":{"rendered":"<p>Einfach zu bedienende Erg\u00e4nzung zu Beconfident kompletten Zahnwei\u00df-Kits.<\/p>\n","protected":false},"featured_media":396,"comment_status":"open","ping_status":"closed","template":"","meta":{"_acf_changed":false,"inline_featured_image":false,"_monsterinsights_skip_tracking":false,"_monsterinsights_sitenote_active":false,"_monsterinsights_sitenote_note":"","_monsterinsights_sitenote_category":0},"product_brand":[],"product_cat":[734,170],"product_tag":[],"class_list":{"0":"post-7578","1":"product","2":"type-product","3":"status-publish","4":"has-post-thumbnail","6":"product_cat-all-products-de","7":"product_cat-underhall-de","9":"first","10":"instock","11":"taxable","12":"shipping-taxable","13":"purchasable","14":"product-type-simple"},"acf":[],"shsp-ext":{"main":{},"variations":[]},"yoast_head":"<!-- This site is optimized with the Yoast SEO plugin v27.2 - https:\/\/yoast.com\/product\/yoast-seo-wordpress\/ -->\n<title>Z\u00c4HNE WHITENING TOUCH-UP REINIGUNGSSTIFT 2 ML - Beconfident<\/title>\n<meta name=\"robots\" content=\"index, follow, max-snippet:-1, max-image-preview:large, max-video-preview:-1\" \/>\n<link rel=\"canonical\" href=\"https:\/\/beconfident.com\/de\/produkt\/teeth-whitening-touch-up-pen\/\" \/>\n<meta property=\"og:locale\" content=\"de_DE\" \/>\n<meta property=\"og:type\" content=\"article\" \/>\n<meta property=\"og:title\" content=\"Z\u00c4HNE WHITENING TOUCH-UP REINIGUNGSSTIFT 2 ML - Beconfident\" \/>\n<meta property=\"og:description\" content=\"Einfach zu bedienende Erg\u00e4nzung zu Beconfident kompletten Zahnwei\u00df-Kits.\" \/>\n<meta property=\"og:url\" content=\"https:\/\/beconfident.com\/de\/produkt\/teeth-whitening-touch-up-pen\/\" \/>\n<meta property=\"og:site_name\" content=\"Beconfident\" \/>\n<meta property=\"article:modified_time\" content=\"2025-02-04T15:05:00+00:00\" \/>\n<meta property=\"og:image\" content=\"https:\/\/beconfident.com\/wp-content\/uploads\/2021\/01\/120298-Teeth-Whitening-Touch-Up-Pen-X1.jpg\" \/>\n\t<meta property=\"og:image:width\" content=\"1100\" \/>\n\t<meta property=\"og:image:height\" content=\"1417\" \/>\n\t<meta property=\"og:image:type\" content=\"image\/jpeg\" \/>\n<meta name=\"twitter:card\" content=\"summary_large_image\" \/>\n<meta name=\"twitter:label1\" content=\"Gesch\u00e4tzte Lesezeit\" \/>\n\t<meta name=\"twitter:data1\" content=\"1\u00a0Minute\" \/>\n<script type=\"application\/ld+json\" class=\"yoast-schema-graph\">{\"@context\":\"https:\/\/schema.org\",\"@graph\":[{\"@type\":\"WebPage\",\"@id\":\"https:\/\/beconfident.com\/de\/produkt\/teeth-whitening-touch-up-pen\/\",\"url\":\"https:\/\/beconfident.com\/de\/produkt\/teeth-whitening-touch-up-pen\/\",\"name\":\"Z\u00c4HNE WHITENING TOUCH-UP REINIGUNGSSTIFT 2 ML - Beconfident\",\"isPartOf\":{\"@id\":\"https:\/\/beconfident.com\/lv\/#website\"},\"primaryImageOfPage\":{\"@id\":\"https:\/\/beconfident.com\/de\/produkt\/teeth-whitening-touch-up-pen\/#primaryimage\"},\"image\":{\"@id\":\"https:\/\/beconfident.com\/de\/produkt\/teeth-whitening-touch-up-pen\/#primaryimage\"},\"thumbnailUrl\":\"https:\/\/beconfident.com\/wp-content\/uploads\/2021\/01\/120298-Teeth-Whitening-Touch-Up-Pen-X1.jpg\",\"datePublished\":\"2021-01-11T09:04:26+00:00\",\"dateModified\":\"2025-02-04T15:05:00+00:00\",\"breadcrumb\":{\"@id\":\"https:\/\/beconfident.com\/de\/produkt\/teeth-whitening-touch-up-pen\/#breadcrumb\"},\"inLanguage\":\"de\",\"potentialAction\":[{\"@type\":\"ReadAction\",\"target\":[\"https:\/\/beconfident.com\/de\/produkt\/teeth-whitening-touch-up-pen\/\"]}]},{\"@type\":\"ImageObject\",\"inLanguage\":\"de\",\"@id\":\"https:\/\/beconfident.com\/de\/produkt\/teeth-whitening-touch-up-pen\/#primaryimage\",\"url\":\"https:\/\/beconfident.com\/wp-content\/uploads\/2021\/01\/120298-Teeth-Whitening-Touch-Up-Pen-X1.jpg\",\"contentUrl\":\"https:\/\/beconfident.com\/wp-content\/uploads\/2021\/01\/120298-Teeth-Whitening-Touch-Up-Pen-X1.jpg\",\"width\":1100,\"height\":1417,\"caption\":\"120298 Teeth Whitening Touch Up Pen X1\"},{\"@type\":\"BreadcrumbList\",\"@id\":\"https:\/\/beconfident.com\/de\/produkt\/teeth-whitening-touch-up-pen\/#breadcrumb\",\"itemListElement\":[{\"@type\":\"ListItem\",\"position\":1,\"name\":\"Hem\",\"item\":\"https:\/\/beconfident.com\/de\/\"},{\"@type\":\"ListItem\",\"position\":2,\"name\":\"Webbutik\",\"item\":\"https:\/\/beconfident.com\/de\/webbutik\/\"},{\"@type\":\"ListItem\",\"position\":3,\"name\":\"Z\u00c4HNE WHITENING TOUCH-UP REINIGUNGSSTIFT 2 ML\"}]},{\"@type\":\"WebSite\",\"@id\":\"https:\/\/beconfident.com\/lv\/#website\",\"url\":\"https:\/\/beconfident.com\/lv\/\",\"name\":\"Beconfident\",\"description\":\"\",\"potentialAction\":[{\"@type\":\"SearchAction\",\"target\":{\"@type\":\"EntryPoint\",\"urlTemplate\":\"https:\/\/beconfident.com\/lv\/?s={search_term_string}\"},\"query-input\":{\"@type\":\"PropertyValueSpecification\",\"valueRequired\":true,\"valueName\":\"search_term_string\"}}],\"inLanguage\":\"de\"}]}<\/script>\n<!-- \/ Yoast SEO plugin. -->","yoast_head_json":{"title":"Z\u00c4HNE WHITENING TOUCH-UP REINIGUNGSSTIFT 2 ML - Beconfident","robots":{"index":"index","follow":"follow","max-snippet":"max-snippet:-1","max-image-preview":"max-image-preview:large","max-video-preview":"max-video-preview:-1"},"canonical":"https:\/\/beconfident.com\/de\/produkt\/teeth-whitening-touch-up-pen\/","og_locale":"de_DE","og_type":"article","og_title":"Z\u00c4HNE WHITENING TOUCH-UP REINIGUNGSSTIFT 2 ML - Beconfident","og_description":"Einfach zu bedienende Erg\u00e4nzung zu Beconfident kompletten Zahnwei\u00df-Kits.","og_url":"https:\/\/beconfident.com\/de\/produkt\/teeth-whitening-touch-up-pen\/","og_site_name":"Beconfident","article_modified_time":"2025-02-04T15:05:00+00:00","og_image":[{"width":1100,"height":1417,"url":"https:\/\/beconfident.com\/wp-content\/uploads\/2021\/01\/120298-Teeth-Whitening-Touch-Up-Pen-X1.jpg","type":"image\/jpeg"}],"twitter_card":"summary_large_image","twitter_misc":{"Gesch\u00e4tzte Lesezeit":"1\u00a0Minute"},"schema":{"@context":"https:\/\/schema.org","@graph":[{"@type":"WebPage","@id":"https:\/\/beconfident.com\/de\/produkt\/teeth-whitening-touch-up-pen\/","url":"https:\/\/beconfident.com\/de\/produkt\/teeth-whitening-touch-up-pen\/","name":"Z\u00c4HNE WHITENING TOUCH-UP REINIGUNGSSTIFT 2 ML - Beconfident","isPartOf":{"@id":"https:\/\/beconfident.com\/lv\/#website"},"primaryImageOfPage":{"@id":"https:\/\/beconfident.com\/de\/produkt\/teeth-whitening-touch-up-pen\/#primaryimage"},"image":{"@id":"https:\/\/beconfident.com\/de\/produkt\/teeth-whitening-touch-up-pen\/#primaryimage"},"thumbnailUrl":"https:\/\/beconfident.com\/wp-content\/uploads\/2021\/01\/120298-Teeth-Whitening-Touch-Up-Pen-X1.jpg","datePublished":"2021-01-11T09:04:26+00:00","dateModified":"2025-02-04T15:05:00+00:00","breadcrumb":{"@id":"https:\/\/beconfident.com\/de\/produkt\/teeth-whitening-touch-up-pen\/#breadcrumb"},"inLanguage":"de","potentialAction":[{"@type":"ReadAction","target":["https:\/\/beconfident.com\/de\/produkt\/teeth-whitening-touch-up-pen\/"]}]},{"@type":"ImageObject","inLanguage":"de","@id":"https:\/\/beconfident.com\/de\/produkt\/teeth-whitening-touch-up-pen\/#primaryimage","url":"https:\/\/beconfident.com\/wp-content\/uploads\/2021\/01\/120298-Teeth-Whitening-Touch-Up-Pen-X1.jpg","contentUrl":"https:\/\/beconfident.com\/wp-content\/uploads\/2021\/01\/120298-Teeth-Whitening-Touch-Up-Pen-X1.jpg","width":1100,"height":1417,"caption":"120298 Teeth Whitening Touch Up Pen X1"},{"@type":"BreadcrumbList","@id":"https:\/\/beconfident.com\/de\/produkt\/teeth-whitening-touch-up-pen\/#breadcrumb","itemListElement":[{"@type":"ListItem","position":1,"name":"Hem","item":"https:\/\/beconfident.com\/de\/"},{"@type":"ListItem","position":2,"name":"Webbutik","item":"https:\/\/beconfident.com\/de\/webbutik\/"},{"@type":"ListItem","position":3,"name":"Z\u00c4HNE WHITENING TOUCH-UP REINIGUNGSSTIFT 2 ML"}]},{"@type":"WebSite","@id":"https:\/\/beconfident.com\/lv\/#website","url":"https:\/\/beconfident.com\/lv\/","name":"Beconfident","description":"","potentialAction":[{"@type":"SearchAction","target":{"@type":"EntryPoint","urlTemplate":"https:\/\/beconfident.com\/lv\/?s={search_term_string}"},"query-input":{"@type":"PropertyValueSpecification","valueRequired":true,"valueName":"search_term_string"}}],"inLanguage":"de"}]}},"_links":{"self":[{"href":"https:\/\/beconfident.com\/de\/wp-json\/wp\/v2\/product\/7578","targetHints":{"allow":["GET"]}}],"collection":[{"href":"https:\/\/beconfident.com\/de\/wp-json\/wp\/v2\/product"}],"about":[{"href":"https:\/\/beconfident.com\/de\/wp-json\/wp\/v2\/types\/product"}],"replies":[{"embeddable":true,"href":"https:\/\/beconfident.com\/de\/wp-json\/wp\/v2\/comments?post=7578"}],"wp:featuredmedia":[{"embeddable":true,"href":"https:\/\/beconfident.com\/de\/wp-json\/wp\/v2\/media\/396"}],"wp:attachment":[{"href":"https:\/\/beconfident.com\/de\/wp-json\/wp\/v2\/media?parent=7578"}],"wp:term":[{"taxonomy":"product_brand","embeddable":true,"href":"https:\/\/beconfident.com\/de\/wp-json\/wp\/v2\/product_brand?post=7578"},{"taxonomy":"product_cat","embeddable":true,"href":"https:\/\/beconfident.com\/de\/wp-json\/wp\/v2\/product_cat?post=7578"},{"taxonomy":"product_tag","embeddable":true,"href":"https:\/\/beconfident.com\/de\/wp-json\/wp\/v2\/product_tag?post=7578"}],"curies":[{"name":"wp","href":"https:\/\/api.w.org\/{rel}","templated":true}]}}