{"id":6994,"date":"2021-01-11T10:04:36","date_gmt":"2021-01-11T09:04:36","guid":{"rendered":"https:\/\/beconfident.simplesmile.hemsida.eu\/produkt\/clear-skin-spot-on\/"},"modified":"2024-08-22T17:05:00","modified_gmt":"2024-08-22T15:05:00","slug":"clear-skin-spot-on","status":"publish","type":"product","link":"https:\/\/beconfident.com\/de\/produkt\/clear-skin-spot-on\/","title":{"rendered":"&#8220;CLEAR SKIN&#8221; SPOT ON STIFT"},"content":{"rendered":"<p>Der Beconfident\u00ae Spot On Pen verf\u00fcgt \u00fcber ein einzigartiges Design zur genauen Behandlung vorhandener Pickel, sodass Sie ihn schnell und einfach direkt auf den Bereich auftragen k\u00f6nnen. Perfekt zum Tragen in der Tasche und die Formel beschleunigt die Heilung von Pickeln und st\u00e4rkt die Haut bei regelm\u00e4\u00dfiger Anwendung. F\u00fcr beste Ergebnisse sollte es mit oder nach der Behandlung mit unserem Beconfident\u00ae Clear Skin Start Kit oder der Beconfident\u00ae Acne Reduce Creme verwendet werden.<\/p>\n","protected":false},"excerpt":{"rendered":"<p>Einfach zu verwendende Spot-Behandlung von Pickeln, die auch eine st\u00e4rkende Wirkung auf die Haut hat.<\/p>\n","protected":false},"featured_media":955,"comment_status":"open","ping_status":"closed","template":"","meta":{"_acf_changed":false,"inline_featured_image":false,"_monsterinsights_skip_tracking":false,"_monsterinsights_sitenote_active":false,"_monsterinsights_sitenote_note":"","_monsterinsights_sitenote_category":0},"product_brand":[],"product_cat":[57],"product_tag":[],"class_list":{"0":"post-6994","1":"product","2":"type-product","3":"status-publish","4":"has-post-thumbnail","6":"product_cat-unkategorisiert","8":"first","9":"outofstock","10":"taxable","11":"shipping-taxable","12":"purchasable","13":"product-type-simple"},"acf":[],"shsp-ext":{"main":{},"variations":[]},"yoast_head":"<!-- This site is optimized with the Yoast SEO plugin v27.2 - https:\/\/yoast.com\/product\/yoast-seo-wordpress\/ -->\n<title>&quot;CLEAR SKIN&quot; SPOT ON STIFT - Beconfident<\/title>\n<meta name=\"robots\" content=\"index, follow, max-snippet:-1, max-image-preview:large, max-video-preview:-1\" \/>\n<link rel=\"canonical\" href=\"https:\/\/beconfident.com\/de\/produkt\/clear-skin-spot-on\/\" \/>\n<meta property=\"og:locale\" content=\"de_DE\" \/>\n<meta property=\"og:type\" content=\"article\" \/>\n<meta property=\"og:title\" content=\"&quot;CLEAR SKIN&quot; SPOT ON STIFT - Beconfident\" \/>\n<meta property=\"og:description\" content=\"Einfach zu verwendende Spot-Behandlung von Pickeln, die auch eine st\u00e4rkende Wirkung auf die Haut hat.\" \/>\n<meta property=\"og:url\" content=\"https:\/\/beconfident.com\/de\/produkt\/clear-skin-spot-on\/\" \/>\n<meta property=\"og:site_name\" content=\"Beconfident\" \/>\n<meta property=\"article:modified_time\" content=\"2024-08-22T15:05:00+00:00\" \/>\n<meta property=\"og:image\" content=\"https:\/\/beconfident.com\/wp-content\/uploads\/2021\/01\/180451-Clear-Skin-Spot-On-Pen.jpg\" \/>\n\t<meta property=\"og:image:width\" content=\"1000\" \/>\n\t<meta property=\"og:image:height\" content=\"1000\" \/>\n\t<meta property=\"og:image:type\" content=\"image\/jpeg\" \/>\n<meta name=\"twitter:card\" content=\"summary_large_image\" \/>\n<script type=\"application\/ld+json\" class=\"yoast-schema-graph\">{\"@context\":\"https:\/\/schema.org\",\"@graph\":[{\"@type\":\"WebPage\",\"@id\":\"https:\/\/beconfident.com\/de\/produkt\/clear-skin-spot-on\/\",\"url\":\"https:\/\/beconfident.com\/de\/produkt\/clear-skin-spot-on\/\",\"name\":\"\\\"CLEAR SKIN\\\" SPOT ON STIFT - Beconfident\",\"isPartOf\":{\"@id\":\"https:\/\/beconfident.com\/lv\/#website\"},\"primaryImageOfPage\":{\"@id\":\"https:\/\/beconfident.com\/de\/produkt\/clear-skin-spot-on\/#primaryimage\"},\"image\":{\"@id\":\"https:\/\/beconfident.com\/de\/produkt\/clear-skin-spot-on\/#primaryimage\"},\"thumbnailUrl\":\"https:\/\/beconfident.com\/wp-content\/uploads\/2021\/01\/180451-Clear-Skin-Spot-On-Pen.jpg\",\"datePublished\":\"2021-01-11T09:04:36+00:00\",\"dateModified\":\"2024-08-22T15:05:00+00:00\",\"breadcrumb\":{\"@id\":\"https:\/\/beconfident.com\/de\/produkt\/clear-skin-spot-on\/#breadcrumb\"},\"inLanguage\":\"de\",\"potentialAction\":[{\"@type\":\"ReadAction\",\"target\":[\"https:\/\/beconfident.com\/de\/produkt\/clear-skin-spot-on\/\"]}]},{\"@type\":\"ImageObject\",\"inLanguage\":\"de\",\"@id\":\"https:\/\/beconfident.com\/de\/produkt\/clear-skin-spot-on\/#primaryimage\",\"url\":\"https:\/\/beconfident.com\/wp-content\/uploads\/2021\/01\/180451-Clear-Skin-Spot-On-Pen.jpg\",\"contentUrl\":\"https:\/\/beconfident.com\/wp-content\/uploads\/2021\/01\/180451-Clear-Skin-Spot-On-Pen.jpg\",\"width\":1000,\"height\":1000,\"caption\":\"180451 Clear Skin Spot On Pen\"},{\"@type\":\"BreadcrumbList\",\"@id\":\"https:\/\/beconfident.com\/de\/produkt\/clear-skin-spot-on\/#breadcrumb\",\"itemListElement\":[{\"@type\":\"ListItem\",\"position\":1,\"name\":\"Hem\",\"item\":\"https:\/\/beconfident.com\/de\/\"},{\"@type\":\"ListItem\",\"position\":2,\"name\":\"Webbutik\",\"item\":\"https:\/\/beconfident.com\/de\/webbutik\/\"},{\"@type\":\"ListItem\",\"position\":3,\"name\":\"&#8220;CLEAR SKIN&#8221; SPOT ON STIFT\"}]},{\"@type\":\"WebSite\",\"@id\":\"https:\/\/beconfident.com\/lv\/#website\",\"url\":\"https:\/\/beconfident.com\/lv\/\",\"name\":\"Beconfident\",\"description\":\"\",\"potentialAction\":[{\"@type\":\"SearchAction\",\"target\":{\"@type\":\"EntryPoint\",\"urlTemplate\":\"https:\/\/beconfident.com\/lv\/?s={search_term_string}\"},\"query-input\":{\"@type\":\"PropertyValueSpecification\",\"valueRequired\":true,\"valueName\":\"search_term_string\"}}],\"inLanguage\":\"de\"}]}<\/script>\n<!-- \/ Yoast SEO plugin. -->","yoast_head_json":{"title":"\"CLEAR SKIN\" SPOT ON STIFT - Beconfident","robots":{"index":"index","follow":"follow","max-snippet":"max-snippet:-1","max-image-preview":"max-image-preview:large","max-video-preview":"max-video-preview:-1"},"canonical":"https:\/\/beconfident.com\/de\/produkt\/clear-skin-spot-on\/","og_locale":"de_DE","og_type":"article","og_title":"\"CLEAR SKIN\" SPOT ON STIFT - Beconfident","og_description":"Einfach zu verwendende Spot-Behandlung von Pickeln, die auch eine st\u00e4rkende Wirkung auf die Haut hat.","og_url":"https:\/\/beconfident.com\/de\/produkt\/clear-skin-spot-on\/","og_site_name":"Beconfident","article_modified_time":"2024-08-22T15:05:00+00:00","og_image":[{"width":1000,"height":1000,"url":"https:\/\/beconfident.com\/wp-content\/uploads\/2021\/01\/180451-Clear-Skin-Spot-On-Pen.jpg","type":"image\/jpeg"}],"twitter_card":"summary_large_image","schema":{"@context":"https:\/\/schema.org","@graph":[{"@type":"WebPage","@id":"https:\/\/beconfident.com\/de\/produkt\/clear-skin-spot-on\/","url":"https:\/\/beconfident.com\/de\/produkt\/clear-skin-spot-on\/","name":"\"CLEAR SKIN\" SPOT ON STIFT - Beconfident","isPartOf":{"@id":"https:\/\/beconfident.com\/lv\/#website"},"primaryImageOfPage":{"@id":"https:\/\/beconfident.com\/de\/produkt\/clear-skin-spot-on\/#primaryimage"},"image":{"@id":"https:\/\/beconfident.com\/de\/produkt\/clear-skin-spot-on\/#primaryimage"},"thumbnailUrl":"https:\/\/beconfident.com\/wp-content\/uploads\/2021\/01\/180451-Clear-Skin-Spot-On-Pen.jpg","datePublished":"2021-01-11T09:04:36+00:00","dateModified":"2024-08-22T15:05:00+00:00","breadcrumb":{"@id":"https:\/\/beconfident.com\/de\/produkt\/clear-skin-spot-on\/#breadcrumb"},"inLanguage":"de","potentialAction":[{"@type":"ReadAction","target":["https:\/\/beconfident.com\/de\/produkt\/clear-skin-spot-on\/"]}]},{"@type":"ImageObject","inLanguage":"de","@id":"https:\/\/beconfident.com\/de\/produkt\/clear-skin-spot-on\/#primaryimage","url":"https:\/\/beconfident.com\/wp-content\/uploads\/2021\/01\/180451-Clear-Skin-Spot-On-Pen.jpg","contentUrl":"https:\/\/beconfident.com\/wp-content\/uploads\/2021\/01\/180451-Clear-Skin-Spot-On-Pen.jpg","width":1000,"height":1000,"caption":"180451 Clear Skin Spot On Pen"},{"@type":"BreadcrumbList","@id":"https:\/\/beconfident.com\/de\/produkt\/clear-skin-spot-on\/#breadcrumb","itemListElement":[{"@type":"ListItem","position":1,"name":"Hem","item":"https:\/\/beconfident.com\/de\/"},{"@type":"ListItem","position":2,"name":"Webbutik","item":"https:\/\/beconfident.com\/de\/webbutik\/"},{"@type":"ListItem","position":3,"name":"&#8220;CLEAR SKIN&#8221; SPOT ON STIFT"}]},{"@type":"WebSite","@id":"https:\/\/beconfident.com\/lv\/#website","url":"https:\/\/beconfident.com\/lv\/","name":"Beconfident","description":"","potentialAction":[{"@type":"SearchAction","target":{"@type":"EntryPoint","urlTemplate":"https:\/\/beconfident.com\/lv\/?s={search_term_string}"},"query-input":{"@type":"PropertyValueSpecification","valueRequired":true,"valueName":"search_term_string"}}],"inLanguage":"de"}]}},"_links":{"self":[{"href":"https:\/\/beconfident.com\/de\/wp-json\/wp\/v2\/product\/6994","targetHints":{"allow":["GET"]}}],"collection":[{"href":"https:\/\/beconfident.com\/de\/wp-json\/wp\/v2\/product"}],"about":[{"href":"https:\/\/beconfident.com\/de\/wp-json\/wp\/v2\/types\/product"}],"replies":[{"embeddable":true,"href":"https:\/\/beconfident.com\/de\/wp-json\/wp\/v2\/comments?post=6994"}],"wp:featuredmedia":[{"embeddable":true,"href":"https:\/\/beconfident.com\/de\/wp-json\/wp\/v2\/media\/955"}],"wp:attachment":[{"href":"https:\/\/beconfident.com\/de\/wp-json\/wp\/v2\/media?parent=6994"}],"wp:term":[{"taxonomy":"product_brand","embeddable":true,"href":"https:\/\/beconfident.com\/de\/wp-json\/wp\/v2\/product_brand?post=6994"},{"taxonomy":"product_cat","embeddable":true,"href":"https:\/\/beconfident.com\/de\/wp-json\/wp\/v2\/product_cat?post=6994"},{"taxonomy":"product_tag","embeddable":true,"href":"https:\/\/beconfident.com\/de\/wp-json\/wp\/v2\/product_tag?post=6994"}],"curies":[{"name":"wp","href":"https:\/\/api.w.org\/{rel}","templated":true}]}}