{"id":6951,"date":"2021-01-11T10:04:36","date_gmt":"2021-01-11T09:04:36","guid":{"rendered":"https:\/\/beconfident.simplesmile.hemsida.eu\/produkt\/antioxidant-cleanser\/"},"modified":"2026-04-10T14:57:58","modified_gmt":"2026-04-10T12:57:58","slug":"antioxidant-cleanser","status":"publish","type":"product","link":"https:\/\/beconfident.com\/de\/produkt\/antioxidant-cleanser\/","title":{"rendered":"Antioxidierender Reiniger"},"content":{"rendered":"<p>Antioxidant Cleanser reinigt gr\u00fcndlich, ohne die Haut auszutrocknen. Es enth\u00e4lt Bio-Hamameliswasser und Aloe Vera, die beruhigend und feuchtigkeitsspendend wirken. Beides sind Inhaltsstoffe, die bei empfindlicher Haut vorteilhaft eingesetzt werden k\u00f6nnen, und Aloe Vera ist besonders gut, wenn Sie gesch\u00e4digte oder empfindliche Haut haben. Entfernt effektiv Make-up und andere Unreinheiten, l\u00e4sst die Haut jedoch hydratisiert und frisch. Enth\u00e4lt Antioxidantien, die die Haut vor freien Radikalen sch\u00fctzen. Verwenden Sie sowohl morgens als auch abends. Frei von Sulfaten. Die Packung enth\u00e4lt 1 x Antioxidant Cleanser (150 ml) und eine Gebrauchsanweisung.<\/p>\n","protected":false},"excerpt":{"rendered":"<p>Gesichtsreiniger mit Antioxidantien und beruhigenden Inhaltsstoffen.<\/p>\n","protected":false},"featured_media":1004,"comment_status":"open","ping_status":"closed","template":"","meta":{"_acf_changed":false,"inline_featured_image":false,"_monsterinsights_skip_tracking":false,"_monsterinsights_sitenote_active":false,"_monsterinsights_sitenote_note":"","_monsterinsights_sitenote_category":0},"product_brand":[],"product_cat":[16],"product_tag":[],"class_list":{"0":"post-6951","1":"product","2":"type-product","3":"status-publish","4":"has-post-thumbnail","6":"product_cat-okategoriserad","8":"first","9":"outofstock","10":"taxable","11":"shipping-taxable","12":"purchasable","13":"product-type-simple"},"acf":[],"shsp-ext":{"main":{},"variations":[]},"yoast_head":"<!-- This site is optimized with the Yoast SEO plugin v27.2 - https:\/\/yoast.com\/product\/yoast-seo-wordpress\/ -->\n<title>Antioxidierender Reiniger - Beconfident<\/title>\n<meta name=\"robots\" content=\"index, follow, max-snippet:-1, max-image-preview:large, max-video-preview:-1\" \/>\n<link rel=\"canonical\" href=\"https:\/\/beconfident.com\/sv\/?post_type=product&p=169\" \/>\n<meta property=\"og:locale\" content=\"de_DE\" \/>\n<meta property=\"og:type\" content=\"article\" \/>\n<meta property=\"og:title\" content=\"Antioxidierender Reiniger - Beconfident\" \/>\n<meta property=\"og:description\" content=\"Gesichtsreiniger mit Antioxidantien und beruhigenden Inhaltsstoffen.\" \/>\n<meta property=\"og:url\" content=\"https:\/\/beconfident.com\/sv\/?post_type=product&amp;p=169\" \/>\n<meta property=\"og:site_name\" content=\"Beconfident\" \/>\n<meta property=\"article:modified_time\" content=\"2026-04-10T12:57:58+00:00\" \/>\n<meta property=\"og:image\" content=\"https:\/\/beconfident.com\/wp-content\/uploads\/2021\/01\/180998-Antioxidant-Cleanser.jpg\" \/>\n\t<meta property=\"og:image:width\" content=\"1000\" \/>\n\t<meta property=\"og:image:height\" content=\"1000\" \/>\n\t<meta property=\"og:image:type\" content=\"image\/jpeg\" \/>\n<meta name=\"twitter:card\" content=\"summary_large_image\" \/>\n<meta name=\"twitter:label1\" content=\"Gesch\u00e4tzte Lesezeit\" \/>\n\t<meta name=\"twitter:data1\" content=\"1\u00a0Minute\" \/>\n<script type=\"application\/ld+json\" class=\"yoast-schema-graph\">{\"@context\":\"https:\/\/schema.org\",\"@graph\":[{\"@type\":\"WebPage\",\"@id\":\"https:\/\/beconfident.com\/sv\/?post_type=product&p=169\",\"url\":\"https:\/\/beconfident.com\/sv\/?post_type=product&p=169\",\"name\":\"Antioxidierender Reiniger - Beconfident\",\"isPartOf\":{\"@id\":\"https:\/\/beconfident.com\/lv\/#website\"},\"primaryImageOfPage\":{\"@id\":\"https:\/\/beconfident.com\/sv\/?post_type=product&p=169#primaryimage\"},\"image\":{\"@id\":\"https:\/\/beconfident.com\/sv\/?post_type=product&p=169#primaryimage\"},\"thumbnailUrl\":\"https:\/\/beconfident.com\/wp-content\/uploads\/2021\/01\/180998-Antioxidant-Cleanser.jpg\",\"datePublished\":\"2021-01-11T09:04:36+00:00\",\"dateModified\":\"2026-04-10T12:57:58+00:00\",\"breadcrumb\":{\"@id\":\"https:\/\/beconfident.com\/sv\/?post_type=product&p=169#breadcrumb\"},\"inLanguage\":\"de\",\"potentialAction\":[{\"@type\":\"ReadAction\",\"target\":[\"https:\/\/beconfident.com\/sv\/?post_type=product&p=169\"]}]},{\"@type\":\"ImageObject\",\"inLanguage\":\"de\",\"@id\":\"https:\/\/beconfident.com\/sv\/?post_type=product&p=169#primaryimage\",\"url\":\"https:\/\/beconfident.com\/wp-content\/uploads\/2021\/01\/180998-Antioxidant-Cleanser.jpg\",\"contentUrl\":\"https:\/\/beconfident.com\/wp-content\/uploads\/2021\/01\/180998-Antioxidant-Cleanser.jpg\",\"width\":1000,\"height\":1000,\"caption\":\"180998 Antioxidant Cleanser\"},{\"@type\":\"BreadcrumbList\",\"@id\":\"https:\/\/beconfident.com\/sv\/?post_type=product&p=169#breadcrumb\",\"itemListElement\":[{\"@type\":\"ListItem\",\"position\":1,\"name\":\"Hem\",\"item\":\"https:\/\/beconfident.com\/de\/\"},{\"@type\":\"ListItem\",\"position\":2,\"name\":\"Webbutik\",\"item\":\"https:\/\/beconfident.com\/de\/webbutik\/\"},{\"@type\":\"ListItem\",\"position\":3,\"name\":\"Antioxidierender Reiniger\"}]},{\"@type\":\"WebSite\",\"@id\":\"https:\/\/beconfident.com\/lv\/#website\",\"url\":\"https:\/\/beconfident.com\/lv\/\",\"name\":\"Beconfident\",\"description\":\"\",\"potentialAction\":[{\"@type\":\"SearchAction\",\"target\":{\"@type\":\"EntryPoint\",\"urlTemplate\":\"https:\/\/beconfident.com\/lv\/?s={search_term_string}\"},\"query-input\":{\"@type\":\"PropertyValueSpecification\",\"valueRequired\":true,\"valueName\":\"search_term_string\"}}],\"inLanguage\":\"de\"}]}<\/script>\n<!-- \/ Yoast SEO plugin. -->","yoast_head_json":{"title":"Antioxidierender Reiniger - Beconfident","robots":{"index":"index","follow":"follow","max-snippet":"max-snippet:-1","max-image-preview":"max-image-preview:large","max-video-preview":"max-video-preview:-1"},"canonical":"https:\/\/beconfident.com\/sv\/?post_type=product&p=169","og_locale":"de_DE","og_type":"article","og_title":"Antioxidierender Reiniger - Beconfident","og_description":"Gesichtsreiniger mit Antioxidantien und beruhigenden Inhaltsstoffen.","og_url":"https:\/\/beconfident.com\/sv\/?post_type=product&p=169","og_site_name":"Beconfident","article_modified_time":"2026-04-10T12:57:58+00:00","og_image":[{"width":1000,"height":1000,"url":"https:\/\/beconfident.com\/wp-content\/uploads\/2021\/01\/180998-Antioxidant-Cleanser.jpg","type":"image\/jpeg"}],"twitter_card":"summary_large_image","twitter_misc":{"Gesch\u00e4tzte Lesezeit":"1\u00a0Minute"},"schema":{"@context":"https:\/\/schema.org","@graph":[{"@type":"WebPage","@id":"https:\/\/beconfident.com\/sv\/?post_type=product&p=169","url":"https:\/\/beconfident.com\/sv\/?post_type=product&p=169","name":"Antioxidierender Reiniger - Beconfident","isPartOf":{"@id":"https:\/\/beconfident.com\/lv\/#website"},"primaryImageOfPage":{"@id":"https:\/\/beconfident.com\/sv\/?post_type=product&p=169#primaryimage"},"image":{"@id":"https:\/\/beconfident.com\/sv\/?post_type=product&p=169#primaryimage"},"thumbnailUrl":"https:\/\/beconfident.com\/wp-content\/uploads\/2021\/01\/180998-Antioxidant-Cleanser.jpg","datePublished":"2021-01-11T09:04:36+00:00","dateModified":"2026-04-10T12:57:58+00:00","breadcrumb":{"@id":"https:\/\/beconfident.com\/sv\/?post_type=product&p=169#breadcrumb"},"inLanguage":"de","potentialAction":[{"@type":"ReadAction","target":["https:\/\/beconfident.com\/sv\/?post_type=product&p=169"]}]},{"@type":"ImageObject","inLanguage":"de","@id":"https:\/\/beconfident.com\/sv\/?post_type=product&p=169#primaryimage","url":"https:\/\/beconfident.com\/wp-content\/uploads\/2021\/01\/180998-Antioxidant-Cleanser.jpg","contentUrl":"https:\/\/beconfident.com\/wp-content\/uploads\/2021\/01\/180998-Antioxidant-Cleanser.jpg","width":1000,"height":1000,"caption":"180998 Antioxidant Cleanser"},{"@type":"BreadcrumbList","@id":"https:\/\/beconfident.com\/sv\/?post_type=product&p=169#breadcrumb","itemListElement":[{"@type":"ListItem","position":1,"name":"Hem","item":"https:\/\/beconfident.com\/de\/"},{"@type":"ListItem","position":2,"name":"Webbutik","item":"https:\/\/beconfident.com\/de\/webbutik\/"},{"@type":"ListItem","position":3,"name":"Antioxidierender Reiniger"}]},{"@type":"WebSite","@id":"https:\/\/beconfident.com\/lv\/#website","url":"https:\/\/beconfident.com\/lv\/","name":"Beconfident","description":"","potentialAction":[{"@type":"SearchAction","target":{"@type":"EntryPoint","urlTemplate":"https:\/\/beconfident.com\/lv\/?s={search_term_string}"},"query-input":{"@type":"PropertyValueSpecification","valueRequired":true,"valueName":"search_term_string"}}],"inLanguage":"de"}]}},"_links":{"self":[{"href":"https:\/\/beconfident.com\/de\/wp-json\/wp\/v2\/product\/6951","targetHints":{"allow":["GET"]}}],"collection":[{"href":"https:\/\/beconfident.com\/de\/wp-json\/wp\/v2\/product"}],"about":[{"href":"https:\/\/beconfident.com\/de\/wp-json\/wp\/v2\/types\/product"}],"replies":[{"embeddable":true,"href":"https:\/\/beconfident.com\/de\/wp-json\/wp\/v2\/comments?post=6951"}],"wp:featuredmedia":[{"embeddable":true,"href":"https:\/\/beconfident.com\/de\/wp-json\/wp\/v2\/media\/1004"}],"wp:attachment":[{"href":"https:\/\/beconfident.com\/de\/wp-json\/wp\/v2\/media?parent=6951"}],"wp:term":[{"taxonomy":"product_brand","embeddable":true,"href":"https:\/\/beconfident.com\/de\/wp-json\/wp\/v2\/product_brand?post=6951"},{"taxonomy":"product_cat","embeddable":true,"href":"https:\/\/beconfident.com\/de\/wp-json\/wp\/v2\/product_cat?post=6951"},{"taxonomy":"product_tag","embeddable":true,"href":"https:\/\/beconfident.com\/de\/wp-json\/wp\/v2\/product_tag?post=6951"}],"curies":[{"name":"wp","href":"https:\/\/api.w.org\/{rel}","templated":true}]}}