{"id":6937,"date":"2021-01-11T10:04:36","date_gmt":"2021-01-11T09:04:36","guid":{"rendered":"https:\/\/beconfident.simplesmile.hemsida.eu\/produkt\/stay-fresh-day-cream\/"},"modified":"2026-03-03T12:24:44","modified_gmt":"2026-03-03T11:24:44","slug":"stay-fresh-day-cream","status":"publish","type":"product","link":"https:\/\/beconfident.com\/de\/produkt\/stay-fresh-day-cream\/","title":{"rendered":"&#8220;Stay Fresh&#8221; Tagescreme"},"content":{"rendered":"<p>Stay Fresh Day Cream befeuchtet die Haut den ganzen Tag \u00fcber mit nat\u00fcrlichem Jojoba\u00f6l und Kokos\u00f6l, die zusammen mit Sheabutter, gr\u00fcnem Tee und Vitamin A Stay Fresh Day Cream zu einer feuchtigkeitsspendenden und st\u00e4rkenden Tagescreme machen, die Trockenheit der Oberfl\u00e4che und das Auftreten von Pickeln verhindert und Gerinnsel. Es hilft, eine m\u00fcde Haut &#8220;aufzuladen&#8221; und die Aufnahme der nahrhaften Inhaltsstoffe zu erh\u00f6hen. Wird nach dem Revitalizing Boost Serum voll genutzt, um eine hydratisierte, widerstandsf\u00e4hige Haut mit jugendlichem Glanz zu erhalten.<\/p>\n<p>Stay Fresh enth\u00e4lt 4% Betain, das die Haut mit Feuchtigkeit versorgt, sie st\u00e4rker und elastischer macht und entz\u00fcndungshemmend wirkt. Es enth\u00e4lt auch Bio-Jojoba- und Kokos\u00f6l, das die Haut auf nat\u00fcrliche Weise mit Feuchtigkeit versorgt. Stay Fresh enth\u00e4lt auch Vitamin A (Retinol), das die Hautqualit\u00e4t verbessert, indem es die Kollagenproduktion stimuliert.<\/p>\n<p>In unserer Airless-Flasche verpackt, behalten alle Zutaten ihre Wirkung, solange die Flasche hygienisch ist. Geeignet f\u00fcr alle mit normaler bis fettiger Haut.<\/p>\n","protected":false},"excerpt":{"rendered":"<p>Vitaminreiche Tagescreme mit Retinol, die die Haut mit Feuchtigkeit versorgt, fest und strahlend macht<\/p>\n","protected":false},"featured_media":964,"comment_status":"open","ping_status":"closed","template":"","meta":{"_acf_changed":false,"inline_featured_image":false,"_monsterinsights_skip_tracking":false,"_monsterinsights_sitenote_active":false,"_monsterinsights_sitenote_note":"","_monsterinsights_sitenote_category":0},"product_brand":[],"product_cat":[57],"product_tag":[],"class_list":{"0":"post-6937","1":"product","2":"type-product","3":"status-publish","4":"has-post-thumbnail","6":"product_cat-unkategorisiert","8":"first","9":"outofstock","10":"taxable","11":"shipping-taxable","12":"purchasable","13":"product-type-simple"},"acf":[],"shsp-ext":{"main":{},"variations":[]},"yoast_head":"<!-- This site is optimized with the Yoast SEO plugin v27.2 - https:\/\/yoast.com\/product\/yoast-seo-wordpress\/ -->\n<title>&quot;Stay Fresh&quot; Tagescreme - Beconfident<\/title>\n<meta name=\"robots\" content=\"index, follow, max-snippet:-1, max-image-preview:large, max-video-preview:-1\" \/>\n<link rel=\"canonical\" href=\"https:\/\/beconfident.com\/de\/produkt\/stay-fresh-day-cream\/\" \/>\n<meta property=\"og:locale\" content=\"de_DE\" \/>\n<meta property=\"og:type\" content=\"article\" \/>\n<meta property=\"og:title\" content=\"&quot;Stay Fresh&quot; Tagescreme - Beconfident\" \/>\n<meta property=\"og:description\" content=\"Vitaminreiche Tagescreme mit Retinol, die die Haut mit Feuchtigkeit versorgt, fest und strahlend macht\" \/>\n<meta property=\"og:url\" content=\"https:\/\/beconfident.com\/de\/produkt\/stay-fresh-day-cream\/\" \/>\n<meta property=\"og:site_name\" content=\"Beconfident\" \/>\n<meta property=\"article:modified_time\" content=\"2026-03-03T11:24:44+00:00\" \/>\n<meta property=\"og:image\" content=\"https:\/\/beconfident.com\/wp-content\/uploads\/2021\/01\/180500-Stay-Fresh-Day-Cream.jpg\" \/>\n\t<meta property=\"og:image:width\" content=\"1000\" \/>\n\t<meta property=\"og:image:height\" content=\"1000\" \/>\n\t<meta property=\"og:image:type\" content=\"image\/jpeg\" \/>\n<meta name=\"twitter:card\" content=\"summary_large_image\" \/>\n<meta name=\"twitter:label1\" content=\"Gesch\u00e4tzte Lesezeit\" \/>\n\t<meta name=\"twitter:data1\" content=\"1\u00a0Minute\" \/>\n<script type=\"application\/ld+json\" class=\"yoast-schema-graph\">{\"@context\":\"https:\/\/schema.org\",\"@graph\":[{\"@type\":\"WebPage\",\"@id\":\"https:\/\/beconfident.com\/de\/produkt\/stay-fresh-day-cream\/\",\"url\":\"https:\/\/beconfident.com\/de\/produkt\/stay-fresh-day-cream\/\",\"name\":\"\\\"Stay Fresh\\\" Tagescreme - Beconfident\",\"isPartOf\":{\"@id\":\"https:\/\/beconfident.com\/lv\/#website\"},\"primaryImageOfPage\":{\"@id\":\"https:\/\/beconfident.com\/de\/produkt\/stay-fresh-day-cream\/#primaryimage\"},\"image\":{\"@id\":\"https:\/\/beconfident.com\/de\/produkt\/stay-fresh-day-cream\/#primaryimage\"},\"thumbnailUrl\":\"https:\/\/beconfident.com\/wp-content\/uploads\/2021\/01\/180500-Stay-Fresh-Day-Cream.jpg\",\"datePublished\":\"2021-01-11T09:04:36+00:00\",\"dateModified\":\"2026-03-03T11:24:44+00:00\",\"breadcrumb\":{\"@id\":\"https:\/\/beconfident.com\/de\/produkt\/stay-fresh-day-cream\/#breadcrumb\"},\"inLanguage\":\"de\",\"potentialAction\":[{\"@type\":\"ReadAction\",\"target\":[\"https:\/\/beconfident.com\/de\/produkt\/stay-fresh-day-cream\/\"]}]},{\"@type\":\"ImageObject\",\"inLanguage\":\"de\",\"@id\":\"https:\/\/beconfident.com\/de\/produkt\/stay-fresh-day-cream\/#primaryimage\",\"url\":\"https:\/\/beconfident.com\/wp-content\/uploads\/2021\/01\/180500-Stay-Fresh-Day-Cream.jpg\",\"contentUrl\":\"https:\/\/beconfident.com\/wp-content\/uploads\/2021\/01\/180500-Stay-Fresh-Day-Cream.jpg\",\"width\":1000,\"height\":1000,\"caption\":\"180500 Stay Fresh Day Cream\"},{\"@type\":\"BreadcrumbList\",\"@id\":\"https:\/\/beconfident.com\/de\/produkt\/stay-fresh-day-cream\/#breadcrumb\",\"itemListElement\":[{\"@type\":\"ListItem\",\"position\":1,\"name\":\"Hem\",\"item\":\"https:\/\/beconfident.com\/de\/\"},{\"@type\":\"ListItem\",\"position\":2,\"name\":\"Webbutik\",\"item\":\"https:\/\/beconfident.com\/de\/webbutik\/\"},{\"@type\":\"ListItem\",\"position\":3,\"name\":\"&#8220;Stay Fresh&#8221; Tagescreme\"}]},{\"@type\":\"WebSite\",\"@id\":\"https:\/\/beconfident.com\/lv\/#website\",\"url\":\"https:\/\/beconfident.com\/lv\/\",\"name\":\"Beconfident\",\"description\":\"\",\"potentialAction\":[{\"@type\":\"SearchAction\",\"target\":{\"@type\":\"EntryPoint\",\"urlTemplate\":\"https:\/\/beconfident.com\/lv\/?s={search_term_string}\"},\"query-input\":{\"@type\":\"PropertyValueSpecification\",\"valueRequired\":true,\"valueName\":\"search_term_string\"}}],\"inLanguage\":\"de\"}]}<\/script>\n<!-- \/ Yoast SEO plugin. -->","yoast_head_json":{"title":"\"Stay Fresh\" Tagescreme - Beconfident","robots":{"index":"index","follow":"follow","max-snippet":"max-snippet:-1","max-image-preview":"max-image-preview:large","max-video-preview":"max-video-preview:-1"},"canonical":"https:\/\/beconfident.com\/de\/produkt\/stay-fresh-day-cream\/","og_locale":"de_DE","og_type":"article","og_title":"\"Stay Fresh\" Tagescreme - Beconfident","og_description":"Vitaminreiche Tagescreme mit Retinol, die die Haut mit Feuchtigkeit versorgt, fest und strahlend macht","og_url":"https:\/\/beconfident.com\/de\/produkt\/stay-fresh-day-cream\/","og_site_name":"Beconfident","article_modified_time":"2026-03-03T11:24:44+00:00","og_image":[{"width":1000,"height":1000,"url":"https:\/\/beconfident.com\/wp-content\/uploads\/2021\/01\/180500-Stay-Fresh-Day-Cream.jpg","type":"image\/jpeg"}],"twitter_card":"summary_large_image","twitter_misc":{"Gesch\u00e4tzte Lesezeit":"1\u00a0Minute"},"schema":{"@context":"https:\/\/schema.org","@graph":[{"@type":"WebPage","@id":"https:\/\/beconfident.com\/de\/produkt\/stay-fresh-day-cream\/","url":"https:\/\/beconfident.com\/de\/produkt\/stay-fresh-day-cream\/","name":"\"Stay Fresh\" Tagescreme - Beconfident","isPartOf":{"@id":"https:\/\/beconfident.com\/lv\/#website"},"primaryImageOfPage":{"@id":"https:\/\/beconfident.com\/de\/produkt\/stay-fresh-day-cream\/#primaryimage"},"image":{"@id":"https:\/\/beconfident.com\/de\/produkt\/stay-fresh-day-cream\/#primaryimage"},"thumbnailUrl":"https:\/\/beconfident.com\/wp-content\/uploads\/2021\/01\/180500-Stay-Fresh-Day-Cream.jpg","datePublished":"2021-01-11T09:04:36+00:00","dateModified":"2026-03-03T11:24:44+00:00","breadcrumb":{"@id":"https:\/\/beconfident.com\/de\/produkt\/stay-fresh-day-cream\/#breadcrumb"},"inLanguage":"de","potentialAction":[{"@type":"ReadAction","target":["https:\/\/beconfident.com\/de\/produkt\/stay-fresh-day-cream\/"]}]},{"@type":"ImageObject","inLanguage":"de","@id":"https:\/\/beconfident.com\/de\/produkt\/stay-fresh-day-cream\/#primaryimage","url":"https:\/\/beconfident.com\/wp-content\/uploads\/2021\/01\/180500-Stay-Fresh-Day-Cream.jpg","contentUrl":"https:\/\/beconfident.com\/wp-content\/uploads\/2021\/01\/180500-Stay-Fresh-Day-Cream.jpg","width":1000,"height":1000,"caption":"180500 Stay Fresh Day Cream"},{"@type":"BreadcrumbList","@id":"https:\/\/beconfident.com\/de\/produkt\/stay-fresh-day-cream\/#breadcrumb","itemListElement":[{"@type":"ListItem","position":1,"name":"Hem","item":"https:\/\/beconfident.com\/de\/"},{"@type":"ListItem","position":2,"name":"Webbutik","item":"https:\/\/beconfident.com\/de\/webbutik\/"},{"@type":"ListItem","position":3,"name":"&#8220;Stay Fresh&#8221; Tagescreme"}]},{"@type":"WebSite","@id":"https:\/\/beconfident.com\/lv\/#website","url":"https:\/\/beconfident.com\/lv\/","name":"Beconfident","description":"","potentialAction":[{"@type":"SearchAction","target":{"@type":"EntryPoint","urlTemplate":"https:\/\/beconfident.com\/lv\/?s={search_term_string}"},"query-input":{"@type":"PropertyValueSpecification","valueRequired":true,"valueName":"search_term_string"}}],"inLanguage":"de"}]}},"_links":{"self":[{"href":"https:\/\/beconfident.com\/de\/wp-json\/wp\/v2\/product\/6937","targetHints":{"allow":["GET"]}}],"collection":[{"href":"https:\/\/beconfident.com\/de\/wp-json\/wp\/v2\/product"}],"about":[{"href":"https:\/\/beconfident.com\/de\/wp-json\/wp\/v2\/types\/product"}],"replies":[{"embeddable":true,"href":"https:\/\/beconfident.com\/de\/wp-json\/wp\/v2\/comments?post=6937"}],"wp:featuredmedia":[{"embeddable":true,"href":"https:\/\/beconfident.com\/de\/wp-json\/wp\/v2\/media\/964"}],"wp:attachment":[{"href":"https:\/\/beconfident.com\/de\/wp-json\/wp\/v2\/media?parent=6937"}],"wp:term":[{"taxonomy":"product_brand","embeddable":true,"href":"https:\/\/beconfident.com\/de\/wp-json\/wp\/v2\/product_brand?post=6937"},{"taxonomy":"product_cat","embeddable":true,"href":"https:\/\/beconfident.com\/de\/wp-json\/wp\/v2\/product_cat?post=6937"},{"taxonomy":"product_tag","embeddable":true,"href":"https:\/\/beconfident.com\/de\/wp-json\/wp\/v2\/product_tag?post=6937"}],"curies":[{"name":"wp","href":"https:\/\/api.w.org\/{rel}","templated":true}]}}