{"id":6923,"date":"2021-01-11T10:04:36","date_gmt":"2021-01-11T09:04:36","guid":{"rendered":"https:\/\/beconfident.simplesmile.hemsida.eu\/produkt\/revitalizing-boost-serum\/"},"modified":"2026-03-04T11:17:20","modified_gmt":"2026-03-04T10:17:20","slug":"revitalizing-boost-serum","status":"publish","type":"product","link":"https:\/\/beconfident.com\/de\/produkt\/revitalizing-boost-serum\/","title":{"rendered":"Revitalizing Boots Serum"},"content":{"rendered":"<p>Mit Revitalizing Boost Serum beginnen Sie den Tag mit einem Energieschub und bereiten Ihre Haut auf \u00e4u\u00dfere Stressfaktoren vor. Revitalizing Boost Serum enth\u00e4lt Hylasome\u00ae EG 10, eine nicht tierisch entwickelte Hyalurons\u00e4ure, die 50-mal wasserbindender als normale Hyalurons\u00e4ure und nach 24 Stunden 5-mal feuchtigkeitsspendender ist. Es enth\u00e4lt auch Pantenol, das in Kontakt mit der Haut in Pantothens\u00e4ure (Vitamin B5) umgewandelt wird, die eine entz\u00fcndungshemmende Funktion hat, Juckreiz lindert und gleichzeitig dazu beitr\u00e4gt, trockene und gereizte Haut zu beruhigen.<\/p>\n<p>Genau wie Cleanser Antioxidant enth\u00e4lt Revitalizing Boost Serum auch Bio-Gr\u00fcntee-Extrakt, aber auch Superox-C, das aus Kadadu-Pflaumen stammt, die als Superfrucht bezeichnet werden. Superox-C reduziert dank des hohen Vitamin C-Gehalts feine Linien, Falten und gleicht den Hautton aus. Auf diese Weise werden Ihre nat\u00fcrlichen Antioxidantien geweckt und dieser intelligente Schub wird Ihre Haut wie nie zuvor wieder aufbauen. Perfekt nach einer Behandlung mit Mikronadel oder Dermaroller zur Beruhigung und St\u00e4rkung der Haut. In unserer Airless-Flasche verpackt, beh\u00e4lt das Serum seine Wirksamkeit und bleibt auch hygienisch.<\/p>\n","protected":false},"excerpt":{"rendered":"<p>Vitaminreiches Serum, das die Haut mit Feuchtigkeit versorgt, sch\u00fctzt und st\u00e4rkt<\/p>\n","protected":false},"featured_media":1023,"comment_status":"open","ping_status":"closed","template":"","meta":{"_acf_changed":false,"inline_featured_image":false,"_monsterinsights_skip_tracking":false,"_monsterinsights_sitenote_active":false,"_monsterinsights_sitenote_note":"","_monsterinsights_sitenote_category":0},"product_brand":[],"product_cat":[57],"product_tag":[],"class_list":{"0":"post-6923","1":"product","2":"type-product","3":"status-publish","4":"has-post-thumbnail","6":"product_cat-unkategorisiert","8":"first","9":"outofstock","10":"taxable","11":"shipping-taxable","12":"purchasable","13":"product-type-simple"},"acf":[],"shsp-ext":{"main":{},"variations":[]},"yoast_head":"<!-- This site is optimized with the Yoast SEO plugin v27.2 - https:\/\/yoast.com\/product\/yoast-seo-wordpress\/ -->\n<title>Revitalizing Boots Serum - Beconfident<\/title>\n<meta name=\"robots\" content=\"index, follow, max-snippet:-1, max-image-preview:large, max-video-preview:-1\" \/>\n<link rel=\"canonical\" href=\"https:\/\/beconfident.com\/de\/produkt\/revitalizing-boost-serum\/\" \/>\n<meta property=\"og:locale\" content=\"de_DE\" \/>\n<meta property=\"og:type\" content=\"article\" \/>\n<meta property=\"og:title\" content=\"Revitalizing Boots Serum - Beconfident\" \/>\n<meta property=\"og:description\" content=\"Vitaminreiches Serum, das die Haut mit Feuchtigkeit versorgt, sch\u00fctzt und st\u00e4rkt\" \/>\n<meta property=\"og:url\" content=\"https:\/\/beconfident.com\/de\/produkt\/revitalizing-boost-serum\/\" \/>\n<meta property=\"og:site_name\" content=\"Beconfident\" \/>\n<meta property=\"article:modified_time\" content=\"2026-03-04T10:17:20+00:00\" \/>\n<meta property=\"og:image\" content=\"https:\/\/beconfident.com\/wp-content\/uploads\/2021\/01\/181098-Revitalizing-Boost-Serum.jpg\" \/>\n\t<meta property=\"og:image:width\" content=\"1000\" \/>\n\t<meta property=\"og:image:height\" content=\"1000\" \/>\n\t<meta property=\"og:image:type\" content=\"image\/jpeg\" \/>\n<meta name=\"twitter:card\" content=\"summary_large_image\" \/>\n<meta name=\"twitter:label1\" content=\"Gesch\u00e4tzte Lesezeit\" \/>\n\t<meta name=\"twitter:data1\" content=\"1\u00a0Minute\" \/>\n<script type=\"application\/ld+json\" class=\"yoast-schema-graph\">{\"@context\":\"https:\/\/schema.org\",\"@graph\":[{\"@type\":\"WebPage\",\"@id\":\"https:\/\/beconfident.com\/de\/produkt\/revitalizing-boost-serum\/\",\"url\":\"https:\/\/beconfident.com\/de\/produkt\/revitalizing-boost-serum\/\",\"name\":\"Revitalizing Boots Serum - Beconfident\",\"isPartOf\":{\"@id\":\"https:\/\/beconfident.com\/lv\/#website\"},\"primaryImageOfPage\":{\"@id\":\"https:\/\/beconfident.com\/de\/produkt\/revitalizing-boost-serum\/#primaryimage\"},\"image\":{\"@id\":\"https:\/\/beconfident.com\/de\/produkt\/revitalizing-boost-serum\/#primaryimage\"},\"thumbnailUrl\":\"https:\/\/beconfident.com\/wp-content\/uploads\/2021\/01\/181098-Revitalizing-Boost-Serum.jpg\",\"datePublished\":\"2021-01-11T09:04:36+00:00\",\"dateModified\":\"2026-03-04T10:17:20+00:00\",\"breadcrumb\":{\"@id\":\"https:\/\/beconfident.com\/de\/produkt\/revitalizing-boost-serum\/#breadcrumb\"},\"inLanguage\":\"de\",\"potentialAction\":[{\"@type\":\"ReadAction\",\"target\":[\"https:\/\/beconfident.com\/de\/produkt\/revitalizing-boost-serum\/\"]}]},{\"@type\":\"ImageObject\",\"inLanguage\":\"de\",\"@id\":\"https:\/\/beconfident.com\/de\/produkt\/revitalizing-boost-serum\/#primaryimage\",\"url\":\"https:\/\/beconfident.com\/wp-content\/uploads\/2021\/01\/181098-Revitalizing-Boost-Serum.jpg\",\"contentUrl\":\"https:\/\/beconfident.com\/wp-content\/uploads\/2021\/01\/181098-Revitalizing-Boost-Serum.jpg\",\"width\":1000,\"height\":1000,\"caption\":\"181098 Revitalizing Boost Serum\"},{\"@type\":\"BreadcrumbList\",\"@id\":\"https:\/\/beconfident.com\/de\/produkt\/revitalizing-boost-serum\/#breadcrumb\",\"itemListElement\":[{\"@type\":\"ListItem\",\"position\":1,\"name\":\"Hem\",\"item\":\"https:\/\/beconfident.com\/de\/\"},{\"@type\":\"ListItem\",\"position\":2,\"name\":\"Webbutik\",\"item\":\"https:\/\/beconfident.com\/de\/webbutik\/\"},{\"@type\":\"ListItem\",\"position\":3,\"name\":\"Revitalizing Boots Serum\"}]},{\"@type\":\"WebSite\",\"@id\":\"https:\/\/beconfident.com\/lv\/#website\",\"url\":\"https:\/\/beconfident.com\/lv\/\",\"name\":\"Beconfident\",\"description\":\"\",\"potentialAction\":[{\"@type\":\"SearchAction\",\"target\":{\"@type\":\"EntryPoint\",\"urlTemplate\":\"https:\/\/beconfident.com\/lv\/?s={search_term_string}\"},\"query-input\":{\"@type\":\"PropertyValueSpecification\",\"valueRequired\":true,\"valueName\":\"search_term_string\"}}],\"inLanguage\":\"de\"}]}<\/script>\n<!-- \/ Yoast SEO plugin. -->","yoast_head_json":{"title":"Revitalizing Boots Serum - Beconfident","robots":{"index":"index","follow":"follow","max-snippet":"max-snippet:-1","max-image-preview":"max-image-preview:large","max-video-preview":"max-video-preview:-1"},"canonical":"https:\/\/beconfident.com\/de\/produkt\/revitalizing-boost-serum\/","og_locale":"de_DE","og_type":"article","og_title":"Revitalizing Boots Serum - Beconfident","og_description":"Vitaminreiches Serum, das die Haut mit Feuchtigkeit versorgt, sch\u00fctzt und st\u00e4rkt","og_url":"https:\/\/beconfident.com\/de\/produkt\/revitalizing-boost-serum\/","og_site_name":"Beconfident","article_modified_time":"2026-03-04T10:17:20+00:00","og_image":[{"width":1000,"height":1000,"url":"https:\/\/beconfident.com\/wp-content\/uploads\/2021\/01\/181098-Revitalizing-Boost-Serum.jpg","type":"image\/jpeg"}],"twitter_card":"summary_large_image","twitter_misc":{"Gesch\u00e4tzte Lesezeit":"1\u00a0Minute"},"schema":{"@context":"https:\/\/schema.org","@graph":[{"@type":"WebPage","@id":"https:\/\/beconfident.com\/de\/produkt\/revitalizing-boost-serum\/","url":"https:\/\/beconfident.com\/de\/produkt\/revitalizing-boost-serum\/","name":"Revitalizing Boots Serum - Beconfident","isPartOf":{"@id":"https:\/\/beconfident.com\/lv\/#website"},"primaryImageOfPage":{"@id":"https:\/\/beconfident.com\/de\/produkt\/revitalizing-boost-serum\/#primaryimage"},"image":{"@id":"https:\/\/beconfident.com\/de\/produkt\/revitalizing-boost-serum\/#primaryimage"},"thumbnailUrl":"https:\/\/beconfident.com\/wp-content\/uploads\/2021\/01\/181098-Revitalizing-Boost-Serum.jpg","datePublished":"2021-01-11T09:04:36+00:00","dateModified":"2026-03-04T10:17:20+00:00","breadcrumb":{"@id":"https:\/\/beconfident.com\/de\/produkt\/revitalizing-boost-serum\/#breadcrumb"},"inLanguage":"de","potentialAction":[{"@type":"ReadAction","target":["https:\/\/beconfident.com\/de\/produkt\/revitalizing-boost-serum\/"]}]},{"@type":"ImageObject","inLanguage":"de","@id":"https:\/\/beconfident.com\/de\/produkt\/revitalizing-boost-serum\/#primaryimage","url":"https:\/\/beconfident.com\/wp-content\/uploads\/2021\/01\/181098-Revitalizing-Boost-Serum.jpg","contentUrl":"https:\/\/beconfident.com\/wp-content\/uploads\/2021\/01\/181098-Revitalizing-Boost-Serum.jpg","width":1000,"height":1000,"caption":"181098 Revitalizing Boost Serum"},{"@type":"BreadcrumbList","@id":"https:\/\/beconfident.com\/de\/produkt\/revitalizing-boost-serum\/#breadcrumb","itemListElement":[{"@type":"ListItem","position":1,"name":"Hem","item":"https:\/\/beconfident.com\/de\/"},{"@type":"ListItem","position":2,"name":"Webbutik","item":"https:\/\/beconfident.com\/de\/webbutik\/"},{"@type":"ListItem","position":3,"name":"Revitalizing Boots Serum"}]},{"@type":"WebSite","@id":"https:\/\/beconfident.com\/lv\/#website","url":"https:\/\/beconfident.com\/lv\/","name":"Beconfident","description":"","potentialAction":[{"@type":"SearchAction","target":{"@type":"EntryPoint","urlTemplate":"https:\/\/beconfident.com\/lv\/?s={search_term_string}"},"query-input":{"@type":"PropertyValueSpecification","valueRequired":true,"valueName":"search_term_string"}}],"inLanguage":"de"}]}},"_links":{"self":[{"href":"https:\/\/beconfident.com\/de\/wp-json\/wp\/v2\/product\/6923","targetHints":{"allow":["GET"]}}],"collection":[{"href":"https:\/\/beconfident.com\/de\/wp-json\/wp\/v2\/product"}],"about":[{"href":"https:\/\/beconfident.com\/de\/wp-json\/wp\/v2\/types\/product"}],"replies":[{"embeddable":true,"href":"https:\/\/beconfident.com\/de\/wp-json\/wp\/v2\/comments?post=6923"}],"wp:featuredmedia":[{"embeddable":true,"href":"https:\/\/beconfident.com\/de\/wp-json\/wp\/v2\/media\/1023"}],"wp:attachment":[{"href":"https:\/\/beconfident.com\/de\/wp-json\/wp\/v2\/media?parent=6923"}],"wp:term":[{"taxonomy":"product_brand","embeddable":true,"href":"https:\/\/beconfident.com\/de\/wp-json\/wp\/v2\/product_brand?post=6923"},{"taxonomy":"product_cat","embeddable":true,"href":"https:\/\/beconfident.com\/de\/wp-json\/wp\/v2\/product_cat?post=6923"},{"taxonomy":"product_tag","embeddable":true,"href":"https:\/\/beconfident.com\/de\/wp-json\/wp\/v2\/product_tag?post=6923"}],"curies":[{"name":"wp","href":"https:\/\/api.w.org\/{rel}","templated":true}]}}