{"id":61416,"date":"2025-04-17T10:22:27","date_gmt":"2025-04-17T08:22:27","guid":{"rendered":"https:\/\/beconfident.com\/produkt\/zaehne-whitening-x4-kit\/"},"modified":"2025-04-17T10:22:27","modified_gmt":"2025-04-17T08:22:27","slug":"zaehne-whitening-x4-kit","status":"publish","type":"product","link":"https:\/\/beconfident.com\/de\/produkt\/zaehne-whitening-x4-kit\/","title":{"rendered":"Z\u00c4HNE WHITENING X4 kit"},"content":{"rendered":"<p>PAP (&amp; epsi; -Phthalimidoperoxyhexans\u00e4ure) + Natriumbicarbonat + Cocosulfat arbeiten zusammen, um die bestm\u00f6glichen Bleichergebnisse ohne Wasserstoffperoxid zu erzielen. Die Packung enth\u00e4lt 10 ml Gel in einer Spritze, 2 NEW Pro formbare &#8220;No Flow&#8221; Beconfident\u00ae-Mundschienen und einen Gelapplikator. Gebrauchsanweisung enthalten.<\/p>\n","protected":false},"excerpt":{"rendered":"<p>BECONFIDENT\u00ae Teeth Whitening X4 Kit: Das Gel enth\u00e4lt 3 Wirkstoffe zum Aufhellen von Z\u00e4hnen mit bis zu 7 Farbt\u00f6nen.<\/p>\n","protected":false},"featured_media":61292,"comment_status":"closed","ping_status":"closed","template":"","meta":{"_acf_changed":false,"inline_featured_image":false,"_monsterinsights_skip_tracking":false,"_monsterinsights_sitenote_active":false,"_monsterinsights_sitenote_note":"","_monsterinsights_sitenote_category":0},"product_brand":[],"product_cat":[734,367,277],"product_tag":[],"class_list":{"0":"post-61416","1":"product","2":"type-product","3":"status-publish","4":"has-post-thumbnail","6":"product_cat-all-products-de","7":"product_cat-zahnbleaching","8":"product_cat-zahnweis-kit","10":"first","11":"instock","12":"taxable","13":"shipping-taxable","14":"purchasable","15":"product-type-simple"},"acf":[],"shsp-ext":{"main":{},"variations":[]},"yoast_head":"<!-- This site is optimized with the Yoast SEO plugin v27.2 - https:\/\/yoast.com\/product\/yoast-seo-wordpress\/ -->\n<title>Z\u00c4HNE WHITENING X4 kit - Beconfident<\/title>\n<meta name=\"robots\" content=\"index, follow, max-snippet:-1, max-image-preview:large, max-video-preview:-1\" \/>\n<link rel=\"canonical\" href=\"https:\/\/beconfident.com\/de\/produkt\/zaehne-whitening-x4-kit\/\" \/>\n<meta property=\"og:locale\" content=\"de_DE\" \/>\n<meta property=\"og:type\" content=\"article\" \/>\n<meta property=\"og:title\" content=\"Z\u00c4HNE WHITENING X4 kit - Beconfident\" \/>\n<meta property=\"og:description\" content=\"BECONFIDENT\u00ae Teeth Whitening X4 Kit: Das Gel enth\u00e4lt 3 Wirkstoffe zum Aufhellen von Z\u00e4hnen mit bis zu 7 Farbt\u00f6nen.\" \/>\n<meta property=\"og:url\" content=\"https:\/\/beconfident.com\/de\/produkt\/zaehne-whitening-x4-kit\/\" \/>\n<meta property=\"og:site_name\" content=\"Beconfident\" \/>\n<meta property=\"og:image\" content=\"https:\/\/beconfident.com\/wp-content\/uploads\/2025\/04\/125598-Beconfident\u00ae-X4kit_front.jpg\" \/>\n\t<meta property=\"og:image:width\" content=\"1063\" \/>\n\t<meta property=\"og:image:height\" content=\"1417\" \/>\n\t<meta property=\"og:image:type\" content=\"image\/jpeg\" \/>\n<meta name=\"twitter:card\" content=\"summary_large_image\" \/>\n<script type=\"application\/ld+json\" class=\"yoast-schema-graph\">{\"@context\":\"https:\/\/schema.org\",\"@graph\":[{\"@type\":\"WebPage\",\"@id\":\"https:\/\/beconfident.com\/de\/produkt\/zaehne-whitening-x4-kit\/\",\"url\":\"https:\/\/beconfident.com\/de\/produkt\/zaehne-whitening-x4-kit\/\",\"name\":\"Z\u00c4HNE WHITENING X4 kit - Beconfident\",\"isPartOf\":{\"@id\":\"https:\/\/beconfident.com\/lv\/#website\"},\"primaryImageOfPage\":{\"@id\":\"https:\/\/beconfident.com\/de\/produkt\/zaehne-whitening-x4-kit\/#primaryimage\"},\"image\":{\"@id\":\"https:\/\/beconfident.com\/de\/produkt\/zaehne-whitening-x4-kit\/#primaryimage\"},\"thumbnailUrl\":\"https:\/\/beconfident.com\/wp-content\/uploads\/2025\/04\/125598-Beconfident\u00ae-X4kit_front.jpg\",\"datePublished\":\"2025-04-17T08:22:27+00:00\",\"breadcrumb\":{\"@id\":\"https:\/\/beconfident.com\/de\/produkt\/zaehne-whitening-x4-kit\/#breadcrumb\"},\"inLanguage\":\"de\",\"potentialAction\":[{\"@type\":\"ReadAction\",\"target\":[\"https:\/\/beconfident.com\/de\/produkt\/zaehne-whitening-x4-kit\/\"]}]},{\"@type\":\"ImageObject\",\"inLanguage\":\"de\",\"@id\":\"https:\/\/beconfident.com\/de\/produkt\/zaehne-whitening-x4-kit\/#primaryimage\",\"url\":\"https:\/\/beconfident.com\/wp-content\/uploads\/2025\/04\/125598-Beconfident\u00ae-X4kit_front.jpg\",\"contentUrl\":\"https:\/\/beconfident.com\/wp-content\/uploads\/2025\/04\/125598-Beconfident\u00ae-X4kit_front.jpg\",\"width\":1063,\"height\":1417},{\"@type\":\"BreadcrumbList\",\"@id\":\"https:\/\/beconfident.com\/de\/produkt\/zaehne-whitening-x4-kit\/#breadcrumb\",\"itemListElement\":[{\"@type\":\"ListItem\",\"position\":1,\"name\":\"Hem\",\"item\":\"https:\/\/beconfident.com\/de\/\"},{\"@type\":\"ListItem\",\"position\":2,\"name\":\"Webbutik\",\"item\":\"https:\/\/beconfident.com\/de\/webbutik\/\"},{\"@type\":\"ListItem\",\"position\":3,\"name\":\"Z\u00c4HNE WHITENING X4 kit\"}]},{\"@type\":\"WebSite\",\"@id\":\"https:\/\/beconfident.com\/lv\/#website\",\"url\":\"https:\/\/beconfident.com\/lv\/\",\"name\":\"Beconfident\",\"description\":\"\",\"potentialAction\":[{\"@type\":\"SearchAction\",\"target\":{\"@type\":\"EntryPoint\",\"urlTemplate\":\"https:\/\/beconfident.com\/lv\/?s={search_term_string}\"},\"query-input\":{\"@type\":\"PropertyValueSpecification\",\"valueRequired\":true,\"valueName\":\"search_term_string\"}}],\"inLanguage\":\"de\"}]}<\/script>\n<!-- \/ Yoast SEO plugin. -->","yoast_head_json":{"title":"Z\u00c4HNE WHITENING X4 kit - Beconfident","robots":{"index":"index","follow":"follow","max-snippet":"max-snippet:-1","max-image-preview":"max-image-preview:large","max-video-preview":"max-video-preview:-1"},"canonical":"https:\/\/beconfident.com\/de\/produkt\/zaehne-whitening-x4-kit\/","og_locale":"de_DE","og_type":"article","og_title":"Z\u00c4HNE WHITENING X4 kit - Beconfident","og_description":"BECONFIDENT\u00ae Teeth Whitening X4 Kit: Das Gel enth\u00e4lt 3 Wirkstoffe zum Aufhellen von Z\u00e4hnen mit bis zu 7 Farbt\u00f6nen.","og_url":"https:\/\/beconfident.com\/de\/produkt\/zaehne-whitening-x4-kit\/","og_site_name":"Beconfident","og_image":[{"width":1063,"height":1417,"url":"https:\/\/beconfident.com\/wp-content\/uploads\/2025\/04\/125598-Beconfident\u00ae-X4kit_front.jpg","type":"image\/jpeg"}],"twitter_card":"summary_large_image","schema":{"@context":"https:\/\/schema.org","@graph":[{"@type":"WebPage","@id":"https:\/\/beconfident.com\/de\/produkt\/zaehne-whitening-x4-kit\/","url":"https:\/\/beconfident.com\/de\/produkt\/zaehne-whitening-x4-kit\/","name":"Z\u00c4HNE WHITENING X4 kit - Beconfident","isPartOf":{"@id":"https:\/\/beconfident.com\/lv\/#website"},"primaryImageOfPage":{"@id":"https:\/\/beconfident.com\/de\/produkt\/zaehne-whitening-x4-kit\/#primaryimage"},"image":{"@id":"https:\/\/beconfident.com\/de\/produkt\/zaehne-whitening-x4-kit\/#primaryimage"},"thumbnailUrl":"https:\/\/beconfident.com\/wp-content\/uploads\/2025\/04\/125598-Beconfident\u00ae-X4kit_front.jpg","datePublished":"2025-04-17T08:22:27+00:00","breadcrumb":{"@id":"https:\/\/beconfident.com\/de\/produkt\/zaehne-whitening-x4-kit\/#breadcrumb"},"inLanguage":"de","potentialAction":[{"@type":"ReadAction","target":["https:\/\/beconfident.com\/de\/produkt\/zaehne-whitening-x4-kit\/"]}]},{"@type":"ImageObject","inLanguage":"de","@id":"https:\/\/beconfident.com\/de\/produkt\/zaehne-whitening-x4-kit\/#primaryimage","url":"https:\/\/beconfident.com\/wp-content\/uploads\/2025\/04\/125598-Beconfident\u00ae-X4kit_front.jpg","contentUrl":"https:\/\/beconfident.com\/wp-content\/uploads\/2025\/04\/125598-Beconfident\u00ae-X4kit_front.jpg","width":1063,"height":1417},{"@type":"BreadcrumbList","@id":"https:\/\/beconfident.com\/de\/produkt\/zaehne-whitening-x4-kit\/#breadcrumb","itemListElement":[{"@type":"ListItem","position":1,"name":"Hem","item":"https:\/\/beconfident.com\/de\/"},{"@type":"ListItem","position":2,"name":"Webbutik","item":"https:\/\/beconfident.com\/de\/webbutik\/"},{"@type":"ListItem","position":3,"name":"Z\u00c4HNE WHITENING X4 kit"}]},{"@type":"WebSite","@id":"https:\/\/beconfident.com\/lv\/#website","url":"https:\/\/beconfident.com\/lv\/","name":"Beconfident","description":"","potentialAction":[{"@type":"SearchAction","target":{"@type":"EntryPoint","urlTemplate":"https:\/\/beconfident.com\/lv\/?s={search_term_string}"},"query-input":{"@type":"PropertyValueSpecification","valueRequired":true,"valueName":"search_term_string"}}],"inLanguage":"de"}]}},"_links":{"self":[{"href":"https:\/\/beconfident.com\/de\/wp-json\/wp\/v2\/product\/61416","targetHints":{"allow":["GET"]}}],"collection":[{"href":"https:\/\/beconfident.com\/de\/wp-json\/wp\/v2\/product"}],"about":[{"href":"https:\/\/beconfident.com\/de\/wp-json\/wp\/v2\/types\/product"}],"replies":[{"embeddable":true,"href":"https:\/\/beconfident.com\/de\/wp-json\/wp\/v2\/comments?post=61416"}],"wp:featuredmedia":[{"embeddable":true,"href":"https:\/\/beconfident.com\/de\/wp-json\/wp\/v2\/media\/61292"}],"wp:attachment":[{"href":"https:\/\/beconfident.com\/de\/wp-json\/wp\/v2\/media?parent=61416"}],"wp:term":[{"taxonomy":"product_brand","embeddable":true,"href":"https:\/\/beconfident.com\/de\/wp-json\/wp\/v2\/product_brand?post=61416"},{"taxonomy":"product_cat","embeddable":true,"href":"https:\/\/beconfident.com\/de\/wp-json\/wp\/v2\/product_cat?post=61416"},{"taxonomy":"product_tag","embeddable":true,"href":"https:\/\/beconfident.com\/de\/wp-json\/wp\/v2\/product_tag?post=61416"}],"curies":[{"name":"wp","href":"https:\/\/api.w.org\/{rel}","templated":true}]}}