{"id":9627,"date":"2019-02-07T12:57:21","date_gmt":"2019-02-07T12:57:21","guid":{"rendered":"https:\/\/beconfident.simplesmile.hemsida.eu\/sample-page\/"},"modified":"2023-09-04T07:44:02","modified_gmt":"2023-09-04T05:44:02","slug":"sample-page","status":"publish","type":"page","link":"https:\/\/beconfident.com\/de\/","title":{"rendered":"Startsida"},"content":{"rendered":"","protected":false},"excerpt":{"rendered":"","protected":false},"author":1,"featured_media":0,"parent":0,"menu_order":0,"comment_status":"closed","ping_status":"closed","template":"page-templates\/startsida.php","meta":{"_acf_changed":false,"inline_featured_image":false,"_monsterinsights_skip_tracking":false,"_monsterinsights_sitenote_active":false,"_monsterinsights_sitenote_note":"","_monsterinsights_sitenote_category":0,"footnotes":""},"class_list":["post-9627","page","type-page","status-publish","hentry"],"acf":[],"yoast_head":"<!-- This site is optimized with the Yoast SEO plugin v27.2 - https:\/\/yoast.com\/product\/yoast-seo-wordpress\/ -->\n<title>Beconfident\u00ae - Zahnbleaching, Zahnb\u00fcrste, Hautpflege, Wellness<\/title>\n<meta name=\"description\" content=\"Beconfident\u00ae, innovative professionelle Zahnaufhellung f\u00fcr den Hausgebrauch. Elektrische Schallzahnb\u00fcrsten. Skandinavische Qualit\u00e4t.\" \/>\n<meta name=\"robots\" content=\"index, follow, max-snippet:-1, max-image-preview:large, max-video-preview:-1\" \/>\n<link rel=\"canonical\" href=\"https:\/\/beconfident.com\/de\/\" \/>\n<meta property=\"og:locale\" content=\"de_DE\" \/>\n<meta property=\"og:type\" content=\"article\" \/>\n<meta property=\"og:title\" content=\"Beconfident\u00ae - Zahnbleaching, Zahnb\u00fcrste, Hautpflege, Wellness\" \/>\n<meta property=\"og:description\" content=\"Beconfident\u00ae, innovative professionelle Zahnaufhellung f\u00fcr den Hausgebrauch. Elektrische Schallzahnb\u00fcrsten. Skandinavische Qualit\u00e4t.\" \/>\n<meta property=\"og:url\" content=\"https:\/\/beconfident.com\/de\/\" \/>\n<meta property=\"og:site_name\" content=\"Beconfident\" \/>\n<meta property=\"article:modified_time\" content=\"2023-09-04T05:44:02+00:00\" \/>\n<meta name=\"twitter:card\" content=\"summary_large_image\" \/>\n<script type=\"application\/ld+json\" class=\"yoast-schema-graph\">{\"@context\":\"https:\/\/schema.org\",\"@graph\":[{\"@type\":\"WebPage\",\"@id\":\"https:\/\/beconfident.com\/de\/\",\"url\":\"https:\/\/beconfident.com\/de\/\",\"name\":\"Beconfident\u00ae - Zahnbleaching, Zahnb\u00fcrste, Hautpflege, Wellness\",\"isPartOf\":{\"@id\":\"https:\/\/beconfident.com\/lv\/#website\"},\"datePublished\":\"2019-02-07T12:57:21+00:00\",\"dateModified\":\"2023-09-04T05:44:02+00:00\",\"description\":\"Beconfident\u00ae, innovative professionelle Zahnaufhellung f\u00fcr den Hausgebrauch. Elektrische Schallzahnb\u00fcrsten. Skandinavische Qualit\u00e4t.\",\"breadcrumb\":{\"@id\":\"https:\/\/beconfident.com\/de\/#breadcrumb\"},\"inLanguage\":\"de\",\"potentialAction\":[{\"@type\":\"ReadAction\",\"target\":[\"https:\/\/beconfident.com\/de\/\"]}]},{\"@type\":\"BreadcrumbList\",\"@id\":\"https:\/\/beconfident.com\/de\/#breadcrumb\",\"itemListElement\":[{\"@type\":\"ListItem\",\"position\":1,\"name\":\"Hem\",\"item\":\"https:\/\/beconfident.com\/de\/\"},{\"@type\":\"ListItem\",\"position\":2,\"name\":\"Startsida\"}]},{\"@type\":\"WebSite\",\"@id\":\"https:\/\/beconfident.com\/lv\/#website\",\"url\":\"https:\/\/beconfident.com\/lv\/\",\"name\":\"Beconfident\",\"description\":\"\",\"potentialAction\":[{\"@type\":\"SearchAction\",\"target\":{\"@type\":\"EntryPoint\",\"urlTemplate\":\"https:\/\/beconfident.com\/lv\/?s={search_term_string}\"},\"query-input\":{\"@type\":\"PropertyValueSpecification\",\"valueRequired\":true,\"valueName\":\"search_term_string\"}}],\"inLanguage\":\"de\"}]}<\/script>\n<!-- \/ Yoast SEO plugin. -->","yoast_head_json":{"title":"Beconfident\u00ae - Zahnbleaching, Zahnb\u00fcrste, Hautpflege, Wellness","description":"Beconfident\u00ae, innovative professionelle Zahnaufhellung f\u00fcr den Hausgebrauch. Elektrische Schallzahnb\u00fcrsten. Skandinavische Qualit\u00e4t.","robots":{"index":"index","follow":"follow","max-snippet":"max-snippet:-1","max-image-preview":"max-image-preview:large","max-video-preview":"max-video-preview:-1"},"canonical":"https:\/\/beconfident.com\/de\/","og_locale":"de_DE","og_type":"article","og_title":"Beconfident\u00ae - Zahnbleaching, Zahnb\u00fcrste, Hautpflege, Wellness","og_description":"Beconfident\u00ae, innovative professionelle Zahnaufhellung f\u00fcr den Hausgebrauch. Elektrische Schallzahnb\u00fcrsten. Skandinavische Qualit\u00e4t.","og_url":"https:\/\/beconfident.com\/de\/","og_site_name":"Beconfident","article_modified_time":"2023-09-04T05:44:02+00:00","twitter_card":"summary_large_image","schema":{"@context":"https:\/\/schema.org","@graph":[{"@type":"WebPage","@id":"https:\/\/beconfident.com\/de\/","url":"https:\/\/beconfident.com\/de\/","name":"Beconfident\u00ae - Zahnbleaching, Zahnb\u00fcrste, Hautpflege, Wellness","isPartOf":{"@id":"https:\/\/beconfident.com\/lv\/#website"},"datePublished":"2019-02-07T12:57:21+00:00","dateModified":"2023-09-04T05:44:02+00:00","description":"Beconfident\u00ae, innovative professionelle Zahnaufhellung f\u00fcr den Hausgebrauch. Elektrische Schallzahnb\u00fcrsten. Skandinavische Qualit\u00e4t.","breadcrumb":{"@id":"https:\/\/beconfident.com\/de\/#breadcrumb"},"inLanguage":"de","potentialAction":[{"@type":"ReadAction","target":["https:\/\/beconfident.com\/de\/"]}]},{"@type":"BreadcrumbList","@id":"https:\/\/beconfident.com\/de\/#breadcrumb","itemListElement":[{"@type":"ListItem","position":1,"name":"Hem","item":"https:\/\/beconfident.com\/de\/"},{"@type":"ListItem","position":2,"name":"Startsida"}]},{"@type":"WebSite","@id":"https:\/\/beconfident.com\/lv\/#website","url":"https:\/\/beconfident.com\/lv\/","name":"Beconfident","description":"","potentialAction":[{"@type":"SearchAction","target":{"@type":"EntryPoint","urlTemplate":"https:\/\/beconfident.com\/lv\/?s={search_term_string}"},"query-input":{"@type":"PropertyValueSpecification","valueRequired":true,"valueName":"search_term_string"}}],"inLanguage":"de"}]}},"_links":{"self":[{"href":"https:\/\/beconfident.com\/de\/wp-json\/wp\/v2\/pages\/9627","targetHints":{"allow":["GET"]}}],"collection":[{"href":"https:\/\/beconfident.com\/de\/wp-json\/wp\/v2\/pages"}],"about":[{"href":"https:\/\/beconfident.com\/de\/wp-json\/wp\/v2\/types\/page"}],"author":[{"embeddable":true,"href":"https:\/\/beconfident.com\/de\/wp-json\/wp\/v2\/users\/1"}],"replies":[{"embeddable":true,"href":"https:\/\/beconfident.com\/de\/wp-json\/wp\/v2\/comments?post=9627"}],"version-history":[{"count":0,"href":"https:\/\/beconfident.com\/de\/wp-json\/wp\/v2\/pages\/9627\/revisions"}],"wp:attachment":[{"href":"https:\/\/beconfident.com\/de\/wp-json\/wp\/v2\/media?parent=9627"}],"curies":[{"name":"wp","href":"https:\/\/api.w.org\/{rel}","templated":true}]}}