{"id":6739,"date":"2021-01-20T13:11:36","date_gmt":"2021-01-20T12:11:36","guid":{"rendered":"https:\/\/beconfident.simplesmile.hemsida.eu\/produkt\/sonic-whitening-elektrisk-tandborste-hvid-rose-guld\/"},"modified":"2026-03-03T12:25:49","modified_gmt":"2026-03-03T11:25:49","slug":"sonic-whitening-elektrisk-tandborste-hvid-rose-guld","status":"publish","type":"product","link":"https:\/\/beconfident.com\/da\/produkt\/sonic-whitening-elektrisk-tandborste-hvid-rose-guld\/","title":{"rendered":"Sonic Whitening Elektrisk Tandb\u00f8rste Hvid \/ Rose Guld"},"content":{"rendered":"<p>Beconfident\u00ae Sonic Whitening tandb\u00f8rste g\u00f8r mere end bare at rense dine t\u00e6nder og friske din \u00e5nde &#8211; det skaber ogs\u00e5 god mundhygiejne med sundere tandk\u00f8d og f\u00e6rre hulrum. Den soniske elektriske tandb\u00f8rste vibrerer med 38.000 svingninger i minuttet og fjerner plak 62% bedre end manuel b\u00f8rstning. De soniske vibrationer skaber en sekund\u00e6r reng\u00f8ringseffekt\/vandbev\u00e6gelse, der hj\u00e6lper med at fjerne plak, selv mellem t\u00e6nderne, hvor b\u00f8rsten ikke kan n\u00e5. Det hj\u00e6lper med at rense hele munden og fjerne alle aflejringer, s\u00e5 du f\u00e5r hvidere t\u00e6nder. Du f\u00e5r den samme rene f\u00f8lelse som efter et bes\u00f8g hos tandl\u00e6gen.<\/p>\n<p>Hvorfor Beconfident\u00ae Sonic Whitening elektrisk tandb\u00f8rste?<\/p>\n<ul>\n<li>Dyb reng\u00f8ring: Sonisk elektrisk tandb\u00f8rste vibrerer 38.000 gange i minuttet og er klinisk bevist at v\u00e6re yderst effektiv til at fjerne plakaflejringer<\/li>\n<li>Kraftfuldt &#8216;long-life&#8217; batteri: N\u00e5r det er fuldt opladet, giver en enkelt opladning op til 90 dages brug. Eltandb\u00f8rsten oplades med den medf\u00f8lgende USB-oplader, som er praktisk at bruge derhjemme eller p\u00e5 rejsen. Kan oplades i pc, powerbank, bil eller telefonoplader. Hvis batteriet er fuldt opladet, holder det opladningen i op til 3 m\u00e5neder (ved normal brug, 2 minutter to gange dagligt).<\/li>\n<li>Timer: Det tager kun to minutter at rense t\u00e6nderne grundigt. Timeren giver et signal hvert 30. sekund for at skifte kvadrant. Efter to minutter stopper tandb\u00f8rsten automatisk.<\/li>\n<li>5 b\u00f8rstefunktioner: Clean: til optimal fjernelse af plak, Sensitive: ekstra sk\u00e5nsom tilstand til f\u00f8lsomme t\u00e6nder og tandhalse, Gum Care: l\u00e6ngere b\u00f8rstebev\u00e6gelser, der ogs\u00e5 masserer tandk\u00f8det, White: har vekslende svingninger i b\u00f8rstehovedet for at fjerne plak og pletter og g\u00f8re t\u00e6nderne hvidere, Polish: st\u00e6rk reng\u00f8ring for polering og blegningseffekt.<\/li>\n<li>Avanceret Whitening-effekt: Det overlegne Whitening-b\u00f8rstehoved er specielt udviklet til at fjerne pletter fra t\u00e6nderne og give dig synligt hvidere t\u00e6nder. Alle Beconfident\u00ae-tandb\u00f8rstehoveder har DuPont\u00ae-b\u00f8rster med fadeaway-farve som en p\u00e5mindelse om, hvorn\u00e5r det er tid til at skifte tandb\u00f8rstehoved. N\u00e5r farven falmer, er det tid til at skifte, normalt hver tredje m\u00e5ned.Specifikationer: 2000 mAh li-ion-batteri. IPX7 vandt\u00e6t. CE, Rohs. FCC og FDA godkendt. \u00c9n knap til t\u00e6nd\/sluk og valg af tilstand. DuPont\u00ae-b\u00f8rster med farvep\u00e5mindelse. Tr\u00e5dl\u00f8s opladning via USB.<\/li>\n<\/ul>\n","protected":false},"excerpt":{"rendered":"<p>For bedre mundhygiejne, renere t\u00e6nder og et hvidere smil. Op til 90 dages batterilevetid.<\/p>\n","protected":false},"featured_media":56220,"comment_status":"open","ping_status":"closed","template":"","meta":{"_acf_changed":false,"inline_featured_image":false,"_monsterinsights_skip_tracking":false,"_monsterinsights_sitenote_active":false,"_monsterinsights_sitenote_note":"","_monsterinsights_sitenote_category":0},"product_brand":[],"product_cat":[726,230,108,52],"product_tag":[],"class_list":{"0":"post-6739","1":"product","2":"type-product","3":"status-publish","4":"has-post-thumbnail","6":"product_cat-alle-produkter","7":"product_cat-elektriske-tandboerster","8":"product_cat-sonic-elektriske-tandborster-da","9":"product_cat-uncategorized-da","11":"first","12":"instock","13":"taxable","14":"shipping-taxable","15":"purchasable","16":"product-type-simple"},"acf":[],"shsp-ext":{"main":{},"variations":[]},"yoast_head":"<!-- This site is optimized with the Yoast SEO plugin v27.2 - https:\/\/yoast.com\/product\/yoast-seo-wordpress\/ -->\n<title>Sonic Whitening Elektrisk Tandb\u00f8rste Hvid \/ Rose Guld - Beconfident<\/title>\n<meta name=\"robots\" content=\"index, follow, max-snippet:-1, max-image-preview:large, max-video-preview:-1\" \/>\n<link rel=\"canonical\" href=\"https:\/\/beconfident.com\/da\/produkt\/sonic-whitening-elektrisk-tandborste-hvid-rose-guld\/\" \/>\n<meta property=\"og:locale\" content=\"da_DK\" \/>\n<meta property=\"og:type\" content=\"article\" \/>\n<meta property=\"og:title\" content=\"Sonic Whitening Elektrisk Tandb\u00f8rste Hvid \/ Rose Guld - Beconfident\" \/>\n<meta property=\"og:description\" content=\"For bedre mundhygiejne, renere t\u00e6nder og et hvidere smil. Op til 90 dages batterilevetid.\" \/>\n<meta property=\"og:url\" content=\"https:\/\/beconfident.com\/da\/produkt\/sonic-whitening-elektrisk-tandborste-hvid-rose-guld\/\" \/>\n<meta property=\"og:site_name\" content=\"Beconfident\" \/>\n<meta property=\"article:modified_time\" content=\"2026-03-03T11:25:49+00:00\" \/>\n<meta property=\"og:image\" content=\"https:\/\/beconfident.com\/wp-content\/uploads\/2021\/01\/Sonic-toothrbush-rose-badge.jpg\" \/>\n\t<meta property=\"og:image:width\" content=\"2000\" \/>\n\t<meta property=\"og:image:height\" content=\"2000\" \/>\n\t<meta property=\"og:image:type\" content=\"image\/jpeg\" \/>\n<meta name=\"twitter:card\" content=\"summary_large_image\" \/>\n<meta name=\"twitter:label1\" content=\"Estimeret l\u00e6setid\" \/>\n\t<meta name=\"twitter:data1\" content=\"2 minutter\" \/>\n<script type=\"application\/ld+json\" class=\"yoast-schema-graph\">{\"@context\":\"https:\/\/schema.org\",\"@graph\":[{\"@type\":\"WebPage\",\"@id\":\"https:\/\/beconfident.com\/da\/produkt\/sonic-whitening-elektrisk-tandborste-hvid-rose-guld\/\",\"url\":\"https:\/\/beconfident.com\/da\/produkt\/sonic-whitening-elektrisk-tandborste-hvid-rose-guld\/\",\"name\":\"Sonic Whitening Elektrisk Tandb\u00f8rste Hvid \/ Rose Guld - Beconfident\",\"isPartOf\":{\"@id\":\"https:\/\/beconfident.com\/lv\/#website\"},\"primaryImageOfPage\":{\"@id\":\"https:\/\/beconfident.com\/da\/produkt\/sonic-whitening-elektrisk-tandborste-hvid-rose-guld\/#primaryimage\"},\"image\":{\"@id\":\"https:\/\/beconfident.com\/da\/produkt\/sonic-whitening-elektrisk-tandborste-hvid-rose-guld\/#primaryimage\"},\"thumbnailUrl\":\"https:\/\/beconfident.com\/wp-content\/uploads\/2021\/01\/Sonic-toothrbush-rose-badge.jpg\",\"datePublished\":\"2021-01-20T12:11:36+00:00\",\"dateModified\":\"2026-03-03T11:25:49+00:00\",\"breadcrumb\":{\"@id\":\"https:\/\/beconfident.com\/da\/produkt\/sonic-whitening-elektrisk-tandborste-hvid-rose-guld\/#breadcrumb\"},\"inLanguage\":\"da-DK\",\"potentialAction\":[{\"@type\":\"ReadAction\",\"target\":[\"https:\/\/beconfident.com\/da\/produkt\/sonic-whitening-elektrisk-tandborste-hvid-rose-guld\/\"]}]},{\"@type\":\"ImageObject\",\"inLanguage\":\"da-DK\",\"@id\":\"https:\/\/beconfident.com\/da\/produkt\/sonic-whitening-elektrisk-tandborste-hvid-rose-guld\/#primaryimage\",\"url\":\"https:\/\/beconfident.com\/wp-content\/uploads\/2021\/01\/Sonic-toothrbush-rose-badge.jpg\",\"contentUrl\":\"https:\/\/beconfident.com\/wp-content\/uploads\/2021\/01\/Sonic-toothrbush-rose-badge.jpg\",\"width\":2000,\"height\":2000},{\"@type\":\"BreadcrumbList\",\"@id\":\"https:\/\/beconfident.com\/da\/produkt\/sonic-whitening-elektrisk-tandborste-hvid-rose-guld\/#breadcrumb\",\"itemListElement\":[{\"@type\":\"ListItem\",\"position\":1,\"name\":\"Hem\",\"item\":\"https:\/\/beconfident.com\/da\/\"},{\"@type\":\"ListItem\",\"position\":2,\"name\":\"Webbutik\",\"item\":\"https:\/\/beconfident.com\/da\/butik\/\"},{\"@type\":\"ListItem\",\"position\":3,\"name\":\"Sonic Whitening Elektrisk Tandb\u00f8rste Hvid \/ Rose Guld\"}]},{\"@type\":\"WebSite\",\"@id\":\"https:\/\/beconfident.com\/lv\/#website\",\"url\":\"https:\/\/beconfident.com\/lv\/\",\"name\":\"Beconfident\",\"description\":\"\",\"potentialAction\":[{\"@type\":\"SearchAction\",\"target\":{\"@type\":\"EntryPoint\",\"urlTemplate\":\"https:\/\/beconfident.com\/lv\/?s={search_term_string}\"},\"query-input\":{\"@type\":\"PropertyValueSpecification\",\"valueRequired\":true,\"valueName\":\"search_term_string\"}}],\"inLanguage\":\"da-DK\"}]}<\/script>\n<!-- \/ Yoast SEO plugin. -->","yoast_head_json":{"title":"Sonic Whitening Elektrisk Tandb\u00f8rste Hvid \/ Rose Guld - Beconfident","robots":{"index":"index","follow":"follow","max-snippet":"max-snippet:-1","max-image-preview":"max-image-preview:large","max-video-preview":"max-video-preview:-1"},"canonical":"https:\/\/beconfident.com\/da\/produkt\/sonic-whitening-elektrisk-tandborste-hvid-rose-guld\/","og_locale":"da_DK","og_type":"article","og_title":"Sonic Whitening Elektrisk Tandb\u00f8rste Hvid \/ Rose Guld - Beconfident","og_description":"For bedre mundhygiejne, renere t\u00e6nder og et hvidere smil. Op til 90 dages batterilevetid.","og_url":"https:\/\/beconfident.com\/da\/produkt\/sonic-whitening-elektrisk-tandborste-hvid-rose-guld\/","og_site_name":"Beconfident","article_modified_time":"2026-03-03T11:25:49+00:00","og_image":[{"width":2000,"height":2000,"url":"https:\/\/beconfident.com\/wp-content\/uploads\/2021\/01\/Sonic-toothrbush-rose-badge.jpg","type":"image\/jpeg"}],"twitter_card":"summary_large_image","twitter_misc":{"Estimeret l\u00e6setid":"2 minutter"},"schema":{"@context":"https:\/\/schema.org","@graph":[{"@type":"WebPage","@id":"https:\/\/beconfident.com\/da\/produkt\/sonic-whitening-elektrisk-tandborste-hvid-rose-guld\/","url":"https:\/\/beconfident.com\/da\/produkt\/sonic-whitening-elektrisk-tandborste-hvid-rose-guld\/","name":"Sonic Whitening Elektrisk Tandb\u00f8rste Hvid \/ Rose Guld - Beconfident","isPartOf":{"@id":"https:\/\/beconfident.com\/lv\/#website"},"primaryImageOfPage":{"@id":"https:\/\/beconfident.com\/da\/produkt\/sonic-whitening-elektrisk-tandborste-hvid-rose-guld\/#primaryimage"},"image":{"@id":"https:\/\/beconfident.com\/da\/produkt\/sonic-whitening-elektrisk-tandborste-hvid-rose-guld\/#primaryimage"},"thumbnailUrl":"https:\/\/beconfident.com\/wp-content\/uploads\/2021\/01\/Sonic-toothrbush-rose-badge.jpg","datePublished":"2021-01-20T12:11:36+00:00","dateModified":"2026-03-03T11:25:49+00:00","breadcrumb":{"@id":"https:\/\/beconfident.com\/da\/produkt\/sonic-whitening-elektrisk-tandborste-hvid-rose-guld\/#breadcrumb"},"inLanguage":"da-DK","potentialAction":[{"@type":"ReadAction","target":["https:\/\/beconfident.com\/da\/produkt\/sonic-whitening-elektrisk-tandborste-hvid-rose-guld\/"]}]},{"@type":"ImageObject","inLanguage":"da-DK","@id":"https:\/\/beconfident.com\/da\/produkt\/sonic-whitening-elektrisk-tandborste-hvid-rose-guld\/#primaryimage","url":"https:\/\/beconfident.com\/wp-content\/uploads\/2021\/01\/Sonic-toothrbush-rose-badge.jpg","contentUrl":"https:\/\/beconfident.com\/wp-content\/uploads\/2021\/01\/Sonic-toothrbush-rose-badge.jpg","width":2000,"height":2000},{"@type":"BreadcrumbList","@id":"https:\/\/beconfident.com\/da\/produkt\/sonic-whitening-elektrisk-tandborste-hvid-rose-guld\/#breadcrumb","itemListElement":[{"@type":"ListItem","position":1,"name":"Hem","item":"https:\/\/beconfident.com\/da\/"},{"@type":"ListItem","position":2,"name":"Webbutik","item":"https:\/\/beconfident.com\/da\/butik\/"},{"@type":"ListItem","position":3,"name":"Sonic Whitening Elektrisk Tandb\u00f8rste Hvid \/ Rose Guld"}]},{"@type":"WebSite","@id":"https:\/\/beconfident.com\/lv\/#website","url":"https:\/\/beconfident.com\/lv\/","name":"Beconfident","description":"","potentialAction":[{"@type":"SearchAction","target":{"@type":"EntryPoint","urlTemplate":"https:\/\/beconfident.com\/lv\/?s={search_term_string}"},"query-input":{"@type":"PropertyValueSpecification","valueRequired":true,"valueName":"search_term_string"}}],"inLanguage":"da-DK"}]}},"_links":{"self":[{"href":"https:\/\/beconfident.com\/da\/wp-json\/wp\/v2\/product\/6739","targetHints":{"allow":["GET"]}}],"collection":[{"href":"https:\/\/beconfident.com\/da\/wp-json\/wp\/v2\/product"}],"about":[{"href":"https:\/\/beconfident.com\/da\/wp-json\/wp\/v2\/types\/product"}],"replies":[{"embeddable":true,"href":"https:\/\/beconfident.com\/da\/wp-json\/wp\/v2\/comments?post=6739"}],"wp:featuredmedia":[{"embeddable":true,"href":"https:\/\/beconfident.com\/da\/wp-json\/wp\/v2\/media\/56220"}],"wp:attachment":[{"href":"https:\/\/beconfident.com\/da\/wp-json\/wp\/v2\/media?parent=6739"}],"wp:term":[{"taxonomy":"product_brand","embeddable":true,"href":"https:\/\/beconfident.com\/da\/wp-json\/wp\/v2\/product_brand?post=6739"},{"taxonomy":"product_cat","embeddable":true,"href":"https:\/\/beconfident.com\/da\/wp-json\/wp\/v2\/product_cat?post=6739"},{"taxonomy":"product_tag","embeddable":true,"href":"https:\/\/beconfident.com\/da\/wp-json\/wp\/v2\/product_tag?post=6739"}],"curies":[{"name":"wp","href":"https:\/\/api.w.org\/{rel}","templated":true}]}}