{"id":6726,"date":"2021-01-20T13:11:36","date_gmt":"2021-01-20T12:11:36","guid":{"rendered":"https:\/\/beconfident.simplesmile.hemsida.eu\/produkt\/dental-guard-protect-2\/"},"modified":"2025-10-03T18:25:49","modified_gmt":"2025-10-03T16:25:49","slug":"dental-guard-protect-2","status":"publish","type":"product","link":"https:\/\/beconfident.com\/da\/produkt\/dental-guard-protect-2\/","title":{"rendered":"DENTAL GUARD PROTECT"},"content":{"rendered":"<p>Beconfident\u00ae Protect Dental Guard er nyttig til at lindre musklerne og beskytte t\u00e6nderne i tilf\u00e6lde af en let gnidning af t\u00e6nder eller bruxisme.<br \/>\nBeconfidents egen mundsk\u00e6rm er let og fleksibel, men stadig holdbar. Det har bideplader, der aflaster kindt\u00e6nderne, hvilket forhindrer fort\u00e6nderne i at blive samlet sammen og fremmer \/ skaber \/ tillader en fri luftvej. Du foretager en engangsjustering og beskytter dine t\u00e6nder p\u00e5 en meget behagelig m\u00e5de. Dette er den perfekte vagt til en f\u00f8rstegangsbruger, der \u00f8nsker at begynde at sove med en mundsk\u00e6rm. Endelig kan du v\u00e5gne op fuld af energi!<\/p>\n<p>&#8211; Velegnet til f\u00f8rste gangs bruger<br \/>\n&#8211; H\u00f8j komfort (minimalistisk design)<br \/>\n&#8211; Laveste pris<\/p>\n<p>Beconfident Protect er godkendt som medicinsk udstyr af det svenske l\u00e6gemiddelagentur og f\u00f8lger deres regler LVFS 2003: 11, LVFS 201: 7; LVFS 2001: 5. Vi garanterer, at det ikke indeholder BPA, silikone, akryl, gluten eller skadelige toksiner og ikke l\u00e6kker kemikalier i munden. Den er fremstillet i et FDA-inspiceret anl\u00e6g og er ikke lavet af naturgummilatex.<\/p>\n<p>Produktet leveres i emballage med en fleksibel opbevaringsboks og brugsanvisning. Bem\u00e6rk, at brudt emballage ikke kan returneres af hygiejniske grunde. Naturligvis g\u00e6lder 14-dages bytteret.<\/p>\n","protected":false},"excerpt":{"rendered":"<p>Let at bruge mundsk\u00e6rm til bruxisme \/ t\u00e6nder slibning.<\/p>\n","protected":false},"featured_media":60403,"comment_status":"closed","ping_status":"closed","template":"","meta":{"_acf_changed":false,"inline_featured_image":false,"_monsterinsights_skip_tracking":false,"_monsterinsights_sitenote_active":false,"_monsterinsights_sitenote_note":"","_monsterinsights_sitenote_category":0},"product_brand":[],"product_cat":[726,110],"product_tag":[],"class_list":{"0":"post-6726","1":"product","2":"type-product","3":"status-publish","4":"has-post-thumbnail","6":"product_cat-alle-produkter","7":"product_cat-bideskinner","9":"first","10":"instock","11":"taxable","12":"shipping-taxable","13":"purchasable","14":"product-type-simple"},"acf":[],"shsp-ext":{"main":{},"variations":[]},"yoast_head":"<!-- This site is optimized with the Yoast SEO plugin v27.5 - https:\/\/yoast.com\/product\/yoast-seo-wordpress\/ -->\n<title>DENTAL GUARD PROTECT - Beconfident<\/title>\n<meta name=\"robots\" content=\"index, follow, max-snippet:-1, max-image-preview:large, max-video-preview:-1\" \/>\n<link rel=\"canonical\" href=\"https:\/\/beconfident.com\/da\/produkt\/dental-guard-protect-2\/\" \/>\n<meta property=\"og:locale\" content=\"da_DK\" \/>\n<meta property=\"og:type\" content=\"article\" \/>\n<meta property=\"og:title\" content=\"DENTAL GUARD PROTECT - Beconfident\" \/>\n<meta property=\"og:description\" content=\"Let at bruge mundsk\u00e6rm til bruxisme \/ t\u00e6nder slibning.\" \/>\n<meta property=\"og:url\" content=\"https:\/\/beconfident.com\/da\/produkt\/dental-guard-protect-2\/\" \/>\n<meta property=\"og:site_name\" content=\"Beconfident\" \/>\n<meta property=\"article:modified_time\" content=\"2025-10-03T16:25:49+00:00\" \/>\n<meta property=\"og:image\" content=\"https:\/\/beconfident.com\/wp-content\/uploads\/2021\/01\/150315-Bideskine-Protect-and-storagebox.jpg\" \/>\n\t<meta property=\"og:image:width\" content=\"1276\" \/>\n\t<meta property=\"og:image:height\" content=\"1417\" \/>\n\t<meta property=\"og:image:type\" content=\"image\/jpeg\" \/>\n<meta name=\"twitter:card\" content=\"summary_large_image\" \/>\n<meta name=\"twitter:label1\" content=\"Estimeret l\u00e6setid\" \/>\n\t<meta name=\"twitter:data1\" content=\"1 minut\" \/>\n<script type=\"application\/ld+json\" class=\"yoast-schema-graph\">{\"@context\":\"https:\\\/\\\/schema.org\",\"@graph\":[{\"@type\":\"WebPage\",\"@id\":\"https:\\\/\\\/beconfident.com\\\/da\\\/produkt\\\/dental-guard-protect-2\\\/\",\"url\":\"https:\\\/\\\/beconfident.com\\\/da\\\/produkt\\\/dental-guard-protect-2\\\/\",\"name\":\"DENTAL GUARD PROTECT - Beconfident\",\"isPartOf\":{\"@id\":\"https:\\\/\\\/beconfident.com\\\/lv\\\/#website\"},\"primaryImageOfPage\":{\"@id\":\"https:\\\/\\\/beconfident.com\\\/da\\\/produkt\\\/dental-guard-protect-2\\\/#primaryimage\"},\"image\":{\"@id\":\"https:\\\/\\\/beconfident.com\\\/da\\\/produkt\\\/dental-guard-protect-2\\\/#primaryimage\"},\"thumbnailUrl\":\"https:\\\/\\\/beconfident.com\\\/wp-content\\\/uploads\\\/2021\\\/01\\\/150315-Bideskine-Protect-and-storagebox.jpg\",\"datePublished\":\"2021-01-20T12:11:36+00:00\",\"dateModified\":\"2025-10-03T16:25:49+00:00\",\"breadcrumb\":{\"@id\":\"https:\\\/\\\/beconfident.com\\\/da\\\/produkt\\\/dental-guard-protect-2\\\/#breadcrumb\"},\"inLanguage\":\"da-DK\",\"potentialAction\":[{\"@type\":\"ReadAction\",\"target\":[\"https:\\\/\\\/beconfident.com\\\/da\\\/produkt\\\/dental-guard-protect-2\\\/\"]}]},{\"@type\":\"ImageObject\",\"inLanguage\":\"da-DK\",\"@id\":\"https:\\\/\\\/beconfident.com\\\/da\\\/produkt\\\/dental-guard-protect-2\\\/#primaryimage\",\"url\":\"https:\\\/\\\/beconfident.com\\\/wp-content\\\/uploads\\\/2021\\\/01\\\/150315-Bideskine-Protect-and-storagebox.jpg\",\"contentUrl\":\"https:\\\/\\\/beconfident.com\\\/wp-content\\\/uploads\\\/2021\\\/01\\\/150315-Bideskine-Protect-and-storagebox.jpg\",\"width\":1276,\"height\":1417,\"caption\":\"150315 Bideskine Protect and storagebox\"},{\"@type\":\"BreadcrumbList\",\"@id\":\"https:\\\/\\\/beconfident.com\\\/da\\\/produkt\\\/dental-guard-protect-2\\\/#breadcrumb\",\"itemListElement\":[{\"@type\":\"ListItem\",\"position\":1,\"name\":\"Hem\",\"item\":\"https:\\\/\\\/beconfident.com\\\/da\\\/\"},{\"@type\":\"ListItem\",\"position\":2,\"name\":\"Webbutik\",\"item\":\"https:\\\/\\\/beconfident.com\\\/da\\\/butik\\\/\"},{\"@type\":\"ListItem\",\"position\":3,\"name\":\"DENTAL GUARD PROTECT\"}]},{\"@type\":\"WebSite\",\"@id\":\"https:\\\/\\\/beconfident.com\\\/lv\\\/#website\",\"url\":\"https:\\\/\\\/beconfident.com\\\/lv\\\/\",\"name\":\"Beconfident\",\"description\":\"\",\"potentialAction\":[{\"@type\":\"SearchAction\",\"target\":{\"@type\":\"EntryPoint\",\"urlTemplate\":\"https:\\\/\\\/beconfident.com\\\/lv\\\/?s={search_term_string}\"},\"query-input\":{\"@type\":\"PropertyValueSpecification\",\"valueRequired\":true,\"valueName\":\"search_term_string\"}}],\"inLanguage\":\"da-DK\"}]}<\/script>\n<!-- \/ Yoast SEO plugin. -->","yoast_head_json":{"title":"DENTAL GUARD PROTECT - Beconfident","robots":{"index":"index","follow":"follow","max-snippet":"max-snippet:-1","max-image-preview":"max-image-preview:large","max-video-preview":"max-video-preview:-1"},"canonical":"https:\/\/beconfident.com\/da\/produkt\/dental-guard-protect-2\/","og_locale":"da_DK","og_type":"article","og_title":"DENTAL GUARD PROTECT - Beconfident","og_description":"Let at bruge mundsk\u00e6rm til bruxisme \/ t\u00e6nder slibning.","og_url":"https:\/\/beconfident.com\/da\/produkt\/dental-guard-protect-2\/","og_site_name":"Beconfident","article_modified_time":"2025-10-03T16:25:49+00:00","og_image":[{"width":1276,"height":1417,"url":"https:\/\/beconfident.com\/wp-content\/uploads\/2021\/01\/150315-Bideskine-Protect-and-storagebox.jpg","type":"image\/jpeg"}],"twitter_card":"summary_large_image","twitter_misc":{"Estimeret l\u00e6setid":"1 minut"},"schema":{"@context":"https:\/\/schema.org","@graph":[{"@type":"WebPage","@id":"https:\/\/beconfident.com\/da\/produkt\/dental-guard-protect-2\/","url":"https:\/\/beconfident.com\/da\/produkt\/dental-guard-protect-2\/","name":"DENTAL GUARD PROTECT - Beconfident","isPartOf":{"@id":"https:\/\/beconfident.com\/lv\/#website"},"primaryImageOfPage":{"@id":"https:\/\/beconfident.com\/da\/produkt\/dental-guard-protect-2\/#primaryimage"},"image":{"@id":"https:\/\/beconfident.com\/da\/produkt\/dental-guard-protect-2\/#primaryimage"},"thumbnailUrl":"https:\/\/beconfident.com\/wp-content\/uploads\/2021\/01\/150315-Bideskine-Protect-and-storagebox.jpg","datePublished":"2021-01-20T12:11:36+00:00","dateModified":"2025-10-03T16:25:49+00:00","breadcrumb":{"@id":"https:\/\/beconfident.com\/da\/produkt\/dental-guard-protect-2\/#breadcrumb"},"inLanguage":"da-DK","potentialAction":[{"@type":"ReadAction","target":["https:\/\/beconfident.com\/da\/produkt\/dental-guard-protect-2\/"]}]},{"@type":"ImageObject","inLanguage":"da-DK","@id":"https:\/\/beconfident.com\/da\/produkt\/dental-guard-protect-2\/#primaryimage","url":"https:\/\/beconfident.com\/wp-content\/uploads\/2021\/01\/150315-Bideskine-Protect-and-storagebox.jpg","contentUrl":"https:\/\/beconfident.com\/wp-content\/uploads\/2021\/01\/150315-Bideskine-Protect-and-storagebox.jpg","width":1276,"height":1417,"caption":"150315 Bideskine Protect and storagebox"},{"@type":"BreadcrumbList","@id":"https:\/\/beconfident.com\/da\/produkt\/dental-guard-protect-2\/#breadcrumb","itemListElement":[{"@type":"ListItem","position":1,"name":"Hem","item":"https:\/\/beconfident.com\/da\/"},{"@type":"ListItem","position":2,"name":"Webbutik","item":"https:\/\/beconfident.com\/da\/butik\/"},{"@type":"ListItem","position":3,"name":"DENTAL GUARD PROTECT"}]},{"@type":"WebSite","@id":"https:\/\/beconfident.com\/lv\/#website","url":"https:\/\/beconfident.com\/lv\/","name":"Beconfident","description":"","potentialAction":[{"@type":"SearchAction","target":{"@type":"EntryPoint","urlTemplate":"https:\/\/beconfident.com\/lv\/?s={search_term_string}"},"query-input":{"@type":"PropertyValueSpecification","valueRequired":true,"valueName":"search_term_string"}}],"inLanguage":"da-DK"}]}},"_links":{"self":[{"href":"https:\/\/beconfident.com\/da\/wp-json\/wp\/v2\/product\/6726","targetHints":{"allow":["GET"]}}],"collection":[{"href":"https:\/\/beconfident.com\/da\/wp-json\/wp\/v2\/product"}],"about":[{"href":"https:\/\/beconfident.com\/da\/wp-json\/wp\/v2\/types\/product"}],"replies":[{"embeddable":true,"href":"https:\/\/beconfident.com\/da\/wp-json\/wp\/v2\/comments?post=6726"}],"wp:featuredmedia":[{"embeddable":true,"href":"https:\/\/beconfident.com\/da\/wp-json\/wp\/v2\/media\/60403"}],"wp:attachment":[{"href":"https:\/\/beconfident.com\/da\/wp-json\/wp\/v2\/media?parent=6726"}],"wp:term":[{"taxonomy":"product_brand","embeddable":true,"href":"https:\/\/beconfident.com\/da\/wp-json\/wp\/v2\/product_brand?post=6726"},{"taxonomy":"product_cat","embeddable":true,"href":"https:\/\/beconfident.com\/da\/wp-json\/wp\/v2\/product_cat?post=6726"},{"taxonomy":"product_tag","embeddable":true,"href":"https:\/\/beconfident.com\/da\/wp-json\/wp\/v2\/product_tag?post=6726"}],"curies":[{"name":"wp","href":"https:\/\/api.w.org\/{rel}","templated":true}]}}