{"id":52300,"date":"2023-07-04T11:18:37","date_gmt":"2023-07-04T09:18:37","guid":{"rendered":"https:\/\/beconfident.com\/produkt\/super-white-fresh-toothpaste\/"},"modified":"2026-03-04T11:19:59","modified_gmt":"2026-03-04T10:19:59","slug":"super-white-fresh-toothpaste","status":"publish","type":"product","link":"https:\/\/beconfident.com\/da\/produkt\/super-white-fresh-toothpaste\/","title":{"rendered":"Super White &amp; Fresh Toothpaste"},"content":{"rendered":"<p><strong>Beconfident\u00ae Den bedste whitening-tandpasta med b\u00e5de PaP og calciumperoxid.<\/strong><br \/>\nDesignet af videnskaben. Fremstillet i Sverige. Det sikrer rene, synligt hvidere t\u00e6nder, styrker emaljen, frisker \u00e5nden og beskytter mod plak og hulrum. Bruger de reneste og sikreste ingredienser. Dette er din tandpasta. Dette er en tandpasta til enhver smag, ethvert behov og ethvert \u00f8jeblik; den findes i Fresh Spearmint.<\/p>\n<p>Tandpastaen er fyldt med nye ingredienser, som ingen f\u00f8r har haft i en tandpasta &#8211; s\u00e5som unikt hvidt tr\u00e6kul, der absorberer toksiner og d\u00e5rlig lugt, hyaluronsyre, der modvirker bet\u00e6ndelse i tandk\u00f8det, og C-vitamin, der giver generel styrke, for blot at n\u00e6vne nogle f\u00e5. Til tandblegning opl\u00f8ser calciumperoxid den proteinhinde p\u00e5 t\u00e6nderne, der tiltr\u00e6kker pletter til tandoverfladen og holder dem fanget. N\u00e5r proteinplasten opl\u00f8ses, fjernes alle pletter, der sidder fast p\u00e5 plasten, forsigtigt fra t\u00e6nderne uden skrappe ingredienser som hydrogenperoxid. Calciumperoxids langsomme iltfrig\u00f8rende egenskaber g\u00f8r det ogs\u00e5 til et ideelt, omkostningseffektivt, holdbart og naturligt alternativ til blegning af t\u00e6nder. Daglig brug af tandpastaen i uger og m\u00e5neder, og den lille m\u00e6ngde ilt, der frigives, har en stabil blegende effekt uden skrappe slibemidler eller st\u00e6rke reng\u00f8ringsmidler.<br \/>\nDerudover har vi en h\u00f8j koncentration af Phthalimidoperoxycaproic acid (PAP), som er et mere sikkert alternativ til traditionelle blegningsingredienser og det aktive blegemiddel. PAP har vist sig at blege effektivt uden at for\u00e5rsage nogen skade p\u00e5 tandens indre eller ydre struktur.<\/p>\n<p><strong>S\u00e5dan bruger du tandpastaen:<\/strong><br \/>\nB\u00f8rst t\u00e6nderne dagligt om morgenen og aftenen i mindst 2 minutter med Beconfident\u00ae Super White &amp; Fresh tandpasta, tils\u00e6t en slurk vand, og hvirvl rundt i yderligere 30 sekunder.&#8221;<\/p>\n","protected":false},"excerpt":{"rendered":"<p>Vores absolut nyeste og bedste whitening-tandpasta, der giver en vidunderlig ren og frisk fornemmelse i munden. Den giver hvidere t\u00e6nder, st\u00e6rkere emalje og frisk \u00e5nde.<\/p>\n","protected":false},"featured_media":52260,"comment_status":"open","ping_status":"closed","template":"","meta":{"_acf_changed":false,"inline_featured_image":false,"_monsterinsights_skip_tracking":false,"_monsterinsights_sitenote_active":false,"_monsterinsights_sitenote_note":"","_monsterinsights_sitenote_category":0},"product_brand":[],"product_cat":[109,111],"product_tag":[],"class_list":{"0":"post-52300","1":"product","2":"type-product","3":"status-publish","4":"has-post-thumbnail","6":"product_cat-multifunktionel-tandpasta-da","7":"product_cat-tandpasta-da","9":"first","10":"instock","11":"featured","12":"taxable","13":"shipping-taxable","14":"purchasable","15":"product-type-simple"},"acf":[],"shsp-ext":{"main":{},"variations":[]},"yoast_head":"<!-- This site is optimized with the Yoast SEO plugin v27.2 - https:\/\/yoast.com\/product\/yoast-seo-wordpress\/ -->\n<title>Super White &amp; Fresh Toothpaste - Beconfident<\/title>\n<meta name=\"robots\" content=\"index, follow, max-snippet:-1, max-image-preview:large, max-video-preview:-1\" \/>\n<link rel=\"canonical\" href=\"https:\/\/beconfident.com\/da\/produkt\/super-white-fresh-toothpaste\/\" \/>\n<meta property=\"og:locale\" content=\"da_DK\" \/>\n<meta property=\"og:type\" content=\"article\" \/>\n<meta property=\"og:title\" content=\"Super White &amp; Fresh Toothpaste - Beconfident\" \/>\n<meta property=\"og:description\" content=\"Vores absolut nyeste og bedste whitening-tandpasta, der giver en vidunderlig ren og frisk fornemmelse i munden. Den giver hvidere t\u00e6nder, st\u00e6rkere emalje og frisk \u00e5nde.\" \/>\n<meta property=\"og:url\" content=\"https:\/\/beconfident.com\/da\/produkt\/super-white-fresh-toothpaste\/\" \/>\n<meta property=\"og:site_name\" content=\"Beconfident\" \/>\n<meta property=\"article:modified_time\" content=\"2026-03-04T10:19:59+00:00\" \/>\n<meta property=\"og:image\" content=\"https:\/\/beconfident.com\/wp-content\/uploads\/2023\/07\/Beconfident-Super-Whitening-Fresh-Toothpaste-packaging-and-toothpaste.jpg\" \/>\n\t<meta property=\"og:image:width\" content=\"2000\" \/>\n\t<meta property=\"og:image:height\" content=\"2000\" \/>\n\t<meta property=\"og:image:type\" content=\"image\/jpeg\" \/>\n<meta name=\"twitter:card\" content=\"summary_large_image\" \/>\n<meta name=\"twitter:label1\" content=\"Estimeret l\u00e6setid\" \/>\n\t<meta name=\"twitter:data1\" content=\"2 minutter\" \/>\n<script type=\"application\/ld+json\" class=\"yoast-schema-graph\">{\"@context\":\"https:\/\/schema.org\",\"@graph\":[{\"@type\":\"WebPage\",\"@id\":\"https:\/\/beconfident.com\/da\/produkt\/super-white-fresh-toothpaste\/\",\"url\":\"https:\/\/beconfident.com\/da\/produkt\/super-white-fresh-toothpaste\/\",\"name\":\"Super White &amp; Fresh Toothpaste - Beconfident\",\"isPartOf\":{\"@id\":\"https:\/\/beconfident.com\/lv\/#website\"},\"primaryImageOfPage\":{\"@id\":\"https:\/\/beconfident.com\/da\/produkt\/super-white-fresh-toothpaste\/#primaryimage\"},\"image\":{\"@id\":\"https:\/\/beconfident.com\/da\/produkt\/super-white-fresh-toothpaste\/#primaryimage\"},\"thumbnailUrl\":\"https:\/\/beconfident.com\/wp-content\/uploads\/2023\/07\/Beconfident-Super-Whitening-Fresh-Toothpaste-packaging-and-toothpaste.jpg\",\"datePublished\":\"2023-07-04T09:18:37+00:00\",\"dateModified\":\"2026-03-04T10:19:59+00:00\",\"breadcrumb\":{\"@id\":\"https:\/\/beconfident.com\/da\/produkt\/super-white-fresh-toothpaste\/#breadcrumb\"},\"inLanguage\":\"da-DK\",\"potentialAction\":[{\"@type\":\"ReadAction\",\"target\":[\"https:\/\/beconfident.com\/da\/produkt\/super-white-fresh-toothpaste\/\"]}]},{\"@type\":\"ImageObject\",\"inLanguage\":\"da-DK\",\"@id\":\"https:\/\/beconfident.com\/da\/produkt\/super-white-fresh-toothpaste\/#primaryimage\",\"url\":\"https:\/\/beconfident.com\/wp-content\/uploads\/2023\/07\/Beconfident-Super-Whitening-Fresh-Toothpaste-packaging-and-toothpaste.jpg\",\"contentUrl\":\"https:\/\/beconfident.com\/wp-content\/uploads\/2023\/07\/Beconfident-Super-Whitening-Fresh-Toothpaste-packaging-and-toothpaste.jpg\",\"width\":2000,\"height\":2000,\"caption\":\"Beconfident Super Whitening Fresh Toothpaste packaging and toothpaste\"},{\"@type\":\"BreadcrumbList\",\"@id\":\"https:\/\/beconfident.com\/da\/produkt\/super-white-fresh-toothpaste\/#breadcrumb\",\"itemListElement\":[{\"@type\":\"ListItem\",\"position\":1,\"name\":\"Hem\",\"item\":\"https:\/\/beconfident.com\/da\/\"},{\"@type\":\"ListItem\",\"position\":2,\"name\":\"Webbutik\",\"item\":\"https:\/\/beconfident.com\/da\/butik\/\"},{\"@type\":\"ListItem\",\"position\":3,\"name\":\"Super White &amp; Fresh Toothpaste\"}]},{\"@type\":\"WebSite\",\"@id\":\"https:\/\/beconfident.com\/lv\/#website\",\"url\":\"https:\/\/beconfident.com\/lv\/\",\"name\":\"Beconfident\",\"description\":\"\",\"potentialAction\":[{\"@type\":\"SearchAction\",\"target\":{\"@type\":\"EntryPoint\",\"urlTemplate\":\"https:\/\/beconfident.com\/lv\/?s={search_term_string}\"},\"query-input\":{\"@type\":\"PropertyValueSpecification\",\"valueRequired\":true,\"valueName\":\"search_term_string\"}}],\"inLanguage\":\"da-DK\"}]}<\/script>\n<!-- \/ Yoast SEO plugin. -->","yoast_head_json":{"title":"Super White &amp; Fresh Toothpaste - Beconfident","robots":{"index":"index","follow":"follow","max-snippet":"max-snippet:-1","max-image-preview":"max-image-preview:large","max-video-preview":"max-video-preview:-1"},"canonical":"https:\/\/beconfident.com\/da\/produkt\/super-white-fresh-toothpaste\/","og_locale":"da_DK","og_type":"article","og_title":"Super White &amp; Fresh Toothpaste - Beconfident","og_description":"Vores absolut nyeste og bedste whitening-tandpasta, der giver en vidunderlig ren og frisk fornemmelse i munden. Den giver hvidere t\u00e6nder, st\u00e6rkere emalje og frisk \u00e5nde.","og_url":"https:\/\/beconfident.com\/da\/produkt\/super-white-fresh-toothpaste\/","og_site_name":"Beconfident","article_modified_time":"2026-03-04T10:19:59+00:00","og_image":[{"width":2000,"height":2000,"url":"https:\/\/beconfident.com\/wp-content\/uploads\/2023\/07\/Beconfident-Super-Whitening-Fresh-Toothpaste-packaging-and-toothpaste.jpg","type":"image\/jpeg"}],"twitter_card":"summary_large_image","twitter_misc":{"Estimeret l\u00e6setid":"2 minutter"},"schema":{"@context":"https:\/\/schema.org","@graph":[{"@type":"WebPage","@id":"https:\/\/beconfident.com\/da\/produkt\/super-white-fresh-toothpaste\/","url":"https:\/\/beconfident.com\/da\/produkt\/super-white-fresh-toothpaste\/","name":"Super White &amp; Fresh Toothpaste - Beconfident","isPartOf":{"@id":"https:\/\/beconfident.com\/lv\/#website"},"primaryImageOfPage":{"@id":"https:\/\/beconfident.com\/da\/produkt\/super-white-fresh-toothpaste\/#primaryimage"},"image":{"@id":"https:\/\/beconfident.com\/da\/produkt\/super-white-fresh-toothpaste\/#primaryimage"},"thumbnailUrl":"https:\/\/beconfident.com\/wp-content\/uploads\/2023\/07\/Beconfident-Super-Whitening-Fresh-Toothpaste-packaging-and-toothpaste.jpg","datePublished":"2023-07-04T09:18:37+00:00","dateModified":"2026-03-04T10:19:59+00:00","breadcrumb":{"@id":"https:\/\/beconfident.com\/da\/produkt\/super-white-fresh-toothpaste\/#breadcrumb"},"inLanguage":"da-DK","potentialAction":[{"@type":"ReadAction","target":["https:\/\/beconfident.com\/da\/produkt\/super-white-fresh-toothpaste\/"]}]},{"@type":"ImageObject","inLanguage":"da-DK","@id":"https:\/\/beconfident.com\/da\/produkt\/super-white-fresh-toothpaste\/#primaryimage","url":"https:\/\/beconfident.com\/wp-content\/uploads\/2023\/07\/Beconfident-Super-Whitening-Fresh-Toothpaste-packaging-and-toothpaste.jpg","contentUrl":"https:\/\/beconfident.com\/wp-content\/uploads\/2023\/07\/Beconfident-Super-Whitening-Fresh-Toothpaste-packaging-and-toothpaste.jpg","width":2000,"height":2000,"caption":"Beconfident Super Whitening Fresh Toothpaste packaging and toothpaste"},{"@type":"BreadcrumbList","@id":"https:\/\/beconfident.com\/da\/produkt\/super-white-fresh-toothpaste\/#breadcrumb","itemListElement":[{"@type":"ListItem","position":1,"name":"Hem","item":"https:\/\/beconfident.com\/da\/"},{"@type":"ListItem","position":2,"name":"Webbutik","item":"https:\/\/beconfident.com\/da\/butik\/"},{"@type":"ListItem","position":3,"name":"Super White &amp; Fresh Toothpaste"}]},{"@type":"WebSite","@id":"https:\/\/beconfident.com\/lv\/#website","url":"https:\/\/beconfident.com\/lv\/","name":"Beconfident","description":"","potentialAction":[{"@type":"SearchAction","target":{"@type":"EntryPoint","urlTemplate":"https:\/\/beconfident.com\/lv\/?s={search_term_string}"},"query-input":{"@type":"PropertyValueSpecification","valueRequired":true,"valueName":"search_term_string"}}],"inLanguage":"da-DK"}]}},"_links":{"self":[{"href":"https:\/\/beconfident.com\/da\/wp-json\/wp\/v2\/product\/52300","targetHints":{"allow":["GET"]}}],"collection":[{"href":"https:\/\/beconfident.com\/da\/wp-json\/wp\/v2\/product"}],"about":[{"href":"https:\/\/beconfident.com\/da\/wp-json\/wp\/v2\/types\/product"}],"replies":[{"embeddable":true,"href":"https:\/\/beconfident.com\/da\/wp-json\/wp\/v2\/comments?post=52300"}],"wp:featuredmedia":[{"embeddable":true,"href":"https:\/\/beconfident.com\/da\/wp-json\/wp\/v2\/media\/52260"}],"wp:attachment":[{"href":"https:\/\/beconfident.com\/da\/wp-json\/wp\/v2\/media?parent=52300"}],"wp:term":[{"taxonomy":"product_brand","embeddable":true,"href":"https:\/\/beconfident.com\/da\/wp-json\/wp\/v2\/product_brand?post=52300"},{"taxonomy":"product_cat","embeddable":true,"href":"https:\/\/beconfident.com\/da\/wp-json\/wp\/v2\/product_cat?post=52300"},{"taxonomy":"product_tag","embeddable":true,"href":"https:\/\/beconfident.com\/da\/wp-json\/wp\/v2\/product_tag?post=52300"}],"curies":[{"name":"wp","href":"https:\/\/api.w.org\/{rel}","templated":true}]}}