{"id":2657,"date":"2021-01-11T10:04:26","date_gmt":"2021-01-11T09:04:26","guid":{"rendered":"https:\/\/beconfident.simplesmile.hemsida.eu\/produkt\/teeth-whitening-touch-up-pen\/"},"modified":"2026-04-21T19:12:57","modified_gmt":"2026-04-21T17:12:57","slug":"tandblegning-touch-up-pen","status":"publish","type":"product","link":"https:\/\/beconfident.com\/da\/produkt\/tandblegning-touch-up-pen\/","title":{"rendered":"Tandblegning Touch-up Pen 2 ml"},"content":{"rendered":"<p>Beconfident\u00ae Touch-Up reng\u00f8ringspenne er velegnet til reng\u00f8ring af t\u00e6nderne, n\u00e5r du er p\u00e5 farten, eller n\u00e5r du har brug for en hurtig afblegning. Blegepennen fjerner pletter fra mange synder, herunder mad, drikke og rygning. Beconfident-pennen p\u00e5f\u00f8res t\u00e6nderne ved hj\u00e6lp af b\u00f8rsten, hvilket g\u00f8r det til det perfekte blegningsv\u00e6rkt\u00f8j til at m\u00e5lrette og fjerne pletter mellem t\u00e6nderne. Beconfident peroxidfri tandblegningspenn er perfekt til fjernelse af pletter mellem t\u00e6nderne, hj\u00e6lper med at opretholde hvide t\u00e6nder efter brug af vores andre afblegningsprodukter.<\/p>\n","protected":false},"excerpt":{"rendered":"<p>Let at bruge supplement til Beconfident komplette tandblegningss\u00e6t.<\/p>\n","protected":false},"featured_media":391,"comment_status":"open","ping_status":"closed","template":"","meta":{"_acf_changed":false,"inline_featured_image":false,"_monsterinsights_skip_tracking":false,"_monsterinsights_sitenote_active":false,"_monsterinsights_sitenote_note":"","_monsterinsights_sitenote_category":0},"product_brand":[],"product_cat":[726,106],"product_tag":[],"class_list":{"0":"post-2657","1":"product","2":"type-product","3":"status-publish","4":"has-post-thumbnail","6":"product_cat-alle-produkter","7":"product_cat-vedligeholdelse-da","9":"first","10":"instock","11":"taxable","12":"shipping-taxable","13":"purchasable","14":"product-type-simple"},"acf":[],"shsp-ext":{"main":{},"variations":[]},"yoast_head":"<!-- This site is optimized with the Yoast SEO plugin v27.2 - https:\/\/yoast.com\/product\/yoast-seo-wordpress\/ -->\n<title>Tandblegning Touch-up Pen 2 ml - Beconfident<\/title>\n<meta name=\"robots\" content=\"index, follow, max-snippet:-1, max-image-preview:large, max-video-preview:-1\" \/>\n<link rel=\"canonical\" href=\"https:\/\/beconfident.com\/da\/produkt\/tandblegning-touch-up-pen\/\" \/>\n<meta property=\"og:locale\" content=\"da_DK\" \/>\n<meta property=\"og:type\" content=\"article\" \/>\n<meta property=\"og:title\" content=\"Tandblegning Touch-up Pen 2 ml - Beconfident\" \/>\n<meta property=\"og:description\" content=\"Let at bruge supplement til Beconfident komplette tandblegningss\u00e6t.\" \/>\n<meta property=\"og:url\" content=\"https:\/\/beconfident.com\/da\/produkt\/tandblegning-touch-up-pen\/\" \/>\n<meta property=\"og:site_name\" content=\"Beconfident\" \/>\n<meta property=\"article:modified_time\" content=\"2026-04-21T17:12:57+00:00\" \/>\n<meta property=\"og:image\" content=\"https:\/\/beconfident.com\/wp-content\/uploads\/2021\/01\/120298-Teeth-Whitening-Touch-Up-Pen-X1.jpg\" \/>\n\t<meta property=\"og:image:width\" content=\"1100\" \/>\n\t<meta property=\"og:image:height\" content=\"1417\" \/>\n\t<meta property=\"og:image:type\" content=\"image\/jpeg\" \/>\n<meta name=\"twitter:card\" content=\"summary_large_image\" \/>\n<meta name=\"twitter:label1\" content=\"Estimeret l\u00e6setid\" \/>\n\t<meta name=\"twitter:data1\" content=\"1 minut\" \/>\n<script type=\"application\/ld+json\" class=\"yoast-schema-graph\">{\"@context\":\"https:\/\/schema.org\",\"@graph\":[{\"@type\":\"WebPage\",\"@id\":\"https:\/\/beconfident.com\/da\/produkt\/tandblegning-touch-up-pen\/\",\"url\":\"https:\/\/beconfident.com\/da\/produkt\/tandblegning-touch-up-pen\/\",\"name\":\"Tandblegning Touch-up Pen 2 ml - Beconfident\",\"isPartOf\":{\"@id\":\"https:\/\/beconfident.com\/lv\/#website\"},\"primaryImageOfPage\":{\"@id\":\"https:\/\/beconfident.com\/da\/produkt\/tandblegning-touch-up-pen\/#primaryimage\"},\"image\":{\"@id\":\"https:\/\/beconfident.com\/da\/produkt\/tandblegning-touch-up-pen\/#primaryimage\"},\"thumbnailUrl\":\"https:\/\/beconfident.com\/wp-content\/uploads\/2021\/01\/120298-Teeth-Whitening-Touch-Up-Pen-X1.jpg\",\"datePublished\":\"2021-01-11T09:04:26+00:00\",\"dateModified\":\"2026-04-21T17:12:57+00:00\",\"breadcrumb\":{\"@id\":\"https:\/\/beconfident.com\/da\/produkt\/tandblegning-touch-up-pen\/#breadcrumb\"},\"inLanguage\":\"da-DK\",\"potentialAction\":[{\"@type\":\"ReadAction\",\"target\":[\"https:\/\/beconfident.com\/da\/produkt\/tandblegning-touch-up-pen\/\"]}]},{\"@type\":\"ImageObject\",\"inLanguage\":\"da-DK\",\"@id\":\"https:\/\/beconfident.com\/da\/produkt\/tandblegning-touch-up-pen\/#primaryimage\",\"url\":\"https:\/\/beconfident.com\/wp-content\/uploads\/2021\/01\/120298-Teeth-Whitening-Touch-Up-Pen-X1.jpg\",\"contentUrl\":\"https:\/\/beconfident.com\/wp-content\/uploads\/2021\/01\/120298-Teeth-Whitening-Touch-Up-Pen-X1.jpg\",\"width\":1100,\"height\":1417,\"caption\":\"120298 Teeth Whitening Touch Up Pen X1\"},{\"@type\":\"BreadcrumbList\",\"@id\":\"https:\/\/beconfident.com\/da\/produkt\/tandblegning-touch-up-pen\/#breadcrumb\",\"itemListElement\":[{\"@type\":\"ListItem\",\"position\":1,\"name\":\"Hem\",\"item\":\"https:\/\/beconfident.com\/da\/\"},{\"@type\":\"ListItem\",\"position\":2,\"name\":\"Webbutik\",\"item\":\"https:\/\/beconfident.com\/da\/butik\/\"},{\"@type\":\"ListItem\",\"position\":3,\"name\":\"Tandblegning Touch-up Pen 2 ml\"}]},{\"@type\":\"WebSite\",\"@id\":\"https:\/\/beconfident.com\/lv\/#website\",\"url\":\"https:\/\/beconfident.com\/lv\/\",\"name\":\"Beconfident\",\"description\":\"\",\"potentialAction\":[{\"@type\":\"SearchAction\",\"target\":{\"@type\":\"EntryPoint\",\"urlTemplate\":\"https:\/\/beconfident.com\/lv\/?s={search_term_string}\"},\"query-input\":{\"@type\":\"PropertyValueSpecification\",\"valueRequired\":true,\"valueName\":\"search_term_string\"}}],\"inLanguage\":\"da-DK\"}]}<\/script>\n<!-- \/ Yoast SEO plugin. -->","yoast_head_json":{"title":"Tandblegning Touch-up Pen 2 ml - Beconfident","robots":{"index":"index","follow":"follow","max-snippet":"max-snippet:-1","max-image-preview":"max-image-preview:large","max-video-preview":"max-video-preview:-1"},"canonical":"https:\/\/beconfident.com\/da\/produkt\/tandblegning-touch-up-pen\/","og_locale":"da_DK","og_type":"article","og_title":"Tandblegning Touch-up Pen 2 ml - Beconfident","og_description":"Let at bruge supplement til Beconfident komplette tandblegningss\u00e6t.","og_url":"https:\/\/beconfident.com\/da\/produkt\/tandblegning-touch-up-pen\/","og_site_name":"Beconfident","article_modified_time":"2026-04-21T17:12:57+00:00","og_image":[{"width":1100,"height":1417,"url":"https:\/\/beconfident.com\/wp-content\/uploads\/2021\/01\/120298-Teeth-Whitening-Touch-Up-Pen-X1.jpg","type":"image\/jpeg"}],"twitter_card":"summary_large_image","twitter_misc":{"Estimeret l\u00e6setid":"1 minut"},"schema":{"@context":"https:\/\/schema.org","@graph":[{"@type":"WebPage","@id":"https:\/\/beconfident.com\/da\/produkt\/tandblegning-touch-up-pen\/","url":"https:\/\/beconfident.com\/da\/produkt\/tandblegning-touch-up-pen\/","name":"Tandblegning Touch-up Pen 2 ml - Beconfident","isPartOf":{"@id":"https:\/\/beconfident.com\/lv\/#website"},"primaryImageOfPage":{"@id":"https:\/\/beconfident.com\/da\/produkt\/tandblegning-touch-up-pen\/#primaryimage"},"image":{"@id":"https:\/\/beconfident.com\/da\/produkt\/tandblegning-touch-up-pen\/#primaryimage"},"thumbnailUrl":"https:\/\/beconfident.com\/wp-content\/uploads\/2021\/01\/120298-Teeth-Whitening-Touch-Up-Pen-X1.jpg","datePublished":"2021-01-11T09:04:26+00:00","dateModified":"2026-04-21T17:12:57+00:00","breadcrumb":{"@id":"https:\/\/beconfident.com\/da\/produkt\/tandblegning-touch-up-pen\/#breadcrumb"},"inLanguage":"da-DK","potentialAction":[{"@type":"ReadAction","target":["https:\/\/beconfident.com\/da\/produkt\/tandblegning-touch-up-pen\/"]}]},{"@type":"ImageObject","inLanguage":"da-DK","@id":"https:\/\/beconfident.com\/da\/produkt\/tandblegning-touch-up-pen\/#primaryimage","url":"https:\/\/beconfident.com\/wp-content\/uploads\/2021\/01\/120298-Teeth-Whitening-Touch-Up-Pen-X1.jpg","contentUrl":"https:\/\/beconfident.com\/wp-content\/uploads\/2021\/01\/120298-Teeth-Whitening-Touch-Up-Pen-X1.jpg","width":1100,"height":1417,"caption":"120298 Teeth Whitening Touch Up Pen X1"},{"@type":"BreadcrumbList","@id":"https:\/\/beconfident.com\/da\/produkt\/tandblegning-touch-up-pen\/#breadcrumb","itemListElement":[{"@type":"ListItem","position":1,"name":"Hem","item":"https:\/\/beconfident.com\/da\/"},{"@type":"ListItem","position":2,"name":"Webbutik","item":"https:\/\/beconfident.com\/da\/butik\/"},{"@type":"ListItem","position":3,"name":"Tandblegning Touch-up Pen 2 ml"}]},{"@type":"WebSite","@id":"https:\/\/beconfident.com\/lv\/#website","url":"https:\/\/beconfident.com\/lv\/","name":"Beconfident","description":"","potentialAction":[{"@type":"SearchAction","target":{"@type":"EntryPoint","urlTemplate":"https:\/\/beconfident.com\/lv\/?s={search_term_string}"},"query-input":{"@type":"PropertyValueSpecification","valueRequired":true,"valueName":"search_term_string"}}],"inLanguage":"da-DK"}]}},"_links":{"self":[{"href":"https:\/\/beconfident.com\/da\/wp-json\/wp\/v2\/product\/2657","targetHints":{"allow":["GET"]}}],"collection":[{"href":"https:\/\/beconfident.com\/da\/wp-json\/wp\/v2\/product"}],"about":[{"href":"https:\/\/beconfident.com\/da\/wp-json\/wp\/v2\/types\/product"}],"replies":[{"embeddable":true,"href":"https:\/\/beconfident.com\/da\/wp-json\/wp\/v2\/comments?post=2657"}],"wp:featuredmedia":[{"embeddable":true,"href":"https:\/\/beconfident.com\/da\/wp-json\/wp\/v2\/media\/391"}],"wp:attachment":[{"href":"https:\/\/beconfident.com\/da\/wp-json\/wp\/v2\/media?parent=2657"}],"wp:term":[{"taxonomy":"product_brand","embeddable":true,"href":"https:\/\/beconfident.com\/da\/wp-json\/wp\/v2\/product_brand?post=2657"},{"taxonomy":"product_cat","embeddable":true,"href":"https:\/\/beconfident.com\/da\/wp-json\/wp\/v2\/product_cat?post=2657"},{"taxonomy":"product_tag","embeddable":true,"href":"https:\/\/beconfident.com\/da\/wp-json\/wp\/v2\/product_tag?post=2657"}],"curies":[{"name":"wp","href":"https:\/\/api.w.org\/{rel}","templated":true}]}}