{"id":2654,"date":"2021-01-11T10:04:26","date_gmt":"2021-01-11T09:04:26","guid":{"rendered":"https:\/\/beconfident.simplesmile.hemsida.eu\/produkt\/teeth-whitening-x4-pro-kit\/"},"modified":"2026-04-25T09:26:08","modified_gmt":"2026-04-25T07:26:08","slug":"tandblegning-x4-pro-kit","status":"publish","type":"product","link":"https:\/\/beconfident.com\/da\/produkt\/tandblegning-x4-pro-kit\/","title":{"rendered":"Tandblegning X4 Pro Kit"},"content":{"rendered":"<p>Beconfident\u00ae Pro Kit er vores mest effektive tandblegningss\u00e6t til maksimale resultater. Tandblegningsgelen indeholder fire aktive ingredienser, PAP (\u03b5-phthalimido peroxy hexanoic acid) + natriumbicarbonat + kokossulfat arbejder sammen for at give de bedst mulige blegningsresultater uden hydrogenperoxid. Den fjerde ingrediens, jernholdigt gluconat, kan aktiveres med Beconfident\u00ae LED Booster Light for at forbedre effekten af din tandblegning med en ekstra nuance.<\/p>\n<p>Pro Kit inkluderer en Protect and Repair-efterbehandling, en reparationsgel, der reducerer t\u00e6ndernes f\u00f8lsomhed efter hver behandling og hj\u00e6lper med at reparere sm\u00e5 emaljeskader samt styrke og beskytte emaljen p\u00e5 lang sigt. Pakken indeholder Pro Kit tandblegningsgel (10 ml), Protect &amp; Repair efterbehandlingsgel (10 ml), to formbare mundskinner, gelapplikator, farveguide og brugsanvisning.<\/p>\n","protected":false},"excerpt":{"rendered":"<p>Op til 7 nuancer hvidere t\u00e6nder p\u00e5 10 dage + en anden nuance hvidere, n\u00e5r de bruges med LED Booster Light<\/p>\n","protected":false},"featured_media":55842,"comment_status":"open","ping_status":"closed","template":"","meta":{"_acf_changed":false,"inline_featured_image":false,"_monsterinsights_skip_tracking":false,"_monsterinsights_sitenote_active":false,"_monsterinsights_sitenote_note":"","_monsterinsights_sitenote_category":0},"product_brand":[],"product_cat":[726,358,105],"product_tag":[],"class_list":{"0":"post-2654","1":"product","2":"type-product","3":"status-publish","4":"has-post-thumbnail","6":"product_cat-alle-produkter","7":"product_cat-tandblegning","8":"product_cat-tandblegning-kit","10":"first","11":"instock","12":"featured","13":"taxable","14":"shipping-taxable","15":"purchasable","16":"product-type-simple"},"acf":[],"shsp-ext":{"main":{},"variations":[]},"yoast_head":"<!-- This site is optimized with the Yoast SEO plugin v27.5 - https:\/\/yoast.com\/product\/yoast-seo-wordpress\/ -->\n<title>Tandblegning X4 Pro Kit - Beconfident<\/title>\n<meta name=\"robots\" content=\"index, follow, max-snippet:-1, max-image-preview:large, max-video-preview:-1\" \/>\n<link rel=\"canonical\" href=\"https:\/\/beconfident.com\/sv\/produkt\/teeth-whitening-x4-pro-kit\/\" \/>\n<meta property=\"og:locale\" content=\"da_DK\" \/>\n<meta property=\"og:type\" content=\"article\" \/>\n<meta property=\"og:title\" content=\"Tandblegning X4 Pro Kit - Beconfident\" \/>\n<meta property=\"og:description\" content=\"Op til 7 nuancer hvidere t\u00e6nder p\u00e5 10 dage + en anden nuance hvidere, n\u00e5r de bruges med LED Booster Light\" \/>\n<meta property=\"og:url\" content=\"https:\/\/beconfident.com\/sv\/produkt\/teeth-whitening-x4-pro-kit\/\" \/>\n<meta property=\"og:site_name\" content=\"Beconfident\" \/>\n<meta property=\"article:modified_time\" content=\"2026-04-25T07:26:08+00:00\" \/>\n<meta property=\"og:image\" content=\"https:\/\/beconfident.com\/wp-content\/uploads\/2021\/01\/X4-pro-kit-with-badge-2.jpg\" \/>\n\t<meta property=\"og:image:width\" content=\"2000\" \/>\n\t<meta property=\"og:image:height\" content=\"2000\" \/>\n\t<meta property=\"og:image:type\" content=\"image\/jpeg\" \/>\n<meta name=\"twitter:card\" content=\"summary_large_image\" \/>\n<meta name=\"twitter:label1\" content=\"Estimeret l\u00e6setid\" \/>\n\t<meta name=\"twitter:data1\" content=\"1 minut\" \/>\n<script type=\"application\/ld+json\" class=\"yoast-schema-graph\">{\"@context\":\"https:\\\/\\\/schema.org\",\"@graph\":[{\"@type\":\"WebPage\",\"@id\":\"https:\\\/\\\/beconfident.com\\\/sv\\\/produkt\\\/teeth-whitening-x4-pro-kit\\\/\",\"url\":\"https:\\\/\\\/beconfident.com\\\/sv\\\/produkt\\\/teeth-whitening-x4-pro-kit\\\/\",\"name\":\"Tandblegning X4 Pro Kit - Beconfident\",\"isPartOf\":{\"@id\":\"https:\\\/\\\/beconfident.com\\\/lv\\\/#website\"},\"primaryImageOfPage\":{\"@id\":\"https:\\\/\\\/beconfident.com\\\/sv\\\/produkt\\\/teeth-whitening-x4-pro-kit\\\/#primaryimage\"},\"image\":{\"@id\":\"https:\\\/\\\/beconfident.com\\\/sv\\\/produkt\\\/teeth-whitening-x4-pro-kit\\\/#primaryimage\"},\"thumbnailUrl\":\"https:\\\/\\\/beconfident.com\\\/wp-content\\\/uploads\\\/2021\\\/01\\\/X4-pro-kit-with-badge-2.jpg\",\"datePublished\":\"2021-01-11T09:04:26+00:00\",\"dateModified\":\"2026-04-25T07:26:08+00:00\",\"breadcrumb\":{\"@id\":\"https:\\\/\\\/beconfident.com\\\/sv\\\/produkt\\\/teeth-whitening-x4-pro-kit\\\/#breadcrumb\"},\"inLanguage\":\"da-DK\",\"potentialAction\":[{\"@type\":\"ReadAction\",\"target\":[\"https:\\\/\\\/beconfident.com\\\/sv\\\/produkt\\\/teeth-whitening-x4-pro-kit\\\/\"]}]},{\"@type\":\"ImageObject\",\"inLanguage\":\"da-DK\",\"@id\":\"https:\\\/\\\/beconfident.com\\\/sv\\\/produkt\\\/teeth-whitening-x4-pro-kit\\\/#primaryimage\",\"url\":\"https:\\\/\\\/beconfident.com\\\/wp-content\\\/uploads\\\/2021\\\/01\\\/X4-pro-kit-with-badge-2.jpg\",\"contentUrl\":\"https:\\\/\\\/beconfident.com\\\/wp-content\\\/uploads\\\/2021\\\/01\\\/X4-pro-kit-with-badge-2.jpg\",\"width\":2000,\"height\":2000},{\"@type\":\"BreadcrumbList\",\"@id\":\"https:\\\/\\\/beconfident.com\\\/sv\\\/produkt\\\/teeth-whitening-x4-pro-kit\\\/#breadcrumb\",\"itemListElement\":[{\"@type\":\"ListItem\",\"position\":1,\"name\":\"Hem\",\"item\":\"https:\\\/\\\/beconfident.com\\\/da\\\/\"},{\"@type\":\"ListItem\",\"position\":2,\"name\":\"Webbutik\",\"item\":\"https:\\\/\\\/beconfident.com\\\/da\\\/butik\\\/\"},{\"@type\":\"ListItem\",\"position\":3,\"name\":\"Tandblegning X4 Pro Kit\"}]},{\"@type\":\"WebSite\",\"@id\":\"https:\\\/\\\/beconfident.com\\\/lv\\\/#website\",\"url\":\"https:\\\/\\\/beconfident.com\\\/lv\\\/\",\"name\":\"Beconfident\",\"description\":\"\",\"potentialAction\":[{\"@type\":\"SearchAction\",\"target\":{\"@type\":\"EntryPoint\",\"urlTemplate\":\"https:\\\/\\\/beconfident.com\\\/lv\\\/?s={search_term_string}\"},\"query-input\":{\"@type\":\"PropertyValueSpecification\",\"valueRequired\":true,\"valueName\":\"search_term_string\"}}],\"inLanguage\":\"da-DK\"}]}<\/script>\n<!-- \/ Yoast SEO plugin. -->","yoast_head_json":{"title":"Tandblegning X4 Pro Kit - Beconfident","robots":{"index":"index","follow":"follow","max-snippet":"max-snippet:-1","max-image-preview":"max-image-preview:large","max-video-preview":"max-video-preview:-1"},"canonical":"https:\/\/beconfident.com\/sv\/produkt\/teeth-whitening-x4-pro-kit\/","og_locale":"da_DK","og_type":"article","og_title":"Tandblegning X4 Pro Kit - Beconfident","og_description":"Op til 7 nuancer hvidere t\u00e6nder p\u00e5 10 dage + en anden nuance hvidere, n\u00e5r de bruges med LED Booster Light","og_url":"https:\/\/beconfident.com\/sv\/produkt\/teeth-whitening-x4-pro-kit\/","og_site_name":"Beconfident","article_modified_time":"2026-04-25T07:26:08+00:00","og_image":[{"width":2000,"height":2000,"url":"https:\/\/beconfident.com\/wp-content\/uploads\/2021\/01\/X4-pro-kit-with-badge-2.jpg","type":"image\/jpeg"}],"twitter_card":"summary_large_image","twitter_misc":{"Estimeret l\u00e6setid":"1 minut"},"schema":{"@context":"https:\/\/schema.org","@graph":[{"@type":"WebPage","@id":"https:\/\/beconfident.com\/sv\/produkt\/teeth-whitening-x4-pro-kit\/","url":"https:\/\/beconfident.com\/sv\/produkt\/teeth-whitening-x4-pro-kit\/","name":"Tandblegning X4 Pro Kit - Beconfident","isPartOf":{"@id":"https:\/\/beconfident.com\/lv\/#website"},"primaryImageOfPage":{"@id":"https:\/\/beconfident.com\/sv\/produkt\/teeth-whitening-x4-pro-kit\/#primaryimage"},"image":{"@id":"https:\/\/beconfident.com\/sv\/produkt\/teeth-whitening-x4-pro-kit\/#primaryimage"},"thumbnailUrl":"https:\/\/beconfident.com\/wp-content\/uploads\/2021\/01\/X4-pro-kit-with-badge-2.jpg","datePublished":"2021-01-11T09:04:26+00:00","dateModified":"2026-04-25T07:26:08+00:00","breadcrumb":{"@id":"https:\/\/beconfident.com\/sv\/produkt\/teeth-whitening-x4-pro-kit\/#breadcrumb"},"inLanguage":"da-DK","potentialAction":[{"@type":"ReadAction","target":["https:\/\/beconfident.com\/sv\/produkt\/teeth-whitening-x4-pro-kit\/"]}]},{"@type":"ImageObject","inLanguage":"da-DK","@id":"https:\/\/beconfident.com\/sv\/produkt\/teeth-whitening-x4-pro-kit\/#primaryimage","url":"https:\/\/beconfident.com\/wp-content\/uploads\/2021\/01\/X4-pro-kit-with-badge-2.jpg","contentUrl":"https:\/\/beconfident.com\/wp-content\/uploads\/2021\/01\/X4-pro-kit-with-badge-2.jpg","width":2000,"height":2000},{"@type":"BreadcrumbList","@id":"https:\/\/beconfident.com\/sv\/produkt\/teeth-whitening-x4-pro-kit\/#breadcrumb","itemListElement":[{"@type":"ListItem","position":1,"name":"Hem","item":"https:\/\/beconfident.com\/da\/"},{"@type":"ListItem","position":2,"name":"Webbutik","item":"https:\/\/beconfident.com\/da\/butik\/"},{"@type":"ListItem","position":3,"name":"Tandblegning X4 Pro Kit"}]},{"@type":"WebSite","@id":"https:\/\/beconfident.com\/lv\/#website","url":"https:\/\/beconfident.com\/lv\/","name":"Beconfident","description":"","potentialAction":[{"@type":"SearchAction","target":{"@type":"EntryPoint","urlTemplate":"https:\/\/beconfident.com\/lv\/?s={search_term_string}"},"query-input":{"@type":"PropertyValueSpecification","valueRequired":true,"valueName":"search_term_string"}}],"inLanguage":"da-DK"}]}},"_links":{"self":[{"href":"https:\/\/beconfident.com\/da\/wp-json\/wp\/v2\/product\/2654","targetHints":{"allow":["GET"]}}],"collection":[{"href":"https:\/\/beconfident.com\/da\/wp-json\/wp\/v2\/product"}],"about":[{"href":"https:\/\/beconfident.com\/da\/wp-json\/wp\/v2\/types\/product"}],"replies":[{"embeddable":true,"href":"https:\/\/beconfident.com\/da\/wp-json\/wp\/v2\/comments?post=2654"}],"wp:featuredmedia":[{"embeddable":true,"href":"https:\/\/beconfident.com\/da\/wp-json\/wp\/v2\/media\/55842"}],"wp:attachment":[{"href":"https:\/\/beconfident.com\/da\/wp-json\/wp\/v2\/media?parent=2654"}],"wp:term":[{"taxonomy":"product_brand","embeddable":true,"href":"https:\/\/beconfident.com\/da\/wp-json\/wp\/v2\/product_brand?post=2654"},{"taxonomy":"product_cat","embeddable":true,"href":"https:\/\/beconfident.com\/da\/wp-json\/wp\/v2\/product_cat?post=2654"},{"taxonomy":"product_tag","embeddable":true,"href":"https:\/\/beconfident.com\/da\/wp-json\/wp\/v2\/product_tag?post=2654"}],"curies":[{"name":"wp","href":"https:\/\/api.w.org\/{rel}","templated":true}]}}