{"id":2652,"date":"2021-01-11T10:04:26","date_gmt":"2021-01-20T12:11:10","guid":{"rendered":"https:\/\/beconfident.simplesmile.hemsida.eu\/produkt\/teeth-whitening-strips-10-days\/"},"modified":"2023-08-30T09:30:57","modified_gmt":"2023-08-30T07:30:57","slug":"tandblegning-strips-10-dage","status":"publish","type":"product","link":"https:\/\/beconfident.com\/da\/produkt\/tandblegning-strips-10-dage\/","title":{"rendered":"Tandblegning Strips 10 Dage"},"content":{"rendered":"<p>Beconfident\u00ae Teeth Whitening Strips er en hurtig og nem m\u00e5de at g\u00f8re t\u00e6nderne lysere p\u00e5. De specialdesignede strimler p\u00e5f\u00f8res direkte p\u00e5 t\u00e6nderne, hver konvolut indeholder to strimler, der er individuelt designet til den bedst mulige pasform til over- og underk\u00e6ben. Tandblegningsgelen er baseret p\u00e5 vores patenterede Dual Boost X1 tandblegningsgel + 0,1% peroxid, som i f\u00f8rste fase fjerner misfarvninger med kokossulfat og i anden fase giver hvidere t\u00e6nder ved hj\u00e6lp af 32% bikarbonat. Det er ikke n\u00f8dvendigt at st\u00f8be tandbeskyttere, bare \u00e5bn pakken, og du er klar!<\/p>\n<p>Strimlerne er helt sikre at bruge og for\u00e5rsager ikke ubehag eller \u00f8get f\u00f8lsomhed i t\u00e6nderne. Pakken holder i 10 dage, og stripsene skal virke i 15 minutter hver gang. Pakken indeholder 2\u00d710 tandblegningsstrimler.<\/p>\n<p>S\u00e5dan g\u00f8r du:<br \/>\nTip. Vi anbefaler at bruge et spejl for at g\u00f8re det lettere at p\u00e5f\u00f8re stripsene.<br \/>\n1. \u00c5bn forsigtigt posen, og tag den gennemsigtige folie med stripsene ud. Den \u00e5bnede pose skal bruges med det samme, vent ikke l\u00e6ngere end 15 minutter efter \u00e5bning.<br \/>\n2. L\u00f8ft den lange rektangul\u00e6re strimmel af folien. Placer den p\u00e5 den \u00f8verste tandr\u00e6kke med den side, der var p\u00e5 folien, vendt mod t\u00e6nderne. Placer den j\u00e6vnt langs tandk\u00f8dsranden. Den resterende strimmel skal foldes bag t\u00e6nderne. Tryk let mod strimlerne, s\u00e5 de kl\u00e6ber til t\u00e6nderne.<br \/>\n3. Fjern den korte, let buede strimmel til den nederste tandr\u00e6kke fra folien. P\u00e5f\u00f8r den p\u00e5 den nederste tandr\u00e6kke som beskrevet for den \u00f8verste tandr\u00e6kke. Tryk forsigtigt for at f\u00e5 den til at sidde fast.<br \/>\n4. Lad sidde i 15 minutter.<br \/>\n5. Fjern strimlerne. Rester af gel fjernes let med en tandb\u00f8rste. Skyl munden grundigt med vand.<\/p>\n","protected":false},"excerpt":{"rendered":"<p>Op til 4 nuancer hvidere t\u00e6nder p\u00e5 10 dage. Indeholder 2&#215;10 Strips i separate konvolutter.<\/p>\n","protected":false},"featured_media":1557,"comment_status":"open","ping_status":"closed","template":"","meta":{"_acf_changed":false,"inline_featured_image":false,"_monsterinsights_skip_tracking":false,"_monsterinsights_sitenote_active":false,"_monsterinsights_sitenote_note":"","_monsterinsights_sitenote_category":0},"product_brand":[],"product_cat":[16],"product_tag":[],"class_list":{"0":"post-2652","1":"product","2":"type-product","3":"status-publish","4":"has-post-thumbnail","6":"product_cat-okategoriserad","8":"first","9":"instock","10":"taxable","11":"shipping-taxable","12":"purchasable","13":"product-type-simple"},"acf":[],"shsp-ext":{"main":{},"variations":[]},"yoast_head":"<!-- This site is optimized with the Yoast SEO plugin v27.2 - https:\/\/yoast.com\/product\/yoast-seo-wordpress\/ -->\n<title>Tandblegning Strips 10 Dage - Beconfident<\/title>\n<meta name=\"robots\" content=\"index, follow, max-snippet:-1, max-image-preview:large, max-video-preview:-1\" \/>\n<link rel=\"canonical\" href=\"https:\/\/beconfident.com\/da\/produkt\/tandblegning-strips-10-dage\/\" \/>\n<meta property=\"og:locale\" content=\"da_DK\" \/>\n<meta property=\"og:type\" content=\"article\" \/>\n<meta property=\"og:title\" content=\"Tandblegning Strips 10 Dage - Beconfident\" \/>\n<meta property=\"og:description\" content=\"Op til 4 nuancer hvidere t\u00e6nder p\u00e5 10 dage. Indeholder 2x10 Strips i separate konvolutter.\" \/>\n<meta property=\"og:url\" content=\"https:\/\/beconfident.com\/da\/produkt\/tandblegning-strips-10-dage\/\" \/>\n<meta property=\"og:site_name\" content=\"Beconfident\" \/>\n<meta property=\"article:modified_time\" content=\"2023-08-30T07:30:57+00:00\" \/>\n<meta property=\"og:image\" content=\"https:\/\/beconfident.com\/wp-content\/uploads\/2021\/01\/123098-Teeth-Whitening-Strips-10-days.jpg\" \/>\n\t<meta property=\"og:image:width\" content=\"1000\" \/>\n\t<meta property=\"og:image:height\" content=\"1000\" \/>\n\t<meta property=\"og:image:type\" content=\"image\/jpeg\" \/>\n<meta name=\"twitter:card\" content=\"summary_large_image\" \/>\n<meta name=\"twitter:label1\" content=\"Estimeret l\u00e6setid\" \/>\n\t<meta name=\"twitter:data1\" content=\"2 minutter\" \/>\n<script type=\"application\/ld+json\" class=\"yoast-schema-graph\">{\"@context\":\"https:\/\/schema.org\",\"@graph\":[{\"@type\":\"WebPage\",\"@id\":\"https:\/\/beconfident.com\/da\/produkt\/tandblegning-strips-10-dage\/\",\"url\":\"https:\/\/beconfident.com\/da\/produkt\/tandblegning-strips-10-dage\/\",\"name\":\"Tandblegning Strips 10 Dage - Beconfident\",\"isPartOf\":{\"@id\":\"https:\/\/beconfident.com\/lv\/#website\"},\"primaryImageOfPage\":{\"@id\":\"https:\/\/beconfident.com\/da\/produkt\/tandblegning-strips-10-dage\/#primaryimage\"},\"image\":{\"@id\":\"https:\/\/beconfident.com\/da\/produkt\/tandblegning-strips-10-dage\/#primaryimage\"},\"thumbnailUrl\":\"https:\/\/beconfident.com\/wp-content\/uploads\/2021\/01\/123098-Teeth-Whitening-Strips-10-days.jpg\",\"datePublished\":\"2021-01-20T12:11:10+00:00\",\"dateModified\":\"2023-08-30T07:30:57+00:00\",\"breadcrumb\":{\"@id\":\"https:\/\/beconfident.com\/da\/produkt\/tandblegning-strips-10-dage\/#breadcrumb\"},\"inLanguage\":\"da-DK\",\"potentialAction\":[{\"@type\":\"ReadAction\",\"target\":[\"https:\/\/beconfident.com\/da\/produkt\/tandblegning-strips-10-dage\/\"]}]},{\"@type\":\"ImageObject\",\"inLanguage\":\"da-DK\",\"@id\":\"https:\/\/beconfident.com\/da\/produkt\/tandblegning-strips-10-dage\/#primaryimage\",\"url\":\"https:\/\/beconfident.com\/wp-content\/uploads\/2021\/01\/123098-Teeth-Whitening-Strips-10-days.jpg\",\"contentUrl\":\"https:\/\/beconfident.com\/wp-content\/uploads\/2021\/01\/123098-Teeth-Whitening-Strips-10-days.jpg\",\"width\":1000,\"height\":1000,\"caption\":\"123098 Teeth Whitening Strips 10 days\"},{\"@type\":\"BreadcrumbList\",\"@id\":\"https:\/\/beconfident.com\/da\/produkt\/tandblegning-strips-10-dage\/#breadcrumb\",\"itemListElement\":[{\"@type\":\"ListItem\",\"position\":1,\"name\":\"Hem\",\"item\":\"https:\/\/beconfident.com\/da\/\"},{\"@type\":\"ListItem\",\"position\":2,\"name\":\"Webbutik\",\"item\":\"https:\/\/beconfident.com\/da\/butik\/\"},{\"@type\":\"ListItem\",\"position\":3,\"name\":\"Tandblegning Strips 10 Dage\"}]},{\"@type\":\"WebSite\",\"@id\":\"https:\/\/beconfident.com\/lv\/#website\",\"url\":\"https:\/\/beconfident.com\/lv\/\",\"name\":\"Beconfident\",\"description\":\"\",\"potentialAction\":[{\"@type\":\"SearchAction\",\"target\":{\"@type\":\"EntryPoint\",\"urlTemplate\":\"https:\/\/beconfident.com\/lv\/?s={search_term_string}\"},\"query-input\":{\"@type\":\"PropertyValueSpecification\",\"valueRequired\":true,\"valueName\":\"search_term_string\"}}],\"inLanguage\":\"da-DK\"}]}<\/script>\n<!-- \/ Yoast SEO plugin. -->","yoast_head_json":{"title":"Tandblegning Strips 10 Dage - Beconfident","robots":{"index":"index","follow":"follow","max-snippet":"max-snippet:-1","max-image-preview":"max-image-preview:large","max-video-preview":"max-video-preview:-1"},"canonical":"https:\/\/beconfident.com\/da\/produkt\/tandblegning-strips-10-dage\/","og_locale":"da_DK","og_type":"article","og_title":"Tandblegning Strips 10 Dage - Beconfident","og_description":"Op til 4 nuancer hvidere t\u00e6nder p\u00e5 10 dage. Indeholder 2x10 Strips i separate konvolutter.","og_url":"https:\/\/beconfident.com\/da\/produkt\/tandblegning-strips-10-dage\/","og_site_name":"Beconfident","article_modified_time":"2023-08-30T07:30:57+00:00","og_image":[{"width":1000,"height":1000,"url":"https:\/\/beconfident.com\/wp-content\/uploads\/2021\/01\/123098-Teeth-Whitening-Strips-10-days.jpg","type":"image\/jpeg"}],"twitter_card":"summary_large_image","twitter_misc":{"Estimeret l\u00e6setid":"2 minutter"},"schema":{"@context":"https:\/\/schema.org","@graph":[{"@type":"WebPage","@id":"https:\/\/beconfident.com\/da\/produkt\/tandblegning-strips-10-dage\/","url":"https:\/\/beconfident.com\/da\/produkt\/tandblegning-strips-10-dage\/","name":"Tandblegning Strips 10 Dage - Beconfident","isPartOf":{"@id":"https:\/\/beconfident.com\/lv\/#website"},"primaryImageOfPage":{"@id":"https:\/\/beconfident.com\/da\/produkt\/tandblegning-strips-10-dage\/#primaryimage"},"image":{"@id":"https:\/\/beconfident.com\/da\/produkt\/tandblegning-strips-10-dage\/#primaryimage"},"thumbnailUrl":"https:\/\/beconfident.com\/wp-content\/uploads\/2021\/01\/123098-Teeth-Whitening-Strips-10-days.jpg","datePublished":"2021-01-20T12:11:10+00:00","dateModified":"2023-08-30T07:30:57+00:00","breadcrumb":{"@id":"https:\/\/beconfident.com\/da\/produkt\/tandblegning-strips-10-dage\/#breadcrumb"},"inLanguage":"da-DK","potentialAction":[{"@type":"ReadAction","target":["https:\/\/beconfident.com\/da\/produkt\/tandblegning-strips-10-dage\/"]}]},{"@type":"ImageObject","inLanguage":"da-DK","@id":"https:\/\/beconfident.com\/da\/produkt\/tandblegning-strips-10-dage\/#primaryimage","url":"https:\/\/beconfident.com\/wp-content\/uploads\/2021\/01\/123098-Teeth-Whitening-Strips-10-days.jpg","contentUrl":"https:\/\/beconfident.com\/wp-content\/uploads\/2021\/01\/123098-Teeth-Whitening-Strips-10-days.jpg","width":1000,"height":1000,"caption":"123098 Teeth Whitening Strips 10 days"},{"@type":"BreadcrumbList","@id":"https:\/\/beconfident.com\/da\/produkt\/tandblegning-strips-10-dage\/#breadcrumb","itemListElement":[{"@type":"ListItem","position":1,"name":"Hem","item":"https:\/\/beconfident.com\/da\/"},{"@type":"ListItem","position":2,"name":"Webbutik","item":"https:\/\/beconfident.com\/da\/butik\/"},{"@type":"ListItem","position":3,"name":"Tandblegning Strips 10 Dage"}]},{"@type":"WebSite","@id":"https:\/\/beconfident.com\/lv\/#website","url":"https:\/\/beconfident.com\/lv\/","name":"Beconfident","description":"","potentialAction":[{"@type":"SearchAction","target":{"@type":"EntryPoint","urlTemplate":"https:\/\/beconfident.com\/lv\/?s={search_term_string}"},"query-input":{"@type":"PropertyValueSpecification","valueRequired":true,"valueName":"search_term_string"}}],"inLanguage":"da-DK"}]}},"_links":{"self":[{"href":"https:\/\/beconfident.com\/da\/wp-json\/wp\/v2\/product\/2652","targetHints":{"allow":["GET"]}}],"collection":[{"href":"https:\/\/beconfident.com\/da\/wp-json\/wp\/v2\/product"}],"about":[{"href":"https:\/\/beconfident.com\/da\/wp-json\/wp\/v2\/types\/product"}],"replies":[{"embeddable":true,"href":"https:\/\/beconfident.com\/da\/wp-json\/wp\/v2\/comments?post=2652"}],"wp:featuredmedia":[{"embeddable":true,"href":"https:\/\/beconfident.com\/da\/wp-json\/wp\/v2\/media\/1557"}],"wp:attachment":[{"href":"https:\/\/beconfident.com\/da\/wp-json\/wp\/v2\/media?parent=2652"}],"wp:term":[{"taxonomy":"product_brand","embeddable":true,"href":"https:\/\/beconfident.com\/da\/wp-json\/wp\/v2\/product_brand?post=2652"},{"taxonomy":"product_cat","embeddable":true,"href":"https:\/\/beconfident.com\/da\/wp-json\/wp\/v2\/product_cat?post=2652"},{"taxonomy":"product_tag","embeddable":true,"href":"https:\/\/beconfident.com\/da\/wp-json\/wp\/v2\/product_tag?post=2652"}],"curies":[{"name":"wp","href":"https:\/\/api.w.org\/{rel}","templated":true}]}}