{"id":2651,"date":"2021-01-11T10:04:26","date_gmt":"2021-01-11T09:04:26","guid":{"rendered":"https:\/\/beconfident.simplesmile.hemsida.eu\/produkt\/teeth-whitening-night-serum\/"},"modified":"2026-04-21T19:12:59","modified_gmt":"2026-04-21T17:12:59","slug":"tandblegning-night-serum","status":"publish","type":"product","link":"https:\/\/beconfident.com\/da\/produkt\/tandblegning-night-serum\/","title":{"rendered":"Tandblegning Night Serum"},"content":{"rendered":"<p>Beconfident\u00ae Night Serum reparerer emalje og g\u00f8r t\u00e6nderne lysere, mens du sover. Dette innovative serum b\u00f8rstes p\u00e5 t\u00e6nderne og hj\u00e6lper med at styrke og fylde mikrorevner i emaljen, mens det effektivt fjerner misfarvning. Resultatet er reparerede, st\u00e6rke og synligt hvidere t\u00e6nder med en skinnende finish.<\/p>\n<p>Serummet indeholder ogs\u00e5 fluor, der styrker emaljen yderligere og forebygger huller i t\u00e6nderne. Smagt til med \u00f8kologisk mynte for en frisk oplevelse.<\/p>\n<p>Pakken indeholder Night Serum (10 ml), p\u00e5f\u00f8ringsb\u00f8rste og brugsanvisning.<\/p>\n","protected":false},"excerpt":{"rendered":"<p>Reparerer og hvidt t\u00e6nder mens du sover<\/p>\n","protected":false},"featured_media":560,"comment_status":"open","ping_status":"closed","template":"","meta":{"_acf_changed":false,"inline_featured_image":false,"_monsterinsights_skip_tracking":false,"_monsterinsights_sitenote_active":false,"_monsterinsights_sitenote_note":"","_monsterinsights_sitenote_category":0},"product_brand":[],"product_cat":[717,65],"product_tag":[],"class_list":{"0":"post-2651","1":"product","2":"type-product","3":"status-publish","4":"has-post-thumbnail","6":"product_cat-alla-produkter","7":"product_cat-underhall","9":"first","10":"instock","11":"taxable","12":"shipping-taxable","13":"purchasable","14":"product-type-simple"},"acf":[],"shsp-ext":{"main":{},"variations":[]},"yoast_head":"<!-- This site is optimized with the Yoast SEO plugin v27.2 - https:\/\/yoast.com\/product\/yoast-seo-wordpress\/ -->\n<title>Tandblegning Night Serum - Beconfident<\/title>\n<meta name=\"robots\" content=\"index, follow, max-snippet:-1, max-image-preview:large, max-video-preview:-1\" \/>\n<link rel=\"canonical\" href=\"https:\/\/beconfident.com\/da\/produkt\/tandblegning-night-serum\/\" \/>\n<meta property=\"og:locale\" content=\"da_DK\" \/>\n<meta property=\"og:type\" content=\"article\" \/>\n<meta property=\"og:title\" content=\"Tandblegning Night Serum - Beconfident\" \/>\n<meta property=\"og:description\" content=\"Reparerer og hvidt t\u00e6nder mens du sover\" \/>\n<meta property=\"og:url\" content=\"https:\/\/beconfident.com\/da\/produkt\/tandblegning-night-serum\/\" \/>\n<meta property=\"og:site_name\" content=\"Beconfident\" \/>\n<meta property=\"article:modified_time\" content=\"2026-04-21T17:12:59+00:00\" \/>\n<meta property=\"og:image\" content=\"https:\/\/beconfident.com\/wp-content\/uploads\/2021\/01\/123197-Night-serum.jpg\" \/>\n\t<meta property=\"og:image:width\" content=\"1134\" \/>\n\t<meta property=\"og:image:height\" content=\"851\" \/>\n\t<meta property=\"og:image:type\" content=\"image\/jpeg\" \/>\n<meta name=\"twitter:card\" content=\"summary_large_image\" \/>\n<meta name=\"twitter:label1\" content=\"Estimeret l\u00e6setid\" \/>\n\t<meta name=\"twitter:data1\" content=\"1 minut\" \/>\n<script type=\"application\/ld+json\" class=\"yoast-schema-graph\">{\"@context\":\"https:\/\/schema.org\",\"@graph\":[{\"@type\":\"WebPage\",\"@id\":\"https:\/\/beconfident.com\/da\/produkt\/tandblegning-night-serum\/\",\"url\":\"https:\/\/beconfident.com\/da\/produkt\/tandblegning-night-serum\/\",\"name\":\"Tandblegning Night Serum - Beconfident\",\"isPartOf\":{\"@id\":\"https:\/\/beconfident.com\/lv\/#website\"},\"primaryImageOfPage\":{\"@id\":\"https:\/\/beconfident.com\/da\/produkt\/tandblegning-night-serum\/#primaryimage\"},\"image\":{\"@id\":\"https:\/\/beconfident.com\/da\/produkt\/tandblegning-night-serum\/#primaryimage\"},\"thumbnailUrl\":\"https:\/\/beconfident.com\/wp-content\/uploads\/2021\/01\/123197-Night-serum.jpg\",\"datePublished\":\"2021-01-11T09:04:26+00:00\",\"dateModified\":\"2026-04-21T17:12:59+00:00\",\"breadcrumb\":{\"@id\":\"https:\/\/beconfident.com\/da\/produkt\/tandblegning-night-serum\/#breadcrumb\"},\"inLanguage\":\"da-DK\",\"potentialAction\":[{\"@type\":\"ReadAction\",\"target\":[\"https:\/\/beconfident.com\/da\/produkt\/tandblegning-night-serum\/\"]}]},{\"@type\":\"ImageObject\",\"inLanguage\":\"da-DK\",\"@id\":\"https:\/\/beconfident.com\/da\/produkt\/tandblegning-night-serum\/#primaryimage\",\"url\":\"https:\/\/beconfident.com\/wp-content\/uploads\/2021\/01\/123197-Night-serum.jpg\",\"contentUrl\":\"https:\/\/beconfident.com\/wp-content\/uploads\/2021\/01\/123197-Night-serum.jpg\",\"width\":1134,\"height\":851,\"caption\":\"123197 Night serum\"},{\"@type\":\"BreadcrumbList\",\"@id\":\"https:\/\/beconfident.com\/da\/produkt\/tandblegning-night-serum\/#breadcrumb\",\"itemListElement\":[{\"@type\":\"ListItem\",\"position\":1,\"name\":\"Hem\",\"item\":\"https:\/\/beconfident.com\/da\/\"},{\"@type\":\"ListItem\",\"position\":2,\"name\":\"Webbutik\",\"item\":\"https:\/\/beconfident.com\/da\/butik\/\"},{\"@type\":\"ListItem\",\"position\":3,\"name\":\"Tandblegning Night Serum\"}]},{\"@type\":\"WebSite\",\"@id\":\"https:\/\/beconfident.com\/lv\/#website\",\"url\":\"https:\/\/beconfident.com\/lv\/\",\"name\":\"Beconfident\",\"description\":\"\",\"potentialAction\":[{\"@type\":\"SearchAction\",\"target\":{\"@type\":\"EntryPoint\",\"urlTemplate\":\"https:\/\/beconfident.com\/lv\/?s={search_term_string}\"},\"query-input\":{\"@type\":\"PropertyValueSpecification\",\"valueRequired\":true,\"valueName\":\"search_term_string\"}}],\"inLanguage\":\"da-DK\"}]}<\/script>\n<!-- \/ Yoast SEO plugin. -->","yoast_head_json":{"title":"Tandblegning Night Serum - Beconfident","robots":{"index":"index","follow":"follow","max-snippet":"max-snippet:-1","max-image-preview":"max-image-preview:large","max-video-preview":"max-video-preview:-1"},"canonical":"https:\/\/beconfident.com\/da\/produkt\/tandblegning-night-serum\/","og_locale":"da_DK","og_type":"article","og_title":"Tandblegning Night Serum - Beconfident","og_description":"Reparerer og hvidt t\u00e6nder mens du sover","og_url":"https:\/\/beconfident.com\/da\/produkt\/tandblegning-night-serum\/","og_site_name":"Beconfident","article_modified_time":"2026-04-21T17:12:59+00:00","og_image":[{"width":1134,"height":851,"url":"https:\/\/beconfident.com\/wp-content\/uploads\/2021\/01\/123197-Night-serum.jpg","type":"image\/jpeg"}],"twitter_card":"summary_large_image","twitter_misc":{"Estimeret l\u00e6setid":"1 minut"},"schema":{"@context":"https:\/\/schema.org","@graph":[{"@type":"WebPage","@id":"https:\/\/beconfident.com\/da\/produkt\/tandblegning-night-serum\/","url":"https:\/\/beconfident.com\/da\/produkt\/tandblegning-night-serum\/","name":"Tandblegning Night Serum - Beconfident","isPartOf":{"@id":"https:\/\/beconfident.com\/lv\/#website"},"primaryImageOfPage":{"@id":"https:\/\/beconfident.com\/da\/produkt\/tandblegning-night-serum\/#primaryimage"},"image":{"@id":"https:\/\/beconfident.com\/da\/produkt\/tandblegning-night-serum\/#primaryimage"},"thumbnailUrl":"https:\/\/beconfident.com\/wp-content\/uploads\/2021\/01\/123197-Night-serum.jpg","datePublished":"2021-01-11T09:04:26+00:00","dateModified":"2026-04-21T17:12:59+00:00","breadcrumb":{"@id":"https:\/\/beconfident.com\/da\/produkt\/tandblegning-night-serum\/#breadcrumb"},"inLanguage":"da-DK","potentialAction":[{"@type":"ReadAction","target":["https:\/\/beconfident.com\/da\/produkt\/tandblegning-night-serum\/"]}]},{"@type":"ImageObject","inLanguage":"da-DK","@id":"https:\/\/beconfident.com\/da\/produkt\/tandblegning-night-serum\/#primaryimage","url":"https:\/\/beconfident.com\/wp-content\/uploads\/2021\/01\/123197-Night-serum.jpg","contentUrl":"https:\/\/beconfident.com\/wp-content\/uploads\/2021\/01\/123197-Night-serum.jpg","width":1134,"height":851,"caption":"123197 Night serum"},{"@type":"BreadcrumbList","@id":"https:\/\/beconfident.com\/da\/produkt\/tandblegning-night-serum\/#breadcrumb","itemListElement":[{"@type":"ListItem","position":1,"name":"Hem","item":"https:\/\/beconfident.com\/da\/"},{"@type":"ListItem","position":2,"name":"Webbutik","item":"https:\/\/beconfident.com\/da\/butik\/"},{"@type":"ListItem","position":3,"name":"Tandblegning Night Serum"}]},{"@type":"WebSite","@id":"https:\/\/beconfident.com\/lv\/#website","url":"https:\/\/beconfident.com\/lv\/","name":"Beconfident","description":"","potentialAction":[{"@type":"SearchAction","target":{"@type":"EntryPoint","urlTemplate":"https:\/\/beconfident.com\/lv\/?s={search_term_string}"},"query-input":{"@type":"PropertyValueSpecification","valueRequired":true,"valueName":"search_term_string"}}],"inLanguage":"da-DK"}]}},"_links":{"self":[{"href":"https:\/\/beconfident.com\/da\/wp-json\/wp\/v2\/product\/2651","targetHints":{"allow":["GET"]}}],"collection":[{"href":"https:\/\/beconfident.com\/da\/wp-json\/wp\/v2\/product"}],"about":[{"href":"https:\/\/beconfident.com\/da\/wp-json\/wp\/v2\/types\/product"}],"replies":[{"embeddable":true,"href":"https:\/\/beconfident.com\/da\/wp-json\/wp\/v2\/comments?post=2651"}],"wp:featuredmedia":[{"embeddable":true,"href":"https:\/\/beconfident.com\/da\/wp-json\/wp\/v2\/media\/560"}],"wp:attachment":[{"href":"https:\/\/beconfident.com\/da\/wp-json\/wp\/v2\/media?parent=2651"}],"wp:term":[{"taxonomy":"product_brand","embeddable":true,"href":"https:\/\/beconfident.com\/da\/wp-json\/wp\/v2\/product_brand?post=2651"},{"taxonomy":"product_cat","embeddable":true,"href":"https:\/\/beconfident.com\/da\/wp-json\/wp\/v2\/product_cat?post=2651"},{"taxonomy":"product_tag","embeddable":true,"href":"https:\/\/beconfident.com\/da\/wp-json\/wp\/v2\/product_tag?post=2651"}],"curies":[{"name":"wp","href":"https:\/\/api.w.org\/{rel}","templated":true}]}}