{"id":2646,"date":"2021-01-11T10:04:26","date_gmt":"2021-01-20T12:11:10","guid":{"rendered":"https:\/\/beconfident.simplesmile.hemsida.eu\/produkt\/tooth-gloss-mint-10-ml\/"},"modified":"2025-01-10T12:39:58","modified_gmt":"2025-01-10T11:39:58","slug":"tand-glans-mint-10-ml","status":"publish","type":"product","link":"https:\/\/beconfident.com\/da\/produkt\/tand-glans-mint-10-ml\/","title":{"rendered":"Tand Glans Mint 10 ml"},"content":{"rendered":"<p>Beconfident\u00ae tandglans giver dine t\u00e6nder en fantastisk glans takket v\u00e6re en patenteret formel. Glansen giver ikke kun et smukt smil, det beskytter ogs\u00e5 t\u00e6nderne effektivt mod farvede drikkevarer og misfarvning og er derfor ideel til beskyttelse efter tandblegning. Beconfidents tandglans kan bruges dagligt eller efter behov, n\u00e5r du vil vise dit bedste smil.<\/p>\n<p>Anvendelse: til voksne og b\u00f8rn over 12 \u00e5r: For de bedste resultater skal du p\u00e5f\u00f8re en tynd streng tandglans p\u00e5 tandb\u00f8rsten og b\u00f8rste normalt efter behov. Produktet kan ogs\u00e5 p\u00e5f\u00f8res med fingerspidserne. Pakken indeholder 1 x tandpasta (10 ml) og brugsanvisning.<\/p>\n","protected":false},"excerpt":{"rendered":"<p>Tandpasta, der effektivt beskytter t\u00e6nderne mod misfarvning og giver t\u00e6nderne en smuk glans.<\/p>\n","protected":false},"featured_media":708,"comment_status":"open","ping_status":"closed","template":"","meta":{"_acf_changed":false,"inline_featured_image":false,"_monsterinsights_skip_tracking":false,"_monsterinsights_sitenote_active":false,"_monsterinsights_sitenote_note":"","_monsterinsights_sitenote_category":0},"product_brand":[],"product_cat":[726,106],"product_tag":[],"class_list":{"0":"post-2646","1":"product","2":"type-product","3":"status-publish","4":"has-post-thumbnail","6":"product_cat-alle-produkter","7":"product_cat-vedligeholdelse-da","9":"first","10":"instock","11":"taxable","12":"shipping-taxable","13":"purchasable","14":"product-type-simple"},"acf":[],"shsp-ext":{"main":{},"variations":[]},"yoast_head":"<!-- This site is optimized with the Yoast SEO plugin v27.5 - https:\/\/yoast.com\/product\/yoast-seo-wordpress\/ -->\n<title>Tand Glans Mint 10 ml - Beconfident<\/title>\n<meta name=\"robots\" content=\"index, follow, max-snippet:-1, max-image-preview:large, max-video-preview:-1\" \/>\n<link rel=\"canonical\" href=\"https:\/\/beconfident.com\/da\/produkt\/tand-glans-mint-10-ml\/\" \/>\n<meta property=\"og:locale\" content=\"da_DK\" \/>\n<meta property=\"og:type\" content=\"article\" \/>\n<meta property=\"og:title\" content=\"Tand Glans Mint 10 ml - Beconfident\" \/>\n<meta property=\"og:description\" content=\"Tandpasta, der effektivt beskytter t\u00e6nderne mod misfarvning og giver t\u00e6nderne en smuk glans.\" \/>\n<meta property=\"og:url\" content=\"https:\/\/beconfident.com\/da\/produkt\/tand-glans-mint-10-ml\/\" \/>\n<meta property=\"og:site_name\" content=\"Beconfident\" \/>\n<meta property=\"article:modified_time\" content=\"2025-01-10T11:39:58+00:00\" \/>\n<meta property=\"og:image\" content=\"https:\/\/beconfident.com\/wp-content\/uploads\/2021\/01\/140198-Tooth-Gloss-Mint-10ml.jpg\" \/>\n\t<meta property=\"og:image:width\" content=\"700\" \/>\n\t<meta property=\"og:image:height\" content=\"700\" \/>\n\t<meta property=\"og:image:type\" content=\"image\/jpeg\" \/>\n<meta name=\"twitter:card\" content=\"summary_large_image\" \/>\n<meta name=\"twitter:label1\" content=\"Estimeret l\u00e6setid\" \/>\n\t<meta name=\"twitter:data1\" content=\"1 minut\" \/>\n<script type=\"application\/ld+json\" class=\"yoast-schema-graph\">{\"@context\":\"https:\\\/\\\/schema.org\",\"@graph\":[{\"@type\":\"WebPage\",\"@id\":\"https:\\\/\\\/beconfident.com\\\/da\\\/produkt\\\/tand-glans-mint-10-ml\\\/\",\"url\":\"https:\\\/\\\/beconfident.com\\\/da\\\/produkt\\\/tand-glans-mint-10-ml\\\/\",\"name\":\"Tand Glans Mint 10 ml - Beconfident\",\"isPartOf\":{\"@id\":\"https:\\\/\\\/beconfident.com\\\/lv\\\/#website\"},\"primaryImageOfPage\":{\"@id\":\"https:\\\/\\\/beconfident.com\\\/da\\\/produkt\\\/tand-glans-mint-10-ml\\\/#primaryimage\"},\"image\":{\"@id\":\"https:\\\/\\\/beconfident.com\\\/da\\\/produkt\\\/tand-glans-mint-10-ml\\\/#primaryimage\"},\"thumbnailUrl\":\"https:\\\/\\\/beconfident.com\\\/wp-content\\\/uploads\\\/2021\\\/01\\\/140198-Tooth-Gloss-Mint-10ml.jpg\",\"datePublished\":\"2021-01-20T12:11:10+00:00\",\"dateModified\":\"2025-01-10T11:39:58+00:00\",\"breadcrumb\":{\"@id\":\"https:\\\/\\\/beconfident.com\\\/da\\\/produkt\\\/tand-glans-mint-10-ml\\\/#breadcrumb\"},\"inLanguage\":\"da-DK\",\"potentialAction\":[{\"@type\":\"ReadAction\",\"target\":[\"https:\\\/\\\/beconfident.com\\\/da\\\/produkt\\\/tand-glans-mint-10-ml\\\/\"]}]},{\"@type\":\"ImageObject\",\"inLanguage\":\"da-DK\",\"@id\":\"https:\\\/\\\/beconfident.com\\\/da\\\/produkt\\\/tand-glans-mint-10-ml\\\/#primaryimage\",\"url\":\"https:\\\/\\\/beconfident.com\\\/wp-content\\\/uploads\\\/2021\\\/01\\\/140198-Tooth-Gloss-Mint-10ml.jpg\",\"contentUrl\":\"https:\\\/\\\/beconfident.com\\\/wp-content\\\/uploads\\\/2021\\\/01\\\/140198-Tooth-Gloss-Mint-10ml.jpg\",\"width\":700,\"height\":700,\"caption\":\"140198 Tooth Gloss Mint 10ml\"},{\"@type\":\"BreadcrumbList\",\"@id\":\"https:\\\/\\\/beconfident.com\\\/da\\\/produkt\\\/tand-glans-mint-10-ml\\\/#breadcrumb\",\"itemListElement\":[{\"@type\":\"ListItem\",\"position\":1,\"name\":\"Hem\",\"item\":\"https:\\\/\\\/beconfident.com\\\/da\\\/\"},{\"@type\":\"ListItem\",\"position\":2,\"name\":\"Webbutik\",\"item\":\"https:\\\/\\\/beconfident.com\\\/da\\\/butik\\\/\"},{\"@type\":\"ListItem\",\"position\":3,\"name\":\"Tand Glans Mint 10 ml\"}]},{\"@type\":\"WebSite\",\"@id\":\"https:\\\/\\\/beconfident.com\\\/lv\\\/#website\",\"url\":\"https:\\\/\\\/beconfident.com\\\/lv\\\/\",\"name\":\"Beconfident\",\"description\":\"\",\"potentialAction\":[{\"@type\":\"SearchAction\",\"target\":{\"@type\":\"EntryPoint\",\"urlTemplate\":\"https:\\\/\\\/beconfident.com\\\/lv\\\/?s={search_term_string}\"},\"query-input\":{\"@type\":\"PropertyValueSpecification\",\"valueRequired\":true,\"valueName\":\"search_term_string\"}}],\"inLanguage\":\"da-DK\"}]}<\/script>\n<!-- \/ Yoast SEO plugin. -->","yoast_head_json":{"title":"Tand Glans Mint 10 ml - Beconfident","robots":{"index":"index","follow":"follow","max-snippet":"max-snippet:-1","max-image-preview":"max-image-preview:large","max-video-preview":"max-video-preview:-1"},"canonical":"https:\/\/beconfident.com\/da\/produkt\/tand-glans-mint-10-ml\/","og_locale":"da_DK","og_type":"article","og_title":"Tand Glans Mint 10 ml - Beconfident","og_description":"Tandpasta, der effektivt beskytter t\u00e6nderne mod misfarvning og giver t\u00e6nderne en smuk glans.","og_url":"https:\/\/beconfident.com\/da\/produkt\/tand-glans-mint-10-ml\/","og_site_name":"Beconfident","article_modified_time":"2025-01-10T11:39:58+00:00","og_image":[{"width":700,"height":700,"url":"https:\/\/beconfident.com\/wp-content\/uploads\/2021\/01\/140198-Tooth-Gloss-Mint-10ml.jpg","type":"image\/jpeg"}],"twitter_card":"summary_large_image","twitter_misc":{"Estimeret l\u00e6setid":"1 minut"},"schema":{"@context":"https:\/\/schema.org","@graph":[{"@type":"WebPage","@id":"https:\/\/beconfident.com\/da\/produkt\/tand-glans-mint-10-ml\/","url":"https:\/\/beconfident.com\/da\/produkt\/tand-glans-mint-10-ml\/","name":"Tand Glans Mint 10 ml - Beconfident","isPartOf":{"@id":"https:\/\/beconfident.com\/lv\/#website"},"primaryImageOfPage":{"@id":"https:\/\/beconfident.com\/da\/produkt\/tand-glans-mint-10-ml\/#primaryimage"},"image":{"@id":"https:\/\/beconfident.com\/da\/produkt\/tand-glans-mint-10-ml\/#primaryimage"},"thumbnailUrl":"https:\/\/beconfident.com\/wp-content\/uploads\/2021\/01\/140198-Tooth-Gloss-Mint-10ml.jpg","datePublished":"2021-01-20T12:11:10+00:00","dateModified":"2025-01-10T11:39:58+00:00","breadcrumb":{"@id":"https:\/\/beconfident.com\/da\/produkt\/tand-glans-mint-10-ml\/#breadcrumb"},"inLanguage":"da-DK","potentialAction":[{"@type":"ReadAction","target":["https:\/\/beconfident.com\/da\/produkt\/tand-glans-mint-10-ml\/"]}]},{"@type":"ImageObject","inLanguage":"da-DK","@id":"https:\/\/beconfident.com\/da\/produkt\/tand-glans-mint-10-ml\/#primaryimage","url":"https:\/\/beconfident.com\/wp-content\/uploads\/2021\/01\/140198-Tooth-Gloss-Mint-10ml.jpg","contentUrl":"https:\/\/beconfident.com\/wp-content\/uploads\/2021\/01\/140198-Tooth-Gloss-Mint-10ml.jpg","width":700,"height":700,"caption":"140198 Tooth Gloss Mint 10ml"},{"@type":"BreadcrumbList","@id":"https:\/\/beconfident.com\/da\/produkt\/tand-glans-mint-10-ml\/#breadcrumb","itemListElement":[{"@type":"ListItem","position":1,"name":"Hem","item":"https:\/\/beconfident.com\/da\/"},{"@type":"ListItem","position":2,"name":"Webbutik","item":"https:\/\/beconfident.com\/da\/butik\/"},{"@type":"ListItem","position":3,"name":"Tand Glans Mint 10 ml"}]},{"@type":"WebSite","@id":"https:\/\/beconfident.com\/lv\/#website","url":"https:\/\/beconfident.com\/lv\/","name":"Beconfident","description":"","potentialAction":[{"@type":"SearchAction","target":{"@type":"EntryPoint","urlTemplate":"https:\/\/beconfident.com\/lv\/?s={search_term_string}"},"query-input":{"@type":"PropertyValueSpecification","valueRequired":true,"valueName":"search_term_string"}}],"inLanguage":"da-DK"}]}},"_links":{"self":[{"href":"https:\/\/beconfident.com\/da\/wp-json\/wp\/v2\/product\/2646","targetHints":{"allow":["GET"]}}],"collection":[{"href":"https:\/\/beconfident.com\/da\/wp-json\/wp\/v2\/product"}],"about":[{"href":"https:\/\/beconfident.com\/da\/wp-json\/wp\/v2\/types\/product"}],"replies":[{"embeddable":true,"href":"https:\/\/beconfident.com\/da\/wp-json\/wp\/v2\/comments?post=2646"}],"wp:featuredmedia":[{"embeddable":true,"href":"https:\/\/beconfident.com\/da\/wp-json\/wp\/v2\/media\/708"}],"wp:attachment":[{"href":"https:\/\/beconfident.com\/da\/wp-json\/wp\/v2\/media?parent=2646"}],"wp:term":[{"taxonomy":"product_brand","embeddable":true,"href":"https:\/\/beconfident.com\/da\/wp-json\/wp\/v2\/product_brand?post=2646"},{"taxonomy":"product_cat","embeddable":true,"href":"https:\/\/beconfident.com\/da\/wp-json\/wp\/v2\/product_cat?post=2646"},{"taxonomy":"product_tag","embeddable":true,"href":"https:\/\/beconfident.com\/da\/wp-json\/wp\/v2\/product_tag?post=2646"}],"curies":[{"name":"wp","href":"https:\/\/api.w.org\/{rel}","templated":true}]}}