{"id":2641,"date":"2021-01-11T10:04:31","date_gmt":"2021-01-11T09:04:31","guid":{"rendered":"https:\/\/beconfident.simplesmile.hemsida.eu\/produkt\/multifunctional-whitening-toothpaste-extra-mint\/"},"modified":"2026-03-26T02:46:28","modified_gmt":"2026-03-26T01:46:28","slug":"multifunktionel-blegende-tandpasta-ekstra-mint","status":"publish","type":"product","link":"https:\/\/beconfident.com\/da\/produkt\/multifunktionel-blegende-tandpasta-ekstra-mint\/","title":{"rendered":"Multifunktionel Blegende Tandpasta Ekstra Mint"},"content":{"rendered":"<p>Beconfident\u00ae Multifunktionel Whitening Tandpasta er udviklet sammen med verdens f\u00f8rende tandl\u00e6ger til at v\u00e6re den mest komplette tandblegning tandpasta p\u00e5 markedet. Ud over tandblegning beskytter det mod huller og plak, styrker tandk\u00f8det og fjerner pletter og misfarvninger. F\u00e5s i smagsvarianter: Acai + Mint, Cocos + Mint, Strawberry + Mint, Extra Mint og Sensitive Mint.<\/p>\n<p>For at garantere, at Beconfident\u00ae multifunktionel tandpasta er sikker og effektiv, gennemf\u00f8rte vi en klinisk unders\u00f8gelse over fire uger. Unders\u00f8gelsen blev udf\u00f8rt i overensstemmelse med retningslinjerne for god klinisk praksis og ADA-retningslinjer for test af tandpasta og tandblegningsprodukter. Beconfident\u00ae Multifunktionel Whitening-tandpasta indeholder en blanding af fluor, kaliumnitrat, calciumphosphat, zink, hvidt kulstof og calciumperoxid til pro<\/p>\n","protected":false},"excerpt":{"rendered":"<p>Multifunktionel blegende tandpasta til hvidere, renere og st\u00e6rkere t\u00e6nder.<\/p>\n","protected":false},"featured_media":5750,"comment_status":"open","ping_status":"closed","template":"","meta":{"_acf_changed":false,"inline_featured_image":false,"_monsterinsights_skip_tracking":false,"_monsterinsights_sitenote_active":false,"_monsterinsights_sitenote_note":"","_monsterinsights_sitenote_category":0},"product_brand":[],"product_cat":[726,109,111],"product_tag":[],"class_list":{"0":"post-2641","1":"product","2":"type-product","3":"status-publish","4":"has-post-thumbnail","6":"product_cat-alle-produkter","7":"product_cat-multifunktionel-tandpasta-da","8":"product_cat-tandpasta-da","10":"first","11":"instock","12":"featured","13":"taxable","14":"shipping-taxable","15":"purchasable","16":"product-type-simple"},"acf":[],"shsp-ext":{"main":{},"variations":[]},"yoast_head":"<!-- This site is optimized with the Yoast SEO plugin v27.2 - https:\/\/yoast.com\/product\/yoast-seo-wordpress\/ -->\n<title>Multifunktionel Blegende Tandpasta Ekstra Mint - Beconfident<\/title>\n<meta name=\"robots\" content=\"index, follow, max-snippet:-1, max-image-preview:large, max-video-preview:-1\" \/>\n<link rel=\"canonical\" href=\"https:\/\/beconfident.com\/da\/produkt\/multifunktionel-blegende-tandpasta-ekstra-mint\/\" \/>\n<meta property=\"og:locale\" content=\"da_DK\" \/>\n<meta property=\"og:type\" content=\"article\" \/>\n<meta property=\"og:title\" content=\"Multifunktionel Blegende Tandpasta Ekstra Mint - Beconfident\" \/>\n<meta property=\"og:description\" content=\"Multifunktionel blegende tandpasta til hvidere, renere og st\u00e6rkere t\u00e6nder.\" \/>\n<meta property=\"og:url\" content=\"https:\/\/beconfident.com\/da\/produkt\/multifunktionel-blegende-tandpasta-ekstra-mint\/\" \/>\n<meta property=\"og:site_name\" content=\"Beconfident\" \/>\n<meta property=\"article:modified_time\" content=\"2026-03-26T01:46:28+00:00\" \/>\n<meta property=\"og:image\" content=\"https:\/\/beconfident.com\/wp-content\/uploads\/2021\/01\/141498-Multifunctional-Whitening-Toothpaste-Extra-Mint.jpg\" \/>\n\t<meta property=\"og:image:width\" content=\"1000\" \/>\n\t<meta property=\"og:image:height\" content=\"1000\" \/>\n\t<meta property=\"og:image:type\" content=\"image\/jpeg\" \/>\n<meta name=\"twitter:card\" content=\"summary_large_image\" \/>\n<meta name=\"twitter:label1\" content=\"Estimeret l\u00e6setid\" \/>\n\t<meta name=\"twitter:data1\" content=\"1 minut\" \/>\n<script type=\"application\/ld+json\" class=\"yoast-schema-graph\">{\"@context\":\"https:\/\/schema.org\",\"@graph\":[{\"@type\":\"WebPage\",\"@id\":\"https:\/\/beconfident.com\/da\/produkt\/multifunktionel-blegende-tandpasta-ekstra-mint\/\",\"url\":\"https:\/\/beconfident.com\/da\/produkt\/multifunktionel-blegende-tandpasta-ekstra-mint\/\",\"name\":\"Multifunktionel Blegende Tandpasta Ekstra Mint - Beconfident\",\"isPartOf\":{\"@id\":\"https:\/\/beconfident.com\/lv\/#website\"},\"primaryImageOfPage\":{\"@id\":\"https:\/\/beconfident.com\/da\/produkt\/multifunktionel-blegende-tandpasta-ekstra-mint\/#primaryimage\"},\"image\":{\"@id\":\"https:\/\/beconfident.com\/da\/produkt\/multifunktionel-blegende-tandpasta-ekstra-mint\/#primaryimage\"},\"thumbnailUrl\":\"https:\/\/beconfident.com\/wp-content\/uploads\/2021\/01\/141498-Multifunctional-Whitening-Toothpaste-Extra-Mint.jpg\",\"datePublished\":\"2021-01-11T09:04:31+00:00\",\"dateModified\":\"2026-03-26T01:46:28+00:00\",\"breadcrumb\":{\"@id\":\"https:\/\/beconfident.com\/da\/produkt\/multifunktionel-blegende-tandpasta-ekstra-mint\/#breadcrumb\"},\"inLanguage\":\"da-DK\",\"potentialAction\":[{\"@type\":\"ReadAction\",\"target\":[\"https:\/\/beconfident.com\/da\/produkt\/multifunktionel-blegende-tandpasta-ekstra-mint\/\"]}]},{\"@type\":\"ImageObject\",\"inLanguage\":\"da-DK\",\"@id\":\"https:\/\/beconfident.com\/da\/produkt\/multifunktionel-blegende-tandpasta-ekstra-mint\/#primaryimage\",\"url\":\"https:\/\/beconfident.com\/wp-content\/uploads\/2021\/01\/141498-Multifunctional-Whitening-Toothpaste-Extra-Mint.jpg\",\"contentUrl\":\"https:\/\/beconfident.com\/wp-content\/uploads\/2021\/01\/141498-Multifunctional-Whitening-Toothpaste-Extra-Mint.jpg\",\"width\":1000,\"height\":1000},{\"@type\":\"BreadcrumbList\",\"@id\":\"https:\/\/beconfident.com\/da\/produkt\/multifunktionel-blegende-tandpasta-ekstra-mint\/#breadcrumb\",\"itemListElement\":[{\"@type\":\"ListItem\",\"position\":1,\"name\":\"Hem\",\"item\":\"https:\/\/beconfident.com\/da\/\"},{\"@type\":\"ListItem\",\"position\":2,\"name\":\"Webbutik\",\"item\":\"https:\/\/beconfident.com\/da\/butik\/\"},{\"@type\":\"ListItem\",\"position\":3,\"name\":\"Multifunktionel Blegende Tandpasta Ekstra Mint\"}]},{\"@type\":\"WebSite\",\"@id\":\"https:\/\/beconfident.com\/lv\/#website\",\"url\":\"https:\/\/beconfident.com\/lv\/\",\"name\":\"Beconfident\",\"description\":\"\",\"potentialAction\":[{\"@type\":\"SearchAction\",\"target\":{\"@type\":\"EntryPoint\",\"urlTemplate\":\"https:\/\/beconfident.com\/lv\/?s={search_term_string}\"},\"query-input\":{\"@type\":\"PropertyValueSpecification\",\"valueRequired\":true,\"valueName\":\"search_term_string\"}}],\"inLanguage\":\"da-DK\"}]}<\/script>\n<!-- \/ Yoast SEO plugin. -->","yoast_head_json":{"title":"Multifunktionel Blegende Tandpasta Ekstra Mint - Beconfident","robots":{"index":"index","follow":"follow","max-snippet":"max-snippet:-1","max-image-preview":"max-image-preview:large","max-video-preview":"max-video-preview:-1"},"canonical":"https:\/\/beconfident.com\/da\/produkt\/multifunktionel-blegende-tandpasta-ekstra-mint\/","og_locale":"da_DK","og_type":"article","og_title":"Multifunktionel Blegende Tandpasta Ekstra Mint - Beconfident","og_description":"Multifunktionel blegende tandpasta til hvidere, renere og st\u00e6rkere t\u00e6nder.","og_url":"https:\/\/beconfident.com\/da\/produkt\/multifunktionel-blegende-tandpasta-ekstra-mint\/","og_site_name":"Beconfident","article_modified_time":"2026-03-26T01:46:28+00:00","og_image":[{"width":1000,"height":1000,"url":"https:\/\/beconfident.com\/wp-content\/uploads\/2021\/01\/141498-Multifunctional-Whitening-Toothpaste-Extra-Mint.jpg","type":"image\/jpeg"}],"twitter_card":"summary_large_image","twitter_misc":{"Estimeret l\u00e6setid":"1 minut"},"schema":{"@context":"https:\/\/schema.org","@graph":[{"@type":"WebPage","@id":"https:\/\/beconfident.com\/da\/produkt\/multifunktionel-blegende-tandpasta-ekstra-mint\/","url":"https:\/\/beconfident.com\/da\/produkt\/multifunktionel-blegende-tandpasta-ekstra-mint\/","name":"Multifunktionel Blegende Tandpasta Ekstra Mint - Beconfident","isPartOf":{"@id":"https:\/\/beconfident.com\/lv\/#website"},"primaryImageOfPage":{"@id":"https:\/\/beconfident.com\/da\/produkt\/multifunktionel-blegende-tandpasta-ekstra-mint\/#primaryimage"},"image":{"@id":"https:\/\/beconfident.com\/da\/produkt\/multifunktionel-blegende-tandpasta-ekstra-mint\/#primaryimage"},"thumbnailUrl":"https:\/\/beconfident.com\/wp-content\/uploads\/2021\/01\/141498-Multifunctional-Whitening-Toothpaste-Extra-Mint.jpg","datePublished":"2021-01-11T09:04:31+00:00","dateModified":"2026-03-26T01:46:28+00:00","breadcrumb":{"@id":"https:\/\/beconfident.com\/da\/produkt\/multifunktionel-blegende-tandpasta-ekstra-mint\/#breadcrumb"},"inLanguage":"da-DK","potentialAction":[{"@type":"ReadAction","target":["https:\/\/beconfident.com\/da\/produkt\/multifunktionel-blegende-tandpasta-ekstra-mint\/"]}]},{"@type":"ImageObject","inLanguage":"da-DK","@id":"https:\/\/beconfident.com\/da\/produkt\/multifunktionel-blegende-tandpasta-ekstra-mint\/#primaryimage","url":"https:\/\/beconfident.com\/wp-content\/uploads\/2021\/01\/141498-Multifunctional-Whitening-Toothpaste-Extra-Mint.jpg","contentUrl":"https:\/\/beconfident.com\/wp-content\/uploads\/2021\/01\/141498-Multifunctional-Whitening-Toothpaste-Extra-Mint.jpg","width":1000,"height":1000},{"@type":"BreadcrumbList","@id":"https:\/\/beconfident.com\/da\/produkt\/multifunktionel-blegende-tandpasta-ekstra-mint\/#breadcrumb","itemListElement":[{"@type":"ListItem","position":1,"name":"Hem","item":"https:\/\/beconfident.com\/da\/"},{"@type":"ListItem","position":2,"name":"Webbutik","item":"https:\/\/beconfident.com\/da\/butik\/"},{"@type":"ListItem","position":3,"name":"Multifunktionel Blegende Tandpasta Ekstra Mint"}]},{"@type":"WebSite","@id":"https:\/\/beconfident.com\/lv\/#website","url":"https:\/\/beconfident.com\/lv\/","name":"Beconfident","description":"","potentialAction":[{"@type":"SearchAction","target":{"@type":"EntryPoint","urlTemplate":"https:\/\/beconfident.com\/lv\/?s={search_term_string}"},"query-input":{"@type":"PropertyValueSpecification","valueRequired":true,"valueName":"search_term_string"}}],"inLanguage":"da-DK"}]}},"_links":{"self":[{"href":"https:\/\/beconfident.com\/da\/wp-json\/wp\/v2\/product\/2641","targetHints":{"allow":["GET"]}}],"collection":[{"href":"https:\/\/beconfident.com\/da\/wp-json\/wp\/v2\/product"}],"about":[{"href":"https:\/\/beconfident.com\/da\/wp-json\/wp\/v2\/types\/product"}],"replies":[{"embeddable":true,"href":"https:\/\/beconfident.com\/da\/wp-json\/wp\/v2\/comments?post=2641"}],"wp:featuredmedia":[{"embeddable":true,"href":"https:\/\/beconfident.com\/da\/wp-json\/wp\/v2\/media\/5750"}],"wp:attachment":[{"href":"https:\/\/beconfident.com\/da\/wp-json\/wp\/v2\/media?parent=2641"}],"wp:term":[{"taxonomy":"product_brand","embeddable":true,"href":"https:\/\/beconfident.com\/da\/wp-json\/wp\/v2\/product_brand?post=2641"},{"taxonomy":"product_cat","embeddable":true,"href":"https:\/\/beconfident.com\/da\/wp-json\/wp\/v2\/product_cat?post=2641"},{"taxonomy":"product_tag","embeddable":true,"href":"https:\/\/beconfident.com\/da\/wp-json\/wp\/v2\/product_tag?post=2641"}],"curies":[{"name":"wp","href":"https:\/\/api.w.org\/{rel}","templated":true}]}}