{"id":2627,"date":"2021-01-11T10:04:31","date_gmt":"2021-01-11T09:04:31","guid":{"rendered":"https:\/\/beconfident.simplesmile.hemsida.eu\/produkt\/sonic-toothbrush-heads-regular-2-pack-black\/"},"modified":"2026-03-06T22:08:39","modified_gmt":"2026-03-06T21:08:39","slug":"soniske-tandboerstehoveder-regular-2-pack-sort","status":"publish","type":"product","link":"https:\/\/beconfident.com\/da\/produkt\/soniske-tandboerstehoveder-regular-2-pack-sort\/","title":{"rendered":"Sonic Tandb\u00f8rstehoveder Regular 2-pack Sort"},"content":{"rendered":"<p>Bliv hvidere, renere og st\u00e6rkere t\u00e6nder med 2-pack Beconfident\u00ae Sonic tandb\u00f8rstehoveder, almindelig sort. Tandb\u00f8rstehovedet har DuPont\u00ae-b\u00f8rster med en indbygget farvep\u00e5mindelse om, hvorn\u00e5r det er tid til at skifte tandb\u00f8rstehoved. H\u00e5rdhed: almindelig \/ bl\u00f8d til daglig brug. Vi anbefaler, at du skifter tandb\u00f8rstehoved hver tredje m\u00e5ned for at f\u00e5 den bedste reng\u00f8ring og mindst mulig slitage p\u00e5 emaljen.<\/p>\n<p id=\"tw-target-text\" class=\"tw-data-text tw-text-large XcVN5d tw-ta\" dir=\"ltr\" data-placeholder=\"Translation\"><span class=\"Y2IQFc\" lang=\"da\">Beconfident \u00a9 Sonic Tandb\u00f8rstehoveder kan ikke bruges til hverken Philips Sonicare eller Oral-B&#8217;s elektriske tandb\u00f8rster. Pasformen mellem tandb\u00f8rsten og b\u00f8rstehovedet skal v\u00e6re pr\u00e6cis for at give den rigtige svingning \/ vibration, hvilket er afg\u00f8rende for at t\u00e6nderne er rene.<\/span><\/p>\n","protected":false},"excerpt":{"rendered":"<p>Beconfident\u00ae Sonic tandb\u00f8rstehoveder med DuPont\u00ae b\u00f8rster og Pedex farvep\u00e5mindelse<\/p>\n","protected":false},"featured_media":16863,"comment_status":"open","ping_status":"closed","template":"","meta":{"_acf_changed":false,"inline_featured_image":false,"_monsterinsights_skip_tracking":false,"_monsterinsights_sitenote_active":false,"_monsterinsights_sitenote_note":"","_monsterinsights_sitenote_category":0},"product_brand":[],"product_cat":[726,108],"product_tag":[],"class_list":{"0":"post-2627","1":"product","2":"type-product","3":"status-publish","4":"has-post-thumbnail","6":"product_cat-alle-produkter","7":"product_cat-sonic-elektriske-tandborster-da","9":"first","10":"instock","11":"taxable","12":"shipping-taxable","13":"purchasable","14":"product-type-simple"},"acf":[],"shsp-ext":{"main":{},"variations":[]},"yoast_head":"<!-- This site is optimized with the Yoast SEO plugin v27.5 - https:\/\/yoast.com\/product\/yoast-seo-wordpress\/ -->\n<title>Sonic Tandb\u00f8rstehoveder Regular 2-pack Sort - Beconfident<\/title>\n<meta name=\"robots\" content=\"index, follow, max-snippet:-1, max-image-preview:large, max-video-preview:-1\" \/>\n<link rel=\"canonical\" href=\"https:\/\/beconfident.com\/da\/produkt\/soniske-tandboerstehoveder-regular-2-pack-sort\/\" \/>\n<meta property=\"og:locale\" content=\"da_DK\" \/>\n<meta property=\"og:type\" content=\"article\" \/>\n<meta property=\"og:title\" content=\"Sonic Tandb\u00f8rstehoveder Regular 2-pack Sort - Beconfident\" \/>\n<meta property=\"og:description\" content=\"Beconfident\u00ae Sonic tandb\u00f8rstehoveder med DuPont\u00ae b\u00f8rster og Pedex farvep\u00e5mindelse\" \/>\n<meta property=\"og:url\" content=\"https:\/\/beconfident.com\/da\/produkt\/soniske-tandboerstehoveder-regular-2-pack-sort\/\" \/>\n<meta property=\"og:site_name\" content=\"Beconfident\" \/>\n<meta property=\"article:modified_time\" content=\"2026-03-06T21:08:39+00:00\" \/>\n<meta property=\"og:image\" content=\"https:\/\/beconfident.com\/wp-content\/uploads\/2021\/01\/Beconfident\u00ae-TwinRegularbrushpackwblack_650898.jpg\" \/>\n\t<meta property=\"og:image:width\" content=\"1417\" \/>\n\t<meta property=\"og:image:height\" content=\"1063\" \/>\n\t<meta property=\"og:image:type\" content=\"image\/jpeg\" \/>\n<meta name=\"twitter:card\" content=\"summary_large_image\" \/>\n<meta name=\"twitter:label1\" content=\"Estimeret l\u00e6setid\" \/>\n\t<meta name=\"twitter:data1\" content=\"1 minut\" \/>\n<script type=\"application\/ld+json\" class=\"yoast-schema-graph\">{\"@context\":\"https:\\\/\\\/schema.org\",\"@graph\":[{\"@type\":\"WebPage\",\"@id\":\"https:\\\/\\\/beconfident.com\\\/da\\\/produkt\\\/soniske-tandboerstehoveder-regular-2-pack-sort\\\/\",\"url\":\"https:\\\/\\\/beconfident.com\\\/da\\\/produkt\\\/soniske-tandboerstehoveder-regular-2-pack-sort\\\/\",\"name\":\"Sonic Tandb\u00f8rstehoveder Regular 2-pack Sort - Beconfident\",\"isPartOf\":{\"@id\":\"https:\\\/\\\/beconfident.com\\\/lv\\\/#website\"},\"primaryImageOfPage\":{\"@id\":\"https:\\\/\\\/beconfident.com\\\/da\\\/produkt\\\/soniske-tandboerstehoveder-regular-2-pack-sort\\\/#primaryimage\"},\"image\":{\"@id\":\"https:\\\/\\\/beconfident.com\\\/da\\\/produkt\\\/soniske-tandboerstehoveder-regular-2-pack-sort\\\/#primaryimage\"},\"thumbnailUrl\":\"https:\\\/\\\/beconfident.com\\\/wp-content\\\/uploads\\\/2021\\\/01\\\/Beconfident\u00ae-TwinRegularbrushpackwblack_650898.jpg\",\"datePublished\":\"2021-01-11T09:04:31+00:00\",\"dateModified\":\"2026-03-06T21:08:39+00:00\",\"breadcrumb\":{\"@id\":\"https:\\\/\\\/beconfident.com\\\/da\\\/produkt\\\/soniske-tandboerstehoveder-regular-2-pack-sort\\\/#breadcrumb\"},\"inLanguage\":\"da-DK\",\"potentialAction\":[{\"@type\":\"ReadAction\",\"target\":[\"https:\\\/\\\/beconfident.com\\\/da\\\/produkt\\\/soniske-tandboerstehoveder-regular-2-pack-sort\\\/\"]}]},{\"@type\":\"ImageObject\",\"inLanguage\":\"da-DK\",\"@id\":\"https:\\\/\\\/beconfident.com\\\/da\\\/produkt\\\/soniske-tandboerstehoveder-regular-2-pack-sort\\\/#primaryimage\",\"url\":\"https:\\\/\\\/beconfident.com\\\/wp-content\\\/uploads\\\/2021\\\/01\\\/Beconfident\u00ae-TwinRegularbrushpackwblack_650898.jpg\",\"contentUrl\":\"https:\\\/\\\/beconfident.com\\\/wp-content\\\/uploads\\\/2021\\\/01\\\/Beconfident\u00ae-TwinRegularbrushpackwblack_650898.jpg\",\"width\":1417,\"height\":1063},{\"@type\":\"BreadcrumbList\",\"@id\":\"https:\\\/\\\/beconfident.com\\\/da\\\/produkt\\\/soniske-tandboerstehoveder-regular-2-pack-sort\\\/#breadcrumb\",\"itemListElement\":[{\"@type\":\"ListItem\",\"position\":1,\"name\":\"Hem\",\"item\":\"https:\\\/\\\/beconfident.com\\\/da\\\/\"},{\"@type\":\"ListItem\",\"position\":2,\"name\":\"Webbutik\",\"item\":\"https:\\\/\\\/beconfident.com\\\/da\\\/butik\\\/\"},{\"@type\":\"ListItem\",\"position\":3,\"name\":\"Sonic Tandb\u00f8rstehoveder Regular 2-pack Sort\"}]},{\"@type\":\"WebSite\",\"@id\":\"https:\\\/\\\/beconfident.com\\\/lv\\\/#website\",\"url\":\"https:\\\/\\\/beconfident.com\\\/lv\\\/\",\"name\":\"Beconfident\",\"description\":\"\",\"potentialAction\":[{\"@type\":\"SearchAction\",\"target\":{\"@type\":\"EntryPoint\",\"urlTemplate\":\"https:\\\/\\\/beconfident.com\\\/lv\\\/?s={search_term_string}\"},\"query-input\":{\"@type\":\"PropertyValueSpecification\",\"valueRequired\":true,\"valueName\":\"search_term_string\"}}],\"inLanguage\":\"da-DK\"}]}<\/script>\n<!-- \/ Yoast SEO plugin. -->","yoast_head_json":{"title":"Sonic Tandb\u00f8rstehoveder Regular 2-pack Sort - Beconfident","robots":{"index":"index","follow":"follow","max-snippet":"max-snippet:-1","max-image-preview":"max-image-preview:large","max-video-preview":"max-video-preview:-1"},"canonical":"https:\/\/beconfident.com\/da\/produkt\/soniske-tandboerstehoveder-regular-2-pack-sort\/","og_locale":"da_DK","og_type":"article","og_title":"Sonic Tandb\u00f8rstehoveder Regular 2-pack Sort - Beconfident","og_description":"Beconfident\u00ae Sonic tandb\u00f8rstehoveder med DuPont\u00ae b\u00f8rster og Pedex farvep\u00e5mindelse","og_url":"https:\/\/beconfident.com\/da\/produkt\/soniske-tandboerstehoveder-regular-2-pack-sort\/","og_site_name":"Beconfident","article_modified_time":"2026-03-06T21:08:39+00:00","og_image":[{"width":1417,"height":1063,"url":"https:\/\/beconfident.com\/wp-content\/uploads\/2021\/01\/Beconfident\u00ae-TwinRegularbrushpackwblack_650898.jpg","type":"image\/jpeg"}],"twitter_card":"summary_large_image","twitter_misc":{"Estimeret l\u00e6setid":"1 minut"},"schema":{"@context":"https:\/\/schema.org","@graph":[{"@type":"WebPage","@id":"https:\/\/beconfident.com\/da\/produkt\/soniske-tandboerstehoveder-regular-2-pack-sort\/","url":"https:\/\/beconfident.com\/da\/produkt\/soniske-tandboerstehoveder-regular-2-pack-sort\/","name":"Sonic Tandb\u00f8rstehoveder Regular 2-pack Sort - Beconfident","isPartOf":{"@id":"https:\/\/beconfident.com\/lv\/#website"},"primaryImageOfPage":{"@id":"https:\/\/beconfident.com\/da\/produkt\/soniske-tandboerstehoveder-regular-2-pack-sort\/#primaryimage"},"image":{"@id":"https:\/\/beconfident.com\/da\/produkt\/soniske-tandboerstehoveder-regular-2-pack-sort\/#primaryimage"},"thumbnailUrl":"https:\/\/beconfident.com\/wp-content\/uploads\/2021\/01\/Beconfident\u00ae-TwinRegularbrushpackwblack_650898.jpg","datePublished":"2021-01-11T09:04:31+00:00","dateModified":"2026-03-06T21:08:39+00:00","breadcrumb":{"@id":"https:\/\/beconfident.com\/da\/produkt\/soniske-tandboerstehoveder-regular-2-pack-sort\/#breadcrumb"},"inLanguage":"da-DK","potentialAction":[{"@type":"ReadAction","target":["https:\/\/beconfident.com\/da\/produkt\/soniske-tandboerstehoveder-regular-2-pack-sort\/"]}]},{"@type":"ImageObject","inLanguage":"da-DK","@id":"https:\/\/beconfident.com\/da\/produkt\/soniske-tandboerstehoveder-regular-2-pack-sort\/#primaryimage","url":"https:\/\/beconfident.com\/wp-content\/uploads\/2021\/01\/Beconfident\u00ae-TwinRegularbrushpackwblack_650898.jpg","contentUrl":"https:\/\/beconfident.com\/wp-content\/uploads\/2021\/01\/Beconfident\u00ae-TwinRegularbrushpackwblack_650898.jpg","width":1417,"height":1063},{"@type":"BreadcrumbList","@id":"https:\/\/beconfident.com\/da\/produkt\/soniske-tandboerstehoveder-regular-2-pack-sort\/#breadcrumb","itemListElement":[{"@type":"ListItem","position":1,"name":"Hem","item":"https:\/\/beconfident.com\/da\/"},{"@type":"ListItem","position":2,"name":"Webbutik","item":"https:\/\/beconfident.com\/da\/butik\/"},{"@type":"ListItem","position":3,"name":"Sonic Tandb\u00f8rstehoveder Regular 2-pack Sort"}]},{"@type":"WebSite","@id":"https:\/\/beconfident.com\/lv\/#website","url":"https:\/\/beconfident.com\/lv\/","name":"Beconfident","description":"","potentialAction":[{"@type":"SearchAction","target":{"@type":"EntryPoint","urlTemplate":"https:\/\/beconfident.com\/lv\/?s={search_term_string}"},"query-input":{"@type":"PropertyValueSpecification","valueRequired":true,"valueName":"search_term_string"}}],"inLanguage":"da-DK"}]}},"_links":{"self":[{"href":"https:\/\/beconfident.com\/da\/wp-json\/wp\/v2\/product\/2627","targetHints":{"allow":["GET"]}}],"collection":[{"href":"https:\/\/beconfident.com\/da\/wp-json\/wp\/v2\/product"}],"about":[{"href":"https:\/\/beconfident.com\/da\/wp-json\/wp\/v2\/types\/product"}],"replies":[{"embeddable":true,"href":"https:\/\/beconfident.com\/da\/wp-json\/wp\/v2\/comments?post=2627"}],"wp:featuredmedia":[{"embeddable":true,"href":"https:\/\/beconfident.com\/da\/wp-json\/wp\/v2\/media\/16863"}],"wp:attachment":[{"href":"https:\/\/beconfident.com\/da\/wp-json\/wp\/v2\/media?parent=2627"}],"wp:term":[{"taxonomy":"product_brand","embeddable":true,"href":"https:\/\/beconfident.com\/da\/wp-json\/wp\/v2\/product_brand?post=2627"},{"taxonomy":"product_cat","embeddable":true,"href":"https:\/\/beconfident.com\/da\/wp-json\/wp\/v2\/product_cat?post=2627"},{"taxonomy":"product_tag","embeddable":true,"href":"https:\/\/beconfident.com\/da\/wp-json\/wp\/v2\/product_tag?post=2627"}],"curies":[{"name":"wp","href":"https:\/\/api.w.org\/{rel}","templated":true}]}}