{"id":2622,"date":"2021-01-11T10:04:36","date_gmt":"2021-01-20T12:11:36","guid":{"rendered":"https:\/\/beconfident.simplesmile.hemsida.eu\/produkt\/clear-skin-start-kit\/"},"modified":"2023-03-24T14:22:11","modified_gmt":"2023-03-24T13:22:11","slug":"clear-skin-start-kit","status":"publish","type":"product","link":"https:\/\/beconfident.com\/da\/produkt\/clear-skin-start-kit\/","title":{"rendered":"CLEAR SKIN START KIT"},"content":{"rendered":"<p>Beconfident\u00ae Clear Skin Start Kit er et komplet system med alt hvad du beh\u00f8ver for at reducere bumser, blodpropper og acne i to nemme trin.<\/p>\n<p>Trin 1 &#8211; Clear Skin Prepare indeholder lactoperoxidase, som er et unikt r\u00e5m\u00e6lksprodukt, der har til opgave at reducere acne-bakterierne med mindst mulig irritation af din hud. Produkterne er blide, men indeholder ingredienser, der effektivt reducerer dine acne-problemer, samtidig med at de styrker huden p\u00e5 lang sigt og dermed forhindrer nye bumser i at opst\u00e5.<br \/>\nTrin 2 &#8211; Klar hud Reduktion med daglig brug vil g\u00f8re huden mere modstandsdygtig og st\u00e6rkere p\u00e5 lang sigt, s\u00e5 der ikke opst\u00e5r ny acne og dermed begr\u00e6nser dine fremtidige problemer.<br \/>\nAcne behandles bedst i hver fase med den helt rigtige m\u00e6ngde aktive ingredienser. Vi s\u00e6lger derfor behandlingen som et komplet s\u00e6t indeholdende to luftl\u00f8se flasker (for den bedst mulige hygiejne), Clear Skin Forbered dig p\u00e5 at starte behandlingen med og Clear Skin Reduce for et langtidsholdbart resultat. P\u00e5 denne m\u00e5de bek\u00e6mpes din acne s\u00e5 effektivt som muligt i hver fase.<\/p>\n<p>Clear Skin er udviklet af eksperter fra Lund Universitet og med klinisk dokumenterede resultater, der viser en 30% reduktion i acne p\u00e5 3 uger og op til 65% efter 6 uger. Klar hudprodukter indeholder ikke acetylsalicylsyre, som kan irritere en allerede f\u00f8lsom hud.<br \/>\nPakken indeholder 1 x klarg\u00f8ring (10 ml), 1 x reduktion (10 ml) og brugsanvisning.<\/p>\n","protected":false},"excerpt":{"rendered":"<p>Et komplet hudplejesystem med en dokumenteret effekt mod tilstopning og acne<\/p>\n","protected":false},"featured_media":1037,"comment_status":"open","ping_status":"closed","template":"","meta":{"_acf_changed":false,"inline_featured_image":false,"_monsterinsights_skip_tracking":false,"_monsterinsights_sitenote_active":false,"_monsterinsights_sitenote_note":"","_monsterinsights_sitenote_category":0},"product_brand":[],"product_cat":[310],"product_tag":[],"class_list":{"0":"post-2622","1":"product","2":"type-product","3":"status-publish","4":"has-post-thumbnail","6":"product_cat-clear-skin-serie-da","8":"first","9":"outofstock","10":"taxable","11":"shipping-taxable","12":"purchasable","13":"product-type-simple"},"acf":[],"shsp-ext":{"main":{},"variations":[]},"yoast_head":"<!-- This site is optimized with the Yoast SEO plugin v27.5 - https:\/\/yoast.com\/product\/yoast-seo-wordpress\/ -->\n<title>CLEAR SKIN START KIT - Beconfident<\/title>\n<meta name=\"robots\" content=\"index, follow, max-snippet:-1, max-image-preview:large, max-video-preview:-1\" \/>\n<link rel=\"canonical\" href=\"https:\/\/beconfident.com\/da\/produkt\/clear-skin-start-kit\/\" \/>\n<meta property=\"og:locale\" content=\"da_DK\" \/>\n<meta property=\"og:type\" content=\"article\" \/>\n<meta property=\"og:title\" content=\"CLEAR SKIN START KIT - Beconfident\" \/>\n<meta property=\"og:description\" content=\"Et komplet hudplejesystem med en dokumenteret effekt mod tilstopning og acne\" \/>\n<meta property=\"og:url\" content=\"https:\/\/beconfident.com\/da\/produkt\/clear-skin-start-kit\/\" \/>\n<meta property=\"og:site_name\" content=\"Beconfident\" \/>\n<meta property=\"article:modified_time\" content=\"2023-03-24T13:22:11+00:00\" \/>\n<meta property=\"og:image\" content=\"https:\/\/beconfident.com\/wp-content\/uploads\/2021\/01\/190097-Clear-Skin-Start-Kit.jpg\" \/>\n\t<meta property=\"og:image:width\" content=\"1000\" \/>\n\t<meta property=\"og:image:height\" content=\"1000\" \/>\n\t<meta property=\"og:image:type\" content=\"image\/jpeg\" \/>\n<meta name=\"twitter:card\" content=\"summary_large_image\" \/>\n<meta name=\"twitter:label1\" content=\"Estimeret l\u00e6setid\" \/>\n\t<meta name=\"twitter:data1\" content=\"1 minut\" \/>\n<script type=\"application\/ld+json\" class=\"yoast-schema-graph\">{\"@context\":\"https:\\\/\\\/schema.org\",\"@graph\":[{\"@type\":\"WebPage\",\"@id\":\"https:\\\/\\\/beconfident.com\\\/da\\\/produkt\\\/clear-skin-start-kit\\\/\",\"url\":\"https:\\\/\\\/beconfident.com\\\/da\\\/produkt\\\/clear-skin-start-kit\\\/\",\"name\":\"CLEAR SKIN START KIT - Beconfident\",\"isPartOf\":{\"@id\":\"https:\\\/\\\/beconfident.com\\\/lv\\\/#website\"},\"primaryImageOfPage\":{\"@id\":\"https:\\\/\\\/beconfident.com\\\/da\\\/produkt\\\/clear-skin-start-kit\\\/#primaryimage\"},\"image\":{\"@id\":\"https:\\\/\\\/beconfident.com\\\/da\\\/produkt\\\/clear-skin-start-kit\\\/#primaryimage\"},\"thumbnailUrl\":\"https:\\\/\\\/beconfident.com\\\/wp-content\\\/uploads\\\/2021\\\/01\\\/190097-Clear-Skin-Start-Kit.jpg\",\"datePublished\":\"2021-01-20T12:11:36+00:00\",\"dateModified\":\"2023-03-24T13:22:11+00:00\",\"breadcrumb\":{\"@id\":\"https:\\\/\\\/beconfident.com\\\/da\\\/produkt\\\/clear-skin-start-kit\\\/#breadcrumb\"},\"inLanguage\":\"da-DK\",\"potentialAction\":[{\"@type\":\"ReadAction\",\"target\":[\"https:\\\/\\\/beconfident.com\\\/da\\\/produkt\\\/clear-skin-start-kit\\\/\"]}]},{\"@type\":\"ImageObject\",\"inLanguage\":\"da-DK\",\"@id\":\"https:\\\/\\\/beconfident.com\\\/da\\\/produkt\\\/clear-skin-start-kit\\\/#primaryimage\",\"url\":\"https:\\\/\\\/beconfident.com\\\/wp-content\\\/uploads\\\/2021\\\/01\\\/190097-Clear-Skin-Start-Kit.jpg\",\"contentUrl\":\"https:\\\/\\\/beconfident.com\\\/wp-content\\\/uploads\\\/2021\\\/01\\\/190097-Clear-Skin-Start-Kit.jpg\",\"width\":1000,\"height\":1000,\"caption\":\"190097 Clear Skin Start Kit\"},{\"@type\":\"BreadcrumbList\",\"@id\":\"https:\\\/\\\/beconfident.com\\\/da\\\/produkt\\\/clear-skin-start-kit\\\/#breadcrumb\",\"itemListElement\":[{\"@type\":\"ListItem\",\"position\":1,\"name\":\"Hem\",\"item\":\"https:\\\/\\\/beconfident.com\\\/da\\\/\"},{\"@type\":\"ListItem\",\"position\":2,\"name\":\"Webbutik\",\"item\":\"https:\\\/\\\/beconfident.com\\\/da\\\/butik\\\/\"},{\"@type\":\"ListItem\",\"position\":3,\"name\":\"CLEAR SKIN START KIT\"}]},{\"@type\":\"WebSite\",\"@id\":\"https:\\\/\\\/beconfident.com\\\/lv\\\/#website\",\"url\":\"https:\\\/\\\/beconfident.com\\\/lv\\\/\",\"name\":\"Beconfident\",\"description\":\"\",\"potentialAction\":[{\"@type\":\"SearchAction\",\"target\":{\"@type\":\"EntryPoint\",\"urlTemplate\":\"https:\\\/\\\/beconfident.com\\\/lv\\\/?s={search_term_string}\"},\"query-input\":{\"@type\":\"PropertyValueSpecification\",\"valueRequired\":true,\"valueName\":\"search_term_string\"}}],\"inLanguage\":\"da-DK\"}]}<\/script>\n<!-- \/ Yoast SEO plugin. -->","yoast_head_json":{"title":"CLEAR SKIN START KIT - Beconfident","robots":{"index":"index","follow":"follow","max-snippet":"max-snippet:-1","max-image-preview":"max-image-preview:large","max-video-preview":"max-video-preview:-1"},"canonical":"https:\/\/beconfident.com\/da\/produkt\/clear-skin-start-kit\/","og_locale":"da_DK","og_type":"article","og_title":"CLEAR SKIN START KIT - Beconfident","og_description":"Et komplet hudplejesystem med en dokumenteret effekt mod tilstopning og acne","og_url":"https:\/\/beconfident.com\/da\/produkt\/clear-skin-start-kit\/","og_site_name":"Beconfident","article_modified_time":"2023-03-24T13:22:11+00:00","og_image":[{"width":1000,"height":1000,"url":"https:\/\/beconfident.com\/wp-content\/uploads\/2021\/01\/190097-Clear-Skin-Start-Kit.jpg","type":"image\/jpeg"}],"twitter_card":"summary_large_image","twitter_misc":{"Estimeret l\u00e6setid":"1 minut"},"schema":{"@context":"https:\/\/schema.org","@graph":[{"@type":"WebPage","@id":"https:\/\/beconfident.com\/da\/produkt\/clear-skin-start-kit\/","url":"https:\/\/beconfident.com\/da\/produkt\/clear-skin-start-kit\/","name":"CLEAR SKIN START KIT - Beconfident","isPartOf":{"@id":"https:\/\/beconfident.com\/lv\/#website"},"primaryImageOfPage":{"@id":"https:\/\/beconfident.com\/da\/produkt\/clear-skin-start-kit\/#primaryimage"},"image":{"@id":"https:\/\/beconfident.com\/da\/produkt\/clear-skin-start-kit\/#primaryimage"},"thumbnailUrl":"https:\/\/beconfident.com\/wp-content\/uploads\/2021\/01\/190097-Clear-Skin-Start-Kit.jpg","datePublished":"2021-01-20T12:11:36+00:00","dateModified":"2023-03-24T13:22:11+00:00","breadcrumb":{"@id":"https:\/\/beconfident.com\/da\/produkt\/clear-skin-start-kit\/#breadcrumb"},"inLanguage":"da-DK","potentialAction":[{"@type":"ReadAction","target":["https:\/\/beconfident.com\/da\/produkt\/clear-skin-start-kit\/"]}]},{"@type":"ImageObject","inLanguage":"da-DK","@id":"https:\/\/beconfident.com\/da\/produkt\/clear-skin-start-kit\/#primaryimage","url":"https:\/\/beconfident.com\/wp-content\/uploads\/2021\/01\/190097-Clear-Skin-Start-Kit.jpg","contentUrl":"https:\/\/beconfident.com\/wp-content\/uploads\/2021\/01\/190097-Clear-Skin-Start-Kit.jpg","width":1000,"height":1000,"caption":"190097 Clear Skin Start Kit"},{"@type":"BreadcrumbList","@id":"https:\/\/beconfident.com\/da\/produkt\/clear-skin-start-kit\/#breadcrumb","itemListElement":[{"@type":"ListItem","position":1,"name":"Hem","item":"https:\/\/beconfident.com\/da\/"},{"@type":"ListItem","position":2,"name":"Webbutik","item":"https:\/\/beconfident.com\/da\/butik\/"},{"@type":"ListItem","position":3,"name":"CLEAR SKIN START KIT"}]},{"@type":"WebSite","@id":"https:\/\/beconfident.com\/lv\/#website","url":"https:\/\/beconfident.com\/lv\/","name":"Beconfident","description":"","potentialAction":[{"@type":"SearchAction","target":{"@type":"EntryPoint","urlTemplate":"https:\/\/beconfident.com\/lv\/?s={search_term_string}"},"query-input":{"@type":"PropertyValueSpecification","valueRequired":true,"valueName":"search_term_string"}}],"inLanguage":"da-DK"}]}},"_links":{"self":[{"href":"https:\/\/beconfident.com\/da\/wp-json\/wp\/v2\/product\/2622","targetHints":{"allow":["GET"]}}],"collection":[{"href":"https:\/\/beconfident.com\/da\/wp-json\/wp\/v2\/product"}],"about":[{"href":"https:\/\/beconfident.com\/da\/wp-json\/wp\/v2\/types\/product"}],"replies":[{"embeddable":true,"href":"https:\/\/beconfident.com\/da\/wp-json\/wp\/v2\/comments?post=2622"}],"wp:featuredmedia":[{"embeddable":true,"href":"https:\/\/beconfident.com\/da\/wp-json\/wp\/v2\/media\/1037"}],"wp:attachment":[{"href":"https:\/\/beconfident.com\/da\/wp-json\/wp\/v2\/media?parent=2622"}],"wp:term":[{"taxonomy":"product_brand","embeddable":true,"href":"https:\/\/beconfident.com\/da\/wp-json\/wp\/v2\/product_brand?post=2622"},{"taxonomy":"product_cat","embeddable":true,"href":"https:\/\/beconfident.com\/da\/wp-json\/wp\/v2\/product_cat?post=2622"},{"taxonomy":"product_tag","embeddable":true,"href":"https:\/\/beconfident.com\/da\/wp-json\/wp\/v2\/product_tag?post=2622"}],"curies":[{"name":"wp","href":"https:\/\/api.w.org\/{rel}","templated":true}]}}