{"id":2617,"date":"2021-01-11T10:04:36","date_gmt":"2021-01-11T09:04:36","guid":{"rendered":"https:\/\/beconfident.simplesmile.hemsida.eu\/produkt\/hyaluronic-anti-ageing-cream\/"},"modified":"2026-03-03T12:24:55","modified_gmt":"2026-03-03T11:24:55","slug":"hyaluronic-anti-ageing-cream","status":"publish","type":"product","link":"https:\/\/beconfident.com\/da\/produkt\/hyaluronic-anti-ageing-cream\/","title":{"rendered":"Hyaluronic Anti-ageing Cream 20 Ml"},"content":{"rendered":"<p>Beconfident\u00ae Hyaluronic Anti-Aging Cream indeholder en avanceret formel med beskyttende egenskaber, der b\u00e5de er fugtgivende og forhindrer tegn p\u00e5 aldring. Produktet indeholder Hylasome\u00ae EG 10, som er en ikke-animalsk hyaluronsyre, der er 50 gange mere vandbindende end almindelig hyaluronsyre og 5 gange mere fugtgivende efter 24 timer. Cremen genopbygger hudens elasticitet, samtidig med at den fugter i 24 timer takket v\u00e6re det h\u00f8je indhold af hyaluronsyre. E- og B5-vitamin fremskynder hudens heling, og gr\u00f8n te-ekstrakt tilf\u00f8rer antioxidanter, s\u00e5 huden f\u00f8les sund og frisk. Fremstillet i Sverige. Godkendt af apoteket. Registreret hos den svenske l\u00e6gemiddelstyrelse. Pakken indeholder 1 x Hyaluronic Anti-Agein Cream (20 ml) og brugsanvisning.<\/p>\n","protected":false},"excerpt":{"rendered":"<p>Fugtighedscreme, der modvirker rynker, pigmentpletter og genopbygger huden<\/p>\n","protected":false},"featured_media":986,"comment_status":"open","ping_status":"closed","template":"","meta":{"_acf_changed":false,"inline_featured_image":false,"_monsterinsights_skip_tracking":false,"_monsterinsights_sitenote_active":false,"_monsterinsights_sitenote_note":"","_monsterinsights_sitenote_category":0},"product_brand":[],"product_cat":[52],"product_tag":[],"class_list":{"0":"post-2617","1":"product","2":"type-product","3":"status-publish","4":"has-post-thumbnail","6":"product_cat-uncategorized-da","8":"first","9":"instock","10":"taxable","11":"shipping-taxable","12":"purchasable","13":"product-type-simple"},"acf":[],"shsp-ext":{"main":{},"variations":[]},"yoast_head":"<!-- This site is optimized with the Yoast SEO plugin v27.2 - https:\/\/yoast.com\/product\/yoast-seo-wordpress\/ -->\n<title>Hyaluronic Anti-ageing Cream 20 Ml - Beconfident<\/title>\n<meta name=\"robots\" content=\"index, follow, max-snippet:-1, max-image-preview:large, max-video-preview:-1\" \/>\n<link rel=\"canonical\" href=\"https:\/\/beconfident.com\/da\/produkt\/hyaluronic-anti-ageing-cream\/\" \/>\n<meta property=\"og:locale\" content=\"da_DK\" \/>\n<meta property=\"og:type\" content=\"article\" \/>\n<meta property=\"og:title\" content=\"Hyaluronic Anti-ageing Cream 20 Ml - Beconfident\" \/>\n<meta property=\"og:description\" content=\"Fugtighedscreme, der modvirker rynker, pigmentpletter og genopbygger huden\" \/>\n<meta property=\"og:url\" content=\"https:\/\/beconfident.com\/da\/produkt\/hyaluronic-anti-ageing-cream\/\" \/>\n<meta property=\"og:site_name\" content=\"Beconfident\" \/>\n<meta property=\"article:modified_time\" content=\"2026-03-03T11:24:55+00:00\" \/>\n<meta property=\"og:image\" content=\"https:\/\/beconfident.com\/wp-content\/uploads\/2021\/01\/180790-Hyaluronic-Anti-Ageing-Cream-20-ml.jpg\" \/>\n\t<meta property=\"og:image:width\" content=\"1000\" \/>\n\t<meta property=\"og:image:height\" content=\"1000\" \/>\n\t<meta property=\"og:image:type\" content=\"image\/jpeg\" \/>\n<meta name=\"twitter:card\" content=\"summary_large_image\" \/>\n<meta name=\"twitter:label1\" content=\"Estimeret l\u00e6setid\" \/>\n\t<meta name=\"twitter:data1\" content=\"1 minut\" \/>\n<script type=\"application\/ld+json\" class=\"yoast-schema-graph\">{\"@context\":\"https:\/\/schema.org\",\"@graph\":[{\"@type\":\"WebPage\",\"@id\":\"https:\/\/beconfident.com\/da\/produkt\/hyaluronic-anti-ageing-cream\/\",\"url\":\"https:\/\/beconfident.com\/da\/produkt\/hyaluronic-anti-ageing-cream\/\",\"name\":\"Hyaluronic Anti-ageing Cream 20 Ml - Beconfident\",\"isPartOf\":{\"@id\":\"https:\/\/beconfident.com\/lv\/#website\"},\"primaryImageOfPage\":{\"@id\":\"https:\/\/beconfident.com\/da\/produkt\/hyaluronic-anti-ageing-cream\/#primaryimage\"},\"image\":{\"@id\":\"https:\/\/beconfident.com\/da\/produkt\/hyaluronic-anti-ageing-cream\/#primaryimage\"},\"thumbnailUrl\":\"https:\/\/beconfident.com\/wp-content\/uploads\/2021\/01\/180790-Hyaluronic-Anti-Ageing-Cream-20-ml.jpg\",\"datePublished\":\"2021-01-11T09:04:36+00:00\",\"dateModified\":\"2026-03-03T11:24:55+00:00\",\"breadcrumb\":{\"@id\":\"https:\/\/beconfident.com\/da\/produkt\/hyaluronic-anti-ageing-cream\/#breadcrumb\"},\"inLanguage\":\"da-DK\",\"potentialAction\":[{\"@type\":\"ReadAction\",\"target\":[\"https:\/\/beconfident.com\/da\/produkt\/hyaluronic-anti-ageing-cream\/\"]}]},{\"@type\":\"ImageObject\",\"inLanguage\":\"da-DK\",\"@id\":\"https:\/\/beconfident.com\/da\/produkt\/hyaluronic-anti-ageing-cream\/#primaryimage\",\"url\":\"https:\/\/beconfident.com\/wp-content\/uploads\/2021\/01\/180790-Hyaluronic-Anti-Ageing-Cream-20-ml.jpg\",\"contentUrl\":\"https:\/\/beconfident.com\/wp-content\/uploads\/2021\/01\/180790-Hyaluronic-Anti-Ageing-Cream-20-ml.jpg\",\"width\":1000,\"height\":1000,\"caption\":\"180790 Hyaluronic Anti Ageing Cream 20 ml\"},{\"@type\":\"BreadcrumbList\",\"@id\":\"https:\/\/beconfident.com\/da\/produkt\/hyaluronic-anti-ageing-cream\/#breadcrumb\",\"itemListElement\":[{\"@type\":\"ListItem\",\"position\":1,\"name\":\"Hem\",\"item\":\"https:\/\/beconfident.com\/da\/\"},{\"@type\":\"ListItem\",\"position\":2,\"name\":\"Webbutik\",\"item\":\"https:\/\/beconfident.com\/da\/butik\/\"},{\"@type\":\"ListItem\",\"position\":3,\"name\":\"Hyaluronic Anti-ageing Cream 20 Ml\"}]},{\"@type\":\"WebSite\",\"@id\":\"https:\/\/beconfident.com\/lv\/#website\",\"url\":\"https:\/\/beconfident.com\/lv\/\",\"name\":\"Beconfident\",\"description\":\"\",\"potentialAction\":[{\"@type\":\"SearchAction\",\"target\":{\"@type\":\"EntryPoint\",\"urlTemplate\":\"https:\/\/beconfident.com\/lv\/?s={search_term_string}\"},\"query-input\":{\"@type\":\"PropertyValueSpecification\",\"valueRequired\":true,\"valueName\":\"search_term_string\"}}],\"inLanguage\":\"da-DK\"}]}<\/script>\n<!-- \/ Yoast SEO plugin. -->","yoast_head_json":{"title":"Hyaluronic Anti-ageing Cream 20 Ml - Beconfident","robots":{"index":"index","follow":"follow","max-snippet":"max-snippet:-1","max-image-preview":"max-image-preview:large","max-video-preview":"max-video-preview:-1"},"canonical":"https:\/\/beconfident.com\/da\/produkt\/hyaluronic-anti-ageing-cream\/","og_locale":"da_DK","og_type":"article","og_title":"Hyaluronic Anti-ageing Cream 20 Ml - Beconfident","og_description":"Fugtighedscreme, der modvirker rynker, pigmentpletter og genopbygger huden","og_url":"https:\/\/beconfident.com\/da\/produkt\/hyaluronic-anti-ageing-cream\/","og_site_name":"Beconfident","article_modified_time":"2026-03-03T11:24:55+00:00","og_image":[{"width":1000,"height":1000,"url":"https:\/\/beconfident.com\/wp-content\/uploads\/2021\/01\/180790-Hyaluronic-Anti-Ageing-Cream-20-ml.jpg","type":"image\/jpeg"}],"twitter_card":"summary_large_image","twitter_misc":{"Estimeret l\u00e6setid":"1 minut"},"schema":{"@context":"https:\/\/schema.org","@graph":[{"@type":"WebPage","@id":"https:\/\/beconfident.com\/da\/produkt\/hyaluronic-anti-ageing-cream\/","url":"https:\/\/beconfident.com\/da\/produkt\/hyaluronic-anti-ageing-cream\/","name":"Hyaluronic Anti-ageing Cream 20 Ml - Beconfident","isPartOf":{"@id":"https:\/\/beconfident.com\/lv\/#website"},"primaryImageOfPage":{"@id":"https:\/\/beconfident.com\/da\/produkt\/hyaluronic-anti-ageing-cream\/#primaryimage"},"image":{"@id":"https:\/\/beconfident.com\/da\/produkt\/hyaluronic-anti-ageing-cream\/#primaryimage"},"thumbnailUrl":"https:\/\/beconfident.com\/wp-content\/uploads\/2021\/01\/180790-Hyaluronic-Anti-Ageing-Cream-20-ml.jpg","datePublished":"2021-01-11T09:04:36+00:00","dateModified":"2026-03-03T11:24:55+00:00","breadcrumb":{"@id":"https:\/\/beconfident.com\/da\/produkt\/hyaluronic-anti-ageing-cream\/#breadcrumb"},"inLanguage":"da-DK","potentialAction":[{"@type":"ReadAction","target":["https:\/\/beconfident.com\/da\/produkt\/hyaluronic-anti-ageing-cream\/"]}]},{"@type":"ImageObject","inLanguage":"da-DK","@id":"https:\/\/beconfident.com\/da\/produkt\/hyaluronic-anti-ageing-cream\/#primaryimage","url":"https:\/\/beconfident.com\/wp-content\/uploads\/2021\/01\/180790-Hyaluronic-Anti-Ageing-Cream-20-ml.jpg","contentUrl":"https:\/\/beconfident.com\/wp-content\/uploads\/2021\/01\/180790-Hyaluronic-Anti-Ageing-Cream-20-ml.jpg","width":1000,"height":1000,"caption":"180790 Hyaluronic Anti Ageing Cream 20 ml"},{"@type":"BreadcrumbList","@id":"https:\/\/beconfident.com\/da\/produkt\/hyaluronic-anti-ageing-cream\/#breadcrumb","itemListElement":[{"@type":"ListItem","position":1,"name":"Hem","item":"https:\/\/beconfident.com\/da\/"},{"@type":"ListItem","position":2,"name":"Webbutik","item":"https:\/\/beconfident.com\/da\/butik\/"},{"@type":"ListItem","position":3,"name":"Hyaluronic Anti-ageing Cream 20 Ml"}]},{"@type":"WebSite","@id":"https:\/\/beconfident.com\/lv\/#website","url":"https:\/\/beconfident.com\/lv\/","name":"Beconfident","description":"","potentialAction":[{"@type":"SearchAction","target":{"@type":"EntryPoint","urlTemplate":"https:\/\/beconfident.com\/lv\/?s={search_term_string}"},"query-input":{"@type":"PropertyValueSpecification","valueRequired":true,"valueName":"search_term_string"}}],"inLanguage":"da-DK"}]}},"_links":{"self":[{"href":"https:\/\/beconfident.com\/da\/wp-json\/wp\/v2\/product\/2617","targetHints":{"allow":["GET"]}}],"collection":[{"href":"https:\/\/beconfident.com\/da\/wp-json\/wp\/v2\/product"}],"about":[{"href":"https:\/\/beconfident.com\/da\/wp-json\/wp\/v2\/types\/product"}],"replies":[{"embeddable":true,"href":"https:\/\/beconfident.com\/da\/wp-json\/wp\/v2\/comments?post=2617"}],"wp:featuredmedia":[{"embeddable":true,"href":"https:\/\/beconfident.com\/da\/wp-json\/wp\/v2\/media\/986"}],"wp:attachment":[{"href":"https:\/\/beconfident.com\/da\/wp-json\/wp\/v2\/media?parent=2617"}],"wp:term":[{"taxonomy":"product_brand","embeddable":true,"href":"https:\/\/beconfident.com\/da\/wp-json\/wp\/v2\/product_brand?post=2617"},{"taxonomy":"product_cat","embeddable":true,"href":"https:\/\/beconfident.com\/da\/wp-json\/wp\/v2\/product_cat?post=2617"},{"taxonomy":"product_tag","embeddable":true,"href":"https:\/\/beconfident.com\/da\/wp-json\/wp\/v2\/product_tag?post=2617"}],"curies":[{"name":"wp","href":"https:\/\/api.w.org\/{rel}","templated":true}]}}