{"id":2615,"date":"2021-01-11T10:04:36","date_gmt":"2021-01-20T12:11:54","guid":{"rendered":"https:\/\/beconfident.simplesmile.hemsida.eu\/produkt\/revitalizing-boost-serum\/"},"modified":"2026-03-04T11:17:20","modified_gmt":"2026-03-04T10:17:20","slug":"revitalizing-boost-serum","status":"publish","type":"product","link":"https:\/\/beconfident.com\/da\/produkt\/revitalizing-boost-serum\/","title":{"rendered":"Revitalizing Boost Serum"},"content":{"rendered":"<p>Beconfident\u00ae Med Revitalizing Boost Serum starter du dagen med et boost af energi og forbereder din hud mod eksterne stressfaktorer. Revitalizing Boost Serum indeholder Hylasome\u00ae EG 10, som er en ikke-animalsk afledt hyaluronsyre, der er 50 gange mere vandbindende end almindelig hyaluronsyre og 5 gange mere fugtgivende efter 24 timer. Den indeholder ogs\u00e5 panthenol, som i kontakt med huden omdannes til pantothensyre (vitamin B5). Pantothensyre virker som en fugtgiver ved at tilf\u00f8re vand dybt ind i cellerne. Klinisk forskning har ogs\u00e5 vist, at det ikke kun er fugtgivende, men n\u00e5r det bruges regelm\u00e6ssigt, har det en antiinflammatorisk funktion og kan lindre kl\u00f8e, samtidig med at det hj\u00e6lper med at berolige t\u00f8r og irriteret hud.<\/p>\n<p>Ligesom Cleanser Antioxidant indeholder Revitalizing Boost Serum ogs\u00e5 \u00f8kologisk gr\u00f8n te-ekstrakt, men ogs\u00e5 Superox-C, der kommer fra Kadadu-blomme, som er en s\u00e5kaldt superfrugt. Superox-C hj\u00e6lper med at reducere fine linjer, rynker og udj\u00e6vne hudtonen takket v\u00e6re det h\u00f8je indhold af vitamin C. P\u00e5 denne m\u00e5de v\u00e6kkes dine naturlige antioxidanter, og dette intelligente boost vil genopbygge din hud som aldrig f\u00f8r. Fungerer ogs\u00e5 perfekt efter en microneedling- eller dermaroller-behandling. Serummet er pakket i vores airless-flaske, s\u00e5 det bevarer sin effektivitet og forbliver hygiejnisk.<\/p>\n","protected":false},"excerpt":{"rendered":"<p>Vitaminrige serum, der fugter, beskytter og styrker huden<\/p>\n","protected":false},"featured_media":1018,"comment_status":"open","ping_status":"closed","template":"","meta":{"_acf_changed":false,"inline_featured_image":false,"_monsterinsights_skip_tracking":false,"_monsterinsights_sitenote_active":false,"_monsterinsights_sitenote_note":"","_monsterinsights_sitenote_category":0},"product_brand":[],"product_cat":[52],"product_tag":[],"class_list":{"0":"post-2615","1":"product","2":"type-product","3":"status-publish","4":"has-post-thumbnail","6":"product_cat-uncategorized-da","8":"first","9":"outofstock","10":"taxable","11":"shipping-taxable","12":"purchasable","13":"product-type-simple"},"acf":[],"shsp-ext":{"main":{},"variations":[]},"yoast_head":"<!-- This site is optimized with the Yoast SEO plugin v27.2 - https:\/\/yoast.com\/product\/yoast-seo-wordpress\/ -->\n<title>Revitalizing Boost Serum - Beconfident<\/title>\n<meta name=\"robots\" content=\"index, follow, max-snippet:-1, max-image-preview:large, max-video-preview:-1\" \/>\n<link rel=\"canonical\" href=\"https:\/\/beconfident.com\/da\/produkt\/revitalizing-boost-serum\/\" \/>\n<meta property=\"og:locale\" content=\"da_DK\" \/>\n<meta property=\"og:type\" content=\"article\" \/>\n<meta property=\"og:title\" content=\"Revitalizing Boost Serum - Beconfident\" \/>\n<meta property=\"og:description\" content=\"Vitaminrige serum, der fugter, beskytter og styrker huden\" \/>\n<meta property=\"og:url\" content=\"https:\/\/beconfident.com\/da\/produkt\/revitalizing-boost-serum\/\" \/>\n<meta property=\"og:site_name\" content=\"Beconfident\" \/>\n<meta property=\"article:modified_time\" content=\"2026-03-04T10:17:20+00:00\" \/>\n<meta property=\"og:image\" content=\"https:\/\/beconfident.com\/wp-content\/uploads\/2021\/01\/181098-Revitalizing-Boost-Serum.jpg\" \/>\n\t<meta property=\"og:image:width\" content=\"1000\" \/>\n\t<meta property=\"og:image:height\" content=\"1000\" \/>\n\t<meta property=\"og:image:type\" content=\"image\/jpeg\" \/>\n<meta name=\"twitter:card\" content=\"summary_large_image\" \/>\n<meta name=\"twitter:label1\" content=\"Estimeret l\u00e6setid\" \/>\n\t<meta name=\"twitter:data1\" content=\"1 minut\" \/>\n<script type=\"application\/ld+json\" class=\"yoast-schema-graph\">{\"@context\":\"https:\/\/schema.org\",\"@graph\":[{\"@type\":\"WebPage\",\"@id\":\"https:\/\/beconfident.com\/da\/produkt\/revitalizing-boost-serum\/\",\"url\":\"https:\/\/beconfident.com\/da\/produkt\/revitalizing-boost-serum\/\",\"name\":\"Revitalizing Boost Serum - Beconfident\",\"isPartOf\":{\"@id\":\"https:\/\/beconfident.com\/lv\/#website\"},\"primaryImageOfPage\":{\"@id\":\"https:\/\/beconfident.com\/da\/produkt\/revitalizing-boost-serum\/#primaryimage\"},\"image\":{\"@id\":\"https:\/\/beconfident.com\/da\/produkt\/revitalizing-boost-serum\/#primaryimage\"},\"thumbnailUrl\":\"https:\/\/beconfident.com\/wp-content\/uploads\/2021\/01\/181098-Revitalizing-Boost-Serum.jpg\",\"datePublished\":\"2021-01-20T12:11:54+00:00\",\"dateModified\":\"2026-03-04T10:17:20+00:00\",\"breadcrumb\":{\"@id\":\"https:\/\/beconfident.com\/da\/produkt\/revitalizing-boost-serum\/#breadcrumb\"},\"inLanguage\":\"da-DK\",\"potentialAction\":[{\"@type\":\"ReadAction\",\"target\":[\"https:\/\/beconfident.com\/da\/produkt\/revitalizing-boost-serum\/\"]}]},{\"@type\":\"ImageObject\",\"inLanguage\":\"da-DK\",\"@id\":\"https:\/\/beconfident.com\/da\/produkt\/revitalizing-boost-serum\/#primaryimage\",\"url\":\"https:\/\/beconfident.com\/wp-content\/uploads\/2021\/01\/181098-Revitalizing-Boost-Serum.jpg\",\"contentUrl\":\"https:\/\/beconfident.com\/wp-content\/uploads\/2021\/01\/181098-Revitalizing-Boost-Serum.jpg\",\"width\":1000,\"height\":1000,\"caption\":\"181098 Revitalizing Boost Serum\"},{\"@type\":\"BreadcrumbList\",\"@id\":\"https:\/\/beconfident.com\/da\/produkt\/revitalizing-boost-serum\/#breadcrumb\",\"itemListElement\":[{\"@type\":\"ListItem\",\"position\":1,\"name\":\"Hem\",\"item\":\"https:\/\/beconfident.com\/da\/\"},{\"@type\":\"ListItem\",\"position\":2,\"name\":\"Webbutik\",\"item\":\"https:\/\/beconfident.com\/da\/butik\/\"},{\"@type\":\"ListItem\",\"position\":3,\"name\":\"Revitalizing Boost Serum\"}]},{\"@type\":\"WebSite\",\"@id\":\"https:\/\/beconfident.com\/lv\/#website\",\"url\":\"https:\/\/beconfident.com\/lv\/\",\"name\":\"Beconfident\",\"description\":\"\",\"potentialAction\":[{\"@type\":\"SearchAction\",\"target\":{\"@type\":\"EntryPoint\",\"urlTemplate\":\"https:\/\/beconfident.com\/lv\/?s={search_term_string}\"},\"query-input\":{\"@type\":\"PropertyValueSpecification\",\"valueRequired\":true,\"valueName\":\"search_term_string\"}}],\"inLanguage\":\"da-DK\"}]}<\/script>\n<!-- \/ Yoast SEO plugin. -->","yoast_head_json":{"title":"Revitalizing Boost Serum - Beconfident","robots":{"index":"index","follow":"follow","max-snippet":"max-snippet:-1","max-image-preview":"max-image-preview:large","max-video-preview":"max-video-preview:-1"},"canonical":"https:\/\/beconfident.com\/da\/produkt\/revitalizing-boost-serum\/","og_locale":"da_DK","og_type":"article","og_title":"Revitalizing Boost Serum - Beconfident","og_description":"Vitaminrige serum, der fugter, beskytter og styrker huden","og_url":"https:\/\/beconfident.com\/da\/produkt\/revitalizing-boost-serum\/","og_site_name":"Beconfident","article_modified_time":"2026-03-04T10:17:20+00:00","og_image":[{"width":1000,"height":1000,"url":"https:\/\/beconfident.com\/wp-content\/uploads\/2021\/01\/181098-Revitalizing-Boost-Serum.jpg","type":"image\/jpeg"}],"twitter_card":"summary_large_image","twitter_misc":{"Estimeret l\u00e6setid":"1 minut"},"schema":{"@context":"https:\/\/schema.org","@graph":[{"@type":"WebPage","@id":"https:\/\/beconfident.com\/da\/produkt\/revitalizing-boost-serum\/","url":"https:\/\/beconfident.com\/da\/produkt\/revitalizing-boost-serum\/","name":"Revitalizing Boost Serum - Beconfident","isPartOf":{"@id":"https:\/\/beconfident.com\/lv\/#website"},"primaryImageOfPage":{"@id":"https:\/\/beconfident.com\/da\/produkt\/revitalizing-boost-serum\/#primaryimage"},"image":{"@id":"https:\/\/beconfident.com\/da\/produkt\/revitalizing-boost-serum\/#primaryimage"},"thumbnailUrl":"https:\/\/beconfident.com\/wp-content\/uploads\/2021\/01\/181098-Revitalizing-Boost-Serum.jpg","datePublished":"2021-01-20T12:11:54+00:00","dateModified":"2026-03-04T10:17:20+00:00","breadcrumb":{"@id":"https:\/\/beconfident.com\/da\/produkt\/revitalizing-boost-serum\/#breadcrumb"},"inLanguage":"da-DK","potentialAction":[{"@type":"ReadAction","target":["https:\/\/beconfident.com\/da\/produkt\/revitalizing-boost-serum\/"]}]},{"@type":"ImageObject","inLanguage":"da-DK","@id":"https:\/\/beconfident.com\/da\/produkt\/revitalizing-boost-serum\/#primaryimage","url":"https:\/\/beconfident.com\/wp-content\/uploads\/2021\/01\/181098-Revitalizing-Boost-Serum.jpg","contentUrl":"https:\/\/beconfident.com\/wp-content\/uploads\/2021\/01\/181098-Revitalizing-Boost-Serum.jpg","width":1000,"height":1000,"caption":"181098 Revitalizing Boost Serum"},{"@type":"BreadcrumbList","@id":"https:\/\/beconfident.com\/da\/produkt\/revitalizing-boost-serum\/#breadcrumb","itemListElement":[{"@type":"ListItem","position":1,"name":"Hem","item":"https:\/\/beconfident.com\/da\/"},{"@type":"ListItem","position":2,"name":"Webbutik","item":"https:\/\/beconfident.com\/da\/butik\/"},{"@type":"ListItem","position":3,"name":"Revitalizing Boost Serum"}]},{"@type":"WebSite","@id":"https:\/\/beconfident.com\/lv\/#website","url":"https:\/\/beconfident.com\/lv\/","name":"Beconfident","description":"","potentialAction":[{"@type":"SearchAction","target":{"@type":"EntryPoint","urlTemplate":"https:\/\/beconfident.com\/lv\/?s={search_term_string}"},"query-input":{"@type":"PropertyValueSpecification","valueRequired":true,"valueName":"search_term_string"}}],"inLanguage":"da-DK"}]}},"_links":{"self":[{"href":"https:\/\/beconfident.com\/da\/wp-json\/wp\/v2\/product\/2615","targetHints":{"allow":["GET"]}}],"collection":[{"href":"https:\/\/beconfident.com\/da\/wp-json\/wp\/v2\/product"}],"about":[{"href":"https:\/\/beconfident.com\/da\/wp-json\/wp\/v2\/types\/product"}],"replies":[{"embeddable":true,"href":"https:\/\/beconfident.com\/da\/wp-json\/wp\/v2\/comments?post=2615"}],"wp:featuredmedia":[{"embeddable":true,"href":"https:\/\/beconfident.com\/da\/wp-json\/wp\/v2\/media\/1018"}],"wp:attachment":[{"href":"https:\/\/beconfident.com\/da\/wp-json\/wp\/v2\/media?parent=2615"}],"wp:term":[{"taxonomy":"product_brand","embeddable":true,"href":"https:\/\/beconfident.com\/da\/wp-json\/wp\/v2\/product_brand?post=2615"},{"taxonomy":"product_cat","embeddable":true,"href":"https:\/\/beconfident.com\/da\/wp-json\/wp\/v2\/product_cat?post=2615"},{"taxonomy":"product_tag","embeddable":true,"href":"https:\/\/beconfident.com\/da\/wp-json\/wp\/v2\/product_tag?post=2615"}],"curies":[{"name":"wp","href":"https:\/\/api.w.org\/{rel}","templated":true}]}}