{"id":24952,"date":"2021-08-16T08:43:51","date_gmt":"2021-08-16T06:43:51","guid":{"rendered":"http:\/\/beconfident.beconfident.hemsida.eu\/produkt\/silver-sonic-whitening-elektrisk-tandborste-hvid-silver\/"},"modified":"2026-03-22T23:35:37","modified_gmt":"2026-03-22T22:35:37","slug":"silver-sonic-whitening-elektrisk-tandborste-hvid-silver","status":"publish","type":"product","link":"https:\/\/beconfident.com\/da\/produkt\/silver-sonic-whitening-elektrisk-tandborste-hvid-silver\/","title":{"rendered":"Sonic Silver Whitening Elektrisk Tandb\u00f8rste Hvid\/Silver"},"content":{"rendered":"<p>Beconfident\u00ae Sonic Silver Tandb\u00f8rste Hvid \/ s\u00f8lv: Sonic Whitening Electric Toothbrush vibrerer med 38.000 svingninger \/ 76.000 bev\u00e6gelser i minuttet og er klinisk bevist at fjerne plak 62% bedre end en manuel tandb\u00f8rste. Ud over den mekaniske b\u00f8rstning skaber de soniske vibrationer, sammen med tandpasta og spyt, hvirvler, der giver en sekund\u00e6r reng\u00f8ringseffekt og hj\u00e6lper med at fjerne plak, selv hvor b\u00f8rsten ikke kan n\u00e5. Den effektive mekaniske behandling fjerner ogs\u00e5 pletter, bleger t\u00e6nderne og giver den samme reng\u00f8ringseffekt som efter et bes\u00f8g hos tandplejeren. Sonic Whitening Electric Toothbrush leveres med 1 almindeligt b\u00f8rstehoved (der er Whitening- og Soft-versioner, der passer) og kan indstilles til 3 forskellige tilstande: Sensitive, Clean og Whitening. En timer signalerer hvert 30. sekund for at sikre, at alle fire kvadranter i munden bliver rengjort lige meget, og den slukker automatisk efter i alt to minutter. Det indbyggede genopladelige batteri er hurtigopladeligt og genoplades helt p\u00e5 6 timer i hele 90 dage, n\u00e5r der b\u00f8rstes i fire minutter om dagen. Pakken indeholder et Sonic Regular-tandb\u00f8rstehoved, et kabel til DC (direkte forbindelse) til USB-oplader (medf\u00f8lger ikke) og en brugsanvisning. Tandb\u00f8rstehovedet er udviklet til og passer kun til Beconfident\u00ae elektriske tandb\u00f8rster.<\/p>\n","protected":false},"excerpt":{"rendered":"<p>Beconfident Sonic Whitening tandb\u00f8rster hvid \/ rosaguld. Komplet med 1 almindeligt b\u00f8rstehoved,\u00a0 kabel til USB-oplader og manual.<\/p>\n","protected":false},"featured_media":58655,"comment_status":"open","ping_status":"closed","template":"","meta":{"_acf_changed":false,"inline_featured_image":false,"_monsterinsights_skip_tracking":false,"_monsterinsights_sitenote_active":false,"_monsterinsights_sitenote_note":"","_monsterinsights_sitenote_category":0},"product_brand":[],"product_cat":[726,230,108],"product_tag":[],"class_list":{"0":"post-24952","1":"product","2":"type-product","3":"status-publish","4":"has-post-thumbnail","6":"product_cat-alle-produkter","7":"product_cat-elektriske-tandboerster","8":"product_cat-sonic-elektriske-tandborster-da","10":"first","11":"instock","12":"featured","13":"taxable","14":"shipping-taxable","15":"purchasable","16":"product-type-simple"},"acf":[],"shsp-ext":{"main":{},"variations":[]},"yoast_head":"<!-- This site is optimized with the Yoast SEO plugin v27.2 - https:\/\/yoast.com\/product\/yoast-seo-wordpress\/ -->\n<title>Sonic Silver Whitening Elektrisk Tandb\u00f8rste Hvid\/Silver - Beconfident<\/title>\n<meta name=\"robots\" content=\"index, follow, max-snippet:-1, max-image-preview:large, max-video-preview:-1\" \/>\n<link rel=\"canonical\" href=\"https:\/\/beconfident.com\/da\/produkt\/silver-sonic-whitening-elektrisk-tandborste-hvid-silver\/\" \/>\n<meta property=\"og:locale\" content=\"da_DK\" \/>\n<meta property=\"og:type\" content=\"article\" \/>\n<meta property=\"og:title\" content=\"Sonic Silver Whitening Elektrisk Tandb\u00f8rste Hvid\/Silver - Beconfident\" \/>\n<meta property=\"og:description\" content=\"Beconfident Sonic Whitening tandb\u00f8rster hvid \/ rosaguld. Komplet med 1 almindeligt b\u00f8rstehoved,\u00a0 kabel til USB-oplader og manual.\" \/>\n<meta property=\"og:url\" content=\"https:\/\/beconfident.com\/da\/produkt\/silver-sonic-whitening-elektrisk-tandborste-hvid-silver\/\" \/>\n<meta property=\"og:site_name\" content=\"Beconfident\" \/>\n<meta property=\"article:modified_time\" content=\"2026-03-22T22:35:37+00:00\" \/>\n<meta property=\"og:image\" content=\"https:\/\/beconfident.com\/wp-content\/uploads\/2021\/08\/Sonic-toothbrush-old.jpg\" \/>\n\t<meta property=\"og:image:width\" content=\"2000\" \/>\n\t<meta property=\"og:image:height\" content=\"2000\" \/>\n\t<meta property=\"og:image:type\" content=\"image\/jpeg\" \/>\n<meta name=\"twitter:card\" content=\"summary_large_image\" \/>\n<meta name=\"twitter:label1\" content=\"Estimeret l\u00e6setid\" \/>\n\t<meta name=\"twitter:data1\" content=\"2 minutter\" \/>\n<script type=\"application\/ld+json\" class=\"yoast-schema-graph\">{\"@context\":\"https:\/\/schema.org\",\"@graph\":[{\"@type\":\"WebPage\",\"@id\":\"https:\/\/beconfident.com\/da\/produkt\/silver-sonic-whitening-elektrisk-tandborste-hvid-silver\/\",\"url\":\"https:\/\/beconfident.com\/da\/produkt\/silver-sonic-whitening-elektrisk-tandborste-hvid-silver\/\",\"name\":\"Sonic Silver Whitening Elektrisk Tandb\u00f8rste Hvid\/Silver - Beconfident\",\"isPartOf\":{\"@id\":\"https:\/\/beconfident.com\/lv\/#website\"},\"primaryImageOfPage\":{\"@id\":\"https:\/\/beconfident.com\/da\/produkt\/silver-sonic-whitening-elektrisk-tandborste-hvid-silver\/#primaryimage\"},\"image\":{\"@id\":\"https:\/\/beconfident.com\/da\/produkt\/silver-sonic-whitening-elektrisk-tandborste-hvid-silver\/#primaryimage\"},\"thumbnailUrl\":\"https:\/\/beconfident.com\/wp-content\/uploads\/2021\/08\/Sonic-toothbrush-old.jpg\",\"datePublished\":\"2021-08-16T06:43:51+00:00\",\"dateModified\":\"2026-03-22T22:35:37+00:00\",\"breadcrumb\":{\"@id\":\"https:\/\/beconfident.com\/da\/produkt\/silver-sonic-whitening-elektrisk-tandborste-hvid-silver\/#breadcrumb\"},\"inLanguage\":\"da-DK\",\"potentialAction\":[{\"@type\":\"ReadAction\",\"target\":[\"https:\/\/beconfident.com\/da\/produkt\/silver-sonic-whitening-elektrisk-tandborste-hvid-silver\/\"]}]},{\"@type\":\"ImageObject\",\"inLanguage\":\"da-DK\",\"@id\":\"https:\/\/beconfident.com\/da\/produkt\/silver-sonic-whitening-elektrisk-tandborste-hvid-silver\/#primaryimage\",\"url\":\"https:\/\/beconfident.com\/wp-content\/uploads\/2021\/08\/Sonic-toothbrush-old.jpg\",\"contentUrl\":\"https:\/\/beconfident.com\/wp-content\/uploads\/2021\/08\/Sonic-toothbrush-old.jpg\",\"width\":2000,\"height\":2000},{\"@type\":\"BreadcrumbList\",\"@id\":\"https:\/\/beconfident.com\/da\/produkt\/silver-sonic-whitening-elektrisk-tandborste-hvid-silver\/#breadcrumb\",\"itemListElement\":[{\"@type\":\"ListItem\",\"position\":1,\"name\":\"Hem\",\"item\":\"https:\/\/beconfident.com\/da\/\"},{\"@type\":\"ListItem\",\"position\":2,\"name\":\"Webbutik\",\"item\":\"https:\/\/beconfident.com\/da\/butik\/\"},{\"@type\":\"ListItem\",\"position\":3,\"name\":\"Sonic Silver Whitening Elektrisk Tandb\u00f8rste Hvid\/Silver\"}]},{\"@type\":\"WebSite\",\"@id\":\"https:\/\/beconfident.com\/lv\/#website\",\"url\":\"https:\/\/beconfident.com\/lv\/\",\"name\":\"Beconfident\",\"description\":\"\",\"potentialAction\":[{\"@type\":\"SearchAction\",\"target\":{\"@type\":\"EntryPoint\",\"urlTemplate\":\"https:\/\/beconfident.com\/lv\/?s={search_term_string}\"},\"query-input\":{\"@type\":\"PropertyValueSpecification\",\"valueRequired\":true,\"valueName\":\"search_term_string\"}}],\"inLanguage\":\"da-DK\"}]}<\/script>\n<!-- \/ Yoast SEO plugin. -->","yoast_head_json":{"title":"Sonic Silver Whitening Elektrisk Tandb\u00f8rste Hvid\/Silver - Beconfident","robots":{"index":"index","follow":"follow","max-snippet":"max-snippet:-1","max-image-preview":"max-image-preview:large","max-video-preview":"max-video-preview:-1"},"canonical":"https:\/\/beconfident.com\/da\/produkt\/silver-sonic-whitening-elektrisk-tandborste-hvid-silver\/","og_locale":"da_DK","og_type":"article","og_title":"Sonic Silver Whitening Elektrisk Tandb\u00f8rste Hvid\/Silver - Beconfident","og_description":"Beconfident Sonic Whitening tandb\u00f8rster hvid \/ rosaguld. Komplet med 1 almindeligt b\u00f8rstehoved,\u00a0 kabel til USB-oplader og manual.","og_url":"https:\/\/beconfident.com\/da\/produkt\/silver-sonic-whitening-elektrisk-tandborste-hvid-silver\/","og_site_name":"Beconfident","article_modified_time":"2026-03-22T22:35:37+00:00","og_image":[{"width":2000,"height":2000,"url":"https:\/\/beconfident.com\/wp-content\/uploads\/2021\/08\/Sonic-toothbrush-old.jpg","type":"image\/jpeg"}],"twitter_card":"summary_large_image","twitter_misc":{"Estimeret l\u00e6setid":"2 minutter"},"schema":{"@context":"https:\/\/schema.org","@graph":[{"@type":"WebPage","@id":"https:\/\/beconfident.com\/da\/produkt\/silver-sonic-whitening-elektrisk-tandborste-hvid-silver\/","url":"https:\/\/beconfident.com\/da\/produkt\/silver-sonic-whitening-elektrisk-tandborste-hvid-silver\/","name":"Sonic Silver Whitening Elektrisk Tandb\u00f8rste Hvid\/Silver - Beconfident","isPartOf":{"@id":"https:\/\/beconfident.com\/lv\/#website"},"primaryImageOfPage":{"@id":"https:\/\/beconfident.com\/da\/produkt\/silver-sonic-whitening-elektrisk-tandborste-hvid-silver\/#primaryimage"},"image":{"@id":"https:\/\/beconfident.com\/da\/produkt\/silver-sonic-whitening-elektrisk-tandborste-hvid-silver\/#primaryimage"},"thumbnailUrl":"https:\/\/beconfident.com\/wp-content\/uploads\/2021\/08\/Sonic-toothbrush-old.jpg","datePublished":"2021-08-16T06:43:51+00:00","dateModified":"2026-03-22T22:35:37+00:00","breadcrumb":{"@id":"https:\/\/beconfident.com\/da\/produkt\/silver-sonic-whitening-elektrisk-tandborste-hvid-silver\/#breadcrumb"},"inLanguage":"da-DK","potentialAction":[{"@type":"ReadAction","target":["https:\/\/beconfident.com\/da\/produkt\/silver-sonic-whitening-elektrisk-tandborste-hvid-silver\/"]}]},{"@type":"ImageObject","inLanguage":"da-DK","@id":"https:\/\/beconfident.com\/da\/produkt\/silver-sonic-whitening-elektrisk-tandborste-hvid-silver\/#primaryimage","url":"https:\/\/beconfident.com\/wp-content\/uploads\/2021\/08\/Sonic-toothbrush-old.jpg","contentUrl":"https:\/\/beconfident.com\/wp-content\/uploads\/2021\/08\/Sonic-toothbrush-old.jpg","width":2000,"height":2000},{"@type":"BreadcrumbList","@id":"https:\/\/beconfident.com\/da\/produkt\/silver-sonic-whitening-elektrisk-tandborste-hvid-silver\/#breadcrumb","itemListElement":[{"@type":"ListItem","position":1,"name":"Hem","item":"https:\/\/beconfident.com\/da\/"},{"@type":"ListItem","position":2,"name":"Webbutik","item":"https:\/\/beconfident.com\/da\/butik\/"},{"@type":"ListItem","position":3,"name":"Sonic Silver Whitening Elektrisk Tandb\u00f8rste Hvid\/Silver"}]},{"@type":"WebSite","@id":"https:\/\/beconfident.com\/lv\/#website","url":"https:\/\/beconfident.com\/lv\/","name":"Beconfident","description":"","potentialAction":[{"@type":"SearchAction","target":{"@type":"EntryPoint","urlTemplate":"https:\/\/beconfident.com\/lv\/?s={search_term_string}"},"query-input":{"@type":"PropertyValueSpecification","valueRequired":true,"valueName":"search_term_string"}}],"inLanguage":"da-DK"}]}},"_links":{"self":[{"href":"https:\/\/beconfident.com\/da\/wp-json\/wp\/v2\/product\/24952","targetHints":{"allow":["GET"]}}],"collection":[{"href":"https:\/\/beconfident.com\/da\/wp-json\/wp\/v2\/product"}],"about":[{"href":"https:\/\/beconfident.com\/da\/wp-json\/wp\/v2\/types\/product"}],"replies":[{"embeddable":true,"href":"https:\/\/beconfident.com\/da\/wp-json\/wp\/v2\/comments?post=24952"}],"wp:featuredmedia":[{"embeddable":true,"href":"https:\/\/beconfident.com\/da\/wp-json\/wp\/v2\/media\/58655"}],"wp:attachment":[{"href":"https:\/\/beconfident.com\/da\/wp-json\/wp\/v2\/media?parent=24952"}],"wp:term":[{"taxonomy":"product_brand","embeddable":true,"href":"https:\/\/beconfident.com\/da\/wp-json\/wp\/v2\/product_brand?post=24952"},{"taxonomy":"product_cat","embeddable":true,"href":"https:\/\/beconfident.com\/da\/wp-json\/wp\/v2\/product_cat?post=24952"},{"taxonomy":"product_tag","embeddable":true,"href":"https:\/\/beconfident.com\/da\/wp-json\/wp\/v2\/product_tag?post=24952"}],"curies":[{"name":"wp","href":"https:\/\/api.w.org\/{rel}","templated":true}]}}