{"id":16267,"date":"2021-01-11T10:04:26","date_gmt":"2021-01-11T09:04:26","guid":{"rendered":"http:\/\/beconfident.beconfident.hemsida.eu\/produkt\/tooth-gloss-mint-10-ml\/"},"modified":"2025-05-31T16:52:35","modified_gmt":"2025-05-31T14:52:35","slug":"tooth-gloss-mint-10-ml","status":"publish","type":"product","link":"https:\/\/beconfident.com\/ch_fr\/produkt\/tooth-gloss-mint-10-ml\/","title":{"rendered":"TOOTH GLOSS MENTHE 10 ML"},"content":{"rendered":"<p>Avec le dentifrice Beconfident\u00ae, les dents re\u00e7oivent une brillance fantastique gr\u00e2ce \u00e0 une formule brevet\u00e9e. Le dentifrice donne non seulement un beau sourire, il prot\u00e8ge \u00e9galement efficacement les dents contre les boissons color\u00e9es et les d\u00e9colorations et est donc excellent comme protection apr\u00e8s le blanchiment des dents. Le dentifrice Beconfident peut \u00eatre utilis\u00e9 quotidiennement ou pour des occasions o\u00f9 vous souhaitez afficher votre plus beau sourire.<\/p>\n<p>Application: pour les adultes et les enfants de plus de 12 ans: pour de meilleurs r\u00e9sultats, appliquez une fine m\u00e8che de Tooth Gloss sur la brosse \u00e0 dents et brossez normalement si n\u00e9cessaire. Le produit peut \u00e9galement \u00eatre appliqu\u00e9 du bout des doigts. L&#8217;emballage contient 1 x Tooth Gloss (10 ml) et des instructions d&#8217;utilisation.<\/p>\n","protected":false},"excerpt":{"rendered":"<p>Tooth Gloss qui prot\u00e8ge efficacement les dents de la d\u00e9coloration et donne aux dents une belle brillance.<\/p>\n","protected":false},"featured_media":16268,"comment_status":"open","ping_status":"closed","template":"","meta":{"_acf_changed":false,"inline_featured_image":false,"_monsterinsights_skip_tracking":false,"_monsterinsights_sitenote_active":false,"_monsterinsights_sitenote_note":"","_monsterinsights_sitenote_category":0},"product_brand":[],"product_cat":[721,459],"product_tag":[],"class_list":{"0":"post-16267","1":"product","2":"type-product","3":"status-publish","4":"has-post-thumbnail","6":"product_cat-alla-produkter-ch_fr","7":"product_cat-underhall-fr-ch_fr","9":"first","10":"instock","11":"taxable","12":"shipping-taxable","13":"purchasable","14":"product-type-simple"},"acf":[],"shsp-ext":{"main":{},"variations":[]},"yoast_head":"<!-- This site is optimized with the Yoast SEO plugin v27.2 - https:\/\/yoast.com\/product\/yoast-seo-wordpress\/ -->\n<title>TOOTH GLOSS MENTHE 10 ML - Beconfident<\/title>\n<meta name=\"robots\" content=\"index, follow, max-snippet:-1, max-image-preview:large, max-video-preview:-1\" \/>\n<link rel=\"canonical\" href=\"https:\/\/beconfident.com\/ch_fr\/produkt\/tooth-gloss-mint-10-ml\/\" \/>\n<meta property=\"og:locale\" content=\"en_US\" \/>\n<meta property=\"og:type\" content=\"article\" \/>\n<meta property=\"og:title\" content=\"TOOTH GLOSS MENTHE 10 ML - Beconfident\" \/>\n<meta property=\"og:description\" content=\"Tooth Gloss qui prot\u00e8ge efficacement les dents de la d\u00e9coloration et donne aux dents une belle brillance.\" \/>\n<meta property=\"og:url\" content=\"https:\/\/beconfident.com\/ch_fr\/produkt\/tooth-gloss-mint-10-ml\/\" \/>\n<meta property=\"og:site_name\" content=\"Beconfident\" \/>\n<meta property=\"article:modified_time\" content=\"2025-05-31T14:52:35+00:00\" \/>\n<meta property=\"og:image\" content=\"https:\/\/beconfident.com\/wp-content\/uploads\/2021\/01\/140198-Tooth-Gloss-Mint-10ml.jpg\" \/>\n\t<meta property=\"og:image:width\" content=\"700\" \/>\n\t<meta property=\"og:image:height\" content=\"700\" \/>\n\t<meta property=\"og:image:type\" content=\"image\/jpeg\" \/>\n<meta name=\"twitter:card\" content=\"summary_large_image\" \/>\n<meta name=\"twitter:label1\" content=\"Est. reading time\" \/>\n\t<meta name=\"twitter:data1\" content=\"1 minute\" \/>\n<script type=\"application\/ld+json\" class=\"yoast-schema-graph\">{\"@context\":\"https:\/\/schema.org\",\"@graph\":[{\"@type\":\"WebPage\",\"@id\":\"https:\/\/beconfident.com\/ch_fr\/produkt\/tooth-gloss-mint-10-ml\/\",\"url\":\"https:\/\/beconfident.com\/ch_fr\/produkt\/tooth-gloss-mint-10-ml\/\",\"name\":\"TOOTH GLOSS MENTHE 10 ML - Beconfident\",\"isPartOf\":{\"@id\":\"https:\/\/beconfident.com\/lv\/#website\"},\"primaryImageOfPage\":{\"@id\":\"https:\/\/beconfident.com\/ch_fr\/produkt\/tooth-gloss-mint-10-ml\/#primaryimage\"},\"image\":{\"@id\":\"https:\/\/beconfident.com\/ch_fr\/produkt\/tooth-gloss-mint-10-ml\/#primaryimage\"},\"thumbnailUrl\":\"https:\/\/beconfident.com\/wp-content\/uploads\/2021\/01\/140198-Tooth-Gloss-Mint-10ml.jpg\",\"datePublished\":\"2021-01-11T09:04:26+00:00\",\"dateModified\":\"2025-05-31T14:52:35+00:00\",\"breadcrumb\":{\"@id\":\"https:\/\/beconfident.com\/ch_fr\/produkt\/tooth-gloss-mint-10-ml\/#breadcrumb\"},\"inLanguage\":\"ch-FR\",\"potentialAction\":[{\"@type\":\"ReadAction\",\"target\":[\"https:\/\/beconfident.com\/ch_fr\/produkt\/tooth-gloss-mint-10-ml\/\"]}]},{\"@type\":\"ImageObject\",\"inLanguage\":\"ch-FR\",\"@id\":\"https:\/\/beconfident.com\/ch_fr\/produkt\/tooth-gloss-mint-10-ml\/#primaryimage\",\"url\":\"https:\/\/beconfident.com\/wp-content\/uploads\/2021\/01\/140198-Tooth-Gloss-Mint-10ml.jpg\",\"contentUrl\":\"https:\/\/beconfident.com\/wp-content\/uploads\/2021\/01\/140198-Tooth-Gloss-Mint-10ml.jpg\",\"width\":700,\"height\":700},{\"@type\":\"BreadcrumbList\",\"@id\":\"https:\/\/beconfident.com\/ch_fr\/produkt\/tooth-gloss-mint-10-ml\/#breadcrumb\",\"itemListElement\":[{\"@type\":\"ListItem\",\"position\":1,\"name\":\"Hem\",\"item\":\"https:\/\/beconfident.com\/ch_fr\/\"},{\"@type\":\"ListItem\",\"position\":2,\"name\":\"Webbutik\",\"item\":\"https:\/\/beconfident.com\/ch_fr\/webbutik\/\"},{\"@type\":\"ListItem\",\"position\":3,\"name\":\"TOOTH GLOSS MENTHE 10 ML\"}]},{\"@type\":\"WebSite\",\"@id\":\"https:\/\/beconfident.com\/lv\/#website\",\"url\":\"https:\/\/beconfident.com\/lv\/\",\"name\":\"Beconfident\",\"description\":\"\",\"potentialAction\":[{\"@type\":\"SearchAction\",\"target\":{\"@type\":\"EntryPoint\",\"urlTemplate\":\"https:\/\/beconfident.com\/lv\/?s={search_term_string}\"},\"query-input\":{\"@type\":\"PropertyValueSpecification\",\"valueRequired\":true,\"valueName\":\"search_term_string\"}}],\"inLanguage\":\"ch-FR\"}]}<\/script>\n<!-- \/ Yoast SEO plugin. -->","yoast_head_json":{"title":"TOOTH GLOSS MENTHE 10 ML - Beconfident","robots":{"index":"index","follow":"follow","max-snippet":"max-snippet:-1","max-image-preview":"max-image-preview:large","max-video-preview":"max-video-preview:-1"},"canonical":"https:\/\/beconfident.com\/ch_fr\/produkt\/tooth-gloss-mint-10-ml\/","og_locale":"en_US","og_type":"article","og_title":"TOOTH GLOSS MENTHE 10 ML - Beconfident","og_description":"Tooth Gloss qui prot\u00e8ge efficacement les dents de la d\u00e9coloration et donne aux dents une belle brillance.","og_url":"https:\/\/beconfident.com\/ch_fr\/produkt\/tooth-gloss-mint-10-ml\/","og_site_name":"Beconfident","article_modified_time":"2025-05-31T14:52:35+00:00","og_image":[{"width":700,"height":700,"url":"https:\/\/beconfident.com\/wp-content\/uploads\/2021\/01\/140198-Tooth-Gloss-Mint-10ml.jpg","type":"image\/jpeg"}],"twitter_card":"summary_large_image","twitter_misc":{"Est. reading time":"1 minute"},"schema":{"@context":"https:\/\/schema.org","@graph":[{"@type":"WebPage","@id":"https:\/\/beconfident.com\/ch_fr\/produkt\/tooth-gloss-mint-10-ml\/","url":"https:\/\/beconfident.com\/ch_fr\/produkt\/tooth-gloss-mint-10-ml\/","name":"TOOTH GLOSS MENTHE 10 ML - Beconfident","isPartOf":{"@id":"https:\/\/beconfident.com\/lv\/#website"},"primaryImageOfPage":{"@id":"https:\/\/beconfident.com\/ch_fr\/produkt\/tooth-gloss-mint-10-ml\/#primaryimage"},"image":{"@id":"https:\/\/beconfident.com\/ch_fr\/produkt\/tooth-gloss-mint-10-ml\/#primaryimage"},"thumbnailUrl":"https:\/\/beconfident.com\/wp-content\/uploads\/2021\/01\/140198-Tooth-Gloss-Mint-10ml.jpg","datePublished":"2021-01-11T09:04:26+00:00","dateModified":"2025-05-31T14:52:35+00:00","breadcrumb":{"@id":"https:\/\/beconfident.com\/ch_fr\/produkt\/tooth-gloss-mint-10-ml\/#breadcrumb"},"inLanguage":"ch-FR","potentialAction":[{"@type":"ReadAction","target":["https:\/\/beconfident.com\/ch_fr\/produkt\/tooth-gloss-mint-10-ml\/"]}]},{"@type":"ImageObject","inLanguage":"ch-FR","@id":"https:\/\/beconfident.com\/ch_fr\/produkt\/tooth-gloss-mint-10-ml\/#primaryimage","url":"https:\/\/beconfident.com\/wp-content\/uploads\/2021\/01\/140198-Tooth-Gloss-Mint-10ml.jpg","contentUrl":"https:\/\/beconfident.com\/wp-content\/uploads\/2021\/01\/140198-Tooth-Gloss-Mint-10ml.jpg","width":700,"height":700},{"@type":"BreadcrumbList","@id":"https:\/\/beconfident.com\/ch_fr\/produkt\/tooth-gloss-mint-10-ml\/#breadcrumb","itemListElement":[{"@type":"ListItem","position":1,"name":"Hem","item":"https:\/\/beconfident.com\/ch_fr\/"},{"@type":"ListItem","position":2,"name":"Webbutik","item":"https:\/\/beconfident.com\/ch_fr\/webbutik\/"},{"@type":"ListItem","position":3,"name":"TOOTH GLOSS MENTHE 10 ML"}]},{"@type":"WebSite","@id":"https:\/\/beconfident.com\/lv\/#website","url":"https:\/\/beconfident.com\/lv\/","name":"Beconfident","description":"","potentialAction":[{"@type":"SearchAction","target":{"@type":"EntryPoint","urlTemplate":"https:\/\/beconfident.com\/lv\/?s={search_term_string}"},"query-input":{"@type":"PropertyValueSpecification","valueRequired":true,"valueName":"search_term_string"}}],"inLanguage":"ch-FR"}]}},"_links":{"self":[{"href":"https:\/\/beconfident.com\/ch_fr\/wp-json\/wp\/v2\/product\/16267","targetHints":{"allow":["GET"]}}],"collection":[{"href":"https:\/\/beconfident.com\/ch_fr\/wp-json\/wp\/v2\/product"}],"about":[{"href":"https:\/\/beconfident.com\/ch_fr\/wp-json\/wp\/v2\/types\/product"}],"replies":[{"embeddable":true,"href":"https:\/\/beconfident.com\/ch_fr\/wp-json\/wp\/v2\/comments?post=16267"}],"wp:featuredmedia":[{"embeddable":true,"href":"https:\/\/beconfident.com\/ch_fr\/wp-json\/wp\/v2\/media\/16268"}],"wp:attachment":[{"href":"https:\/\/beconfident.com\/ch_fr\/wp-json\/wp\/v2\/media?parent=16267"}],"wp:term":[{"taxonomy":"product_brand","embeddable":true,"href":"https:\/\/beconfident.com\/ch_fr\/wp-json\/wp\/v2\/product_brand?post=16267"},{"taxonomy":"product_cat","embeddable":true,"href":"https:\/\/beconfident.com\/ch_fr\/wp-json\/wp\/v2\/product_cat?post=16267"},{"taxonomy":"product_tag","embeddable":true,"href":"https:\/\/beconfident.com\/ch_fr\/wp-json\/wp\/v2\/product_tag?post=16267"}],"curies":[{"name":"wp","href":"https:\/\/api.w.org\/{rel}","templated":true}]}}