{"id":16242,"date":"2021-01-11T10:04:26","date_gmt":"2021-01-11T09:04:26","guid":{"rendered":"http:\/\/beconfident.beconfident.hemsida.eu\/produkt\/teeth-whitening-x1-start-kit\/"},"modified":"2026-04-23T10:23:17","modified_gmt":"2026-04-23T08:23:17","slug":"teeth-whitening-x1-start-kit","status":"publish","type":"product","link":"https:\/\/beconfident.com\/ch_fr\/produkt\/teeth-whitening-x1-start-kit\/","title":{"rendered":"KIT DE D\u00c9MARRAGE DE BLANCHIMENT DES DENTS X1"},"content":{"rendered":"<p>Beconfident\u00ae X1 Start Kit vous offre un blanchiment des dents sans peroxyde pour ce beau sourire blanc sans aucun effet secondaire comme une douleur dans les gencives ou une sensibilit\u00e9 dentaire. Le kit de d\u00e9marrage contient tout ce dont vous avez besoin et est parfait si vous n&#8217;avez jamais blanchi vos dents auparavant. Il est tr\u00e8s facile \u00e0 utiliser et chaque traitement ne prend que 15 minutes. Vous pouvez facilement mouler les goutti\u00e8res incluses pour un ajustement individuel &#8211; comme chez le dentiste.<\/p>\n<p>L&#8217;effet blanchissant des dents provient d&#8217;une r\u00e9solution des taches de surface, en partie par l&#8217;oxydation de compos\u00e9s organiques plus profond\u00e9ment enracin\u00e9s dans l&#8217;\u00e9mail et la dentine. La m\u00e9thode Beconfident est bas\u00e9e sur une combinaison d&#8217;agents nettoyants (Surface Active Agents) et de bicarbonate de sodium actif \u00e0 32%. Contrairement au peroxyde d&#8217;hydrog\u00e8ne, qui peut causer une sensibilit\u00e9 dentaire d\u00e9sagr\u00e9able et des douleurs dans les dents, le n\u00f4tre est doux et sans effets secondaires.<\/p>\n<p>Tout ce qui est n\u00e9cessaire pour obtenir le sourire de vos r\u00eaves est inclus dans le forfait; Gel blanchissant sans peroxyde de 10 ml avec saveur de melon frais pour 10 traitements. 3 plateaux buccaux (un suppl\u00e9mentaire) qui maintiennent le gel en place, un guide de teintes et des instructions claires en anglais.<\/p>\n","protected":false},"excerpt":{"rendered":"<p>Jusqu&#8217;\u00e0 4 teintes plus blanches en 10 jours<\/p>\n","protected":false},"featured_media":56036,"comment_status":"open","ping_status":"closed","template":"","meta":{"_acf_changed":false,"inline_featured_image":false,"_monsterinsights_skip_tracking":false,"_monsterinsights_sitenote_active":false,"_monsterinsights_sitenote_note":"","_monsterinsights_sitenote_category":0},"product_brand":[],"product_cat":[721,467,458],"product_tag":[],"class_list":{"0":"post-16242","1":"product","2":"type-product","3":"status-publish","4":"has-post-thumbnail","6":"product_cat-alla-produkter-ch_fr","7":"product_cat-blanchiment-des-dents-ch_fr","8":"product_cat-kit-de-blanchiment-des-dents-ch_fr","10":"first","11":"instock","12":"sale","13":"featured","14":"taxable","15":"shipping-taxable","16":"purchasable","17":"product-type-simple"},"acf":[],"shsp-ext":{"main":{},"variations":[]},"yoast_head":"<!-- This site is optimized with the Yoast SEO plugin v27.2 - https:\/\/yoast.com\/product\/yoast-seo-wordpress\/ -->\n<title>KIT DE D\u00c9MARRAGE DE BLANCHIMENT DES DENTS X1 - Beconfident<\/title>\n<meta name=\"robots\" content=\"index, follow, max-snippet:-1, max-image-preview:large, max-video-preview:-1\" \/>\n<link rel=\"canonical\" href=\"https:\/\/beconfident.com\/ch_fr\/produkt\/teeth-whitening-x1-start-kit\/\" \/>\n<meta property=\"og:locale\" content=\"en_US\" \/>\n<meta property=\"og:type\" content=\"article\" \/>\n<meta property=\"og:title\" content=\"KIT DE D\u00c9MARRAGE DE BLANCHIMENT DES DENTS X1 - Beconfident\" \/>\n<meta property=\"og:description\" content=\"Jusqu&#039;\u00e0 4 teintes plus blanches en 10 jours\" \/>\n<meta property=\"og:url\" content=\"https:\/\/beconfident.com\/ch_fr\/produkt\/teeth-whitening-x1-start-kit\/\" \/>\n<meta property=\"og:site_name\" content=\"Beconfident\" \/>\n<meta property=\"article:modified_time\" content=\"2026-04-23T08:23:17+00:00\" \/>\n<meta property=\"og:image\" content=\"https:\/\/beconfident.com\/wp-content\/uploads\/2021\/01\/Teeth-whitening-x1-start-kit-with-badge-2.jpg\" \/>\n\t<meta property=\"og:image:width\" content=\"2000\" \/>\n\t<meta property=\"og:image:height\" content=\"2000\" \/>\n\t<meta property=\"og:image:type\" content=\"image\/jpeg\" \/>\n<meta name=\"twitter:card\" content=\"summary_large_image\" \/>\n<meta name=\"twitter:label1\" content=\"Est. reading time\" \/>\n\t<meta name=\"twitter:data1\" content=\"1 minute\" \/>\n<script type=\"application\/ld+json\" class=\"yoast-schema-graph\">{\"@context\":\"https:\/\/schema.org\",\"@graph\":[{\"@type\":\"WebPage\",\"@id\":\"https:\/\/beconfident.com\/ch_fr\/produkt\/teeth-whitening-x1-start-kit\/\",\"url\":\"https:\/\/beconfident.com\/ch_fr\/produkt\/teeth-whitening-x1-start-kit\/\",\"name\":\"KIT DE D\u00c9MARRAGE DE BLANCHIMENT DES DENTS X1 - Beconfident\",\"isPartOf\":{\"@id\":\"https:\/\/beconfident.com\/lv\/#website\"},\"primaryImageOfPage\":{\"@id\":\"https:\/\/beconfident.com\/ch_fr\/produkt\/teeth-whitening-x1-start-kit\/#primaryimage\"},\"image\":{\"@id\":\"https:\/\/beconfident.com\/ch_fr\/produkt\/teeth-whitening-x1-start-kit\/#primaryimage\"},\"thumbnailUrl\":\"https:\/\/beconfident.com\/wp-content\/uploads\/2021\/01\/Teeth-whitening-x1-start-kit-with-badge-2.jpg\",\"datePublished\":\"2021-01-11T09:04:26+00:00\",\"dateModified\":\"2026-04-23T08:23:17+00:00\",\"breadcrumb\":{\"@id\":\"https:\/\/beconfident.com\/ch_fr\/produkt\/teeth-whitening-x1-start-kit\/#breadcrumb\"},\"inLanguage\":\"ch-FR\",\"potentialAction\":[{\"@type\":\"ReadAction\",\"target\":[\"https:\/\/beconfident.com\/ch_fr\/produkt\/teeth-whitening-x1-start-kit\/\"]}]},{\"@type\":\"ImageObject\",\"inLanguage\":\"ch-FR\",\"@id\":\"https:\/\/beconfident.com\/ch_fr\/produkt\/teeth-whitening-x1-start-kit\/#primaryimage\",\"url\":\"https:\/\/beconfident.com\/wp-content\/uploads\/2021\/01\/Teeth-whitening-x1-start-kit-with-badge-2.jpg\",\"contentUrl\":\"https:\/\/beconfident.com\/wp-content\/uploads\/2021\/01\/Teeth-whitening-x1-start-kit-with-badge-2.jpg\",\"width\":2000,\"height\":2000},{\"@type\":\"BreadcrumbList\",\"@id\":\"https:\/\/beconfident.com\/ch_fr\/produkt\/teeth-whitening-x1-start-kit\/#breadcrumb\",\"itemListElement\":[{\"@type\":\"ListItem\",\"position\":1,\"name\":\"Hem\",\"item\":\"https:\/\/beconfident.com\/ch_fr\/\"},{\"@type\":\"ListItem\",\"position\":2,\"name\":\"Webbutik\",\"item\":\"https:\/\/beconfident.com\/ch_fr\/webbutik\/\"},{\"@type\":\"ListItem\",\"position\":3,\"name\":\"KIT DE D\u00c9MARRAGE DE BLANCHIMENT DES DENTS X1\"}]},{\"@type\":\"WebSite\",\"@id\":\"https:\/\/beconfident.com\/lv\/#website\",\"url\":\"https:\/\/beconfident.com\/lv\/\",\"name\":\"Beconfident\",\"description\":\"\",\"potentialAction\":[{\"@type\":\"SearchAction\",\"target\":{\"@type\":\"EntryPoint\",\"urlTemplate\":\"https:\/\/beconfident.com\/lv\/?s={search_term_string}\"},\"query-input\":{\"@type\":\"PropertyValueSpecification\",\"valueRequired\":true,\"valueName\":\"search_term_string\"}}],\"inLanguage\":\"ch-FR\"}]}<\/script>\n<!-- \/ Yoast SEO plugin. -->","yoast_head_json":{"title":"KIT DE D\u00c9MARRAGE DE BLANCHIMENT DES DENTS X1 - Beconfident","robots":{"index":"index","follow":"follow","max-snippet":"max-snippet:-1","max-image-preview":"max-image-preview:large","max-video-preview":"max-video-preview:-1"},"canonical":"https:\/\/beconfident.com\/ch_fr\/produkt\/teeth-whitening-x1-start-kit\/","og_locale":"en_US","og_type":"article","og_title":"KIT DE D\u00c9MARRAGE DE BLANCHIMENT DES DENTS X1 - Beconfident","og_description":"Jusqu'\u00e0 4 teintes plus blanches en 10 jours","og_url":"https:\/\/beconfident.com\/ch_fr\/produkt\/teeth-whitening-x1-start-kit\/","og_site_name":"Beconfident","article_modified_time":"2026-04-23T08:23:17+00:00","og_image":[{"width":2000,"height":2000,"url":"https:\/\/beconfident.com\/wp-content\/uploads\/2021\/01\/Teeth-whitening-x1-start-kit-with-badge-2.jpg","type":"image\/jpeg"}],"twitter_card":"summary_large_image","twitter_misc":{"Est. reading time":"1 minute"},"schema":{"@context":"https:\/\/schema.org","@graph":[{"@type":"WebPage","@id":"https:\/\/beconfident.com\/ch_fr\/produkt\/teeth-whitening-x1-start-kit\/","url":"https:\/\/beconfident.com\/ch_fr\/produkt\/teeth-whitening-x1-start-kit\/","name":"KIT DE D\u00c9MARRAGE DE BLANCHIMENT DES DENTS X1 - Beconfident","isPartOf":{"@id":"https:\/\/beconfident.com\/lv\/#website"},"primaryImageOfPage":{"@id":"https:\/\/beconfident.com\/ch_fr\/produkt\/teeth-whitening-x1-start-kit\/#primaryimage"},"image":{"@id":"https:\/\/beconfident.com\/ch_fr\/produkt\/teeth-whitening-x1-start-kit\/#primaryimage"},"thumbnailUrl":"https:\/\/beconfident.com\/wp-content\/uploads\/2021\/01\/Teeth-whitening-x1-start-kit-with-badge-2.jpg","datePublished":"2021-01-11T09:04:26+00:00","dateModified":"2026-04-23T08:23:17+00:00","breadcrumb":{"@id":"https:\/\/beconfident.com\/ch_fr\/produkt\/teeth-whitening-x1-start-kit\/#breadcrumb"},"inLanguage":"ch-FR","potentialAction":[{"@type":"ReadAction","target":["https:\/\/beconfident.com\/ch_fr\/produkt\/teeth-whitening-x1-start-kit\/"]}]},{"@type":"ImageObject","inLanguage":"ch-FR","@id":"https:\/\/beconfident.com\/ch_fr\/produkt\/teeth-whitening-x1-start-kit\/#primaryimage","url":"https:\/\/beconfident.com\/wp-content\/uploads\/2021\/01\/Teeth-whitening-x1-start-kit-with-badge-2.jpg","contentUrl":"https:\/\/beconfident.com\/wp-content\/uploads\/2021\/01\/Teeth-whitening-x1-start-kit-with-badge-2.jpg","width":2000,"height":2000},{"@type":"BreadcrumbList","@id":"https:\/\/beconfident.com\/ch_fr\/produkt\/teeth-whitening-x1-start-kit\/#breadcrumb","itemListElement":[{"@type":"ListItem","position":1,"name":"Hem","item":"https:\/\/beconfident.com\/ch_fr\/"},{"@type":"ListItem","position":2,"name":"Webbutik","item":"https:\/\/beconfident.com\/ch_fr\/webbutik\/"},{"@type":"ListItem","position":3,"name":"KIT DE D\u00c9MARRAGE DE BLANCHIMENT DES DENTS X1"}]},{"@type":"WebSite","@id":"https:\/\/beconfident.com\/lv\/#website","url":"https:\/\/beconfident.com\/lv\/","name":"Beconfident","description":"","potentialAction":[{"@type":"SearchAction","target":{"@type":"EntryPoint","urlTemplate":"https:\/\/beconfident.com\/lv\/?s={search_term_string}"},"query-input":{"@type":"PropertyValueSpecification","valueRequired":true,"valueName":"search_term_string"}}],"inLanguage":"ch-FR"}]}},"_links":{"self":[{"href":"https:\/\/beconfident.com\/ch_fr\/wp-json\/wp\/v2\/product\/16242","targetHints":{"allow":["GET"]}}],"collection":[{"href":"https:\/\/beconfident.com\/ch_fr\/wp-json\/wp\/v2\/product"}],"about":[{"href":"https:\/\/beconfident.com\/ch_fr\/wp-json\/wp\/v2\/types\/product"}],"replies":[{"embeddable":true,"href":"https:\/\/beconfident.com\/ch_fr\/wp-json\/wp\/v2\/comments?post=16242"}],"wp:featuredmedia":[{"embeddable":true,"href":"https:\/\/beconfident.com\/ch_fr\/wp-json\/wp\/v2\/media\/56036"}],"wp:attachment":[{"href":"https:\/\/beconfident.com\/ch_fr\/wp-json\/wp\/v2\/media?parent=16242"}],"wp:term":[{"taxonomy":"product_brand","embeddable":true,"href":"https:\/\/beconfident.com\/ch_fr\/wp-json\/wp\/v2\/product_brand?post=16242"},{"taxonomy":"product_cat","embeddable":true,"href":"https:\/\/beconfident.com\/ch_fr\/wp-json\/wp\/v2\/product_cat?post=16242"},{"taxonomy":"product_tag","embeddable":true,"href":"https:\/\/beconfident.com\/ch_fr\/wp-json\/wp\/v2\/product_tag?post=16242"}],"curies":[{"name":"wp","href":"https:\/\/api.w.org\/{rel}","templated":true}]}}