{"id":16167,"date":"2021-01-11T10:04:31","date_gmt":"2021-01-11T09:04:31","guid":{"rendered":"http:\/\/beconfident.beconfident.hemsida.eu\/produkt\/sonic-tandborsthuvuden-whitening-2-pack-vit\/"},"modified":"2023-04-06T13:58:36","modified_gmt":"2023-04-06T11:58:36","slug":"sonic-tandborsthuvuden-whitening-2-pack-vit","status":"publish","type":"product","link":"https:\/\/beconfident.com\/ch_fr\/produkt\/sonic-tandborsthuvuden-whitening-2-pack-vit\/","title":{"rendered":"T\u00caTES DE BROSSE \u00c0 DENTS SONIC BLANCHISSANT 2-PACK BLANC"},"content":{"rendered":"<p>Obtenez des dents plus blanches, plus propres et plus fortes avec le pack de 2 t\u00eates de brosse \u00e0 dents sonique Beconfident\u00ae Whitening White. La t\u00eate de brosse \u00e0 dents a des poils DuPont\u00ae avec un rappel de couleur int\u00e9gr\u00e9 pour quand il est temps de changer la t\u00eate de brosse \u00e0 dents. Cette t\u00eate de brosse est sp\u00e9cialement con\u00e7ue pour enlever les rev\u00eatements externes et donner des dents visiblement plus blanches. Duret\u00e9: duret\u00e9 ordinaire \/ moyenne pour un usage quotidien. Nous vous recommandons de changer la t\u00eate de la brosse \u00e0 dents tous les trois mois pour un meilleur nettoyage et une moindre usure de l&#8217;\u00e9mail.<\/p>\n<p>Les t\u00eates de brosse \u00e0 dents Beconfident \u00a9 Sonic ne peuvent pas \u00eatre utilis\u00e9es pour les brosses \u00e0 dents \u00e9lectriques Philips Sonicare ou Oral-B. L&#8217;ajustement entre la brosse \u00e0 dents et la t\u00eate de brosse doit \u00eatre pr\u00e9cis pour donner le bon swing \/ vibration, ce qui est crucial pour que les dents soient propres.<\/p>\n","protected":false},"excerpt":{"rendered":"<p>T\u00eates de brosse \u00e0 dents Beconfident\u00ae Sonic avec poils DuPont\u00ae<\/p>\n","protected":false},"featured_media":16933,"comment_status":"open","ping_status":"closed","template":"","meta":{"_acf_changed":false,"inline_featured_image":false,"_monsterinsights_skip_tracking":false,"_monsterinsights_sitenote_active":false,"_monsterinsights_sitenote_note":"","_monsterinsights_sitenote_category":0},"product_brand":[],"product_cat":[721,463],"product_tag":[],"class_list":{"0":"post-16167","1":"product","2":"type-product","3":"status-publish","4":"has-post-thumbnail","6":"product_cat-alla-produkter-ch_fr","7":"product_cat-sonic-eltandsborstar-fr-ch_fr","9":"first","10":"outofstock","11":"taxable","12":"shipping-taxable","13":"purchasable","14":"product-type-simple"},"acf":[],"shsp-ext":{"main":{},"variations":[]},"yoast_head":"<!-- This site is optimized with the Yoast SEO plugin v27.2 - https:\/\/yoast.com\/product\/yoast-seo-wordpress\/ -->\n<title>T\u00caTES DE BROSSE \u00c0 DENTS SONIC BLANCHISSANT 2-PACK BLANC - Beconfident<\/title>\n<meta name=\"robots\" content=\"index, follow, max-snippet:-1, max-image-preview:large, max-video-preview:-1\" \/>\n<link rel=\"canonical\" href=\"https:\/\/beconfident.com\/ch_fr\/produkt\/sonic-tandborsthuvuden-whitening-2-pack-vit\/\" \/>\n<meta property=\"og:locale\" content=\"en_US\" \/>\n<meta property=\"og:type\" content=\"article\" \/>\n<meta property=\"og:title\" content=\"T\u00caTES DE BROSSE \u00c0 DENTS SONIC BLANCHISSANT 2-PACK BLANC - Beconfident\" \/>\n<meta property=\"og:description\" content=\"T\u00eates de brosse \u00e0 dents Beconfident\u00ae Sonic avec poils DuPont\u00ae\" \/>\n<meta property=\"og:url\" content=\"https:\/\/beconfident.com\/ch_fr\/produkt\/sonic-tandborsthuvuden-whitening-2-pack-vit\/\" \/>\n<meta property=\"og:site_name\" content=\"Beconfident\" \/>\n<meta property=\"article:modified_time\" content=\"2023-04-06T11:58:36+00:00\" \/>\n<meta property=\"og:image\" content=\"https:\/\/beconfident.com\/wp-content\/uploads\/2021\/01\/Beconfident\u00ae-TwinWhiteningbrushpackwhite_650498.jpg\" \/>\n\t<meta property=\"og:image:width\" content=\"1417\" \/>\n\t<meta property=\"og:image:height\" content=\"1063\" \/>\n\t<meta property=\"og:image:type\" content=\"image\/jpeg\" \/>\n<meta name=\"twitter:card\" content=\"summary_large_image\" \/>\n<meta name=\"twitter:label1\" content=\"Est. reading time\" \/>\n\t<meta name=\"twitter:data1\" content=\"1 minute\" \/>\n<script type=\"application\/ld+json\" class=\"yoast-schema-graph\">{\"@context\":\"https:\/\/schema.org\",\"@graph\":[{\"@type\":\"WebPage\",\"@id\":\"https:\/\/beconfident.com\/ch_fr\/produkt\/sonic-tandborsthuvuden-whitening-2-pack-vit\/\",\"url\":\"https:\/\/beconfident.com\/ch_fr\/produkt\/sonic-tandborsthuvuden-whitening-2-pack-vit\/\",\"name\":\"T\u00caTES DE BROSSE \u00c0 DENTS SONIC BLANCHISSANT 2-PACK BLANC - Beconfident\",\"isPartOf\":{\"@id\":\"https:\/\/beconfident.com\/lv\/#website\"},\"primaryImageOfPage\":{\"@id\":\"https:\/\/beconfident.com\/ch_fr\/produkt\/sonic-tandborsthuvuden-whitening-2-pack-vit\/#primaryimage\"},\"image\":{\"@id\":\"https:\/\/beconfident.com\/ch_fr\/produkt\/sonic-tandborsthuvuden-whitening-2-pack-vit\/#primaryimage\"},\"thumbnailUrl\":\"https:\/\/beconfident.com\/wp-content\/uploads\/2021\/01\/Beconfident\u00ae-TwinWhiteningbrushpackwhite_650498.jpg\",\"datePublished\":\"2021-01-11T09:04:31+00:00\",\"dateModified\":\"2023-04-06T11:58:36+00:00\",\"breadcrumb\":{\"@id\":\"https:\/\/beconfident.com\/ch_fr\/produkt\/sonic-tandborsthuvuden-whitening-2-pack-vit\/#breadcrumb\"},\"inLanguage\":\"ch-FR\",\"potentialAction\":[{\"@type\":\"ReadAction\",\"target\":[\"https:\/\/beconfident.com\/ch_fr\/produkt\/sonic-tandborsthuvuden-whitening-2-pack-vit\/\"]}]},{\"@type\":\"ImageObject\",\"inLanguage\":\"ch-FR\",\"@id\":\"https:\/\/beconfident.com\/ch_fr\/produkt\/sonic-tandborsthuvuden-whitening-2-pack-vit\/#primaryimage\",\"url\":\"https:\/\/beconfident.com\/wp-content\/uploads\/2021\/01\/Beconfident\u00ae-TwinWhiteningbrushpackwhite_650498.jpg\",\"contentUrl\":\"https:\/\/beconfident.com\/wp-content\/uploads\/2021\/01\/Beconfident\u00ae-TwinWhiteningbrushpackwhite_650498.jpg\",\"width\":1417,\"height\":1063},{\"@type\":\"BreadcrumbList\",\"@id\":\"https:\/\/beconfident.com\/ch_fr\/produkt\/sonic-tandborsthuvuden-whitening-2-pack-vit\/#breadcrumb\",\"itemListElement\":[{\"@type\":\"ListItem\",\"position\":1,\"name\":\"Hem\",\"item\":\"https:\/\/beconfident.com\/ch_fr\/\"},{\"@type\":\"ListItem\",\"position\":2,\"name\":\"Webbutik\",\"item\":\"https:\/\/beconfident.com\/ch_fr\/webbutik\/\"},{\"@type\":\"ListItem\",\"position\":3,\"name\":\"T\u00caTES DE BROSSE \u00c0 DENTS SONIC BLANCHISSANT 2-PACK BLANC\"}]},{\"@type\":\"WebSite\",\"@id\":\"https:\/\/beconfident.com\/lv\/#website\",\"url\":\"https:\/\/beconfident.com\/lv\/\",\"name\":\"Beconfident\",\"description\":\"\",\"potentialAction\":[{\"@type\":\"SearchAction\",\"target\":{\"@type\":\"EntryPoint\",\"urlTemplate\":\"https:\/\/beconfident.com\/lv\/?s={search_term_string}\"},\"query-input\":{\"@type\":\"PropertyValueSpecification\",\"valueRequired\":true,\"valueName\":\"search_term_string\"}}],\"inLanguage\":\"ch-FR\"}]}<\/script>\n<!-- \/ Yoast SEO plugin. -->","yoast_head_json":{"title":"T\u00caTES DE BROSSE \u00c0 DENTS SONIC BLANCHISSANT 2-PACK BLANC - Beconfident","robots":{"index":"index","follow":"follow","max-snippet":"max-snippet:-1","max-image-preview":"max-image-preview:large","max-video-preview":"max-video-preview:-1"},"canonical":"https:\/\/beconfident.com\/ch_fr\/produkt\/sonic-tandborsthuvuden-whitening-2-pack-vit\/","og_locale":"en_US","og_type":"article","og_title":"T\u00caTES DE BROSSE \u00c0 DENTS SONIC BLANCHISSANT 2-PACK BLANC - Beconfident","og_description":"T\u00eates de brosse \u00e0 dents Beconfident\u00ae Sonic avec poils DuPont\u00ae","og_url":"https:\/\/beconfident.com\/ch_fr\/produkt\/sonic-tandborsthuvuden-whitening-2-pack-vit\/","og_site_name":"Beconfident","article_modified_time":"2023-04-06T11:58:36+00:00","og_image":[{"width":1417,"height":1063,"url":"https:\/\/beconfident.com\/wp-content\/uploads\/2021\/01\/Beconfident\u00ae-TwinWhiteningbrushpackwhite_650498.jpg","type":"image\/jpeg"}],"twitter_card":"summary_large_image","twitter_misc":{"Est. reading time":"1 minute"},"schema":{"@context":"https:\/\/schema.org","@graph":[{"@type":"WebPage","@id":"https:\/\/beconfident.com\/ch_fr\/produkt\/sonic-tandborsthuvuden-whitening-2-pack-vit\/","url":"https:\/\/beconfident.com\/ch_fr\/produkt\/sonic-tandborsthuvuden-whitening-2-pack-vit\/","name":"T\u00caTES DE BROSSE \u00c0 DENTS SONIC BLANCHISSANT 2-PACK BLANC - Beconfident","isPartOf":{"@id":"https:\/\/beconfident.com\/lv\/#website"},"primaryImageOfPage":{"@id":"https:\/\/beconfident.com\/ch_fr\/produkt\/sonic-tandborsthuvuden-whitening-2-pack-vit\/#primaryimage"},"image":{"@id":"https:\/\/beconfident.com\/ch_fr\/produkt\/sonic-tandborsthuvuden-whitening-2-pack-vit\/#primaryimage"},"thumbnailUrl":"https:\/\/beconfident.com\/wp-content\/uploads\/2021\/01\/Beconfident\u00ae-TwinWhiteningbrushpackwhite_650498.jpg","datePublished":"2021-01-11T09:04:31+00:00","dateModified":"2023-04-06T11:58:36+00:00","breadcrumb":{"@id":"https:\/\/beconfident.com\/ch_fr\/produkt\/sonic-tandborsthuvuden-whitening-2-pack-vit\/#breadcrumb"},"inLanguage":"ch-FR","potentialAction":[{"@type":"ReadAction","target":["https:\/\/beconfident.com\/ch_fr\/produkt\/sonic-tandborsthuvuden-whitening-2-pack-vit\/"]}]},{"@type":"ImageObject","inLanguage":"ch-FR","@id":"https:\/\/beconfident.com\/ch_fr\/produkt\/sonic-tandborsthuvuden-whitening-2-pack-vit\/#primaryimage","url":"https:\/\/beconfident.com\/wp-content\/uploads\/2021\/01\/Beconfident\u00ae-TwinWhiteningbrushpackwhite_650498.jpg","contentUrl":"https:\/\/beconfident.com\/wp-content\/uploads\/2021\/01\/Beconfident\u00ae-TwinWhiteningbrushpackwhite_650498.jpg","width":1417,"height":1063},{"@type":"BreadcrumbList","@id":"https:\/\/beconfident.com\/ch_fr\/produkt\/sonic-tandborsthuvuden-whitening-2-pack-vit\/#breadcrumb","itemListElement":[{"@type":"ListItem","position":1,"name":"Hem","item":"https:\/\/beconfident.com\/ch_fr\/"},{"@type":"ListItem","position":2,"name":"Webbutik","item":"https:\/\/beconfident.com\/ch_fr\/webbutik\/"},{"@type":"ListItem","position":3,"name":"T\u00caTES DE BROSSE \u00c0 DENTS SONIC BLANCHISSANT 2-PACK BLANC"}]},{"@type":"WebSite","@id":"https:\/\/beconfident.com\/lv\/#website","url":"https:\/\/beconfident.com\/lv\/","name":"Beconfident","description":"","potentialAction":[{"@type":"SearchAction","target":{"@type":"EntryPoint","urlTemplate":"https:\/\/beconfident.com\/lv\/?s={search_term_string}"},"query-input":{"@type":"PropertyValueSpecification","valueRequired":true,"valueName":"search_term_string"}}],"inLanguage":"ch-FR"}]}},"_links":{"self":[{"href":"https:\/\/beconfident.com\/ch_fr\/wp-json\/wp\/v2\/product\/16167","targetHints":{"allow":["GET"]}}],"collection":[{"href":"https:\/\/beconfident.com\/ch_fr\/wp-json\/wp\/v2\/product"}],"about":[{"href":"https:\/\/beconfident.com\/ch_fr\/wp-json\/wp\/v2\/types\/product"}],"replies":[{"embeddable":true,"href":"https:\/\/beconfident.com\/ch_fr\/wp-json\/wp\/v2\/comments?post=16167"}],"wp:featuredmedia":[{"embeddable":true,"href":"https:\/\/beconfident.com\/ch_fr\/wp-json\/wp\/v2\/media\/16933"}],"wp:attachment":[{"href":"https:\/\/beconfident.com\/ch_fr\/wp-json\/wp\/v2\/media?parent=16167"}],"wp:term":[{"taxonomy":"product_brand","embeddable":true,"href":"https:\/\/beconfident.com\/ch_fr\/wp-json\/wp\/v2\/product_brand?post=16167"},{"taxonomy":"product_cat","embeddable":true,"href":"https:\/\/beconfident.com\/ch_fr\/wp-json\/wp\/v2\/product_cat?post=16167"},{"taxonomy":"product_tag","embeddable":true,"href":"https:\/\/beconfident.com\/ch_fr\/wp-json\/wp\/v2\/product_tag?post=16167"}],"curies":[{"name":"wp","href":"https:\/\/api.w.org\/{rel}","templated":true}]}}