{"id":16165,"date":"2021-01-11T10:04:36","date_gmt":"2021-01-11T09:04:36","guid":{"rendered":"http:\/\/beconfident.beconfident.hemsida.eu\/produkt\/clear-skin-spot-on\/"},"modified":"2024-08-22T17:05:44","modified_gmt":"2024-08-22T15:05:44","slug":"clear-skin-spot-on","status":"publish","type":"product","link":"https:\/\/beconfident.com\/ch_fr\/produkt\/clear-skin-spot-on\/","title":{"rendered":"CLEAR SKIN SPOT ON"},"content":{"rendered":"<p>Beconfident\u00ae Spot On Pen a une conception unique pour un traitement pr\u00e9cis des boutons existants afin que vous puissiez rapidement et facilement traiter \/ appliquer directement sur la z\u00f4ne. Parfait \u00e0 transporter dans le sac et la formule acc\u00e9l\u00e8re \u00e0 la fois la gu\u00e9rison des boutons et aide \u00e0 renforcer la peau avec une utilisation r\u00e9guli\u00e8re. Pour de meilleurs r\u00e9sultats, il doit \u00eatre utilis\u00e9 avec ou apr\u00e8s le traitement avec notre kit Beconfident\u00ae Clear Skin Start ou la cr\u00e8me Beconfident\u00ae Acne Reduce.<\/p>\n","protected":false},"excerpt":{"rendered":"<p>Traitement localis\u00e9 des boutons facile \u00e0 utiliser qui a \u00e9galement un effet fortifiant sur la peau.<\/p>\n","protected":false},"featured_media":16166,"comment_status":"open","ping_status":"closed","template":"","meta":{"_acf_changed":false,"inline_featured_image":false,"_monsterinsights_skip_tracking":false,"_monsterinsights_sitenote_active":false,"_monsterinsights_sitenote_note":"","_monsterinsights_sitenote_category":0},"product_brand":[],"product_cat":[455],"product_tag":[],"class_list":{"0":"post-16165","1":"product","2":"type-product","3":"status-publish","4":"has-post-thumbnail","6":"product_cat-non-classifiee-ch_fr","8":"first","9":"outofstock","10":"taxable","11":"shipping-taxable","12":"purchasable","13":"product-type-simple"},"acf":[],"shsp-ext":{"main":{},"variations":[]},"yoast_head":"<!-- This site is optimized with the Yoast SEO plugin v27.2 - https:\/\/yoast.com\/product\/yoast-seo-wordpress\/ -->\n<title>CLEAR SKIN SPOT ON - Beconfident<\/title>\n<meta name=\"robots\" content=\"index, follow, max-snippet:-1, max-image-preview:large, max-video-preview:-1\" \/>\n<link rel=\"canonical\" href=\"https:\/\/beconfident.com\/ch_fr\/produkt\/clear-skin-spot-on\/\" \/>\n<meta property=\"og:locale\" content=\"en_US\" \/>\n<meta property=\"og:type\" content=\"article\" \/>\n<meta property=\"og:title\" content=\"CLEAR SKIN SPOT ON - Beconfident\" \/>\n<meta property=\"og:description\" content=\"Traitement localis\u00e9 des boutons facile \u00e0 utiliser qui a \u00e9galement un effet fortifiant sur la peau.\" \/>\n<meta property=\"og:url\" content=\"https:\/\/beconfident.com\/ch_fr\/produkt\/clear-skin-spot-on\/\" \/>\n<meta property=\"og:site_name\" content=\"Beconfident\" \/>\n<meta property=\"article:modified_time\" content=\"2024-08-22T15:05:44+00:00\" \/>\n<meta property=\"og:image\" content=\"https:\/\/beconfident.com\/wp-content\/uploads\/2021\/01\/180451-Clear-Skin-Spot-On-Pen.jpg\" \/>\n\t<meta property=\"og:image:width\" content=\"1000\" \/>\n\t<meta property=\"og:image:height\" content=\"1000\" \/>\n\t<meta property=\"og:image:type\" content=\"image\/jpeg\" \/>\n<meta name=\"twitter:card\" content=\"summary_large_image\" \/>\n<script type=\"application\/ld+json\" class=\"yoast-schema-graph\">{\"@context\":\"https:\/\/schema.org\",\"@graph\":[{\"@type\":\"WebPage\",\"@id\":\"https:\/\/beconfident.com\/ch_fr\/produkt\/clear-skin-spot-on\/\",\"url\":\"https:\/\/beconfident.com\/ch_fr\/produkt\/clear-skin-spot-on\/\",\"name\":\"CLEAR SKIN SPOT ON - Beconfident\",\"isPartOf\":{\"@id\":\"https:\/\/beconfident.com\/lv\/#website\"},\"primaryImageOfPage\":{\"@id\":\"https:\/\/beconfident.com\/ch_fr\/produkt\/clear-skin-spot-on\/#primaryimage\"},\"image\":{\"@id\":\"https:\/\/beconfident.com\/ch_fr\/produkt\/clear-skin-spot-on\/#primaryimage\"},\"thumbnailUrl\":\"https:\/\/beconfident.com\/wp-content\/uploads\/2021\/01\/180451-Clear-Skin-Spot-On-Pen.jpg\",\"datePublished\":\"2021-01-11T09:04:36+00:00\",\"dateModified\":\"2024-08-22T15:05:44+00:00\",\"breadcrumb\":{\"@id\":\"https:\/\/beconfident.com\/ch_fr\/produkt\/clear-skin-spot-on\/#breadcrumb\"},\"inLanguage\":\"ch-FR\",\"potentialAction\":[{\"@type\":\"ReadAction\",\"target\":[\"https:\/\/beconfident.com\/ch_fr\/produkt\/clear-skin-spot-on\/\"]}]},{\"@type\":\"ImageObject\",\"inLanguage\":\"ch-FR\",\"@id\":\"https:\/\/beconfident.com\/ch_fr\/produkt\/clear-skin-spot-on\/#primaryimage\",\"url\":\"https:\/\/beconfident.com\/wp-content\/uploads\/2021\/01\/180451-Clear-Skin-Spot-On-Pen.jpg\",\"contentUrl\":\"https:\/\/beconfident.com\/wp-content\/uploads\/2021\/01\/180451-Clear-Skin-Spot-On-Pen.jpg\",\"width\":1000,\"height\":1000},{\"@type\":\"BreadcrumbList\",\"@id\":\"https:\/\/beconfident.com\/ch_fr\/produkt\/clear-skin-spot-on\/#breadcrumb\",\"itemListElement\":[{\"@type\":\"ListItem\",\"position\":1,\"name\":\"Hem\",\"item\":\"https:\/\/beconfident.com\/ch_fr\/\"},{\"@type\":\"ListItem\",\"position\":2,\"name\":\"Webbutik\",\"item\":\"https:\/\/beconfident.com\/ch_fr\/webbutik\/\"},{\"@type\":\"ListItem\",\"position\":3,\"name\":\"CLEAR SKIN SPOT ON\"}]},{\"@type\":\"WebSite\",\"@id\":\"https:\/\/beconfident.com\/lv\/#website\",\"url\":\"https:\/\/beconfident.com\/lv\/\",\"name\":\"Beconfident\",\"description\":\"\",\"potentialAction\":[{\"@type\":\"SearchAction\",\"target\":{\"@type\":\"EntryPoint\",\"urlTemplate\":\"https:\/\/beconfident.com\/lv\/?s={search_term_string}\"},\"query-input\":{\"@type\":\"PropertyValueSpecification\",\"valueRequired\":true,\"valueName\":\"search_term_string\"}}],\"inLanguage\":\"ch-FR\"}]}<\/script>\n<!-- \/ Yoast SEO plugin. -->","yoast_head_json":{"title":"CLEAR SKIN SPOT ON - Beconfident","robots":{"index":"index","follow":"follow","max-snippet":"max-snippet:-1","max-image-preview":"max-image-preview:large","max-video-preview":"max-video-preview:-1"},"canonical":"https:\/\/beconfident.com\/ch_fr\/produkt\/clear-skin-spot-on\/","og_locale":"en_US","og_type":"article","og_title":"CLEAR SKIN SPOT ON - Beconfident","og_description":"Traitement localis\u00e9 des boutons facile \u00e0 utiliser qui a \u00e9galement un effet fortifiant sur la peau.","og_url":"https:\/\/beconfident.com\/ch_fr\/produkt\/clear-skin-spot-on\/","og_site_name":"Beconfident","article_modified_time":"2024-08-22T15:05:44+00:00","og_image":[{"width":1000,"height":1000,"url":"https:\/\/beconfident.com\/wp-content\/uploads\/2021\/01\/180451-Clear-Skin-Spot-On-Pen.jpg","type":"image\/jpeg"}],"twitter_card":"summary_large_image","schema":{"@context":"https:\/\/schema.org","@graph":[{"@type":"WebPage","@id":"https:\/\/beconfident.com\/ch_fr\/produkt\/clear-skin-spot-on\/","url":"https:\/\/beconfident.com\/ch_fr\/produkt\/clear-skin-spot-on\/","name":"CLEAR SKIN SPOT ON - Beconfident","isPartOf":{"@id":"https:\/\/beconfident.com\/lv\/#website"},"primaryImageOfPage":{"@id":"https:\/\/beconfident.com\/ch_fr\/produkt\/clear-skin-spot-on\/#primaryimage"},"image":{"@id":"https:\/\/beconfident.com\/ch_fr\/produkt\/clear-skin-spot-on\/#primaryimage"},"thumbnailUrl":"https:\/\/beconfident.com\/wp-content\/uploads\/2021\/01\/180451-Clear-Skin-Spot-On-Pen.jpg","datePublished":"2021-01-11T09:04:36+00:00","dateModified":"2024-08-22T15:05:44+00:00","breadcrumb":{"@id":"https:\/\/beconfident.com\/ch_fr\/produkt\/clear-skin-spot-on\/#breadcrumb"},"inLanguage":"ch-FR","potentialAction":[{"@type":"ReadAction","target":["https:\/\/beconfident.com\/ch_fr\/produkt\/clear-skin-spot-on\/"]}]},{"@type":"ImageObject","inLanguage":"ch-FR","@id":"https:\/\/beconfident.com\/ch_fr\/produkt\/clear-skin-spot-on\/#primaryimage","url":"https:\/\/beconfident.com\/wp-content\/uploads\/2021\/01\/180451-Clear-Skin-Spot-On-Pen.jpg","contentUrl":"https:\/\/beconfident.com\/wp-content\/uploads\/2021\/01\/180451-Clear-Skin-Spot-On-Pen.jpg","width":1000,"height":1000},{"@type":"BreadcrumbList","@id":"https:\/\/beconfident.com\/ch_fr\/produkt\/clear-skin-spot-on\/#breadcrumb","itemListElement":[{"@type":"ListItem","position":1,"name":"Hem","item":"https:\/\/beconfident.com\/ch_fr\/"},{"@type":"ListItem","position":2,"name":"Webbutik","item":"https:\/\/beconfident.com\/ch_fr\/webbutik\/"},{"@type":"ListItem","position":3,"name":"CLEAR SKIN SPOT ON"}]},{"@type":"WebSite","@id":"https:\/\/beconfident.com\/lv\/#website","url":"https:\/\/beconfident.com\/lv\/","name":"Beconfident","description":"","potentialAction":[{"@type":"SearchAction","target":{"@type":"EntryPoint","urlTemplate":"https:\/\/beconfident.com\/lv\/?s={search_term_string}"},"query-input":{"@type":"PropertyValueSpecification","valueRequired":true,"valueName":"search_term_string"}}],"inLanguage":"ch-FR"}]}},"_links":{"self":[{"href":"https:\/\/beconfident.com\/ch_fr\/wp-json\/wp\/v2\/product\/16165","targetHints":{"allow":["GET"]}}],"collection":[{"href":"https:\/\/beconfident.com\/ch_fr\/wp-json\/wp\/v2\/product"}],"about":[{"href":"https:\/\/beconfident.com\/ch_fr\/wp-json\/wp\/v2\/types\/product"}],"replies":[{"embeddable":true,"href":"https:\/\/beconfident.com\/ch_fr\/wp-json\/wp\/v2\/comments?post=16165"}],"wp:featuredmedia":[{"embeddable":true,"href":"https:\/\/beconfident.com\/ch_fr\/wp-json\/wp\/v2\/media\/16166"}],"wp:attachment":[{"href":"https:\/\/beconfident.com\/ch_fr\/wp-json\/wp\/v2\/media?parent=16165"}],"wp:term":[{"taxonomy":"product_brand","embeddable":true,"href":"https:\/\/beconfident.com\/ch_fr\/wp-json\/wp\/v2\/product_brand?post=16165"},{"taxonomy":"product_cat","embeddable":true,"href":"https:\/\/beconfident.com\/ch_fr\/wp-json\/wp\/v2\/product_cat?post=16165"},{"taxonomy":"product_tag","embeddable":true,"href":"https:\/\/beconfident.com\/ch_fr\/wp-json\/wp\/v2\/product_tag?post=16165"}],"curies":[{"name":"wp","href":"https:\/\/api.w.org\/{rel}","templated":true}]}}