{"id":16150,"date":"2021-01-11T10:04:36","date_gmt":"2021-01-11T09:04:36","guid":{"rendered":"http:\/\/beconfident.beconfident.hemsida.eu\/produkt\/antioxidant-cleanser\/"},"modified":"2026-04-10T14:58:16","modified_gmt":"2026-04-10T12:58:16","slug":"antioxidant-cleanser","status":"publish","type":"product","link":"https:\/\/beconfident.com\/ch_fr\/produkt\/antioxidant-cleanser\/","title":{"rendered":"LOTION NETTOYANTE ANTIOXYDANT"},"content":{"rendered":"<p>Le nettoyant antioxydant nettoie en profondeur sans dess\u00e9cher la peau. Il contient de l&#8217;eau d&#8217;hamam\u00e9lis bio et de l&#8217;aloe vera qui a un effet calmant et hydratant. Les deux sont des ingr\u00e9dients qui peuvent \u00eatre utilis\u00e9s \u00e0 l&#8217;avantage sur les peaux sensibles et l&#8217;aloe vera en particulier est tr\u00e8s bon si vous avez une peau endommag\u00e9e ou sensible \u00c9limine efficacement le maquillage et autres impuret\u00e9s mais laisse la peau hydrat\u00e9e et fra\u00eeche. Contient des antioxydants qui prot\u00e8gent la peau des radicaux libres. Utiliser matin et soir. Sans sulfates. Le pack contient 1 x nettoyant antioxydant (150 ml) et un mode d&#8217;emploi.<\/p>\n","protected":false},"excerpt":{"rendered":"<p>Nettoyant pour le visage aux antioxydants et ingr\u00e9dients apaisants.<\/p>\n","protected":false},"featured_media":16151,"comment_status":"open","ping_status":"closed","template":"","meta":{"_acf_changed":false,"inline_featured_image":false,"_monsterinsights_skip_tracking":false,"_monsterinsights_sitenote_active":false,"_monsterinsights_sitenote_note":"","_monsterinsights_sitenote_category":0},"product_brand":[],"product_cat":[455],"product_tag":[],"class_list":{"0":"post-16150","1":"product","2":"type-product","3":"status-publish","4":"has-post-thumbnail","6":"product_cat-non-classifiee-ch_fr","8":"first","9":"outofstock","10":"taxable","11":"shipping-taxable","12":"purchasable","13":"product-type-simple"},"acf":[],"shsp-ext":{"main":{},"variations":[]},"yoast_head":"<!-- This site is optimized with the Yoast SEO plugin v27.2 - https:\/\/yoast.com\/product\/yoast-seo-wordpress\/ -->\n<title>LOTION NETTOYANTE ANTIOXYDANT - Beconfident<\/title>\n<meta name=\"robots\" content=\"index, follow, max-snippet:-1, max-image-preview:large, max-video-preview:-1\" \/>\n<link rel=\"canonical\" href=\"https:\/\/beconfident.com\/ch_fr\/produkt\/antioxidant-cleanser\/\" \/>\n<meta property=\"og:locale\" content=\"en_US\" \/>\n<meta property=\"og:type\" content=\"article\" \/>\n<meta property=\"og:title\" content=\"LOTION NETTOYANTE ANTIOXYDANT - Beconfident\" \/>\n<meta property=\"og:description\" content=\"Nettoyant pour le visage aux antioxydants et ingr\u00e9dients apaisants.\" \/>\n<meta property=\"og:url\" content=\"https:\/\/beconfident.com\/ch_fr\/produkt\/antioxidant-cleanser\/\" \/>\n<meta property=\"og:site_name\" content=\"Beconfident\" \/>\n<meta property=\"article:modified_time\" content=\"2026-04-10T12:58:16+00:00\" \/>\n<meta property=\"og:image\" content=\"https:\/\/beconfident.com\/wp-content\/uploads\/2021\/01\/180998-Antioxidant-Cleanser.jpg\" \/>\n\t<meta property=\"og:image:width\" content=\"1000\" \/>\n\t<meta property=\"og:image:height\" content=\"1000\" \/>\n\t<meta property=\"og:image:type\" content=\"image\/jpeg\" \/>\n<meta name=\"twitter:card\" content=\"summary_large_image\" \/>\n<meta name=\"twitter:label1\" content=\"Est. reading time\" \/>\n\t<meta name=\"twitter:data1\" content=\"1 minute\" \/>\n<script type=\"application\/ld+json\" class=\"yoast-schema-graph\">{\"@context\":\"https:\/\/schema.org\",\"@graph\":[{\"@type\":\"WebPage\",\"@id\":\"https:\/\/beconfident.com\/ch_fr\/produkt\/antioxidant-cleanser\/\",\"url\":\"https:\/\/beconfident.com\/ch_fr\/produkt\/antioxidant-cleanser\/\",\"name\":\"LOTION NETTOYANTE ANTIOXYDANT - Beconfident\",\"isPartOf\":{\"@id\":\"https:\/\/beconfident.com\/lv\/#website\"},\"primaryImageOfPage\":{\"@id\":\"https:\/\/beconfident.com\/ch_fr\/produkt\/antioxidant-cleanser\/#primaryimage\"},\"image\":{\"@id\":\"https:\/\/beconfident.com\/ch_fr\/produkt\/antioxidant-cleanser\/#primaryimage\"},\"thumbnailUrl\":\"https:\/\/beconfident.com\/wp-content\/uploads\/2021\/01\/180998-Antioxidant-Cleanser.jpg\",\"datePublished\":\"2021-01-11T09:04:36+00:00\",\"dateModified\":\"2026-04-10T12:58:16+00:00\",\"breadcrumb\":{\"@id\":\"https:\/\/beconfident.com\/ch_fr\/produkt\/antioxidant-cleanser\/#breadcrumb\"},\"inLanguage\":\"ch-FR\",\"potentialAction\":[{\"@type\":\"ReadAction\",\"target\":[\"https:\/\/beconfident.com\/ch_fr\/produkt\/antioxidant-cleanser\/\"]}]},{\"@type\":\"ImageObject\",\"inLanguage\":\"ch-FR\",\"@id\":\"https:\/\/beconfident.com\/ch_fr\/produkt\/antioxidant-cleanser\/#primaryimage\",\"url\":\"https:\/\/beconfident.com\/wp-content\/uploads\/2021\/01\/180998-Antioxidant-Cleanser.jpg\",\"contentUrl\":\"https:\/\/beconfident.com\/wp-content\/uploads\/2021\/01\/180998-Antioxidant-Cleanser.jpg\",\"width\":1000,\"height\":1000},{\"@type\":\"BreadcrumbList\",\"@id\":\"https:\/\/beconfident.com\/ch_fr\/produkt\/antioxidant-cleanser\/#breadcrumb\",\"itemListElement\":[{\"@type\":\"ListItem\",\"position\":1,\"name\":\"Hem\",\"item\":\"https:\/\/beconfident.com\/ch_fr\/\"},{\"@type\":\"ListItem\",\"position\":2,\"name\":\"Webbutik\",\"item\":\"https:\/\/beconfident.com\/ch_fr\/webbutik\/\"},{\"@type\":\"ListItem\",\"position\":3,\"name\":\"LOTION NETTOYANTE ANTIOXYDANT\"}]},{\"@type\":\"WebSite\",\"@id\":\"https:\/\/beconfident.com\/lv\/#website\",\"url\":\"https:\/\/beconfident.com\/lv\/\",\"name\":\"Beconfident\",\"description\":\"\",\"potentialAction\":[{\"@type\":\"SearchAction\",\"target\":{\"@type\":\"EntryPoint\",\"urlTemplate\":\"https:\/\/beconfident.com\/lv\/?s={search_term_string}\"},\"query-input\":{\"@type\":\"PropertyValueSpecification\",\"valueRequired\":true,\"valueName\":\"search_term_string\"}}],\"inLanguage\":\"ch-FR\"}]}<\/script>\n<!-- \/ Yoast SEO plugin. -->","yoast_head_json":{"title":"LOTION NETTOYANTE ANTIOXYDANT - Beconfident","robots":{"index":"index","follow":"follow","max-snippet":"max-snippet:-1","max-image-preview":"max-image-preview:large","max-video-preview":"max-video-preview:-1"},"canonical":"https:\/\/beconfident.com\/ch_fr\/produkt\/antioxidant-cleanser\/","og_locale":"en_US","og_type":"article","og_title":"LOTION NETTOYANTE ANTIOXYDANT - Beconfident","og_description":"Nettoyant pour le visage aux antioxydants et ingr\u00e9dients apaisants.","og_url":"https:\/\/beconfident.com\/ch_fr\/produkt\/antioxidant-cleanser\/","og_site_name":"Beconfident","article_modified_time":"2026-04-10T12:58:16+00:00","og_image":[{"width":1000,"height":1000,"url":"https:\/\/beconfident.com\/wp-content\/uploads\/2021\/01\/180998-Antioxidant-Cleanser.jpg","type":"image\/jpeg"}],"twitter_card":"summary_large_image","twitter_misc":{"Est. reading time":"1 minute"},"schema":{"@context":"https:\/\/schema.org","@graph":[{"@type":"WebPage","@id":"https:\/\/beconfident.com\/ch_fr\/produkt\/antioxidant-cleanser\/","url":"https:\/\/beconfident.com\/ch_fr\/produkt\/antioxidant-cleanser\/","name":"LOTION NETTOYANTE ANTIOXYDANT - Beconfident","isPartOf":{"@id":"https:\/\/beconfident.com\/lv\/#website"},"primaryImageOfPage":{"@id":"https:\/\/beconfident.com\/ch_fr\/produkt\/antioxidant-cleanser\/#primaryimage"},"image":{"@id":"https:\/\/beconfident.com\/ch_fr\/produkt\/antioxidant-cleanser\/#primaryimage"},"thumbnailUrl":"https:\/\/beconfident.com\/wp-content\/uploads\/2021\/01\/180998-Antioxidant-Cleanser.jpg","datePublished":"2021-01-11T09:04:36+00:00","dateModified":"2026-04-10T12:58:16+00:00","breadcrumb":{"@id":"https:\/\/beconfident.com\/ch_fr\/produkt\/antioxidant-cleanser\/#breadcrumb"},"inLanguage":"ch-FR","potentialAction":[{"@type":"ReadAction","target":["https:\/\/beconfident.com\/ch_fr\/produkt\/antioxidant-cleanser\/"]}]},{"@type":"ImageObject","inLanguage":"ch-FR","@id":"https:\/\/beconfident.com\/ch_fr\/produkt\/antioxidant-cleanser\/#primaryimage","url":"https:\/\/beconfident.com\/wp-content\/uploads\/2021\/01\/180998-Antioxidant-Cleanser.jpg","contentUrl":"https:\/\/beconfident.com\/wp-content\/uploads\/2021\/01\/180998-Antioxidant-Cleanser.jpg","width":1000,"height":1000},{"@type":"BreadcrumbList","@id":"https:\/\/beconfident.com\/ch_fr\/produkt\/antioxidant-cleanser\/#breadcrumb","itemListElement":[{"@type":"ListItem","position":1,"name":"Hem","item":"https:\/\/beconfident.com\/ch_fr\/"},{"@type":"ListItem","position":2,"name":"Webbutik","item":"https:\/\/beconfident.com\/ch_fr\/webbutik\/"},{"@type":"ListItem","position":3,"name":"LOTION NETTOYANTE ANTIOXYDANT"}]},{"@type":"WebSite","@id":"https:\/\/beconfident.com\/lv\/#website","url":"https:\/\/beconfident.com\/lv\/","name":"Beconfident","description":"","potentialAction":[{"@type":"SearchAction","target":{"@type":"EntryPoint","urlTemplate":"https:\/\/beconfident.com\/lv\/?s={search_term_string}"},"query-input":{"@type":"PropertyValueSpecification","valueRequired":true,"valueName":"search_term_string"}}],"inLanguage":"ch-FR"}]}},"_links":{"self":[{"href":"https:\/\/beconfident.com\/ch_fr\/wp-json\/wp\/v2\/product\/16150","targetHints":{"allow":["GET"]}}],"collection":[{"href":"https:\/\/beconfident.com\/ch_fr\/wp-json\/wp\/v2\/product"}],"about":[{"href":"https:\/\/beconfident.com\/ch_fr\/wp-json\/wp\/v2\/types\/product"}],"replies":[{"embeddable":true,"href":"https:\/\/beconfident.com\/ch_fr\/wp-json\/wp\/v2\/comments?post=16150"}],"wp:featuredmedia":[{"embeddable":true,"href":"https:\/\/beconfident.com\/ch_fr\/wp-json\/wp\/v2\/media\/16151"}],"wp:attachment":[{"href":"https:\/\/beconfident.com\/ch_fr\/wp-json\/wp\/v2\/media?parent=16150"}],"wp:term":[{"taxonomy":"product_brand","embeddable":true,"href":"https:\/\/beconfident.com\/ch_fr\/wp-json\/wp\/v2\/product_brand?post=16150"},{"taxonomy":"product_cat","embeddable":true,"href":"https:\/\/beconfident.com\/ch_fr\/wp-json\/wp\/v2\/product_cat?post=16150"},{"taxonomy":"product_tag","embeddable":true,"href":"https:\/\/beconfident.com\/ch_fr\/wp-json\/wp\/v2\/product_tag?post=16150"}],"curies":[{"name":"wp","href":"https:\/\/api.w.org\/{rel}","templated":true}]}}