{"id":16145,"date":"2021-01-11T10:04:36","date_gmt":"2021-01-11T09:04:36","guid":{"rendered":"http:\/\/beconfident.beconfident.hemsida.eu\/produkt\/revitalizing-boost-serum\/"},"modified":"2026-03-04T11:17:23","modified_gmt":"2026-03-04T10:17:23","slug":"revitalizing-boost-serum","status":"publish","type":"product","link":"https:\/\/beconfident.com\/ch_fr\/produkt\/revitalizing-boost-serum\/","title":{"rendered":"S\u00c9RUM REVITALISANT BOOST"},"content":{"rendered":"<p>Avec le S\u00e9rum Revitalisant Boost, vous commencez la journ\u00e9e avec un regain d&#8217;\u00e9nergie et pr\u00e9parez votre peau aux facteurs de stress externes. Le S\u00e9rum Revitalisant Boost contient de l&#8217;Hylasome\u00ae EG 10, un acide hyaluronique d\u00e9velopp\u00e9 par un non-animal, qui est 50 fois plus hydratant que l&#8217;acide hyaluronique ordinaire et 5 fois plus hydratant apr\u00e8s 24 heures. Il contient \u00e9galement du Pantenol qui, au contact de la peau, est converti en acide pantoth\u00e9nique (vitamine B5) qui a une fonction anti-inflammatoire et peut soulager les d\u00e9mangeaisons, tout en aidant \u00e0 apaiser une peau s\u00e8che et irrit\u00e9e.<\/p>\n<p>Tout comme Cleanser Antioxidant, le Revitalizing Boost Serum contient \u00e9galement de l&#8217;extrait de th\u00e9 vert bio mais aussi du Superox-C qui provient de la prune Kadadu qui est appel\u00e9e un super fruit. Superox-C aide \u00e0 r\u00e9duire les ridules, les rides et unifier le teint gr\u00e2ce \u00e0 sa haute teneur en vitamine C. De cette mani\u00e8re, vos antioxydants naturels sont r\u00e9veill\u00e9s et ce boost intelligent reconstruira votre peau comme jamais auparavant. Parfait \u00e0 utiliser apr\u00e8s un traitement avec microneedling ou dermaroller pour apaiser et renforcer la peau. Emball\u00e9 dans notre flacon airless, le s\u00e9rum conserve son efficacit\u00e9 et reste \u00e9galement hygi\u00e9nique.<\/p>\n","protected":false},"excerpt":{"rendered":"<p>S\u00e9rum riche en vitamines qui hydrate, prot\u00e8ge et renforce la peau<\/p>\n","protected":false},"featured_media":16146,"comment_status":"open","ping_status":"closed","template":"","meta":{"_acf_changed":false,"inline_featured_image":false,"_monsterinsights_skip_tracking":false,"_monsterinsights_sitenote_active":false,"_monsterinsights_sitenote_note":"","_monsterinsights_sitenote_category":0},"product_brand":[],"product_cat":[455],"product_tag":[],"class_list":{"0":"post-16145","1":"product","2":"type-product","3":"status-publish","4":"has-post-thumbnail","6":"product_cat-non-classifiee-ch_fr","8":"first","9":"outofstock","10":"taxable","11":"shipping-taxable","12":"purchasable","13":"product-type-simple"},"acf":[],"shsp-ext":{"main":{},"variations":[]},"yoast_head":"<!-- This site is optimized with the Yoast SEO plugin v27.2 - https:\/\/yoast.com\/product\/yoast-seo-wordpress\/ -->\n<title>S\u00c9RUM REVITALISANT BOOST - Beconfident<\/title>\n<meta name=\"robots\" content=\"index, follow, max-snippet:-1, max-image-preview:large, max-video-preview:-1\" \/>\n<link rel=\"canonical\" href=\"https:\/\/beconfident.com\/ch_fr\/produkt\/revitalizing-boost-serum\/\" \/>\n<meta property=\"og:locale\" content=\"en_US\" \/>\n<meta property=\"og:type\" content=\"article\" \/>\n<meta property=\"og:title\" content=\"S\u00c9RUM REVITALISANT BOOST - Beconfident\" \/>\n<meta property=\"og:description\" content=\"S\u00e9rum riche en vitamines qui hydrate, prot\u00e8ge et renforce la peau\" \/>\n<meta property=\"og:url\" content=\"https:\/\/beconfident.com\/ch_fr\/produkt\/revitalizing-boost-serum\/\" \/>\n<meta property=\"og:site_name\" content=\"Beconfident\" \/>\n<meta property=\"article:modified_time\" content=\"2026-03-04T10:17:23+00:00\" \/>\n<meta property=\"og:image\" content=\"https:\/\/beconfident.com\/wp-content\/uploads\/2021\/01\/181098-Revitalizing-Boost-Serum.jpg\" \/>\n\t<meta property=\"og:image:width\" content=\"1000\" \/>\n\t<meta property=\"og:image:height\" content=\"1000\" \/>\n\t<meta property=\"og:image:type\" content=\"image\/jpeg\" \/>\n<meta name=\"twitter:card\" content=\"summary_large_image\" \/>\n<meta name=\"twitter:label1\" content=\"Est. reading time\" \/>\n\t<meta name=\"twitter:data1\" content=\"1 minute\" \/>\n<script type=\"application\/ld+json\" class=\"yoast-schema-graph\">{\"@context\":\"https:\/\/schema.org\",\"@graph\":[{\"@type\":\"WebPage\",\"@id\":\"https:\/\/beconfident.com\/ch_fr\/produkt\/revitalizing-boost-serum\/\",\"url\":\"https:\/\/beconfident.com\/ch_fr\/produkt\/revitalizing-boost-serum\/\",\"name\":\"S\u00c9RUM REVITALISANT BOOST - Beconfident\",\"isPartOf\":{\"@id\":\"https:\/\/beconfident.com\/lv\/#website\"},\"primaryImageOfPage\":{\"@id\":\"https:\/\/beconfident.com\/ch_fr\/produkt\/revitalizing-boost-serum\/#primaryimage\"},\"image\":{\"@id\":\"https:\/\/beconfident.com\/ch_fr\/produkt\/revitalizing-boost-serum\/#primaryimage\"},\"thumbnailUrl\":\"https:\/\/beconfident.com\/wp-content\/uploads\/2021\/01\/181098-Revitalizing-Boost-Serum.jpg\",\"datePublished\":\"2021-01-11T09:04:36+00:00\",\"dateModified\":\"2026-03-04T10:17:23+00:00\",\"breadcrumb\":{\"@id\":\"https:\/\/beconfident.com\/ch_fr\/produkt\/revitalizing-boost-serum\/#breadcrumb\"},\"inLanguage\":\"ch-FR\",\"potentialAction\":[{\"@type\":\"ReadAction\",\"target\":[\"https:\/\/beconfident.com\/ch_fr\/produkt\/revitalizing-boost-serum\/\"]}]},{\"@type\":\"ImageObject\",\"inLanguage\":\"ch-FR\",\"@id\":\"https:\/\/beconfident.com\/ch_fr\/produkt\/revitalizing-boost-serum\/#primaryimage\",\"url\":\"https:\/\/beconfident.com\/wp-content\/uploads\/2021\/01\/181098-Revitalizing-Boost-Serum.jpg\",\"contentUrl\":\"https:\/\/beconfident.com\/wp-content\/uploads\/2021\/01\/181098-Revitalizing-Boost-Serum.jpg\",\"width\":1000,\"height\":1000},{\"@type\":\"BreadcrumbList\",\"@id\":\"https:\/\/beconfident.com\/ch_fr\/produkt\/revitalizing-boost-serum\/#breadcrumb\",\"itemListElement\":[{\"@type\":\"ListItem\",\"position\":1,\"name\":\"Hem\",\"item\":\"https:\/\/beconfident.com\/ch_fr\/\"},{\"@type\":\"ListItem\",\"position\":2,\"name\":\"Webbutik\",\"item\":\"https:\/\/beconfident.com\/ch_fr\/webbutik\/\"},{\"@type\":\"ListItem\",\"position\":3,\"name\":\"S\u00c9RUM REVITALISANT BOOST\"}]},{\"@type\":\"WebSite\",\"@id\":\"https:\/\/beconfident.com\/lv\/#website\",\"url\":\"https:\/\/beconfident.com\/lv\/\",\"name\":\"Beconfident\",\"description\":\"\",\"potentialAction\":[{\"@type\":\"SearchAction\",\"target\":{\"@type\":\"EntryPoint\",\"urlTemplate\":\"https:\/\/beconfident.com\/lv\/?s={search_term_string}\"},\"query-input\":{\"@type\":\"PropertyValueSpecification\",\"valueRequired\":true,\"valueName\":\"search_term_string\"}}],\"inLanguage\":\"ch-FR\"}]}<\/script>\n<!-- \/ Yoast SEO plugin. -->","yoast_head_json":{"title":"S\u00c9RUM REVITALISANT BOOST - Beconfident","robots":{"index":"index","follow":"follow","max-snippet":"max-snippet:-1","max-image-preview":"max-image-preview:large","max-video-preview":"max-video-preview:-1"},"canonical":"https:\/\/beconfident.com\/ch_fr\/produkt\/revitalizing-boost-serum\/","og_locale":"en_US","og_type":"article","og_title":"S\u00c9RUM REVITALISANT BOOST - Beconfident","og_description":"S\u00e9rum riche en vitamines qui hydrate, prot\u00e8ge et renforce la peau","og_url":"https:\/\/beconfident.com\/ch_fr\/produkt\/revitalizing-boost-serum\/","og_site_name":"Beconfident","article_modified_time":"2026-03-04T10:17:23+00:00","og_image":[{"width":1000,"height":1000,"url":"https:\/\/beconfident.com\/wp-content\/uploads\/2021\/01\/181098-Revitalizing-Boost-Serum.jpg","type":"image\/jpeg"}],"twitter_card":"summary_large_image","twitter_misc":{"Est. reading time":"1 minute"},"schema":{"@context":"https:\/\/schema.org","@graph":[{"@type":"WebPage","@id":"https:\/\/beconfident.com\/ch_fr\/produkt\/revitalizing-boost-serum\/","url":"https:\/\/beconfident.com\/ch_fr\/produkt\/revitalizing-boost-serum\/","name":"S\u00c9RUM REVITALISANT BOOST - Beconfident","isPartOf":{"@id":"https:\/\/beconfident.com\/lv\/#website"},"primaryImageOfPage":{"@id":"https:\/\/beconfident.com\/ch_fr\/produkt\/revitalizing-boost-serum\/#primaryimage"},"image":{"@id":"https:\/\/beconfident.com\/ch_fr\/produkt\/revitalizing-boost-serum\/#primaryimage"},"thumbnailUrl":"https:\/\/beconfident.com\/wp-content\/uploads\/2021\/01\/181098-Revitalizing-Boost-Serum.jpg","datePublished":"2021-01-11T09:04:36+00:00","dateModified":"2026-03-04T10:17:23+00:00","breadcrumb":{"@id":"https:\/\/beconfident.com\/ch_fr\/produkt\/revitalizing-boost-serum\/#breadcrumb"},"inLanguage":"ch-FR","potentialAction":[{"@type":"ReadAction","target":["https:\/\/beconfident.com\/ch_fr\/produkt\/revitalizing-boost-serum\/"]}]},{"@type":"ImageObject","inLanguage":"ch-FR","@id":"https:\/\/beconfident.com\/ch_fr\/produkt\/revitalizing-boost-serum\/#primaryimage","url":"https:\/\/beconfident.com\/wp-content\/uploads\/2021\/01\/181098-Revitalizing-Boost-Serum.jpg","contentUrl":"https:\/\/beconfident.com\/wp-content\/uploads\/2021\/01\/181098-Revitalizing-Boost-Serum.jpg","width":1000,"height":1000},{"@type":"BreadcrumbList","@id":"https:\/\/beconfident.com\/ch_fr\/produkt\/revitalizing-boost-serum\/#breadcrumb","itemListElement":[{"@type":"ListItem","position":1,"name":"Hem","item":"https:\/\/beconfident.com\/ch_fr\/"},{"@type":"ListItem","position":2,"name":"Webbutik","item":"https:\/\/beconfident.com\/ch_fr\/webbutik\/"},{"@type":"ListItem","position":3,"name":"S\u00c9RUM REVITALISANT BOOST"}]},{"@type":"WebSite","@id":"https:\/\/beconfident.com\/lv\/#website","url":"https:\/\/beconfident.com\/lv\/","name":"Beconfident","description":"","potentialAction":[{"@type":"SearchAction","target":{"@type":"EntryPoint","urlTemplate":"https:\/\/beconfident.com\/lv\/?s={search_term_string}"},"query-input":{"@type":"PropertyValueSpecification","valueRequired":true,"valueName":"search_term_string"}}],"inLanguage":"ch-FR"}]}},"_links":{"self":[{"href":"https:\/\/beconfident.com\/ch_fr\/wp-json\/wp\/v2\/product\/16145","targetHints":{"allow":["GET"]}}],"collection":[{"href":"https:\/\/beconfident.com\/ch_fr\/wp-json\/wp\/v2\/product"}],"about":[{"href":"https:\/\/beconfident.com\/ch_fr\/wp-json\/wp\/v2\/types\/product"}],"replies":[{"embeddable":true,"href":"https:\/\/beconfident.com\/ch_fr\/wp-json\/wp\/v2\/comments?post=16145"}],"wp:featuredmedia":[{"embeddable":true,"href":"https:\/\/beconfident.com\/ch_fr\/wp-json\/wp\/v2\/media\/16146"}],"wp:attachment":[{"href":"https:\/\/beconfident.com\/ch_fr\/wp-json\/wp\/v2\/media?parent=16145"}],"wp:term":[{"taxonomy":"product_brand","embeddable":true,"href":"https:\/\/beconfident.com\/ch_fr\/wp-json\/wp\/v2\/product_brand?post=16145"},{"taxonomy":"product_cat","embeddable":true,"href":"https:\/\/beconfident.com\/ch_fr\/wp-json\/wp\/v2\/product_cat?post=16145"},{"taxonomy":"product_tag","embeddable":true,"href":"https:\/\/beconfident.com\/ch_fr\/wp-json\/wp\/v2\/product_tag?post=16145"}],"curies":[{"name":"wp","href":"https:\/\/api.w.org\/{rel}","templated":true}]}}