{"id":16129,"date":"2021-01-12T12:09:23","date_gmt":"2021-01-12T11:09:23","guid":{"rendered":"http:\/\/beconfident.beconfident.hemsida.eu\/produkt\/hyaluronic-anti-ageing-cream-50-ml\/"},"modified":"2026-03-04T11:17:33","modified_gmt":"2026-03-04T10:17:33","slug":"hyaluronic-anti-ageing-cream-50-ml","status":"publish","type":"product","link":"https:\/\/beconfident.com\/ch_fr\/produkt\/hyaluronic-anti-ageing-cream-50-ml\/","title":{"rendered":"CR\u00c8ME HYALURONIQUE ANTI-\u00c2GE"},"content":{"rendered":"<p>La cr\u00e8me anti-\u00e2ge hyaluronique Beconfident\u00ae contient une formule avanc\u00e9e aux propri\u00e9t\u00e9s protectrices qui sont \u00e0 la fois hydratantes et pr\u00e9viennent les signes du vieillissement. Le produit contient Hylasome\u00ae EG 10 qui est un acide hyaluronique non animal qui est 50 fois plus hydrophile que l&#8217;acide hyaluronique ordinaire et 5 fois plus hydratant apr\u00e8s 24 heures. La cr\u00e8me reconstitue l&#8217;\u00e9lasticit\u00e9 de la peau tout en l&#8217;hydratant pendant 24 heures gr\u00e2ce \u00e0 la forte teneur en acide hyaluronique. Les vitamines E et B5 acc\u00e9l\u00e8rent la gu\u00e9rison de la peau et l&#8217;extrait de th\u00e9 vert ajoute des antioxydants qui donnent \u00e0 la peau une sensation de sant\u00e9 et de fra\u00eecheur. Fabriqu\u00e9 en Su\u00e8de. Pharmacie approuv\u00e9e. Enregistr\u00e9 aupr\u00e8s de l&#8217;Agence des produits m\u00e9dicaux. L&#8217;emballage contient 1 x Hyaluronic Anti-Agein Cream (50 ml) et un mode d&#8217;emploi.<\/p>\n","protected":false},"excerpt":{"rendered":"<p>Cr\u00e8me de jour hydratante qui neutralise les rides, les taches pigmentaires et revitalise la peau<\/p>\n","protected":false},"featured_media":16132,"comment_status":"open","ping_status":"closed","template":"","meta":{"_acf_changed":false,"inline_featured_image":false,"_monsterinsights_skip_tracking":false,"_monsterinsights_sitenote_active":false,"_monsterinsights_sitenote_note":"","_monsterinsights_sitenote_category":0},"product_brand":[],"product_cat":[455],"product_tag":[],"class_list":{"0":"post-16129","1":"product","2":"type-product","3":"status-publish","4":"has-post-thumbnail","6":"product_cat-non-classifiee-ch_fr","8":"first","9":"outofstock","10":"taxable","11":"shipping-taxable","12":"purchasable","13":"product-type-simple"},"acf":[],"shsp-ext":{"main":{},"variations":[]},"yoast_head":"<!-- This site is optimized with the Yoast SEO plugin v27.2 - https:\/\/yoast.com\/product\/yoast-seo-wordpress\/ -->\n<title>CR\u00c8ME HYALURONIQUE ANTI-\u00c2GE - Beconfident<\/title>\n<meta name=\"robots\" content=\"index, follow, max-snippet:-1, max-image-preview:large, max-video-preview:-1\" \/>\n<link rel=\"canonical\" href=\"https:\/\/beconfident.com\/ch_fr\/produkt\/hyaluronic-anti-ageing-cream-50-ml\/\" \/>\n<meta property=\"og:locale\" content=\"en_US\" \/>\n<meta property=\"og:type\" content=\"article\" \/>\n<meta property=\"og:title\" content=\"CR\u00c8ME HYALURONIQUE ANTI-\u00c2GE - Beconfident\" \/>\n<meta property=\"og:description\" content=\"Cr\u00e8me de jour hydratante qui neutralise les rides, les taches pigmentaires et revitalise la peau\" \/>\n<meta property=\"og:url\" content=\"https:\/\/beconfident.com\/ch_fr\/produkt\/hyaluronic-anti-ageing-cream-50-ml\/\" \/>\n<meta property=\"og:site_name\" content=\"Beconfident\" \/>\n<meta property=\"article:modified_time\" content=\"2026-03-04T10:17:33+00:00\" \/>\n<meta property=\"og:image\" content=\"https:\/\/beconfident.com\/wp-content\/uploads\/2021\/01\/180798-Hyaluronic-Anti-Ageing-Cream-50-ml.jpg\" \/>\n\t<meta property=\"og:image:width\" content=\"1000\" \/>\n\t<meta property=\"og:image:height\" content=\"1000\" \/>\n\t<meta property=\"og:image:type\" content=\"image\/jpeg\" \/>\n<meta name=\"twitter:card\" content=\"summary_large_image\" \/>\n<meta name=\"twitter:label1\" content=\"Est. reading time\" \/>\n\t<meta name=\"twitter:data1\" content=\"1 minute\" \/>\n<script type=\"application\/ld+json\" class=\"yoast-schema-graph\">{\"@context\":\"https:\/\/schema.org\",\"@graph\":[{\"@type\":\"WebPage\",\"@id\":\"https:\/\/beconfident.com\/ch_fr\/produkt\/hyaluronic-anti-ageing-cream-50-ml\/\",\"url\":\"https:\/\/beconfident.com\/ch_fr\/produkt\/hyaluronic-anti-ageing-cream-50-ml\/\",\"name\":\"CR\u00c8ME HYALURONIQUE ANTI-\u00c2GE - Beconfident\",\"isPartOf\":{\"@id\":\"https:\/\/beconfident.com\/lv\/#website\"},\"primaryImageOfPage\":{\"@id\":\"https:\/\/beconfident.com\/ch_fr\/produkt\/hyaluronic-anti-ageing-cream-50-ml\/#primaryimage\"},\"image\":{\"@id\":\"https:\/\/beconfident.com\/ch_fr\/produkt\/hyaluronic-anti-ageing-cream-50-ml\/#primaryimage\"},\"thumbnailUrl\":\"https:\/\/beconfident.com\/wp-content\/uploads\/2021\/01\/180798-Hyaluronic-Anti-Ageing-Cream-50-ml.jpg\",\"datePublished\":\"2021-01-12T11:09:23+00:00\",\"dateModified\":\"2026-03-04T10:17:33+00:00\",\"breadcrumb\":{\"@id\":\"https:\/\/beconfident.com\/ch_fr\/produkt\/hyaluronic-anti-ageing-cream-50-ml\/#breadcrumb\"},\"inLanguage\":\"ch-FR\",\"potentialAction\":[{\"@type\":\"ReadAction\",\"target\":[\"https:\/\/beconfident.com\/ch_fr\/produkt\/hyaluronic-anti-ageing-cream-50-ml\/\"]}]},{\"@type\":\"ImageObject\",\"inLanguage\":\"ch-FR\",\"@id\":\"https:\/\/beconfident.com\/ch_fr\/produkt\/hyaluronic-anti-ageing-cream-50-ml\/#primaryimage\",\"url\":\"https:\/\/beconfident.com\/wp-content\/uploads\/2021\/01\/180798-Hyaluronic-Anti-Ageing-Cream-50-ml.jpg\",\"contentUrl\":\"https:\/\/beconfident.com\/wp-content\/uploads\/2021\/01\/180798-Hyaluronic-Anti-Ageing-Cream-50-ml.jpg\",\"width\":1000,\"height\":1000},{\"@type\":\"BreadcrumbList\",\"@id\":\"https:\/\/beconfident.com\/ch_fr\/produkt\/hyaluronic-anti-ageing-cream-50-ml\/#breadcrumb\",\"itemListElement\":[{\"@type\":\"ListItem\",\"position\":1,\"name\":\"Hem\",\"item\":\"https:\/\/beconfident.com\/ch_fr\/\"},{\"@type\":\"ListItem\",\"position\":2,\"name\":\"Webbutik\",\"item\":\"https:\/\/beconfident.com\/ch_fr\/webbutik\/\"},{\"@type\":\"ListItem\",\"position\":3,\"name\":\"CR\u00c8ME HYALURONIQUE ANTI-\u00c2GE\"}]},{\"@type\":\"WebSite\",\"@id\":\"https:\/\/beconfident.com\/lv\/#website\",\"url\":\"https:\/\/beconfident.com\/lv\/\",\"name\":\"Beconfident\",\"description\":\"\",\"potentialAction\":[{\"@type\":\"SearchAction\",\"target\":{\"@type\":\"EntryPoint\",\"urlTemplate\":\"https:\/\/beconfident.com\/lv\/?s={search_term_string}\"},\"query-input\":{\"@type\":\"PropertyValueSpecification\",\"valueRequired\":true,\"valueName\":\"search_term_string\"}}],\"inLanguage\":\"ch-FR\"}]}<\/script>\n<!-- \/ Yoast SEO plugin. -->","yoast_head_json":{"title":"CR\u00c8ME HYALURONIQUE ANTI-\u00c2GE - Beconfident","robots":{"index":"index","follow":"follow","max-snippet":"max-snippet:-1","max-image-preview":"max-image-preview:large","max-video-preview":"max-video-preview:-1"},"canonical":"https:\/\/beconfident.com\/ch_fr\/produkt\/hyaluronic-anti-ageing-cream-50-ml\/","og_locale":"en_US","og_type":"article","og_title":"CR\u00c8ME HYALURONIQUE ANTI-\u00c2GE - Beconfident","og_description":"Cr\u00e8me de jour hydratante qui neutralise les rides, les taches pigmentaires et revitalise la peau","og_url":"https:\/\/beconfident.com\/ch_fr\/produkt\/hyaluronic-anti-ageing-cream-50-ml\/","og_site_name":"Beconfident","article_modified_time":"2026-03-04T10:17:33+00:00","og_image":[{"width":1000,"height":1000,"url":"https:\/\/beconfident.com\/wp-content\/uploads\/2021\/01\/180798-Hyaluronic-Anti-Ageing-Cream-50-ml.jpg","type":"image\/jpeg"}],"twitter_card":"summary_large_image","twitter_misc":{"Est. reading time":"1 minute"},"schema":{"@context":"https:\/\/schema.org","@graph":[{"@type":"WebPage","@id":"https:\/\/beconfident.com\/ch_fr\/produkt\/hyaluronic-anti-ageing-cream-50-ml\/","url":"https:\/\/beconfident.com\/ch_fr\/produkt\/hyaluronic-anti-ageing-cream-50-ml\/","name":"CR\u00c8ME HYALURONIQUE ANTI-\u00c2GE - Beconfident","isPartOf":{"@id":"https:\/\/beconfident.com\/lv\/#website"},"primaryImageOfPage":{"@id":"https:\/\/beconfident.com\/ch_fr\/produkt\/hyaluronic-anti-ageing-cream-50-ml\/#primaryimage"},"image":{"@id":"https:\/\/beconfident.com\/ch_fr\/produkt\/hyaluronic-anti-ageing-cream-50-ml\/#primaryimage"},"thumbnailUrl":"https:\/\/beconfident.com\/wp-content\/uploads\/2021\/01\/180798-Hyaluronic-Anti-Ageing-Cream-50-ml.jpg","datePublished":"2021-01-12T11:09:23+00:00","dateModified":"2026-03-04T10:17:33+00:00","breadcrumb":{"@id":"https:\/\/beconfident.com\/ch_fr\/produkt\/hyaluronic-anti-ageing-cream-50-ml\/#breadcrumb"},"inLanguage":"ch-FR","potentialAction":[{"@type":"ReadAction","target":["https:\/\/beconfident.com\/ch_fr\/produkt\/hyaluronic-anti-ageing-cream-50-ml\/"]}]},{"@type":"ImageObject","inLanguage":"ch-FR","@id":"https:\/\/beconfident.com\/ch_fr\/produkt\/hyaluronic-anti-ageing-cream-50-ml\/#primaryimage","url":"https:\/\/beconfident.com\/wp-content\/uploads\/2021\/01\/180798-Hyaluronic-Anti-Ageing-Cream-50-ml.jpg","contentUrl":"https:\/\/beconfident.com\/wp-content\/uploads\/2021\/01\/180798-Hyaluronic-Anti-Ageing-Cream-50-ml.jpg","width":1000,"height":1000},{"@type":"BreadcrumbList","@id":"https:\/\/beconfident.com\/ch_fr\/produkt\/hyaluronic-anti-ageing-cream-50-ml\/#breadcrumb","itemListElement":[{"@type":"ListItem","position":1,"name":"Hem","item":"https:\/\/beconfident.com\/ch_fr\/"},{"@type":"ListItem","position":2,"name":"Webbutik","item":"https:\/\/beconfident.com\/ch_fr\/webbutik\/"},{"@type":"ListItem","position":3,"name":"CR\u00c8ME HYALURONIQUE ANTI-\u00c2GE"}]},{"@type":"WebSite","@id":"https:\/\/beconfident.com\/lv\/#website","url":"https:\/\/beconfident.com\/lv\/","name":"Beconfident","description":"","potentialAction":[{"@type":"SearchAction","target":{"@type":"EntryPoint","urlTemplate":"https:\/\/beconfident.com\/lv\/?s={search_term_string}"},"query-input":{"@type":"PropertyValueSpecification","valueRequired":true,"valueName":"search_term_string"}}],"inLanguage":"ch-FR"}]}},"_links":{"self":[{"href":"https:\/\/beconfident.com\/ch_fr\/wp-json\/wp\/v2\/product\/16129","targetHints":{"allow":["GET"]}}],"collection":[{"href":"https:\/\/beconfident.com\/ch_fr\/wp-json\/wp\/v2\/product"}],"about":[{"href":"https:\/\/beconfident.com\/ch_fr\/wp-json\/wp\/v2\/types\/product"}],"replies":[{"embeddable":true,"href":"https:\/\/beconfident.com\/ch_fr\/wp-json\/wp\/v2\/comments?post=16129"}],"wp:featuredmedia":[{"embeddable":true,"href":"https:\/\/beconfident.com\/ch_fr\/wp-json\/wp\/v2\/media\/16132"}],"wp:attachment":[{"href":"https:\/\/beconfident.com\/ch_fr\/wp-json\/wp\/v2\/media?parent=16129"}],"wp:term":[{"taxonomy":"product_brand","embeddable":true,"href":"https:\/\/beconfident.com\/ch_fr\/wp-json\/wp\/v2\/product_brand?post=16129"},{"taxonomy":"product_cat","embeddable":true,"href":"https:\/\/beconfident.com\/ch_fr\/wp-json\/wp\/v2\/product_cat?post=16129"},{"taxonomy":"product_tag","embeddable":true,"href":"https:\/\/beconfident.com\/ch_fr\/wp-json\/wp\/v2\/product_tag?post=16129"}],"curies":[{"name":"wp","href":"https:\/\/api.w.org\/{rel}","templated":true}]}}