{"id":52309,"date":"2023-07-04T11:18:37","date_gmt":"2023-07-04T09:18:37","guid":{"rendered":"https:\/\/beconfident.com\/produkt\/super-white-fresh-toothpaste\/"},"modified":"2026-03-04T11:19:59","modified_gmt":"2026-03-04T10:19:59","slug":"super-white-fresh-toothpaste","status":"publish","type":"product","link":"https:\/\/beconfident.com\/ch_de\/produkt\/super-white-fresh-toothpaste\/","title":{"rendered":"Super White &amp; Fresh Toothpaste"},"content":{"rendered":"<p><strong>Beconfident\u00ae Die beste Whitening-Zahnpasta mit PaP und Calciumperoxid.<\/strong><br \/>\nVon der Wissenschaft entwickelt. Hergestellt in Schweden. Sie sorgt f\u00fcr saubere, sichtbar wei\u00dfere Z\u00e4hne, st\u00e4rkt den Zahnschmelz, erfrischt den Atem und sch\u00fctzt vor Plaque und Karies. Verwendet die reinsten und sichersten Inhaltsstoffe. Dies ist Ihre Zahnpasta. Eine Zahnpasta f\u00fcr jeden Geschmack, jedes Bed\u00fcrfnis und jeden Moment; sie ist in der Geschmacksrichtung Fresh Spearmint erh\u00e4ltlich.<\/p>\n<p>Die Zahnpasta enth\u00e4lt neue Inhaltsstoffe, die noch nie zuvor in einer Zahnpasta enthalten waren &#8211; wie z. B. die einzigartige White Charcoal zur Absorption von Giftstoffen und schlechten Ger\u00fcchen, Hyalurons\u00e4ure f\u00fcr die entz\u00fcndungshemmende Gesundheit des Zahnfleisches und Vitamin C f\u00fcr die allgemeine St\u00e4rkung, um nur einige zu nennen. Zum Aufhellen der Z\u00e4hne l\u00f6st Calciumperoxid die Proteinpellikel auf den Z\u00e4hnen auf, die Flecken auf der Zahnoberfl\u00e4che anziehen und festhalten. Wenn die Proteinpellikel aufgel\u00f6st ist, werden alle an der Pellikel haftenden Verf\u00e4rbungen sanft von den Z\u00e4hnen entfernt, ohne sch\u00e4dliche Inhaltsstoffe wie Wasserstoffperoxid. Die langsame Sauerstofffreisetzung von Calciumperoxid macht es au\u00dferdem zu einer idealen, kosteng\u00fcnstigen, haltbaren und nat\u00fcrlichen Alternative f\u00fcr die Zahnaufhellung. Bei t\u00e4glicher Anwendung der Zahnpasta \u00fcber Wochen und Monate hat die geringe Menge an freigesetztem Sauerstoff einen gleichm\u00e4\u00dfigen Aufhellungseffekt ohne scharfe Schleifmittel oder starke Reinigungsmittel.<br \/>\nDar\u00fcber hinaus haben wir eine hohe Konzentration an Phthalimidoperoxycaproins\u00e4ure (PAP), die eine sicherere Alternative zu herk\u00f6mmlichen Aufhellungsmitteln und dem aktiven Aufhellungsmittel darstellt. PAP ist nachweislich in der Lage, den Zahn effektiv aufzuhellen, ohne die innere oder \u00e4u\u00dfere Struktur des Zahns zu sch\u00e4digen.<\/p>\n<p><strong>So verwenden Sie die Zahnpasta:<\/strong><br \/>\nPutzen Sie die Z\u00e4hne t\u00e4glich morgens und abends mindestens 2 Minuten lang mit der Beconfident\u00ae Super White &amp; Fresh Zahnpasta, f\u00fcgen Sie einen Schluck Wasser hinzu und wirbeln Sie sie weitere 30 Sekunden lang durch.<\/p>\n","protected":false},"excerpt":{"rendered":"<p>Unsere allerneueste und beste Whitening-Zahnpasta, die ein wunderbar sauberes und frisches Gef\u00fchl im Mund hinterl\u00e4sst. F\u00fcr wei\u00dfere Z\u00e4hne, st\u00e4rkeren Zahnschmelz und frischen Atem.<\/p>\n","protected":false},"featured_media":52275,"comment_status":"open","ping_status":"closed","template":"","meta":{"_acf_changed":false,"inline_featured_image":false,"_monsterinsights_skip_tracking":false,"_monsterinsights_sitenote_active":false,"_monsterinsights_sitenote_note":"","_monsterinsights_sitenote_category":0},"product_brand":[],"product_cat":[499,498],"product_tag":[],"class_list":{"0":"post-52309","1":"product","2":"type-product","3":"status-publish","4":"has-post-thumbnail","6":"product_cat-multifunctional-tandkram-ch_de-2","7":"product_cat-tandkram-de-ch_de-2","9":"first","10":"instock","11":"featured","12":"taxable","13":"shipping-taxable","14":"purchasable","15":"product-type-simple"},"acf":[],"shsp-ext":{"main":{},"variations":[]},"yoast_head":"<!-- This site is optimized with the Yoast SEO plugin v27.2 - https:\/\/yoast.com\/product\/yoast-seo-wordpress\/ -->\n<title>Super White &amp; Fresh Toothpaste - Beconfident<\/title>\n<meta name=\"robots\" content=\"index, follow, max-snippet:-1, max-image-preview:large, max-video-preview:-1\" \/>\n<link rel=\"canonical\" href=\"https:\/\/beconfident.com\/ch_de\/produkt\/super-white-fresh-toothpaste\/\" \/>\n<meta property=\"og:locale\" content=\"en_US\" \/>\n<meta property=\"og:type\" content=\"article\" \/>\n<meta property=\"og:title\" content=\"Super White &amp; Fresh Toothpaste - Beconfident\" \/>\n<meta property=\"og:description\" content=\"Unsere allerneueste und beste Whitening-Zahnpasta, die ein wunderbar sauberes und frisches Gef\u00fchl im Mund hinterl\u00e4sst. F\u00fcr wei\u00dfere Z\u00e4hne, st\u00e4rkeren Zahnschmelz und frischen Atem.\" \/>\n<meta property=\"og:url\" content=\"https:\/\/beconfident.com\/ch_de\/produkt\/super-white-fresh-toothpaste\/\" \/>\n<meta property=\"og:site_name\" content=\"Beconfident\" \/>\n<meta property=\"article:modified_time\" content=\"2026-03-04T10:19:59+00:00\" \/>\n<meta property=\"og:image\" content=\"https:\/\/beconfident.com\/wp-content\/uploads\/2023\/07\/Beconfident-Super-Whitening-Fresh-Toothpaste-packaging-and-toothpaste.jpg\" \/>\n\t<meta property=\"og:image:width\" content=\"2000\" \/>\n\t<meta property=\"og:image:height\" content=\"2000\" \/>\n\t<meta property=\"og:image:type\" content=\"image\/jpeg\" \/>\n<meta name=\"twitter:card\" content=\"summary_large_image\" \/>\n<meta name=\"twitter:label1\" content=\"Est. reading time\" \/>\n\t<meta name=\"twitter:data1\" content=\"2 minutes\" \/>\n<script type=\"application\/ld+json\" class=\"yoast-schema-graph\">{\"@context\":\"https:\/\/schema.org\",\"@graph\":[{\"@type\":\"WebPage\",\"@id\":\"https:\/\/beconfident.com\/ch_de\/produkt\/super-white-fresh-toothpaste\/\",\"url\":\"https:\/\/beconfident.com\/ch_de\/produkt\/super-white-fresh-toothpaste\/\",\"name\":\"Super White &amp; Fresh Toothpaste - Beconfident\",\"isPartOf\":{\"@id\":\"https:\/\/beconfident.com\/lv\/#website\"},\"primaryImageOfPage\":{\"@id\":\"https:\/\/beconfident.com\/ch_de\/produkt\/super-white-fresh-toothpaste\/#primaryimage\"},\"image\":{\"@id\":\"https:\/\/beconfident.com\/ch_de\/produkt\/super-white-fresh-toothpaste\/#primaryimage\"},\"thumbnailUrl\":\"https:\/\/beconfident.com\/wp-content\/uploads\/2023\/07\/Beconfident-Super-Whitening-Fresh-Toothpaste-packaging-and-toothpaste.jpg\",\"datePublished\":\"2023-07-04T09:18:37+00:00\",\"dateModified\":\"2026-03-04T10:19:59+00:00\",\"breadcrumb\":{\"@id\":\"https:\/\/beconfident.com\/ch_de\/produkt\/super-white-fresh-toothpaste\/#breadcrumb\"},\"inLanguage\":\"ch-DE\",\"potentialAction\":[{\"@type\":\"ReadAction\",\"target\":[\"https:\/\/beconfident.com\/ch_de\/produkt\/super-white-fresh-toothpaste\/\"]}]},{\"@type\":\"ImageObject\",\"inLanguage\":\"ch-DE\",\"@id\":\"https:\/\/beconfident.com\/ch_de\/produkt\/super-white-fresh-toothpaste\/#primaryimage\",\"url\":\"https:\/\/beconfident.com\/wp-content\/uploads\/2023\/07\/Beconfident-Super-Whitening-Fresh-Toothpaste-packaging-and-toothpaste.jpg\",\"contentUrl\":\"https:\/\/beconfident.com\/wp-content\/uploads\/2023\/07\/Beconfident-Super-Whitening-Fresh-Toothpaste-packaging-and-toothpaste.jpg\",\"width\":2000,\"height\":2000,\"caption\":\"Beconfident Super Whitening Fresh Toothpaste packaging and toothpaste\"},{\"@type\":\"BreadcrumbList\",\"@id\":\"https:\/\/beconfident.com\/ch_de\/produkt\/super-white-fresh-toothpaste\/#breadcrumb\",\"itemListElement\":[{\"@type\":\"ListItem\",\"position\":1,\"name\":\"Hem\",\"item\":\"https:\/\/beconfident.com\/ch_de\/\"},{\"@type\":\"ListItem\",\"position\":2,\"name\":\"Webbutik\",\"item\":\"https:\/\/beconfident.com\/ch_de\/webbutik\/\"},{\"@type\":\"ListItem\",\"position\":3,\"name\":\"Super White &amp; Fresh Toothpaste\"}]},{\"@type\":\"WebSite\",\"@id\":\"https:\/\/beconfident.com\/lv\/#website\",\"url\":\"https:\/\/beconfident.com\/lv\/\",\"name\":\"Beconfident\",\"description\":\"\",\"potentialAction\":[{\"@type\":\"SearchAction\",\"target\":{\"@type\":\"EntryPoint\",\"urlTemplate\":\"https:\/\/beconfident.com\/lv\/?s={search_term_string}\"},\"query-input\":{\"@type\":\"PropertyValueSpecification\",\"valueRequired\":true,\"valueName\":\"search_term_string\"}}],\"inLanguage\":\"ch-DE\"}]}<\/script>\n<!-- \/ Yoast SEO plugin. -->","yoast_head_json":{"title":"Super White &amp; Fresh Toothpaste - Beconfident","robots":{"index":"index","follow":"follow","max-snippet":"max-snippet:-1","max-image-preview":"max-image-preview:large","max-video-preview":"max-video-preview:-1"},"canonical":"https:\/\/beconfident.com\/ch_de\/produkt\/super-white-fresh-toothpaste\/","og_locale":"en_US","og_type":"article","og_title":"Super White &amp; Fresh Toothpaste - Beconfident","og_description":"Unsere allerneueste und beste Whitening-Zahnpasta, die ein wunderbar sauberes und frisches Gef\u00fchl im Mund hinterl\u00e4sst. F\u00fcr wei\u00dfere Z\u00e4hne, st\u00e4rkeren Zahnschmelz und frischen Atem.","og_url":"https:\/\/beconfident.com\/ch_de\/produkt\/super-white-fresh-toothpaste\/","og_site_name":"Beconfident","article_modified_time":"2026-03-04T10:19:59+00:00","og_image":[{"width":2000,"height":2000,"url":"https:\/\/beconfident.com\/wp-content\/uploads\/2023\/07\/Beconfident-Super-Whitening-Fresh-Toothpaste-packaging-and-toothpaste.jpg","type":"image\/jpeg"}],"twitter_card":"summary_large_image","twitter_misc":{"Est. reading time":"2 minutes"},"schema":{"@context":"https:\/\/schema.org","@graph":[{"@type":"WebPage","@id":"https:\/\/beconfident.com\/ch_de\/produkt\/super-white-fresh-toothpaste\/","url":"https:\/\/beconfident.com\/ch_de\/produkt\/super-white-fresh-toothpaste\/","name":"Super White &amp; Fresh Toothpaste - Beconfident","isPartOf":{"@id":"https:\/\/beconfident.com\/lv\/#website"},"primaryImageOfPage":{"@id":"https:\/\/beconfident.com\/ch_de\/produkt\/super-white-fresh-toothpaste\/#primaryimage"},"image":{"@id":"https:\/\/beconfident.com\/ch_de\/produkt\/super-white-fresh-toothpaste\/#primaryimage"},"thumbnailUrl":"https:\/\/beconfident.com\/wp-content\/uploads\/2023\/07\/Beconfident-Super-Whitening-Fresh-Toothpaste-packaging-and-toothpaste.jpg","datePublished":"2023-07-04T09:18:37+00:00","dateModified":"2026-03-04T10:19:59+00:00","breadcrumb":{"@id":"https:\/\/beconfident.com\/ch_de\/produkt\/super-white-fresh-toothpaste\/#breadcrumb"},"inLanguage":"ch-DE","potentialAction":[{"@type":"ReadAction","target":["https:\/\/beconfident.com\/ch_de\/produkt\/super-white-fresh-toothpaste\/"]}]},{"@type":"ImageObject","inLanguage":"ch-DE","@id":"https:\/\/beconfident.com\/ch_de\/produkt\/super-white-fresh-toothpaste\/#primaryimage","url":"https:\/\/beconfident.com\/wp-content\/uploads\/2023\/07\/Beconfident-Super-Whitening-Fresh-Toothpaste-packaging-and-toothpaste.jpg","contentUrl":"https:\/\/beconfident.com\/wp-content\/uploads\/2023\/07\/Beconfident-Super-Whitening-Fresh-Toothpaste-packaging-and-toothpaste.jpg","width":2000,"height":2000,"caption":"Beconfident Super Whitening Fresh Toothpaste packaging and toothpaste"},{"@type":"BreadcrumbList","@id":"https:\/\/beconfident.com\/ch_de\/produkt\/super-white-fresh-toothpaste\/#breadcrumb","itemListElement":[{"@type":"ListItem","position":1,"name":"Hem","item":"https:\/\/beconfident.com\/ch_de\/"},{"@type":"ListItem","position":2,"name":"Webbutik","item":"https:\/\/beconfident.com\/ch_de\/webbutik\/"},{"@type":"ListItem","position":3,"name":"Super White &amp; Fresh Toothpaste"}]},{"@type":"WebSite","@id":"https:\/\/beconfident.com\/lv\/#website","url":"https:\/\/beconfident.com\/lv\/","name":"Beconfident","description":"","potentialAction":[{"@type":"SearchAction","target":{"@type":"EntryPoint","urlTemplate":"https:\/\/beconfident.com\/lv\/?s={search_term_string}"},"query-input":{"@type":"PropertyValueSpecification","valueRequired":true,"valueName":"search_term_string"}}],"inLanguage":"ch-DE"}]}},"_links":{"self":[{"href":"https:\/\/beconfident.com\/ch_de\/wp-json\/wp\/v2\/product\/52309","targetHints":{"allow":["GET"]}}],"collection":[{"href":"https:\/\/beconfident.com\/ch_de\/wp-json\/wp\/v2\/product"}],"about":[{"href":"https:\/\/beconfident.com\/ch_de\/wp-json\/wp\/v2\/types\/product"}],"replies":[{"embeddable":true,"href":"https:\/\/beconfident.com\/ch_de\/wp-json\/wp\/v2\/comments?post=52309"}],"wp:featuredmedia":[{"embeddable":true,"href":"https:\/\/beconfident.com\/ch_de\/wp-json\/wp\/v2\/media\/52275"}],"wp:attachment":[{"href":"https:\/\/beconfident.com\/ch_de\/wp-json\/wp\/v2\/media?parent=52309"}],"wp:term":[{"taxonomy":"product_brand","embeddable":true,"href":"https:\/\/beconfident.com\/ch_de\/wp-json\/wp\/v2\/product_brand?post=52309"},{"taxonomy":"product_cat","embeddable":true,"href":"https:\/\/beconfident.com\/ch_de\/wp-json\/wp\/v2\/product_cat?post=52309"},{"taxonomy":"product_tag","embeddable":true,"href":"https:\/\/beconfident.com\/ch_de\/wp-json\/wp\/v2\/product_tag?post=52309"}],"curies":[{"name":"wp","href":"https:\/\/api.w.org\/{rel}","templated":true}]}}