{"id":33798,"date":"2021-08-26T12:01:58","date_gmt":"2021-08-26T10:08:59","guid":{"rendered":"http:\/\/beconfident.beconfident.hemsida.eu\/?post_type=product&#038;p=33798"},"modified":"2023-04-06T14:00:22","modified_gmt":"2023-04-06T12:00:22","slug":"silver-sonic-elektrische-zahnburste","status":"publish","type":"product","link":"https:\/\/beconfident.com\/ch_de\/produkt\/silver-sonic-elektrische-zahnburste\/","title":{"rendered":"SILVER SONIC ELEKTRISCHE ZAHNB\u00dcRSTE"},"content":{"rendered":"<p>Beconfident\u00ae Sonic Silver Toothbrush White\/Silver: Sonic Whitening Electric Toothbrush vibriert mit 38.000 Schwingungen\/76.000 Bewegungen pro Minute und klinisch erwiesen entfernt Plaque 62% besser als eine manuelle Zahnb\u00fcrste. Zus\u00e4tzlich zum mechanischen B\u00fcrsten erzeugt Schall die Vibrationen, zusammen mit Zahnpasta und Speichel, Wirbel, die eine sekund\u00e4re Reinigungswirkung bieten und helfen, Plaque zu entfernen, auch wenn die B\u00fcrste nicht zug\u00e4nglich ist. Die effektive mechanische Verarbeitung entfernt auch Flecken, gibt wei\u00dfere Z\u00e4hne und sorgt f\u00fcr die gleiche Reinigungswirkung wie nach einem Besuch des Dentalhygienikers. Sonic Whitening Electric Zahnb\u00fcrste kommt mit 1 regul\u00e4ren B\u00fcrstenkopf (es gibt Whitening und Soft-Versionen zu passen) und kann in 3 verschiedenen Modi eingestellt werden: Sensitive, Clean und Whitening. Ein Timer gibt alle 30 Sekunden ein Signal, so dass alle vier Quadranten im Mund die gleiche Reinigung erhalten und er sich nach insgesamt zwei Minuten automatisch abschaltet. Der eingebaute wiederaufladbare Akku hat schnelles Aufladen und vollst\u00e4ndig aufgeladen in 6 Stunden, die volle 90 Tage dauert, wenn vier Minuten pro Tag geb\u00fcrstet. Das Paket enth\u00e4lt einen Sonic Regular Zahnb\u00fcrstenkopf, ein DC-Kabel (direktes Anschlu\u00df) an das USB-Ladeger\u00e4t (nicht im Lieferumfang enthalten) und Gebrauchsanweisungen. Zahnb\u00fcrstenkopf entwickelt und nur f\u00fcr Beconfident\u00ae elektrische Zahnb\u00fcrsten geeignet.<\/p>\n","protected":false},"excerpt":{"rendered":"<p>Silver Sonic Whitening elektrische Zahnb\u00fcrste wei\u00df \/ silber. Komplett mit 1 normalen B\u00fcrstenkopf, Kabel f\u00fcr USB-Ladeger\u00e4t und Handbuch.<\/p>\n","protected":false},"featured_media":34537,"comment_status":"open","ping_status":"closed","template":"","meta":{"_acf_changed":false,"inline_featured_image":false,"_monsterinsights_skip_tracking":false,"_monsterinsights_sitenote_active":false,"_monsterinsights_sitenote_note":"","_monsterinsights_sitenote_category":0},"product_brand":[],"product_cat":[720,505,506],"product_tag":[],"class_list":{"0":"post-33798","1":"product","2":"type-product","3":"status-publish","4":"has-post-thumbnail","6":"product_cat-alla-produkter-ch_de","7":"product_cat-mundliche-pflege","8":"product_cat-sonic-zahnbuerste","10":"first","11":"instock","12":"taxable","13":"shipping-taxable","14":"purchasable","15":"product-type-simple"},"acf":[],"shsp-ext":{"main":{},"variations":[]},"yoast_head":"<!-- This site is optimized with the Yoast SEO plugin v27.2 - https:\/\/yoast.com\/product\/yoast-seo-wordpress\/ -->\n<title>SILVER SONIC ELEKTRISCHE ZAHNB\u00dcRSTE - Beconfident<\/title>\n<meta name=\"robots\" content=\"index, follow, max-snippet:-1, max-image-preview:large, max-video-preview:-1\" \/>\n<link rel=\"canonical\" href=\"https:\/\/beconfident.com\/ch_de\/produkt\/silver-sonic-elektrische-zahnburste\/\" \/>\n<meta property=\"og:locale\" content=\"en_US\" \/>\n<meta property=\"og:type\" content=\"article\" \/>\n<meta property=\"og:title\" content=\"SILVER SONIC ELEKTRISCHE ZAHNB\u00dcRSTE - Beconfident\" \/>\n<meta property=\"og:description\" content=\"Silver Sonic Whitening elektrische Zahnb\u00fcrste wei\u00df \/ silber. Komplett mit 1 normalen B\u00fcrstenkopf, Kabel f\u00fcr USB-Ladeger\u00e4t und Handbuch.\" \/>\n<meta property=\"og:url\" content=\"https:\/\/beconfident.com\/ch_de\/produkt\/silver-sonic-elektrische-zahnburste\/\" \/>\n<meta property=\"og:site_name\" content=\"Beconfident\" \/>\n<meta property=\"article:modified_time\" content=\"2023-04-06T12:00:22+00:00\" \/>\n<meta property=\"og:image\" content=\"https:\/\/beconfident.com\/wp-content\/uploads\/2021\/08\/sonic-silver-whitening.jpg\" \/>\n\t<meta property=\"og:image:width\" content=\"1312\" \/>\n\t<meta property=\"og:image:height\" content=\"1312\" \/>\n\t<meta property=\"og:image:type\" content=\"image\/jpeg\" \/>\n<meta name=\"twitter:card\" content=\"summary_large_image\" \/>\n<meta name=\"twitter:label1\" content=\"Est. reading time\" \/>\n\t<meta name=\"twitter:data1\" content=\"1 minute\" \/>\n<script type=\"application\/ld+json\" class=\"yoast-schema-graph\">{\"@context\":\"https:\/\/schema.org\",\"@graph\":[{\"@type\":\"WebPage\",\"@id\":\"https:\/\/beconfident.com\/ch_de\/produkt\/silver-sonic-elektrische-zahnburste\/\",\"url\":\"https:\/\/beconfident.com\/ch_de\/produkt\/silver-sonic-elektrische-zahnburste\/\",\"name\":\"SILVER SONIC ELEKTRISCHE ZAHNB\u00dcRSTE - Beconfident\",\"isPartOf\":{\"@id\":\"https:\/\/beconfident.com\/lv\/#website\"},\"primaryImageOfPage\":{\"@id\":\"https:\/\/beconfident.com\/ch_de\/produkt\/silver-sonic-elektrische-zahnburste\/#primaryimage\"},\"image\":{\"@id\":\"https:\/\/beconfident.com\/ch_de\/produkt\/silver-sonic-elektrische-zahnburste\/#primaryimage\"},\"thumbnailUrl\":\"https:\/\/beconfident.com\/wp-content\/uploads\/2021\/08\/sonic-silver-whitening.jpg\",\"datePublished\":\"2021-08-26T10:08:59+00:00\",\"dateModified\":\"2023-04-06T12:00:22+00:00\",\"breadcrumb\":{\"@id\":\"https:\/\/beconfident.com\/ch_de\/produkt\/silver-sonic-elektrische-zahnburste\/#breadcrumb\"},\"inLanguage\":\"ch-DE\",\"potentialAction\":[{\"@type\":\"ReadAction\",\"target\":[\"https:\/\/beconfident.com\/ch_de\/produkt\/silver-sonic-elektrische-zahnburste\/\"]}]},{\"@type\":\"ImageObject\",\"inLanguage\":\"ch-DE\",\"@id\":\"https:\/\/beconfident.com\/ch_de\/produkt\/silver-sonic-elektrische-zahnburste\/#primaryimage\",\"url\":\"https:\/\/beconfident.com\/wp-content\/uploads\/2021\/08\/sonic-silver-whitening.jpg\",\"contentUrl\":\"https:\/\/beconfident.com\/wp-content\/uploads\/2021\/08\/sonic-silver-whitening.jpg\",\"width\":1312,\"height\":1312},{\"@type\":\"BreadcrumbList\",\"@id\":\"https:\/\/beconfident.com\/ch_de\/produkt\/silver-sonic-elektrische-zahnburste\/#breadcrumb\",\"itemListElement\":[{\"@type\":\"ListItem\",\"position\":1,\"name\":\"Hem\",\"item\":\"https:\/\/beconfident.com\/ch_de\/\"},{\"@type\":\"ListItem\",\"position\":2,\"name\":\"Webbutik\",\"item\":\"https:\/\/beconfident.com\/ch_de\/webbutik\/\"},{\"@type\":\"ListItem\",\"position\":3,\"name\":\"SILVER SONIC ELEKTRISCHE ZAHNB\u00dcRSTE\"}]},{\"@type\":\"WebSite\",\"@id\":\"https:\/\/beconfident.com\/lv\/#website\",\"url\":\"https:\/\/beconfident.com\/lv\/\",\"name\":\"Beconfident\",\"description\":\"\",\"potentialAction\":[{\"@type\":\"SearchAction\",\"target\":{\"@type\":\"EntryPoint\",\"urlTemplate\":\"https:\/\/beconfident.com\/lv\/?s={search_term_string}\"},\"query-input\":{\"@type\":\"PropertyValueSpecification\",\"valueRequired\":true,\"valueName\":\"search_term_string\"}}],\"inLanguage\":\"ch-DE\"}]}<\/script>\n<!-- \/ Yoast SEO plugin. -->","yoast_head_json":{"title":"SILVER SONIC ELEKTRISCHE ZAHNB\u00dcRSTE - Beconfident","robots":{"index":"index","follow":"follow","max-snippet":"max-snippet:-1","max-image-preview":"max-image-preview:large","max-video-preview":"max-video-preview:-1"},"canonical":"https:\/\/beconfident.com\/ch_de\/produkt\/silver-sonic-elektrische-zahnburste\/","og_locale":"en_US","og_type":"article","og_title":"SILVER SONIC ELEKTRISCHE ZAHNB\u00dcRSTE - Beconfident","og_description":"Silver Sonic Whitening elektrische Zahnb\u00fcrste wei\u00df \/ silber. Komplett mit 1 normalen B\u00fcrstenkopf, Kabel f\u00fcr USB-Ladeger\u00e4t und Handbuch.","og_url":"https:\/\/beconfident.com\/ch_de\/produkt\/silver-sonic-elektrische-zahnburste\/","og_site_name":"Beconfident","article_modified_time":"2023-04-06T12:00:22+00:00","og_image":[{"width":1312,"height":1312,"url":"https:\/\/beconfident.com\/wp-content\/uploads\/2021\/08\/sonic-silver-whitening.jpg","type":"image\/jpeg"}],"twitter_card":"summary_large_image","twitter_misc":{"Est. reading time":"1 minute"},"schema":{"@context":"https:\/\/schema.org","@graph":[{"@type":"WebPage","@id":"https:\/\/beconfident.com\/ch_de\/produkt\/silver-sonic-elektrische-zahnburste\/","url":"https:\/\/beconfident.com\/ch_de\/produkt\/silver-sonic-elektrische-zahnburste\/","name":"SILVER SONIC ELEKTRISCHE ZAHNB\u00dcRSTE - Beconfident","isPartOf":{"@id":"https:\/\/beconfident.com\/lv\/#website"},"primaryImageOfPage":{"@id":"https:\/\/beconfident.com\/ch_de\/produkt\/silver-sonic-elektrische-zahnburste\/#primaryimage"},"image":{"@id":"https:\/\/beconfident.com\/ch_de\/produkt\/silver-sonic-elektrische-zahnburste\/#primaryimage"},"thumbnailUrl":"https:\/\/beconfident.com\/wp-content\/uploads\/2021\/08\/sonic-silver-whitening.jpg","datePublished":"2021-08-26T10:08:59+00:00","dateModified":"2023-04-06T12:00:22+00:00","breadcrumb":{"@id":"https:\/\/beconfident.com\/ch_de\/produkt\/silver-sonic-elektrische-zahnburste\/#breadcrumb"},"inLanguage":"ch-DE","potentialAction":[{"@type":"ReadAction","target":["https:\/\/beconfident.com\/ch_de\/produkt\/silver-sonic-elektrische-zahnburste\/"]}]},{"@type":"ImageObject","inLanguage":"ch-DE","@id":"https:\/\/beconfident.com\/ch_de\/produkt\/silver-sonic-elektrische-zahnburste\/#primaryimage","url":"https:\/\/beconfident.com\/wp-content\/uploads\/2021\/08\/sonic-silver-whitening.jpg","contentUrl":"https:\/\/beconfident.com\/wp-content\/uploads\/2021\/08\/sonic-silver-whitening.jpg","width":1312,"height":1312},{"@type":"BreadcrumbList","@id":"https:\/\/beconfident.com\/ch_de\/produkt\/silver-sonic-elektrische-zahnburste\/#breadcrumb","itemListElement":[{"@type":"ListItem","position":1,"name":"Hem","item":"https:\/\/beconfident.com\/ch_de\/"},{"@type":"ListItem","position":2,"name":"Webbutik","item":"https:\/\/beconfident.com\/ch_de\/webbutik\/"},{"@type":"ListItem","position":3,"name":"SILVER SONIC ELEKTRISCHE ZAHNB\u00dcRSTE"}]},{"@type":"WebSite","@id":"https:\/\/beconfident.com\/lv\/#website","url":"https:\/\/beconfident.com\/lv\/","name":"Beconfident","description":"","potentialAction":[{"@type":"SearchAction","target":{"@type":"EntryPoint","urlTemplate":"https:\/\/beconfident.com\/lv\/?s={search_term_string}"},"query-input":{"@type":"PropertyValueSpecification","valueRequired":true,"valueName":"search_term_string"}}],"inLanguage":"ch-DE"}]}},"_links":{"self":[{"href":"https:\/\/beconfident.com\/ch_de\/wp-json\/wp\/v2\/product\/33798","targetHints":{"allow":["GET"]}}],"collection":[{"href":"https:\/\/beconfident.com\/ch_de\/wp-json\/wp\/v2\/product"}],"about":[{"href":"https:\/\/beconfident.com\/ch_de\/wp-json\/wp\/v2\/types\/product"}],"replies":[{"embeddable":true,"href":"https:\/\/beconfident.com\/ch_de\/wp-json\/wp\/v2\/comments?post=33798"}],"wp:featuredmedia":[{"embeddable":true,"href":"https:\/\/beconfident.com\/ch_de\/wp-json\/wp\/v2\/media\/34537"}],"wp:attachment":[{"href":"https:\/\/beconfident.com\/ch_de\/wp-json\/wp\/v2\/media?parent=33798"}],"wp:term":[{"taxonomy":"product_brand","embeddable":true,"href":"https:\/\/beconfident.com\/ch_de\/wp-json\/wp\/v2\/product_brand?post=33798"},{"taxonomy":"product_cat","embeddable":true,"href":"https:\/\/beconfident.com\/ch_de\/wp-json\/wp\/v2\/product_cat?post=33798"},{"taxonomy":"product_tag","embeddable":true,"href":"https:\/\/beconfident.com\/ch_de\/wp-json\/wp\/v2\/product_tag?post=33798"}],"curies":[{"name":"wp","href":"https:\/\/api.w.org\/{rel}","templated":true}]}}