{"id":21466,"date":"2021-01-11T10:04:26","date_gmt":"2021-01-11T09:04:26","guid":{"rendered":"http:\/\/beconfident.beconfident.hemsida.eu\/produkt\/teeth-whitening-x1-start-kit\/"},"modified":"2026-04-23T10:21:48","modified_gmt":"2026-04-23T08:21:48","slug":"teeth-whitening-x1-start-kit","status":"publish","type":"product","link":"https:\/\/beconfident.com\/ch_de\/produkt\/teeth-whitening-x1-start-kit\/","title":{"rendered":"Z\u00c4HNE WHITENING X1 START KIT"},"content":{"rendered":"<p>Mit dem Beconfident\u00ae X1 Start Kit erhalten Sie eine peroxidfreie Zahnaufhellung f\u00fcr ein sch\u00f6nes wei\u00dfes L\u00e4cheln ohne Nebenwirkungen wie Zahnfleischschmerzen oder Zahnempfindlichkeit. Das Start Kit enth\u00e4lt alles, was Sie brauchen, und ist perfekt, wenn Sie Ihre Z\u00e4hne noch nie wei\u00df gemacht haben. Es ist sehr einfach zu bedienen und jede Behandlung dauert nur 15 Minuten. Sie k\u00f6nnen die mitgelieferten Mundschalen ganz einfach f\u00fcr eine individuelle Passform formen &#8211; genau wie beim Zahnarzt.<\/p>\n<p>Der Wei\u00dfeffekt der Z\u00e4hne beruht auf einer Aufl\u00f6sung von Oberfl\u00e4chenflecken, teilweise durch Oxidation organischer Verbindungen, die tiefer im Zahnschmelz und im Dentin sitzen. Die Methode von Beconfident\u00ae basiert auf einer Kombination von Reinigungsmitteln (oberfl\u00e4chenaktive Mittel) und aktivem 32% Natriumbicarbonat. Im Gegensatz zu Wasserstoffperoxid, das unangenehme Zahnempfindlichkeit und Zahnschmerzen verursachen kann, ist unser Zahn sanft und frei von Nebenwirkungen.<\/p>\n<p>Alles, was Sie brauchen, um Ihr Trauml\u00e4cheln zu erreichen, ist im Paket enthalten. 10 ml peroxidfreies Bleichgel mit frischem Melonengeschmack f\u00fcr 10 Behandlungen. 3 St\u00fcck (eine zus\u00e4tzliche) Mundschale, die das Gel an Ort und Stelle h\u00e4lt, eine Farb\u00fcbersicht und klare Anweisungen.<\/p>\n","protected":false},"excerpt":{"rendered":"<p>Bis zu 4 Farbt\u00f6ne wei\u00dfer in 10 Tagen<\/p>\n","protected":false},"featured_media":56037,"comment_status":"open","ping_status":"closed","template":"","meta":{"_acf_changed":false,"inline_featured_image":false,"_monsterinsights_skip_tracking":false,"_monsterinsights_sitenote_active":false,"_monsterinsights_sitenote_note":"","_monsterinsights_sitenote_category":0},"product_brand":[],"product_cat":[720,510,512],"product_tag":[],"class_list":{"0":"post-21466","1":"product","2":"type-product","3":"status-publish","4":"has-post-thumbnail","6":"product_cat-alla-produkter-ch_de","7":"product_cat-zahnbleaching-ch_de-2","8":"product_cat-zahnweis-kit-ch_de-2","10":"first","11":"instock","12":"sale","13":"featured","14":"taxable","15":"shipping-taxable","16":"purchasable","17":"product-type-simple"},"acf":[],"shsp-ext":{"main":{},"variations":[]},"yoast_head":"<!-- This site is optimized with the Yoast SEO plugin v27.2 - https:\/\/yoast.com\/product\/yoast-seo-wordpress\/ -->\n<title>Z\u00c4HNE WHITENING X1 START KIT - Beconfident<\/title>\n<meta name=\"robots\" content=\"index, follow, max-snippet:-1, max-image-preview:large, max-video-preview:-1\" \/>\n<link rel=\"canonical\" href=\"https:\/\/beconfident.com\/ch_de\/produkt\/teeth-whitening-x1-start-kit\/\" \/>\n<meta property=\"og:locale\" content=\"en_US\" \/>\n<meta property=\"og:type\" content=\"article\" \/>\n<meta property=\"og:title\" content=\"Z\u00c4HNE WHITENING X1 START KIT - Beconfident\" \/>\n<meta property=\"og:description\" content=\"Bis zu 4 Farbt\u00f6ne wei\u00dfer in 10 Tagen\" \/>\n<meta property=\"og:url\" content=\"https:\/\/beconfident.com\/ch_de\/produkt\/teeth-whitening-x1-start-kit\/\" \/>\n<meta property=\"og:site_name\" content=\"Beconfident\" \/>\n<meta property=\"article:modified_time\" content=\"2026-04-23T08:21:48+00:00\" \/>\n<meta property=\"og:image\" content=\"https:\/\/beconfident.com\/wp-content\/uploads\/2021\/01\/Teeth-whitening-x1-start-kit-with-badge-2.jpg\" \/>\n\t<meta property=\"og:image:width\" content=\"2000\" \/>\n\t<meta property=\"og:image:height\" content=\"2000\" \/>\n\t<meta property=\"og:image:type\" content=\"image\/jpeg\" \/>\n<meta name=\"twitter:card\" content=\"summary_large_image\" \/>\n<meta name=\"twitter:label1\" content=\"Est. reading time\" \/>\n\t<meta name=\"twitter:data1\" content=\"1 minute\" \/>\n<script type=\"application\/ld+json\" class=\"yoast-schema-graph\">{\"@context\":\"https:\/\/schema.org\",\"@graph\":[{\"@type\":\"WebPage\",\"@id\":\"https:\/\/beconfident.com\/ch_de\/produkt\/teeth-whitening-x1-start-kit\/\",\"url\":\"https:\/\/beconfident.com\/ch_de\/produkt\/teeth-whitening-x1-start-kit\/\",\"name\":\"Z\u00c4HNE WHITENING X1 START KIT - Beconfident\",\"isPartOf\":{\"@id\":\"https:\/\/beconfident.com\/lv\/#website\"},\"primaryImageOfPage\":{\"@id\":\"https:\/\/beconfident.com\/ch_de\/produkt\/teeth-whitening-x1-start-kit\/#primaryimage\"},\"image\":{\"@id\":\"https:\/\/beconfident.com\/ch_de\/produkt\/teeth-whitening-x1-start-kit\/#primaryimage\"},\"thumbnailUrl\":\"https:\/\/beconfident.com\/wp-content\/uploads\/2021\/01\/Teeth-whitening-x1-start-kit-with-badge-2.jpg\",\"datePublished\":\"2021-01-11T09:04:26+00:00\",\"dateModified\":\"2026-04-23T08:21:48+00:00\",\"breadcrumb\":{\"@id\":\"https:\/\/beconfident.com\/ch_de\/produkt\/teeth-whitening-x1-start-kit\/#breadcrumb\"},\"inLanguage\":\"ch-DE\",\"potentialAction\":[{\"@type\":\"ReadAction\",\"target\":[\"https:\/\/beconfident.com\/ch_de\/produkt\/teeth-whitening-x1-start-kit\/\"]}]},{\"@type\":\"ImageObject\",\"inLanguage\":\"ch-DE\",\"@id\":\"https:\/\/beconfident.com\/ch_de\/produkt\/teeth-whitening-x1-start-kit\/#primaryimage\",\"url\":\"https:\/\/beconfident.com\/wp-content\/uploads\/2021\/01\/Teeth-whitening-x1-start-kit-with-badge-2.jpg\",\"contentUrl\":\"https:\/\/beconfident.com\/wp-content\/uploads\/2021\/01\/Teeth-whitening-x1-start-kit-with-badge-2.jpg\",\"width\":2000,\"height\":2000},{\"@type\":\"BreadcrumbList\",\"@id\":\"https:\/\/beconfident.com\/ch_de\/produkt\/teeth-whitening-x1-start-kit\/#breadcrumb\",\"itemListElement\":[{\"@type\":\"ListItem\",\"position\":1,\"name\":\"Hem\",\"item\":\"https:\/\/beconfident.com\/ch_de\/\"},{\"@type\":\"ListItem\",\"position\":2,\"name\":\"Webbutik\",\"item\":\"https:\/\/beconfident.com\/ch_de\/webbutik\/\"},{\"@type\":\"ListItem\",\"position\":3,\"name\":\"Z\u00c4HNE WHITENING X1 START KIT\"}]},{\"@type\":\"WebSite\",\"@id\":\"https:\/\/beconfident.com\/lv\/#website\",\"url\":\"https:\/\/beconfident.com\/lv\/\",\"name\":\"Beconfident\",\"description\":\"\",\"potentialAction\":[{\"@type\":\"SearchAction\",\"target\":{\"@type\":\"EntryPoint\",\"urlTemplate\":\"https:\/\/beconfident.com\/lv\/?s={search_term_string}\"},\"query-input\":{\"@type\":\"PropertyValueSpecification\",\"valueRequired\":true,\"valueName\":\"search_term_string\"}}],\"inLanguage\":\"ch-DE\"}]}<\/script>\n<!-- \/ Yoast SEO plugin. -->","yoast_head_json":{"title":"Z\u00c4HNE WHITENING X1 START KIT - Beconfident","robots":{"index":"index","follow":"follow","max-snippet":"max-snippet:-1","max-image-preview":"max-image-preview:large","max-video-preview":"max-video-preview:-1"},"canonical":"https:\/\/beconfident.com\/ch_de\/produkt\/teeth-whitening-x1-start-kit\/","og_locale":"en_US","og_type":"article","og_title":"Z\u00c4HNE WHITENING X1 START KIT - Beconfident","og_description":"Bis zu 4 Farbt\u00f6ne wei\u00dfer in 10 Tagen","og_url":"https:\/\/beconfident.com\/ch_de\/produkt\/teeth-whitening-x1-start-kit\/","og_site_name":"Beconfident","article_modified_time":"2026-04-23T08:21:48+00:00","og_image":[{"width":2000,"height":2000,"url":"https:\/\/beconfident.com\/wp-content\/uploads\/2021\/01\/Teeth-whitening-x1-start-kit-with-badge-2.jpg","type":"image\/jpeg"}],"twitter_card":"summary_large_image","twitter_misc":{"Est. reading time":"1 minute"},"schema":{"@context":"https:\/\/schema.org","@graph":[{"@type":"WebPage","@id":"https:\/\/beconfident.com\/ch_de\/produkt\/teeth-whitening-x1-start-kit\/","url":"https:\/\/beconfident.com\/ch_de\/produkt\/teeth-whitening-x1-start-kit\/","name":"Z\u00c4HNE WHITENING X1 START KIT - Beconfident","isPartOf":{"@id":"https:\/\/beconfident.com\/lv\/#website"},"primaryImageOfPage":{"@id":"https:\/\/beconfident.com\/ch_de\/produkt\/teeth-whitening-x1-start-kit\/#primaryimage"},"image":{"@id":"https:\/\/beconfident.com\/ch_de\/produkt\/teeth-whitening-x1-start-kit\/#primaryimage"},"thumbnailUrl":"https:\/\/beconfident.com\/wp-content\/uploads\/2021\/01\/Teeth-whitening-x1-start-kit-with-badge-2.jpg","datePublished":"2021-01-11T09:04:26+00:00","dateModified":"2026-04-23T08:21:48+00:00","breadcrumb":{"@id":"https:\/\/beconfident.com\/ch_de\/produkt\/teeth-whitening-x1-start-kit\/#breadcrumb"},"inLanguage":"ch-DE","potentialAction":[{"@type":"ReadAction","target":["https:\/\/beconfident.com\/ch_de\/produkt\/teeth-whitening-x1-start-kit\/"]}]},{"@type":"ImageObject","inLanguage":"ch-DE","@id":"https:\/\/beconfident.com\/ch_de\/produkt\/teeth-whitening-x1-start-kit\/#primaryimage","url":"https:\/\/beconfident.com\/wp-content\/uploads\/2021\/01\/Teeth-whitening-x1-start-kit-with-badge-2.jpg","contentUrl":"https:\/\/beconfident.com\/wp-content\/uploads\/2021\/01\/Teeth-whitening-x1-start-kit-with-badge-2.jpg","width":2000,"height":2000},{"@type":"BreadcrumbList","@id":"https:\/\/beconfident.com\/ch_de\/produkt\/teeth-whitening-x1-start-kit\/#breadcrumb","itemListElement":[{"@type":"ListItem","position":1,"name":"Hem","item":"https:\/\/beconfident.com\/ch_de\/"},{"@type":"ListItem","position":2,"name":"Webbutik","item":"https:\/\/beconfident.com\/ch_de\/webbutik\/"},{"@type":"ListItem","position":3,"name":"Z\u00c4HNE WHITENING X1 START KIT"}]},{"@type":"WebSite","@id":"https:\/\/beconfident.com\/lv\/#website","url":"https:\/\/beconfident.com\/lv\/","name":"Beconfident","description":"","potentialAction":[{"@type":"SearchAction","target":{"@type":"EntryPoint","urlTemplate":"https:\/\/beconfident.com\/lv\/?s={search_term_string}"},"query-input":{"@type":"PropertyValueSpecification","valueRequired":true,"valueName":"search_term_string"}}],"inLanguage":"ch-DE"}]}},"_links":{"self":[{"href":"https:\/\/beconfident.com\/ch_de\/wp-json\/wp\/v2\/product\/21466","targetHints":{"allow":["GET"]}}],"collection":[{"href":"https:\/\/beconfident.com\/ch_de\/wp-json\/wp\/v2\/product"}],"about":[{"href":"https:\/\/beconfident.com\/ch_de\/wp-json\/wp\/v2\/types\/product"}],"replies":[{"embeddable":true,"href":"https:\/\/beconfident.com\/ch_de\/wp-json\/wp\/v2\/comments?post=21466"}],"wp:featuredmedia":[{"embeddable":true,"href":"https:\/\/beconfident.com\/ch_de\/wp-json\/wp\/v2\/media\/56037"}],"wp:attachment":[{"href":"https:\/\/beconfident.com\/ch_de\/wp-json\/wp\/v2\/media?parent=21466"}],"wp:term":[{"taxonomy":"product_brand","embeddable":true,"href":"https:\/\/beconfident.com\/ch_de\/wp-json\/wp\/v2\/product_brand?post=21466"},{"taxonomy":"product_cat","embeddable":true,"href":"https:\/\/beconfident.com\/ch_de\/wp-json\/wp\/v2\/product_cat?post=21466"},{"taxonomy":"product_tag","embeddable":true,"href":"https:\/\/beconfident.com\/ch_de\/wp-json\/wp\/v2\/product_tag?post=21466"}],"curies":[{"name":"wp","href":"https:\/\/api.w.org\/{rel}","templated":true}]}}