{"id":21457,"date":"2021-01-11T10:04:26","date_gmt":"2021-01-11T09:04:26","guid":{"rendered":"http:\/\/beconfident.beconfident.hemsida.eu\/produkt\/teeth-whitening-strips-10-days\/"},"modified":"2023-06-26T03:10:28","modified_gmt":"2023-06-26T01:10:28","slug":"teeth-whitening-strips-10-days","status":"publish","type":"product","link":"https:\/\/beconfident.com\/ch_de\/produkt\/teeth-whitening-strips-10-days\/","title":{"rendered":"Z\u00e4hne Whitening Strips 10 Tage"},"content":{"rendered":"<p>Beconfident\u00ae Teeth Whitening Strips sind eine schnelle und einfache Methode, um Ihre Z\u00e4hne aufzuhellen. Die speziell entwickelten Streifen werden direkt auf die Z\u00e4hne aufgetragen. Jeder Umschlag enth\u00e4lt zwei Streifen, die individuell f\u00fcr die bestm\u00f6gliche Anpassung an den Ober- und Unterkiefer konzipiert sind. Das Zahnaufhellungsgel basiert auf unserem patentierten Dual Boost X1 Zahnaufhellungsgel + 0,1% Peroxid, das in der ersten Phase mit Kokosnusssulfat Verf\u00e4rbungen entfernt und in der zweiten Phase mit Hilfe von 32% Bikarbonat f\u00fcr wei\u00dfere Z\u00e4hne sorgt. Es ist keine Formung von Mundschienen erforderlich, \u00f6ffnen Sie einfach die Packung und schon k\u00f6nnen Sie loslegen!<\/p>\n<p>Die Streifen sind v\u00f6llig sicher in der Anwendung und verursachen keine Unannehmlichkeiten oder erh\u00f6hte Empfindlichkeit der Z\u00e4hne. Die Packung reicht f\u00fcr 10 Tage und die Streifen sollten jeweils 15 Minuten lang wirken. Die Packung enth\u00e4lt 2&#215;10 Zahnaufhellungsstreifen.<\/p>\n<p>So machen Sie es:<br \/>\nTipp. Wir empfehlen die Verwendung eines Spiegels, um das Auftragen der Streifen zu erleichtern.<br \/>\n1. \u00d6ffnen Sie vorsichtig den Beutel und nehmen Sie die transparente Folie mit den Streifen heraus. Der ge\u00f6ffnete Beutel sollte sofort verwendet werden, warten Sie nicht l\u00e4nger als 15 Minuten nach dem \u00d6ffnen.<br \/>\n2. Heben Sie den l\u00e4ngeren rechteckigen Streifen von der Folie ab. Legen Sie ihn auf die obere Zahnreihe mit der Seite, die auf der Folie war, zu den Z\u00e4hnen hin. Verteilen Sie ihn gleichm\u00e4\u00dfig entlang des Zahnfleischsaums. Der verbleibende Streifen sollte hinter den Z\u00e4hnen gefaltet werden. Dr\u00fccken Sie leicht gegen die Streifen, um sie an den Z\u00e4hnen zu befestigen.<br \/>\n3. Entfernen Sie den kurzen, leicht gebogenen Streifen f\u00fcr die untere Zahnreihe von der Folie. Bringen Sie ihn auf der unteren Zahnreihe an, wie f\u00fcr die obere Zahnreihe beschrieben. Dr\u00fccken Sie leicht darauf, um ihn anzubringen.<br \/>\n4. 15 Minuten einwirken lassen.<br \/>\n5. Entfernen Sie die Streifen. Die verbleibenden Gelreste lassen sich leicht mit einer Zahnb\u00fcrste entfernen. Den Mund gr\u00fcndlich mit Wasser aussp\u00fclen.Fortgeschrittene Aufhellung, die Verf\u00e4rbungen oberhalb und unterhalb des Zahnschmelzes f\u00fcr eine tiefere Aufhellung effektiv entfernt. Stellt das nat\u00fcrliche Wei\u00dfe Ihrer Z\u00e4hne wieder hFortgeschrittene Aufhellung, die Verf\u00e4rbungen oberhalb und unterhalb des Zahnschmelzes f\u00fcr eine tiefere Aufhellung effektiv entfernt. Stellt das nat\u00fcrliche Wei\u00dfe Ihrer Z\u00e4hne wieder h<\/p>\n","protected":false},"excerpt":{"rendered":"<p>Bis zu 3 Farbt\u00f6ne wei\u00dfere Z\u00e4hne in 10 Tagen. Enth\u00e4lt 2&#215;10 Streifen in separaten Umschl\u00e4gen.<\/p>\n","protected":false},"featured_media":21458,"comment_status":"open","ping_status":"closed","template":"","meta":{"_acf_changed":false,"inline_featured_image":false,"_monsterinsights_skip_tracking":false,"_monsterinsights_sitenote_active":false,"_monsterinsights_sitenote_note":"","_monsterinsights_sitenote_category":0},"product_brand":[],"product_cat":[508],"product_tag":[],"class_list":{"0":"post-21457","1":"product","2":"type-product","3":"status-publish","4":"has-post-thumbnail","6":"product_cat-unkategorisiert-ch_de","8":"first","9":"instock","10":"taxable","11":"shipping-taxable","12":"purchasable","13":"product-type-simple"},"acf":[],"shsp-ext":{"main":{},"variations":[]},"yoast_head":"<!-- This site is optimized with the Yoast SEO plugin v27.2 - https:\/\/yoast.com\/product\/yoast-seo-wordpress\/ -->\n<title>Z\u00e4hne Whitening Strips 10 Tage - Beconfident<\/title>\n<meta name=\"robots\" content=\"index, follow, max-snippet:-1, max-image-preview:large, max-video-preview:-1\" \/>\n<link rel=\"canonical\" href=\"https:\/\/beconfident.com\/ch_de\/produkt\/teeth-whitening-strips-10-days\/\" \/>\n<meta property=\"og:locale\" content=\"en_US\" \/>\n<meta property=\"og:type\" content=\"article\" \/>\n<meta property=\"og:title\" content=\"Z\u00e4hne Whitening Strips 10 Tage - Beconfident\" \/>\n<meta property=\"og:description\" content=\"Bis zu 3 Farbt\u00f6ne wei\u00dfere Z\u00e4hne in 10 Tagen. Enth\u00e4lt 2x10 Streifen in separaten Umschl\u00e4gen.\" \/>\n<meta property=\"og:url\" content=\"https:\/\/beconfident.com\/ch_de\/produkt\/teeth-whitening-strips-10-days\/\" \/>\n<meta property=\"og:site_name\" content=\"Beconfident\" \/>\n<meta property=\"article:modified_time\" content=\"2023-06-26T01:10:28+00:00\" \/>\n<meta property=\"og:image\" content=\"https:\/\/beconfident.com\/wp-content\/uploads\/2021\/01\/123098-Teeth-Whitening-Strips-10-days.jpg\" \/>\n\t<meta property=\"og:image:width\" content=\"1000\" \/>\n\t<meta property=\"og:image:height\" content=\"1000\" \/>\n\t<meta property=\"og:image:type\" content=\"image\/jpeg\" \/>\n<meta name=\"twitter:card\" content=\"summary_large_image\" \/>\n<meta name=\"twitter:label1\" content=\"Est. reading time\" \/>\n\t<meta name=\"twitter:data1\" content=\"2 minutes\" \/>\n<script type=\"application\/ld+json\" class=\"yoast-schema-graph\">{\"@context\":\"https:\/\/schema.org\",\"@graph\":[{\"@type\":\"WebPage\",\"@id\":\"https:\/\/beconfident.com\/ch_de\/produkt\/teeth-whitening-strips-10-days\/\",\"url\":\"https:\/\/beconfident.com\/ch_de\/produkt\/teeth-whitening-strips-10-days\/\",\"name\":\"Z\u00e4hne Whitening Strips 10 Tage - Beconfident\",\"isPartOf\":{\"@id\":\"https:\/\/beconfident.com\/lv\/#website\"},\"primaryImageOfPage\":{\"@id\":\"https:\/\/beconfident.com\/ch_de\/produkt\/teeth-whitening-strips-10-days\/#primaryimage\"},\"image\":{\"@id\":\"https:\/\/beconfident.com\/ch_de\/produkt\/teeth-whitening-strips-10-days\/#primaryimage\"},\"thumbnailUrl\":\"https:\/\/beconfident.com\/wp-content\/uploads\/2021\/01\/123098-Teeth-Whitening-Strips-10-days.jpg\",\"datePublished\":\"2021-01-11T09:04:26+00:00\",\"dateModified\":\"2023-06-26T01:10:28+00:00\",\"breadcrumb\":{\"@id\":\"https:\/\/beconfident.com\/ch_de\/produkt\/teeth-whitening-strips-10-days\/#breadcrumb\"},\"inLanguage\":\"ch-DE\",\"potentialAction\":[{\"@type\":\"ReadAction\",\"target\":[\"https:\/\/beconfident.com\/ch_de\/produkt\/teeth-whitening-strips-10-days\/\"]}]},{\"@type\":\"ImageObject\",\"inLanguage\":\"ch-DE\",\"@id\":\"https:\/\/beconfident.com\/ch_de\/produkt\/teeth-whitening-strips-10-days\/#primaryimage\",\"url\":\"https:\/\/beconfident.com\/wp-content\/uploads\/2021\/01\/123098-Teeth-Whitening-Strips-10-days.jpg\",\"contentUrl\":\"https:\/\/beconfident.com\/wp-content\/uploads\/2021\/01\/123098-Teeth-Whitening-Strips-10-days.jpg\",\"width\":1000,\"height\":1000},{\"@type\":\"BreadcrumbList\",\"@id\":\"https:\/\/beconfident.com\/ch_de\/produkt\/teeth-whitening-strips-10-days\/#breadcrumb\",\"itemListElement\":[{\"@type\":\"ListItem\",\"position\":1,\"name\":\"Hem\",\"item\":\"https:\/\/beconfident.com\/ch_de\/\"},{\"@type\":\"ListItem\",\"position\":2,\"name\":\"Webbutik\",\"item\":\"https:\/\/beconfident.com\/ch_de\/webbutik\/\"},{\"@type\":\"ListItem\",\"position\":3,\"name\":\"Z\u00e4hne Whitening Strips 10 Tage\"}]},{\"@type\":\"WebSite\",\"@id\":\"https:\/\/beconfident.com\/lv\/#website\",\"url\":\"https:\/\/beconfident.com\/lv\/\",\"name\":\"Beconfident\",\"description\":\"\",\"potentialAction\":[{\"@type\":\"SearchAction\",\"target\":{\"@type\":\"EntryPoint\",\"urlTemplate\":\"https:\/\/beconfident.com\/lv\/?s={search_term_string}\"},\"query-input\":{\"@type\":\"PropertyValueSpecification\",\"valueRequired\":true,\"valueName\":\"search_term_string\"}}],\"inLanguage\":\"ch-DE\"}]}<\/script>\n<!-- \/ Yoast SEO plugin. -->","yoast_head_json":{"title":"Z\u00e4hne Whitening Strips 10 Tage - Beconfident","robots":{"index":"index","follow":"follow","max-snippet":"max-snippet:-1","max-image-preview":"max-image-preview:large","max-video-preview":"max-video-preview:-1"},"canonical":"https:\/\/beconfident.com\/ch_de\/produkt\/teeth-whitening-strips-10-days\/","og_locale":"en_US","og_type":"article","og_title":"Z\u00e4hne Whitening Strips 10 Tage - Beconfident","og_description":"Bis zu 3 Farbt\u00f6ne wei\u00dfere Z\u00e4hne in 10 Tagen. Enth\u00e4lt 2x10 Streifen in separaten Umschl\u00e4gen.","og_url":"https:\/\/beconfident.com\/ch_de\/produkt\/teeth-whitening-strips-10-days\/","og_site_name":"Beconfident","article_modified_time":"2023-06-26T01:10:28+00:00","og_image":[{"width":1000,"height":1000,"url":"https:\/\/beconfident.com\/wp-content\/uploads\/2021\/01\/123098-Teeth-Whitening-Strips-10-days.jpg","type":"image\/jpeg"}],"twitter_card":"summary_large_image","twitter_misc":{"Est. reading time":"2 minutes"},"schema":{"@context":"https:\/\/schema.org","@graph":[{"@type":"WebPage","@id":"https:\/\/beconfident.com\/ch_de\/produkt\/teeth-whitening-strips-10-days\/","url":"https:\/\/beconfident.com\/ch_de\/produkt\/teeth-whitening-strips-10-days\/","name":"Z\u00e4hne Whitening Strips 10 Tage - Beconfident","isPartOf":{"@id":"https:\/\/beconfident.com\/lv\/#website"},"primaryImageOfPage":{"@id":"https:\/\/beconfident.com\/ch_de\/produkt\/teeth-whitening-strips-10-days\/#primaryimage"},"image":{"@id":"https:\/\/beconfident.com\/ch_de\/produkt\/teeth-whitening-strips-10-days\/#primaryimage"},"thumbnailUrl":"https:\/\/beconfident.com\/wp-content\/uploads\/2021\/01\/123098-Teeth-Whitening-Strips-10-days.jpg","datePublished":"2021-01-11T09:04:26+00:00","dateModified":"2023-06-26T01:10:28+00:00","breadcrumb":{"@id":"https:\/\/beconfident.com\/ch_de\/produkt\/teeth-whitening-strips-10-days\/#breadcrumb"},"inLanguage":"ch-DE","potentialAction":[{"@type":"ReadAction","target":["https:\/\/beconfident.com\/ch_de\/produkt\/teeth-whitening-strips-10-days\/"]}]},{"@type":"ImageObject","inLanguage":"ch-DE","@id":"https:\/\/beconfident.com\/ch_de\/produkt\/teeth-whitening-strips-10-days\/#primaryimage","url":"https:\/\/beconfident.com\/wp-content\/uploads\/2021\/01\/123098-Teeth-Whitening-Strips-10-days.jpg","contentUrl":"https:\/\/beconfident.com\/wp-content\/uploads\/2021\/01\/123098-Teeth-Whitening-Strips-10-days.jpg","width":1000,"height":1000},{"@type":"BreadcrumbList","@id":"https:\/\/beconfident.com\/ch_de\/produkt\/teeth-whitening-strips-10-days\/#breadcrumb","itemListElement":[{"@type":"ListItem","position":1,"name":"Hem","item":"https:\/\/beconfident.com\/ch_de\/"},{"@type":"ListItem","position":2,"name":"Webbutik","item":"https:\/\/beconfident.com\/ch_de\/webbutik\/"},{"@type":"ListItem","position":3,"name":"Z\u00e4hne Whitening Strips 10 Tage"}]},{"@type":"WebSite","@id":"https:\/\/beconfident.com\/lv\/#website","url":"https:\/\/beconfident.com\/lv\/","name":"Beconfident","description":"","potentialAction":[{"@type":"SearchAction","target":{"@type":"EntryPoint","urlTemplate":"https:\/\/beconfident.com\/lv\/?s={search_term_string}"},"query-input":{"@type":"PropertyValueSpecification","valueRequired":true,"valueName":"search_term_string"}}],"inLanguage":"ch-DE"}]}},"_links":{"self":[{"href":"https:\/\/beconfident.com\/ch_de\/wp-json\/wp\/v2\/product\/21457","targetHints":{"allow":["GET"]}}],"collection":[{"href":"https:\/\/beconfident.com\/ch_de\/wp-json\/wp\/v2\/product"}],"about":[{"href":"https:\/\/beconfident.com\/ch_de\/wp-json\/wp\/v2\/types\/product"}],"replies":[{"embeddable":true,"href":"https:\/\/beconfident.com\/ch_de\/wp-json\/wp\/v2\/comments?post=21457"}],"wp:featuredmedia":[{"embeddable":true,"href":"https:\/\/beconfident.com\/ch_de\/wp-json\/wp\/v2\/media\/21458"}],"wp:attachment":[{"href":"https:\/\/beconfident.com\/ch_de\/wp-json\/wp\/v2\/media?parent=21457"}],"wp:term":[{"taxonomy":"product_brand","embeddable":true,"href":"https:\/\/beconfident.com\/ch_de\/wp-json\/wp\/v2\/product_brand?post=21457"},{"taxonomy":"product_cat","embeddable":true,"href":"https:\/\/beconfident.com\/ch_de\/wp-json\/wp\/v2\/product_cat?post=21457"},{"taxonomy":"product_tag","embeddable":true,"href":"https:\/\/beconfident.com\/ch_de\/wp-json\/wp\/v2\/product_tag?post=21457"}],"curies":[{"name":"wp","href":"https:\/\/api.w.org\/{rel}","templated":true}]}}