{"id":21449,"date":"2021-01-11T10:04:26","date_gmt":"2021-01-11T09:04:26","guid":{"rendered":"http:\/\/beconfident.beconfident.hemsida.eu\/produkt\/teeth-whitening-mouth-trays-2-pack\/"},"modified":"2024-05-17T00:33:50","modified_gmt":"2024-05-16T22:33:50","slug":"teeth-whitening-mouth-trays-2-pack","status":"publish","type":"product","link":"https:\/\/beconfident.com\/ch_de\/produkt\/teeth-whitening-mouth-trays-2-pack\/","title":{"rendered":"Z\u00e4hne Whitening  Mundschalen Doppelpack"},"content":{"rendered":"<p>Beconfident\u00ae Zahnaufhellungsschienen k\u00f6nnen mit allen verschiedenen Zahnaufhellungsgelen von Beconfident verwendet werden. Ein gut sitzender Mundschutz ist eine Voraussetzung f\u00fcr ein erfolgreiches Zahnaufhellungsergebnis, da es entscheidend ist, dass das Gel so optimal wie m\u00f6glich mit der Zahnoberfl\u00e4che in Kontakt kommt. Die Mundschiene von Beconfident wurde speziell f\u00fcr die Verwendung mit Zahnwei\u00dfgel entwickelt und wird mit einer ausf\u00fchrlichen Anleitung geliefert, wie man sie leicht an die eigene Zahnreihe anpassen kann.<\/p>\n<p>Die Packung enth\u00e4lt eine 2er-Packung Zahnaufhellungsschienen, einen Applikator zur Behandlung einzelner Zahnfl\u00e4chen und eine Gebrauchsanweisung.<\/p>\n","protected":false},"excerpt":{"rendered":"<p>Doppelpack Zahnwei\u00df-Mundschalen, die mit allen Beconfident\u00ae Zahnwei\u00df-Gelen verwendet werden k\u00f6nnen<\/p>\n","protected":false},"featured_media":21450,"comment_status":"open","ping_status":"closed","template":"","meta":{"_acf_changed":false,"inline_featured_image":false,"_monsterinsights_skip_tracking":false,"_monsterinsights_sitenote_active":false,"_monsterinsights_sitenote_note":"","_monsterinsights_sitenote_category":0},"product_brand":[],"product_cat":[720,507],"product_tag":[],"class_list":{"0":"post-21449","1":"product","2":"type-product","3":"status-publish","4":"has-post-thumbnail","6":"product_cat-alla-produkter-ch_de","7":"product_cat-underhall-de-ch_de-2","9":"first","10":"instock","11":"taxable","12":"shipping-taxable","13":"purchasable","14":"product-type-simple"},"acf":[],"shsp-ext":{"main":{},"variations":[]},"yoast_head":"<!-- This site is optimized with the Yoast SEO plugin v27.2 - https:\/\/yoast.com\/product\/yoast-seo-wordpress\/ -->\n<title>Z\u00e4hne Whitening Mundschalen Doppelpack - Beconfident<\/title>\n<meta name=\"robots\" content=\"index, follow, max-snippet:-1, max-image-preview:large, max-video-preview:-1\" \/>\n<link rel=\"canonical\" href=\"https:\/\/beconfident.com\/ch_de\/produkt\/teeth-whitening-mouth-trays-2-pack\/\" \/>\n<meta property=\"og:locale\" content=\"en_US\" \/>\n<meta property=\"og:type\" content=\"article\" \/>\n<meta property=\"og:title\" content=\"Z\u00e4hne Whitening Mundschalen Doppelpack - Beconfident\" \/>\n<meta property=\"og:description\" content=\"Doppelpack Zahnwei\u00df-Mundschalen, die mit allen Beconfident\u00ae Zahnwei\u00df-Gelen verwendet werden k\u00f6nnen\" \/>\n<meta property=\"og:url\" content=\"https:\/\/beconfident.com\/ch_de\/produkt\/teeth-whitening-mouth-trays-2-pack\/\" \/>\n<meta property=\"og:site_name\" content=\"Beconfident\" \/>\n<meta property=\"article:modified_time\" content=\"2024-05-16T22:33:50+00:00\" \/>\n<meta property=\"og:image\" content=\"https:\/\/beconfident.com\/wp-content\/uploads\/2021\/01\/121497_munskena_tandblekning.jpg\" \/>\n\t<meta property=\"og:image:width\" content=\"1000\" \/>\n\t<meta property=\"og:image:height\" content=\"1000\" \/>\n\t<meta property=\"og:image:type\" content=\"image\/jpeg\" \/>\n<meta name=\"twitter:card\" content=\"summary_large_image\" \/>\n<script type=\"application\/ld+json\" class=\"yoast-schema-graph\">{\"@context\":\"https:\/\/schema.org\",\"@graph\":[{\"@type\":\"WebPage\",\"@id\":\"https:\/\/beconfident.com\/ch_de\/produkt\/teeth-whitening-mouth-trays-2-pack\/\",\"url\":\"https:\/\/beconfident.com\/ch_de\/produkt\/teeth-whitening-mouth-trays-2-pack\/\",\"name\":\"Z\u00e4hne Whitening Mundschalen Doppelpack - Beconfident\",\"isPartOf\":{\"@id\":\"https:\/\/beconfident.com\/lv\/#website\"},\"primaryImageOfPage\":{\"@id\":\"https:\/\/beconfident.com\/ch_de\/produkt\/teeth-whitening-mouth-trays-2-pack\/#primaryimage\"},\"image\":{\"@id\":\"https:\/\/beconfident.com\/ch_de\/produkt\/teeth-whitening-mouth-trays-2-pack\/#primaryimage\"},\"thumbnailUrl\":\"https:\/\/beconfident.com\/wp-content\/uploads\/2021\/01\/121497_munskena_tandblekning.jpg\",\"datePublished\":\"2021-01-11T09:04:26+00:00\",\"dateModified\":\"2024-05-16T22:33:50+00:00\",\"breadcrumb\":{\"@id\":\"https:\/\/beconfident.com\/ch_de\/produkt\/teeth-whitening-mouth-trays-2-pack\/#breadcrumb\"},\"inLanguage\":\"ch-DE\",\"potentialAction\":[{\"@type\":\"ReadAction\",\"target\":[\"https:\/\/beconfident.com\/ch_de\/produkt\/teeth-whitening-mouth-trays-2-pack\/\"]}]},{\"@type\":\"ImageObject\",\"inLanguage\":\"ch-DE\",\"@id\":\"https:\/\/beconfident.com\/ch_de\/produkt\/teeth-whitening-mouth-trays-2-pack\/#primaryimage\",\"url\":\"https:\/\/beconfident.com\/wp-content\/uploads\/2021\/01\/121497_munskena_tandblekning.jpg\",\"contentUrl\":\"https:\/\/beconfident.com\/wp-content\/uploads\/2021\/01\/121497_munskena_tandblekning.jpg\",\"width\":1000,\"height\":1000},{\"@type\":\"BreadcrumbList\",\"@id\":\"https:\/\/beconfident.com\/ch_de\/produkt\/teeth-whitening-mouth-trays-2-pack\/#breadcrumb\",\"itemListElement\":[{\"@type\":\"ListItem\",\"position\":1,\"name\":\"Hem\",\"item\":\"https:\/\/beconfident.com\/ch_de\/\"},{\"@type\":\"ListItem\",\"position\":2,\"name\":\"Webbutik\",\"item\":\"https:\/\/beconfident.com\/ch_de\/webbutik\/\"},{\"@type\":\"ListItem\",\"position\":3,\"name\":\"Z\u00e4hne Whitening Mundschalen Doppelpack\"}]},{\"@type\":\"WebSite\",\"@id\":\"https:\/\/beconfident.com\/lv\/#website\",\"url\":\"https:\/\/beconfident.com\/lv\/\",\"name\":\"Beconfident\",\"description\":\"\",\"potentialAction\":[{\"@type\":\"SearchAction\",\"target\":{\"@type\":\"EntryPoint\",\"urlTemplate\":\"https:\/\/beconfident.com\/lv\/?s={search_term_string}\"},\"query-input\":{\"@type\":\"PropertyValueSpecification\",\"valueRequired\":true,\"valueName\":\"search_term_string\"}}],\"inLanguage\":\"ch-DE\"}]}<\/script>\n<!-- \/ Yoast SEO plugin. -->","yoast_head_json":{"title":"Z\u00e4hne Whitening Mundschalen Doppelpack - Beconfident","robots":{"index":"index","follow":"follow","max-snippet":"max-snippet:-1","max-image-preview":"max-image-preview:large","max-video-preview":"max-video-preview:-1"},"canonical":"https:\/\/beconfident.com\/ch_de\/produkt\/teeth-whitening-mouth-trays-2-pack\/","og_locale":"en_US","og_type":"article","og_title":"Z\u00e4hne Whitening Mundschalen Doppelpack - Beconfident","og_description":"Doppelpack Zahnwei\u00df-Mundschalen, die mit allen Beconfident\u00ae Zahnwei\u00df-Gelen verwendet werden k\u00f6nnen","og_url":"https:\/\/beconfident.com\/ch_de\/produkt\/teeth-whitening-mouth-trays-2-pack\/","og_site_name":"Beconfident","article_modified_time":"2024-05-16T22:33:50+00:00","og_image":[{"width":1000,"height":1000,"url":"https:\/\/beconfident.com\/wp-content\/uploads\/2021\/01\/121497_munskena_tandblekning.jpg","type":"image\/jpeg"}],"twitter_card":"summary_large_image","schema":{"@context":"https:\/\/schema.org","@graph":[{"@type":"WebPage","@id":"https:\/\/beconfident.com\/ch_de\/produkt\/teeth-whitening-mouth-trays-2-pack\/","url":"https:\/\/beconfident.com\/ch_de\/produkt\/teeth-whitening-mouth-trays-2-pack\/","name":"Z\u00e4hne Whitening Mundschalen Doppelpack - Beconfident","isPartOf":{"@id":"https:\/\/beconfident.com\/lv\/#website"},"primaryImageOfPage":{"@id":"https:\/\/beconfident.com\/ch_de\/produkt\/teeth-whitening-mouth-trays-2-pack\/#primaryimage"},"image":{"@id":"https:\/\/beconfident.com\/ch_de\/produkt\/teeth-whitening-mouth-trays-2-pack\/#primaryimage"},"thumbnailUrl":"https:\/\/beconfident.com\/wp-content\/uploads\/2021\/01\/121497_munskena_tandblekning.jpg","datePublished":"2021-01-11T09:04:26+00:00","dateModified":"2024-05-16T22:33:50+00:00","breadcrumb":{"@id":"https:\/\/beconfident.com\/ch_de\/produkt\/teeth-whitening-mouth-trays-2-pack\/#breadcrumb"},"inLanguage":"ch-DE","potentialAction":[{"@type":"ReadAction","target":["https:\/\/beconfident.com\/ch_de\/produkt\/teeth-whitening-mouth-trays-2-pack\/"]}]},{"@type":"ImageObject","inLanguage":"ch-DE","@id":"https:\/\/beconfident.com\/ch_de\/produkt\/teeth-whitening-mouth-trays-2-pack\/#primaryimage","url":"https:\/\/beconfident.com\/wp-content\/uploads\/2021\/01\/121497_munskena_tandblekning.jpg","contentUrl":"https:\/\/beconfident.com\/wp-content\/uploads\/2021\/01\/121497_munskena_tandblekning.jpg","width":1000,"height":1000},{"@type":"BreadcrumbList","@id":"https:\/\/beconfident.com\/ch_de\/produkt\/teeth-whitening-mouth-trays-2-pack\/#breadcrumb","itemListElement":[{"@type":"ListItem","position":1,"name":"Hem","item":"https:\/\/beconfident.com\/ch_de\/"},{"@type":"ListItem","position":2,"name":"Webbutik","item":"https:\/\/beconfident.com\/ch_de\/webbutik\/"},{"@type":"ListItem","position":3,"name":"Z\u00e4hne Whitening Mundschalen Doppelpack"}]},{"@type":"WebSite","@id":"https:\/\/beconfident.com\/lv\/#website","url":"https:\/\/beconfident.com\/lv\/","name":"Beconfident","description":"","potentialAction":[{"@type":"SearchAction","target":{"@type":"EntryPoint","urlTemplate":"https:\/\/beconfident.com\/lv\/?s={search_term_string}"},"query-input":{"@type":"PropertyValueSpecification","valueRequired":true,"valueName":"search_term_string"}}],"inLanguage":"ch-DE"}]}},"_links":{"self":[{"href":"https:\/\/beconfident.com\/ch_de\/wp-json\/wp\/v2\/product\/21449","targetHints":{"allow":["GET"]}}],"collection":[{"href":"https:\/\/beconfident.com\/ch_de\/wp-json\/wp\/v2\/product"}],"about":[{"href":"https:\/\/beconfident.com\/ch_de\/wp-json\/wp\/v2\/types\/product"}],"replies":[{"embeddable":true,"href":"https:\/\/beconfident.com\/ch_de\/wp-json\/wp\/v2\/comments?post=21449"}],"wp:featuredmedia":[{"embeddable":true,"href":"https:\/\/beconfident.com\/ch_de\/wp-json\/wp\/v2\/media\/21450"}],"wp:attachment":[{"href":"https:\/\/beconfident.com\/ch_de\/wp-json\/wp\/v2\/media?parent=21449"}],"wp:term":[{"taxonomy":"product_brand","embeddable":true,"href":"https:\/\/beconfident.com\/ch_de\/wp-json\/wp\/v2\/product_brand?post=21449"},{"taxonomy":"product_cat","embeddable":true,"href":"https:\/\/beconfident.com\/ch_de\/wp-json\/wp\/v2\/product_cat?post=21449"},{"taxonomy":"product_tag","embeddable":true,"href":"https:\/\/beconfident.com\/ch_de\/wp-json\/wp\/v2\/product_tag?post=21449"}],"curies":[{"name":"wp","href":"https:\/\/api.w.org\/{rel}","templated":true}]}}