{"id":21428,"date":"2021-01-11T10:04:26","date_gmt":"2021-01-11T09:04:26","guid":{"rendered":"http:\/\/beconfident.beconfident.hemsida.eu\/produkt\/teeth-whitening-x2-dual-boost-kit\/"},"modified":"2026-04-09T14:58:38","modified_gmt":"2026-04-09T12:58:38","slug":"teeth-whitening-x2-dual-boost-kit","status":"publish","type":"product","link":"https:\/\/beconfident.com\/ch_de\/produkt\/teeth-whitening-x2-dual-boost-kit\/","title":{"rendered":"Z\u00e4hne Whitening X2 Dual Boost Kit"},"content":{"rendered":"<p>Beconfident\u00ae Teeth Whitening Dual Boost X2 Kit ist ein komplett peroxidfreies Zahnaufhellungsset, das auf der patentierten Dual Boost X2 Technologie mit zwei Wirkstoffen basiert, die die Zahnoberfl\u00e4che sowohl reinigen als auch aufhellen.<\/p>\n<p>In der ersten aktiven Phase werden oberfl\u00e4chliche Verf\u00e4rbungen auf den Z\u00e4hnen entfernt. Der Reinigungseffekt kommt von Kokosnusssulfat, einem nat\u00fcrlich vorkommenden Inhaltsstoff, der die Verf\u00e4rbungen effektiv von der Zahnoberfl\u00e4che abhebt.<\/p>\n<p>In der zweiten Phase, die nach etwa 8 Minuten beginnt, sorgt Bikarbonat f\u00fcr einen Aufhellungseffekt, ohne den Zahnschmelz anzugreifen oder ihn empfindlicher zu machen. Das Dual Boost X1 Kit enth\u00e4lt au\u00dferdem einen Zahnglanz mit Minzgeschmack, der den Z\u00e4hnen einen sofortigen Glanz verleiht und vor neuen Verf\u00e4rbungen nach Abschluss der Behandlung sch\u00fctzt. Die Behandlung dauert 10 Tage.<\/p>\n<p>Die Packung enth\u00e4lt Dual Boost X1 Zahnaufhellungsgel (10 ml), Tooth Gloss mit Minzgeschmack (10 ml), Gel-Applikator, 2 formbare Mundschienen, Farbschl\u00fcssel und Gebrauchsanweisung.Bis zu 4 Nuancen wei\u00dfer in 7 Tagen; 5 Nuancen in 10 Tagen und 1-2 Nuancen in nur 30 Minuten<\/p>\n","protected":false},"excerpt":{"rendered":"<p>Bis zu 5 Farbt\u00f6ne wei\u00dfer in 10 Tagen<\/p>\n","protected":false},"featured_media":55969,"comment_status":"open","ping_status":"closed","template":"","meta":{"_acf_changed":false,"inline_featured_image":false,"_monsterinsights_skip_tracking":false,"_monsterinsights_sitenote_active":false,"_monsterinsights_sitenote_note":"","_monsterinsights_sitenote_category":0},"product_brand":[],"product_cat":[720,512],"product_tag":[],"class_list":{"0":"post-21428","1":"product","2":"type-product","3":"status-publish","4":"has-post-thumbnail","6":"product_cat-alla-produkter-ch_de","7":"product_cat-zahnweis-kit-ch_de-2","9":"first","10":"outofstock","11":"taxable","12":"shipping-taxable","13":"purchasable","14":"product-type-simple"},"acf":[],"shsp-ext":{"main":{},"variations":[]},"yoast_head":"<!-- This site is optimized with the Yoast SEO plugin v27.5 - https:\/\/yoast.com\/product\/yoast-seo-wordpress\/ -->\n<title>Z\u00e4hne Whitening X2 Dual Boost Kit - Beconfident<\/title>\n<meta name=\"robots\" content=\"index, follow, max-snippet:-1, max-image-preview:large, max-video-preview:-1\" \/>\n<link rel=\"canonical\" href=\"https:\/\/beconfident.com\/ch_de\/produkt\/teeth-whitening-x2-dual-boost-kit\/\" \/>\n<meta property=\"og:locale\" content=\"en_US\" \/>\n<meta property=\"og:type\" content=\"article\" \/>\n<meta property=\"og:title\" content=\"Z\u00e4hne Whitening X2 Dual Boost Kit - Beconfident\" \/>\n<meta property=\"og:description\" content=\"Bis zu 5 Farbt\u00f6ne wei\u00dfer in 10 Tagen\" \/>\n<meta property=\"og:url\" content=\"https:\/\/beconfident.com\/ch_de\/produkt\/teeth-whitening-x2-dual-boost-kit\/\" \/>\n<meta property=\"og:site_name\" content=\"Beconfident\" \/>\n<meta property=\"article:modified_time\" content=\"2026-04-09T12:58:38+00:00\" \/>\n<meta property=\"og:image\" content=\"https:\/\/beconfident.com\/wp-content\/uploads\/2021\/01\/Dual-boost-badge-2.jpg\" \/>\n\t<meta property=\"og:image:width\" content=\"2000\" \/>\n\t<meta property=\"og:image:height\" content=\"2000\" \/>\n\t<meta property=\"og:image:type\" content=\"image\/jpeg\" \/>\n<meta name=\"twitter:card\" content=\"summary_large_image\" \/>\n<meta name=\"twitter:label1\" content=\"Est. reading time\" \/>\n\t<meta name=\"twitter:data1\" content=\"1 minute\" \/>\n<script type=\"application\/ld+json\" class=\"yoast-schema-graph\">{\"@context\":\"https:\\\/\\\/schema.org\",\"@graph\":[{\"@type\":\"WebPage\",\"@id\":\"https:\\\/\\\/beconfident.com\\\/ch_de\\\/produkt\\\/teeth-whitening-x2-dual-boost-kit\\\/\",\"url\":\"https:\\\/\\\/beconfident.com\\\/ch_de\\\/produkt\\\/teeth-whitening-x2-dual-boost-kit\\\/\",\"name\":\"Z\u00e4hne Whitening X2 Dual Boost Kit - Beconfident\",\"isPartOf\":{\"@id\":\"https:\\\/\\\/beconfident.com\\\/lv\\\/#website\"},\"primaryImageOfPage\":{\"@id\":\"https:\\\/\\\/beconfident.com\\\/ch_de\\\/produkt\\\/teeth-whitening-x2-dual-boost-kit\\\/#primaryimage\"},\"image\":{\"@id\":\"https:\\\/\\\/beconfident.com\\\/ch_de\\\/produkt\\\/teeth-whitening-x2-dual-boost-kit\\\/#primaryimage\"},\"thumbnailUrl\":\"https:\\\/\\\/beconfident.com\\\/wp-content\\\/uploads\\\/2021\\\/01\\\/Dual-boost-badge-2.jpg\",\"datePublished\":\"2021-01-11T09:04:26+00:00\",\"dateModified\":\"2026-04-09T12:58:38+00:00\",\"breadcrumb\":{\"@id\":\"https:\\\/\\\/beconfident.com\\\/ch_de\\\/produkt\\\/teeth-whitening-x2-dual-boost-kit\\\/#breadcrumb\"},\"inLanguage\":\"ch-DE\",\"potentialAction\":[{\"@type\":\"ReadAction\",\"target\":[\"https:\\\/\\\/beconfident.com\\\/ch_de\\\/produkt\\\/teeth-whitening-x2-dual-boost-kit\\\/\"]}]},{\"@type\":\"ImageObject\",\"inLanguage\":\"ch-DE\",\"@id\":\"https:\\\/\\\/beconfident.com\\\/ch_de\\\/produkt\\\/teeth-whitening-x2-dual-boost-kit\\\/#primaryimage\",\"url\":\"https:\\\/\\\/beconfident.com\\\/wp-content\\\/uploads\\\/2021\\\/01\\\/Dual-boost-badge-2.jpg\",\"contentUrl\":\"https:\\\/\\\/beconfident.com\\\/wp-content\\\/uploads\\\/2021\\\/01\\\/Dual-boost-badge-2.jpg\",\"width\":2000,\"height\":2000},{\"@type\":\"BreadcrumbList\",\"@id\":\"https:\\\/\\\/beconfident.com\\\/ch_de\\\/produkt\\\/teeth-whitening-x2-dual-boost-kit\\\/#breadcrumb\",\"itemListElement\":[{\"@type\":\"ListItem\",\"position\":1,\"name\":\"Hem\",\"item\":\"https:\\\/\\\/beconfident.com\\\/ch_de\\\/\"},{\"@type\":\"ListItem\",\"position\":2,\"name\":\"Webbutik\",\"item\":\"https:\\\/\\\/beconfident.com\\\/ch_de\\\/webbutik\\\/\"},{\"@type\":\"ListItem\",\"position\":3,\"name\":\"Z\u00e4hne Whitening X2 Dual Boost Kit\"}]},{\"@type\":\"WebSite\",\"@id\":\"https:\\\/\\\/beconfident.com\\\/lv\\\/#website\",\"url\":\"https:\\\/\\\/beconfident.com\\\/lv\\\/\",\"name\":\"Beconfident\",\"description\":\"\",\"potentialAction\":[{\"@type\":\"SearchAction\",\"target\":{\"@type\":\"EntryPoint\",\"urlTemplate\":\"https:\\\/\\\/beconfident.com\\\/lv\\\/?s={search_term_string}\"},\"query-input\":{\"@type\":\"PropertyValueSpecification\",\"valueRequired\":true,\"valueName\":\"search_term_string\"}}],\"inLanguage\":\"ch-DE\"}]}<\/script>\n<!-- \/ Yoast SEO plugin. -->","yoast_head_json":{"title":"Z\u00e4hne Whitening X2 Dual Boost Kit - Beconfident","robots":{"index":"index","follow":"follow","max-snippet":"max-snippet:-1","max-image-preview":"max-image-preview:large","max-video-preview":"max-video-preview:-1"},"canonical":"https:\/\/beconfident.com\/ch_de\/produkt\/teeth-whitening-x2-dual-boost-kit\/","og_locale":"en_US","og_type":"article","og_title":"Z\u00e4hne Whitening X2 Dual Boost Kit - Beconfident","og_description":"Bis zu 5 Farbt\u00f6ne wei\u00dfer in 10 Tagen","og_url":"https:\/\/beconfident.com\/ch_de\/produkt\/teeth-whitening-x2-dual-boost-kit\/","og_site_name":"Beconfident","article_modified_time":"2026-04-09T12:58:38+00:00","og_image":[{"width":2000,"height":2000,"url":"https:\/\/beconfident.com\/wp-content\/uploads\/2021\/01\/Dual-boost-badge-2.jpg","type":"image\/jpeg"}],"twitter_card":"summary_large_image","twitter_misc":{"Est. reading time":"1 minute"},"schema":{"@context":"https:\/\/schema.org","@graph":[{"@type":"WebPage","@id":"https:\/\/beconfident.com\/ch_de\/produkt\/teeth-whitening-x2-dual-boost-kit\/","url":"https:\/\/beconfident.com\/ch_de\/produkt\/teeth-whitening-x2-dual-boost-kit\/","name":"Z\u00e4hne Whitening X2 Dual Boost Kit - Beconfident","isPartOf":{"@id":"https:\/\/beconfident.com\/lv\/#website"},"primaryImageOfPage":{"@id":"https:\/\/beconfident.com\/ch_de\/produkt\/teeth-whitening-x2-dual-boost-kit\/#primaryimage"},"image":{"@id":"https:\/\/beconfident.com\/ch_de\/produkt\/teeth-whitening-x2-dual-boost-kit\/#primaryimage"},"thumbnailUrl":"https:\/\/beconfident.com\/wp-content\/uploads\/2021\/01\/Dual-boost-badge-2.jpg","datePublished":"2021-01-11T09:04:26+00:00","dateModified":"2026-04-09T12:58:38+00:00","breadcrumb":{"@id":"https:\/\/beconfident.com\/ch_de\/produkt\/teeth-whitening-x2-dual-boost-kit\/#breadcrumb"},"inLanguage":"ch-DE","potentialAction":[{"@type":"ReadAction","target":["https:\/\/beconfident.com\/ch_de\/produkt\/teeth-whitening-x2-dual-boost-kit\/"]}]},{"@type":"ImageObject","inLanguage":"ch-DE","@id":"https:\/\/beconfident.com\/ch_de\/produkt\/teeth-whitening-x2-dual-boost-kit\/#primaryimage","url":"https:\/\/beconfident.com\/wp-content\/uploads\/2021\/01\/Dual-boost-badge-2.jpg","contentUrl":"https:\/\/beconfident.com\/wp-content\/uploads\/2021\/01\/Dual-boost-badge-2.jpg","width":2000,"height":2000},{"@type":"BreadcrumbList","@id":"https:\/\/beconfident.com\/ch_de\/produkt\/teeth-whitening-x2-dual-boost-kit\/#breadcrumb","itemListElement":[{"@type":"ListItem","position":1,"name":"Hem","item":"https:\/\/beconfident.com\/ch_de\/"},{"@type":"ListItem","position":2,"name":"Webbutik","item":"https:\/\/beconfident.com\/ch_de\/webbutik\/"},{"@type":"ListItem","position":3,"name":"Z\u00e4hne Whitening X2 Dual Boost Kit"}]},{"@type":"WebSite","@id":"https:\/\/beconfident.com\/lv\/#website","url":"https:\/\/beconfident.com\/lv\/","name":"Beconfident","description":"","potentialAction":[{"@type":"SearchAction","target":{"@type":"EntryPoint","urlTemplate":"https:\/\/beconfident.com\/lv\/?s={search_term_string}"},"query-input":{"@type":"PropertyValueSpecification","valueRequired":true,"valueName":"search_term_string"}}],"inLanguage":"ch-DE"}]}},"_links":{"self":[{"href":"https:\/\/beconfident.com\/ch_de\/wp-json\/wp\/v2\/product\/21428","targetHints":{"allow":["GET"]}}],"collection":[{"href":"https:\/\/beconfident.com\/ch_de\/wp-json\/wp\/v2\/product"}],"about":[{"href":"https:\/\/beconfident.com\/ch_de\/wp-json\/wp\/v2\/types\/product"}],"replies":[{"embeddable":true,"href":"https:\/\/beconfident.com\/ch_de\/wp-json\/wp\/v2\/comments?post=21428"}],"wp:featuredmedia":[{"embeddable":true,"href":"https:\/\/beconfident.com\/ch_de\/wp-json\/wp\/v2\/media\/55969"}],"wp:attachment":[{"href":"https:\/\/beconfident.com\/ch_de\/wp-json\/wp\/v2\/media?parent=21428"}],"wp:term":[{"taxonomy":"product_brand","embeddable":true,"href":"https:\/\/beconfident.com\/ch_de\/wp-json\/wp\/v2\/product_brand?post=21428"},{"taxonomy":"product_cat","embeddable":true,"href":"https:\/\/beconfident.com\/ch_de\/wp-json\/wp\/v2\/product_cat?post=21428"},{"taxonomy":"product_tag","embeddable":true,"href":"https:\/\/beconfident.com\/ch_de\/wp-json\/wp\/v2\/product_tag?post=21428"}],"curies":[{"name":"wp","href":"https:\/\/api.w.org\/{rel}","templated":true}]}}