{"id":21426,"date":"2021-01-11T10:04:26","date_gmt":"2021-01-11T09:04:26","guid":{"rendered":"http:\/\/beconfident.beconfident.hemsida.eu\/produkt\/tooth-gloss-mint-10-ml\/"},"modified":"2025-01-10T12:40:14","modified_gmt":"2025-01-10T11:40:14","slug":"tooth-gloss-mint-10-ml","status":"publish","type":"product","link":"https:\/\/beconfident.com\/ch_de\/produkt\/tooth-gloss-mint-10-ml\/","title":{"rendered":"Zahngloss Minze 10 Ml"},"content":{"rendered":"<p>Beconfident\u00ae Zahnglanz verleiht Ihren Z\u00e4hnen dank einer patentierten Formel einen fantastischen Glanz. Der Zahnglanz sorgt nicht nur f\u00fcr ein sch\u00f6nes L\u00e4cheln, sondern sch\u00fctzt die Z\u00e4hne auch wirksam vor gef\u00e4rbten Getr\u00e4nken und Verf\u00e4rbungen und ist daher ideal f\u00fcr den Schutz nach einer Zahnaufhellung. Der Zahnglanz von Beconfident kann t\u00e4glich oder nach Bedarf verwendet werden, wenn Sie Ihr sch\u00f6nstes L\u00e4cheln zeigen m\u00f6chten.<\/p>\n<p>Anwendung: f\u00fcr Erwachsene und Kinder \u00fcber 12 Jahre: F\u00fcr beste Ergebnisse tragen Sie einen d\u00fcnnen Strang Tooth Gloss auf die Zahnb\u00fcrste auf und putzen Sie normal nach Bedarf. Das Produkt kann auch mit den Fingerspitzen aufgetragen werden. Die Packung enth\u00e4lt 1 x Tooth Gloss (10 ml) und eine Gebrauchsanweisung.<\/p>\n","protected":false},"excerpt":{"rendered":"<p>Zahnpasta, die die Z\u00e4hne wirksam vor Verf\u00e4rbungen sch\u00fctzt und den Z\u00e4hnen einen sch\u00f6nen Glanz verleiht.<\/p>\n","protected":false},"featured_media":21427,"comment_status":"open","ping_status":"closed","template":"","meta":{"_acf_changed":false,"inline_featured_image":false,"_monsterinsights_skip_tracking":false,"_monsterinsights_sitenote_active":false,"_monsterinsights_sitenote_note":"","_monsterinsights_sitenote_category":0},"product_brand":[],"product_cat":[720,507],"product_tag":[],"class_list":{"0":"post-21426","1":"product","2":"type-product","3":"status-publish","4":"has-post-thumbnail","6":"product_cat-alla-produkter-ch_de","7":"product_cat-underhall-de-ch_de-2","9":"first","10":"instock","11":"taxable","12":"shipping-taxable","13":"purchasable","14":"product-type-simple"},"acf":[],"shsp-ext":{"main":{},"variations":[]},"yoast_head":"<!-- This site is optimized with the Yoast SEO plugin v27.2 - https:\/\/yoast.com\/product\/yoast-seo-wordpress\/ -->\n<title>Zahngloss Minze 10 Ml - Beconfident<\/title>\n<meta name=\"robots\" content=\"index, follow, max-snippet:-1, max-image-preview:large, max-video-preview:-1\" \/>\n<link rel=\"canonical\" href=\"https:\/\/beconfident.com\/ch_de\/produkt\/tooth-gloss-mint-10-ml\/\" \/>\n<meta property=\"og:locale\" content=\"en_US\" \/>\n<meta property=\"og:type\" content=\"article\" \/>\n<meta property=\"og:title\" content=\"Zahngloss Minze 10 Ml - Beconfident\" \/>\n<meta property=\"og:description\" content=\"Zahnpasta, die die Z\u00e4hne wirksam vor Verf\u00e4rbungen sch\u00fctzt und den Z\u00e4hnen einen sch\u00f6nen Glanz verleiht.\" \/>\n<meta property=\"og:url\" content=\"https:\/\/beconfident.com\/ch_de\/produkt\/tooth-gloss-mint-10-ml\/\" \/>\n<meta property=\"og:site_name\" content=\"Beconfident\" \/>\n<meta property=\"article:modified_time\" content=\"2025-01-10T11:40:14+00:00\" \/>\n<meta property=\"og:image\" content=\"https:\/\/beconfident.com\/wp-content\/uploads\/2021\/01\/140198-Tooth-Gloss-Mint-10ml.jpg\" \/>\n\t<meta property=\"og:image:width\" content=\"700\" \/>\n\t<meta property=\"og:image:height\" content=\"700\" \/>\n\t<meta property=\"og:image:type\" content=\"image\/jpeg\" \/>\n<meta name=\"twitter:card\" content=\"summary_large_image\" \/>\n<meta name=\"twitter:label1\" content=\"Est. reading time\" \/>\n\t<meta name=\"twitter:data1\" content=\"1 minute\" \/>\n<script type=\"application\/ld+json\" class=\"yoast-schema-graph\">{\"@context\":\"https:\/\/schema.org\",\"@graph\":[{\"@type\":\"WebPage\",\"@id\":\"https:\/\/beconfident.com\/ch_de\/produkt\/tooth-gloss-mint-10-ml\/\",\"url\":\"https:\/\/beconfident.com\/ch_de\/produkt\/tooth-gloss-mint-10-ml\/\",\"name\":\"Zahngloss Minze 10 Ml - Beconfident\",\"isPartOf\":{\"@id\":\"https:\/\/beconfident.com\/lv\/#website\"},\"primaryImageOfPage\":{\"@id\":\"https:\/\/beconfident.com\/ch_de\/produkt\/tooth-gloss-mint-10-ml\/#primaryimage\"},\"image\":{\"@id\":\"https:\/\/beconfident.com\/ch_de\/produkt\/tooth-gloss-mint-10-ml\/#primaryimage\"},\"thumbnailUrl\":\"https:\/\/beconfident.com\/wp-content\/uploads\/2021\/01\/140198-Tooth-Gloss-Mint-10ml.jpg\",\"datePublished\":\"2021-01-11T09:04:26+00:00\",\"dateModified\":\"2025-01-10T11:40:14+00:00\",\"breadcrumb\":{\"@id\":\"https:\/\/beconfident.com\/ch_de\/produkt\/tooth-gloss-mint-10-ml\/#breadcrumb\"},\"inLanguage\":\"ch-DE\",\"potentialAction\":[{\"@type\":\"ReadAction\",\"target\":[\"https:\/\/beconfident.com\/ch_de\/produkt\/tooth-gloss-mint-10-ml\/\"]}]},{\"@type\":\"ImageObject\",\"inLanguage\":\"ch-DE\",\"@id\":\"https:\/\/beconfident.com\/ch_de\/produkt\/tooth-gloss-mint-10-ml\/#primaryimage\",\"url\":\"https:\/\/beconfident.com\/wp-content\/uploads\/2021\/01\/140198-Tooth-Gloss-Mint-10ml.jpg\",\"contentUrl\":\"https:\/\/beconfident.com\/wp-content\/uploads\/2021\/01\/140198-Tooth-Gloss-Mint-10ml.jpg\",\"width\":700,\"height\":700},{\"@type\":\"BreadcrumbList\",\"@id\":\"https:\/\/beconfident.com\/ch_de\/produkt\/tooth-gloss-mint-10-ml\/#breadcrumb\",\"itemListElement\":[{\"@type\":\"ListItem\",\"position\":1,\"name\":\"Hem\",\"item\":\"https:\/\/beconfident.com\/ch_de\/\"},{\"@type\":\"ListItem\",\"position\":2,\"name\":\"Webbutik\",\"item\":\"https:\/\/beconfident.com\/ch_de\/webbutik\/\"},{\"@type\":\"ListItem\",\"position\":3,\"name\":\"Zahngloss Minze 10 Ml\"}]},{\"@type\":\"WebSite\",\"@id\":\"https:\/\/beconfident.com\/lv\/#website\",\"url\":\"https:\/\/beconfident.com\/lv\/\",\"name\":\"Beconfident\",\"description\":\"\",\"potentialAction\":[{\"@type\":\"SearchAction\",\"target\":{\"@type\":\"EntryPoint\",\"urlTemplate\":\"https:\/\/beconfident.com\/lv\/?s={search_term_string}\"},\"query-input\":{\"@type\":\"PropertyValueSpecification\",\"valueRequired\":true,\"valueName\":\"search_term_string\"}}],\"inLanguage\":\"ch-DE\"}]}<\/script>\n<!-- \/ Yoast SEO plugin. -->","yoast_head_json":{"title":"Zahngloss Minze 10 Ml - Beconfident","robots":{"index":"index","follow":"follow","max-snippet":"max-snippet:-1","max-image-preview":"max-image-preview:large","max-video-preview":"max-video-preview:-1"},"canonical":"https:\/\/beconfident.com\/ch_de\/produkt\/tooth-gloss-mint-10-ml\/","og_locale":"en_US","og_type":"article","og_title":"Zahngloss Minze 10 Ml - Beconfident","og_description":"Zahnpasta, die die Z\u00e4hne wirksam vor Verf\u00e4rbungen sch\u00fctzt und den Z\u00e4hnen einen sch\u00f6nen Glanz verleiht.","og_url":"https:\/\/beconfident.com\/ch_de\/produkt\/tooth-gloss-mint-10-ml\/","og_site_name":"Beconfident","article_modified_time":"2025-01-10T11:40:14+00:00","og_image":[{"width":700,"height":700,"url":"https:\/\/beconfident.com\/wp-content\/uploads\/2021\/01\/140198-Tooth-Gloss-Mint-10ml.jpg","type":"image\/jpeg"}],"twitter_card":"summary_large_image","twitter_misc":{"Est. reading time":"1 minute"},"schema":{"@context":"https:\/\/schema.org","@graph":[{"@type":"WebPage","@id":"https:\/\/beconfident.com\/ch_de\/produkt\/tooth-gloss-mint-10-ml\/","url":"https:\/\/beconfident.com\/ch_de\/produkt\/tooth-gloss-mint-10-ml\/","name":"Zahngloss Minze 10 Ml - Beconfident","isPartOf":{"@id":"https:\/\/beconfident.com\/lv\/#website"},"primaryImageOfPage":{"@id":"https:\/\/beconfident.com\/ch_de\/produkt\/tooth-gloss-mint-10-ml\/#primaryimage"},"image":{"@id":"https:\/\/beconfident.com\/ch_de\/produkt\/tooth-gloss-mint-10-ml\/#primaryimage"},"thumbnailUrl":"https:\/\/beconfident.com\/wp-content\/uploads\/2021\/01\/140198-Tooth-Gloss-Mint-10ml.jpg","datePublished":"2021-01-11T09:04:26+00:00","dateModified":"2025-01-10T11:40:14+00:00","breadcrumb":{"@id":"https:\/\/beconfident.com\/ch_de\/produkt\/tooth-gloss-mint-10-ml\/#breadcrumb"},"inLanguage":"ch-DE","potentialAction":[{"@type":"ReadAction","target":["https:\/\/beconfident.com\/ch_de\/produkt\/tooth-gloss-mint-10-ml\/"]}]},{"@type":"ImageObject","inLanguage":"ch-DE","@id":"https:\/\/beconfident.com\/ch_de\/produkt\/tooth-gloss-mint-10-ml\/#primaryimage","url":"https:\/\/beconfident.com\/wp-content\/uploads\/2021\/01\/140198-Tooth-Gloss-Mint-10ml.jpg","contentUrl":"https:\/\/beconfident.com\/wp-content\/uploads\/2021\/01\/140198-Tooth-Gloss-Mint-10ml.jpg","width":700,"height":700},{"@type":"BreadcrumbList","@id":"https:\/\/beconfident.com\/ch_de\/produkt\/tooth-gloss-mint-10-ml\/#breadcrumb","itemListElement":[{"@type":"ListItem","position":1,"name":"Hem","item":"https:\/\/beconfident.com\/ch_de\/"},{"@type":"ListItem","position":2,"name":"Webbutik","item":"https:\/\/beconfident.com\/ch_de\/webbutik\/"},{"@type":"ListItem","position":3,"name":"Zahngloss Minze 10 Ml"}]},{"@type":"WebSite","@id":"https:\/\/beconfident.com\/lv\/#website","url":"https:\/\/beconfident.com\/lv\/","name":"Beconfident","description":"","potentialAction":[{"@type":"SearchAction","target":{"@type":"EntryPoint","urlTemplate":"https:\/\/beconfident.com\/lv\/?s={search_term_string}"},"query-input":{"@type":"PropertyValueSpecification","valueRequired":true,"valueName":"search_term_string"}}],"inLanguage":"ch-DE"}]}},"_links":{"self":[{"href":"https:\/\/beconfident.com\/ch_de\/wp-json\/wp\/v2\/product\/21426","targetHints":{"allow":["GET"]}}],"collection":[{"href":"https:\/\/beconfident.com\/ch_de\/wp-json\/wp\/v2\/product"}],"about":[{"href":"https:\/\/beconfident.com\/ch_de\/wp-json\/wp\/v2\/types\/product"}],"replies":[{"embeddable":true,"href":"https:\/\/beconfident.com\/ch_de\/wp-json\/wp\/v2\/comments?post=21426"}],"wp:featuredmedia":[{"embeddable":true,"href":"https:\/\/beconfident.com\/ch_de\/wp-json\/wp\/v2\/media\/21427"}],"wp:attachment":[{"href":"https:\/\/beconfident.com\/ch_de\/wp-json\/wp\/v2\/media?parent=21426"}],"wp:term":[{"taxonomy":"product_brand","embeddable":true,"href":"https:\/\/beconfident.com\/ch_de\/wp-json\/wp\/v2\/product_brand?post=21426"},{"taxonomy":"product_cat","embeddable":true,"href":"https:\/\/beconfident.com\/ch_de\/wp-json\/wp\/v2\/product_cat?post=21426"},{"taxonomy":"product_tag","embeddable":true,"href":"https:\/\/beconfident.com\/ch_de\/wp-json\/wp\/v2\/product_tag?post=21426"}],"curies":[{"name":"wp","href":"https:\/\/api.w.org\/{rel}","templated":true}]}}