{"id":21411,"date":"2021-01-27T15:21:11","date_gmt":"2021-01-27T14:21:11","guid":{"rendered":"http:\/\/beconfident.beconfident.hemsida.eu\/produkt\/multifunktionell-whitening-tandkram-acai-mint-25ml\/"},"modified":"2024-12-05T09:01:35","modified_gmt":"2024-12-05T08:01:35","slug":"multifunktionell-whitening-tandkram-acai-mint-25ml","status":"publish","type":"product","link":"https:\/\/beconfident.com\/ch_de\/produkt\/multifunktionell-whitening-tandkram-acai-mint-25ml\/","title":{"rendered":"Multifunctional Whitening Toothpaste Acai + Mint 25ml"},"content":{"rendered":"<p>Beconfident\u00ae Multifunctional Whitening Toothpaste wurde zusammen mit weltweit f\u00fchrenden Zahn\u00e4rzten entwickelt, um die vollst\u00e4ndigste Zahnwei\u00df-Zahnpasta auf dem Markt zu sein. Zus\u00e4tzlich zum Aufhellen von Z\u00e4hnen sch\u00fctzt es vor Karies und Plaque, st\u00e4rkt das Zahnfleisch und entfernt Flecken und Verf\u00e4rbungen. Erh\u00e4ltlich in den Geschmacksrichtungen: Acai + Minze, Kokos + Minze, Erdbeere + Minze, Extra Minze und empfindliche Minze. Um sicherzustellen, dass Beconfident\u00ae Multifunctional Toothpaste sicher und wirksam ist, haben wir vier Wochen lang eine klinische Studie durchgef\u00fchrt. Die Studie wurde gem\u00e4\u00df den Richtlinien f\u00fcr eine gute klinische Praxis und den ADA-Richtlinien f\u00fcr die Pr\u00fcfung von Zahnpasta und Zahnwei\u00dfprodukten durchgef\u00fchrt. Beconfident\u00ae Multifunctional Whitening Toothpaste enth\u00e4lt eine Mischung aus Fluor, Kaliumnitrat, Calciumphosphat, Zink, wei\u00dfem Kohlenstoff und Calciumperoxid, um dem Benutzer die bestm\u00f6gliche Mundpflege zu bieten.<\/p>\n","protected":false},"excerpt":{"rendered":"<p>Beconfident\u00ae Multifunktions Zahnweisspasta Acai+Minze, 25ml.<\/p>\n","protected":false},"featured_media":21413,"comment_status":"open","ping_status":"closed","template":"","meta":{"_acf_changed":false,"inline_featured_image":false,"_monsterinsights_skip_tracking":false,"_monsterinsights_sitenote_active":false,"_monsterinsights_sitenote_note":"","_monsterinsights_sitenote_category":0},"product_brand":[],"product_cat":[717,68,61],"product_tag":[],"class_list":{"0":"post-21411","1":"product","2":"type-product","3":"status-publish","4":"has-post-thumbnail","6":"product_cat-alla-produkter","7":"product_cat-multifunctional-tandkram","8":"product_cat-tandkram","10":"first","11":"instock","12":"taxable","13":"shipping-taxable","14":"purchasable","15":"product-type-simple"},"acf":[],"shsp-ext":{"main":{},"variations":[]},"yoast_head":"<!-- This site is optimized with the Yoast SEO plugin v27.2 - https:\/\/yoast.com\/product\/yoast-seo-wordpress\/ -->\n<title>Multifunctional Whitening Toothpaste Acai + Mint 25ml - Beconfident<\/title>\n<meta name=\"description\" content=\"Multifunktionell whitening tandkr\u00e4m f\u00f6r vitare, renare och starkare t\u00e4nder.\" \/>\n<meta name=\"robots\" content=\"index, follow, max-snippet:-1, max-image-preview:large, max-video-preview:-1\" \/>\n<link rel=\"canonical\" href=\"https:\/\/beconfident.com\/ch_de\/produkt\/multifunktionell-whitening-tandkram-acai-mint-25ml\/\" \/>\n<meta property=\"og:locale\" content=\"en_US\" \/>\n<meta property=\"og:type\" content=\"article\" \/>\n<meta property=\"og:title\" content=\"Multifunctional Whitening Toothpaste Acai + Mint 25ml - Beconfident\" \/>\n<meta property=\"og:description\" content=\"Multifunktionell whitening tandkr\u00e4m f\u00f6r vitare, renare och starkare t\u00e4nder.\" \/>\n<meta property=\"og:url\" content=\"https:\/\/beconfident.com\/ch_de\/produkt\/multifunktionell-whitening-tandkram-acai-mint-25ml\/\" \/>\n<meta property=\"og:site_name\" content=\"Beconfident\" \/>\n<meta property=\"article:modified_time\" content=\"2024-12-05T08:01:35+00:00\" \/>\n<meta property=\"og:image\" content=\"https:\/\/beconfident.com\/wp-content\/uploads\/2021\/01\/141098_Toothpaste_Acai3.jpg\" \/>\n\t<meta property=\"og:image:width\" content=\"1417\" \/>\n\t<meta property=\"og:image:height\" content=\"1063\" \/>\n\t<meta property=\"og:image:type\" content=\"image\/jpeg\" \/>\n<meta name=\"twitter:card\" content=\"summary_large_image\" \/>\n<meta name=\"twitter:label1\" content=\"Est. reading time\" \/>\n\t<meta name=\"twitter:data1\" content=\"1 minute\" \/>\n<script type=\"application\/ld+json\" class=\"yoast-schema-graph\">{\"@context\":\"https:\/\/schema.org\",\"@graph\":[{\"@type\":\"WebPage\",\"@id\":\"https:\/\/beconfident.com\/ch_de\/produkt\/multifunktionell-whitening-tandkram-acai-mint-25ml\/\",\"url\":\"https:\/\/beconfident.com\/ch_de\/produkt\/multifunktionell-whitening-tandkram-acai-mint-25ml\/\",\"name\":\"Multifunctional Whitening Toothpaste Acai + Mint 25ml - Beconfident\",\"isPartOf\":{\"@id\":\"https:\/\/beconfident.com\/lv\/#website\"},\"primaryImageOfPage\":{\"@id\":\"https:\/\/beconfident.com\/ch_de\/produkt\/multifunktionell-whitening-tandkram-acai-mint-25ml\/#primaryimage\"},\"image\":{\"@id\":\"https:\/\/beconfident.com\/ch_de\/produkt\/multifunktionell-whitening-tandkram-acai-mint-25ml\/#primaryimage\"},\"thumbnailUrl\":\"https:\/\/beconfident.com\/wp-content\/uploads\/2021\/01\/141098_Toothpaste_Acai3.jpg\",\"datePublished\":\"2021-01-27T14:21:11+00:00\",\"dateModified\":\"2024-12-05T08:01:35+00:00\",\"description\":\"Multifunktionell whitening tandkr\u00e4m f\u00f6r vitare, renare och starkare t\u00e4nder.\",\"breadcrumb\":{\"@id\":\"https:\/\/beconfident.com\/ch_de\/produkt\/multifunktionell-whitening-tandkram-acai-mint-25ml\/#breadcrumb\"},\"inLanguage\":\"ch-DE\",\"potentialAction\":[{\"@type\":\"ReadAction\",\"target\":[\"https:\/\/beconfident.com\/ch_de\/produkt\/multifunktionell-whitening-tandkram-acai-mint-25ml\/\"]}]},{\"@type\":\"ImageObject\",\"inLanguage\":\"ch-DE\",\"@id\":\"https:\/\/beconfident.com\/ch_de\/produkt\/multifunktionell-whitening-tandkram-acai-mint-25ml\/#primaryimage\",\"url\":\"https:\/\/beconfident.com\/wp-content\/uploads\/2021\/01\/141098_Toothpaste_Acai3.jpg\",\"contentUrl\":\"https:\/\/beconfident.com\/wp-content\/uploads\/2021\/01\/141098_Toothpaste_Acai3.jpg\",\"width\":1417,\"height\":1063},{\"@type\":\"BreadcrumbList\",\"@id\":\"https:\/\/beconfident.com\/ch_de\/produkt\/multifunktionell-whitening-tandkram-acai-mint-25ml\/#breadcrumb\",\"itemListElement\":[{\"@type\":\"ListItem\",\"position\":1,\"name\":\"Hem\",\"item\":\"https:\/\/beconfident.com\/ch_de\/\"},{\"@type\":\"ListItem\",\"position\":2,\"name\":\"Webbutik\",\"item\":\"https:\/\/beconfident.com\/ch_de\/webbutik\/\"},{\"@type\":\"ListItem\",\"position\":3,\"name\":\"Multifunctional Whitening Toothpaste Acai + Mint 25ml\"}]},{\"@type\":\"WebSite\",\"@id\":\"https:\/\/beconfident.com\/lv\/#website\",\"url\":\"https:\/\/beconfident.com\/lv\/\",\"name\":\"Beconfident\",\"description\":\"\",\"potentialAction\":[{\"@type\":\"SearchAction\",\"target\":{\"@type\":\"EntryPoint\",\"urlTemplate\":\"https:\/\/beconfident.com\/lv\/?s={search_term_string}\"},\"query-input\":{\"@type\":\"PropertyValueSpecification\",\"valueRequired\":true,\"valueName\":\"search_term_string\"}}],\"inLanguage\":\"ch-DE\"}]}<\/script>\n<!-- \/ Yoast SEO plugin. -->","yoast_head_json":{"title":"Multifunctional Whitening Toothpaste Acai + Mint 25ml - Beconfident","description":"Multifunktionell whitening tandkr\u00e4m f\u00f6r vitare, renare och starkare t\u00e4nder.","robots":{"index":"index","follow":"follow","max-snippet":"max-snippet:-1","max-image-preview":"max-image-preview:large","max-video-preview":"max-video-preview:-1"},"canonical":"https:\/\/beconfident.com\/ch_de\/produkt\/multifunktionell-whitening-tandkram-acai-mint-25ml\/","og_locale":"en_US","og_type":"article","og_title":"Multifunctional Whitening Toothpaste Acai + Mint 25ml - Beconfident","og_description":"Multifunktionell whitening tandkr\u00e4m f\u00f6r vitare, renare och starkare t\u00e4nder.","og_url":"https:\/\/beconfident.com\/ch_de\/produkt\/multifunktionell-whitening-tandkram-acai-mint-25ml\/","og_site_name":"Beconfident","article_modified_time":"2024-12-05T08:01:35+00:00","og_image":[{"width":1417,"height":1063,"url":"https:\/\/beconfident.com\/wp-content\/uploads\/2021\/01\/141098_Toothpaste_Acai3.jpg","type":"image\/jpeg"}],"twitter_card":"summary_large_image","twitter_misc":{"Est. reading time":"1 minute"},"schema":{"@context":"https:\/\/schema.org","@graph":[{"@type":"WebPage","@id":"https:\/\/beconfident.com\/ch_de\/produkt\/multifunktionell-whitening-tandkram-acai-mint-25ml\/","url":"https:\/\/beconfident.com\/ch_de\/produkt\/multifunktionell-whitening-tandkram-acai-mint-25ml\/","name":"Multifunctional Whitening Toothpaste Acai + Mint 25ml - Beconfident","isPartOf":{"@id":"https:\/\/beconfident.com\/lv\/#website"},"primaryImageOfPage":{"@id":"https:\/\/beconfident.com\/ch_de\/produkt\/multifunktionell-whitening-tandkram-acai-mint-25ml\/#primaryimage"},"image":{"@id":"https:\/\/beconfident.com\/ch_de\/produkt\/multifunktionell-whitening-tandkram-acai-mint-25ml\/#primaryimage"},"thumbnailUrl":"https:\/\/beconfident.com\/wp-content\/uploads\/2021\/01\/141098_Toothpaste_Acai3.jpg","datePublished":"2021-01-27T14:21:11+00:00","dateModified":"2024-12-05T08:01:35+00:00","description":"Multifunktionell whitening tandkr\u00e4m f\u00f6r vitare, renare och starkare t\u00e4nder.","breadcrumb":{"@id":"https:\/\/beconfident.com\/ch_de\/produkt\/multifunktionell-whitening-tandkram-acai-mint-25ml\/#breadcrumb"},"inLanguage":"ch-DE","potentialAction":[{"@type":"ReadAction","target":["https:\/\/beconfident.com\/ch_de\/produkt\/multifunktionell-whitening-tandkram-acai-mint-25ml\/"]}]},{"@type":"ImageObject","inLanguage":"ch-DE","@id":"https:\/\/beconfident.com\/ch_de\/produkt\/multifunktionell-whitening-tandkram-acai-mint-25ml\/#primaryimage","url":"https:\/\/beconfident.com\/wp-content\/uploads\/2021\/01\/141098_Toothpaste_Acai3.jpg","contentUrl":"https:\/\/beconfident.com\/wp-content\/uploads\/2021\/01\/141098_Toothpaste_Acai3.jpg","width":1417,"height":1063},{"@type":"BreadcrumbList","@id":"https:\/\/beconfident.com\/ch_de\/produkt\/multifunktionell-whitening-tandkram-acai-mint-25ml\/#breadcrumb","itemListElement":[{"@type":"ListItem","position":1,"name":"Hem","item":"https:\/\/beconfident.com\/ch_de\/"},{"@type":"ListItem","position":2,"name":"Webbutik","item":"https:\/\/beconfident.com\/ch_de\/webbutik\/"},{"@type":"ListItem","position":3,"name":"Multifunctional Whitening Toothpaste Acai + Mint 25ml"}]},{"@type":"WebSite","@id":"https:\/\/beconfident.com\/lv\/#website","url":"https:\/\/beconfident.com\/lv\/","name":"Beconfident","description":"","potentialAction":[{"@type":"SearchAction","target":{"@type":"EntryPoint","urlTemplate":"https:\/\/beconfident.com\/lv\/?s={search_term_string}"},"query-input":{"@type":"PropertyValueSpecification","valueRequired":true,"valueName":"search_term_string"}}],"inLanguage":"ch-DE"}]}},"_links":{"self":[{"href":"https:\/\/beconfident.com\/ch_de\/wp-json\/wp\/v2\/product\/21411","targetHints":{"allow":["GET"]}}],"collection":[{"href":"https:\/\/beconfident.com\/ch_de\/wp-json\/wp\/v2\/product"}],"about":[{"href":"https:\/\/beconfident.com\/ch_de\/wp-json\/wp\/v2\/types\/product"}],"replies":[{"embeddable":true,"href":"https:\/\/beconfident.com\/ch_de\/wp-json\/wp\/v2\/comments?post=21411"}],"wp:featuredmedia":[{"embeddable":true,"href":"https:\/\/beconfident.com\/ch_de\/wp-json\/wp\/v2\/media\/21413"}],"wp:attachment":[{"href":"https:\/\/beconfident.com\/ch_de\/wp-json\/wp\/v2\/media?parent=21411"}],"wp:term":[{"taxonomy":"product_brand","embeddable":true,"href":"https:\/\/beconfident.com\/ch_de\/wp-json\/wp\/v2\/product_brand?post=21411"},{"taxonomy":"product_cat","embeddable":true,"href":"https:\/\/beconfident.com\/ch_de\/wp-json\/wp\/v2\/product_cat?post=21411"},{"taxonomy":"product_tag","embeddable":true,"href":"https:\/\/beconfident.com\/ch_de\/wp-json\/wp\/v2\/product_tag?post=21411"}],"curies":[{"name":"wp","href":"https:\/\/api.w.org\/{rel}","templated":true}]}}