{"id":21398,"date":"2021-01-20T18:10:17","date_gmt":"2021-01-20T17:10:17","guid":{"rendered":"http:\/\/beconfident.beconfident.hemsida.eu\/produkt\/mundschutz-protect\/"},"modified":"2025-10-31T20:12:19","modified_gmt":"2025-10-31T19:12:19","slug":"mundschutz-protect","status":"publish","type":"product","link":"https:\/\/beconfident.com\/ch_de\/produkt\/mundschutz-protect\/","title":{"rendered":"MUNDSCHUTZ &#8220;PROTECT&#8221;"},"content":{"rendered":"<p>Beconfident\u00ae Protect Dental Guard ist n\u00fctzlich, um die Muskeln zu entlasten und die Z\u00e4hne bei leichtem Z\u00e4hneknirschen oder Bruxismus zu sch\u00fctzen.<br \/>\nBeconfident&#8217;s eigener Mundschutz ist leicht und flexibel, aber dennoch langlebig. Es hat Bissplatten, die die Backenz\u00e4hne entlasten, was verhindert, dass die Vorderz\u00e4hne zusammengebissen werden, und au\u00dferdem einen freien Atemweg f\u00f6rdert \/ schafft \/ erm\u00f6glicht. Sie nehmen eine einmalige Anpassung vor und sch\u00fctzen Ihre Z\u00e4hne auf sehr bequeme Weise. Dies ist der perfekte Schutz f\u00fcr einen Erstanwender, der mit einem Mundschutz schlafen m\u00f6chte. Endlich kannst du voller Energie aufwachen!<\/p>\n<p>&#8211; Geeignet f\u00fcr den Erstanwender<br \/>\n&#8211; Hoher Komfort (minimalistisches Design)<br \/>\n&#8211; Niedrigster Preis<\/p>\n<p>Beconfident Protect ist von der schwedischen Agentur f\u00fcr medizinische Produkte als Medizinprodukt zugelassen und befolgt deren Vorschriften LVFS 2003: 11, LVFS 201: 7; LVFS 2001: 5. Wir garantieren, dass es kein BPA, Silikon, Acryl, Gluten oder sch\u00e4dliche Toxine enth\u00e4lt und keine Chemikalien in den Mund gelangt. Es wird in einer von der FDA gepr\u00fcften Einrichtung hergestellt und besteht nicht aus Naturkautschuklatex.<\/p>\n<p>Das Produkt wird in einer Verpackung mit einer flexiblen Aufbewahrungsbox und Gebrauchsanweisung geliefert. Bitte beachten Sie, dass defekte Verpackungen aus hygienischen Gr\u00fcnden nicht zur\u00fcckgesandt werden k\u00f6nnen. Selbstverst\u00e4ndlich gilt das 14-t\u00e4gige Umtauschrecht.<\/p>\n","protected":false},"excerpt":{"rendered":"<p>Einfach zu bedienender Mundschutz gegen Bruxismus \/ Z\u00e4hneknirschen.<\/p>\n","protected":false},"featured_media":60335,"comment_status":"closed","ping_status":"closed","template":"","meta":{"_acf_changed":false,"inline_featured_image":false,"_monsterinsights_skip_tracking":false,"_monsterinsights_sitenote_active":false,"_monsterinsights_sitenote_note":"","_monsterinsights_sitenote_category":0},"product_brand":[],"product_cat":[720,509],"product_tag":[],"class_list":{"0":"post-21398","1":"product","2":"type-product","3":"status-publish","4":"has-post-thumbnail","6":"product_cat-alla-produkter-ch_de","7":"product_cat-mundschalen-ch_de-2","9":"first","10":"instock","11":"taxable","12":"shipping-taxable","13":"purchasable","14":"product-type-simple"},"acf":[],"shsp-ext":{"main":{},"variations":[]},"yoast_head":"<!-- This site is optimized with the Yoast SEO plugin v27.2 - https:\/\/yoast.com\/product\/yoast-seo-wordpress\/ -->\n<title>MUNDSCHUTZ &quot;PROTECT&quot; - Beconfident<\/title>\n<meta name=\"robots\" content=\"index, follow, max-snippet:-1, max-image-preview:large, max-video-preview:-1\" \/>\n<link rel=\"canonical\" href=\"https:\/\/beconfident.com\/ch_de\/produkt\/mundschutz-protect\/\" \/>\n<meta property=\"og:locale\" content=\"en_US\" \/>\n<meta property=\"og:type\" content=\"article\" \/>\n<meta property=\"og:title\" content=\"MUNDSCHUTZ &quot;PROTECT&quot; - Beconfident\" \/>\n<meta property=\"og:description\" content=\"Einfach zu bedienender Mundschutz gegen Bruxismus \/ Z\u00e4hneknirschen.\" \/>\n<meta property=\"og:url\" content=\"https:\/\/beconfident.com\/ch_de\/produkt\/mundschutz-protect\/\" \/>\n<meta property=\"og:site_name\" content=\"Beconfident\" \/>\n<meta property=\"article:modified_time\" content=\"2025-10-31T19:12:19+00:00\" \/>\n<meta property=\"og:image\" content=\"https:\/\/beconfident.com\/wp-content\/uploads\/2021\/01\/150309-Dental-Guard-Protect-and-storagebox.jpg\" \/>\n\t<meta property=\"og:image:width\" content=\"1276\" \/>\n\t<meta property=\"og:image:height\" content=\"1417\" \/>\n\t<meta property=\"og:image:type\" content=\"image\/jpeg\" \/>\n<meta name=\"twitter:card\" content=\"summary_large_image\" \/>\n<meta name=\"twitter:label1\" content=\"Est. reading time\" \/>\n\t<meta name=\"twitter:data1\" content=\"1 minute\" \/>\n<script type=\"application\/ld+json\" class=\"yoast-schema-graph\">{\"@context\":\"https:\/\/schema.org\",\"@graph\":[{\"@type\":\"WebPage\",\"@id\":\"https:\/\/beconfident.com\/ch_de\/produkt\/mundschutz-protect\/\",\"url\":\"https:\/\/beconfident.com\/ch_de\/produkt\/mundschutz-protect\/\",\"name\":\"MUNDSCHUTZ \\\"PROTECT\\\" - Beconfident\",\"isPartOf\":{\"@id\":\"https:\/\/beconfident.com\/lv\/#website\"},\"primaryImageOfPage\":{\"@id\":\"https:\/\/beconfident.com\/ch_de\/produkt\/mundschutz-protect\/#primaryimage\"},\"image\":{\"@id\":\"https:\/\/beconfident.com\/ch_de\/produkt\/mundschutz-protect\/#primaryimage\"},\"thumbnailUrl\":\"https:\/\/beconfident.com\/wp-content\/uploads\/2021\/01\/150309-Dental-Guard-Protect-and-storagebox.jpg\",\"datePublished\":\"2021-01-20T17:10:17+00:00\",\"dateModified\":\"2025-10-31T19:12:19+00:00\",\"breadcrumb\":{\"@id\":\"https:\/\/beconfident.com\/ch_de\/produkt\/mundschutz-protect\/#breadcrumb\"},\"inLanguage\":\"ch-DE\",\"potentialAction\":[{\"@type\":\"ReadAction\",\"target\":[\"https:\/\/beconfident.com\/ch_de\/produkt\/mundschutz-protect\/\"]}]},{\"@type\":\"ImageObject\",\"inLanguage\":\"ch-DE\",\"@id\":\"https:\/\/beconfident.com\/ch_de\/produkt\/mundschutz-protect\/#primaryimage\",\"url\":\"https:\/\/beconfident.com\/wp-content\/uploads\/2021\/01\/150309-Dental-Guard-Protect-and-storagebox.jpg\",\"contentUrl\":\"https:\/\/beconfident.com\/wp-content\/uploads\/2021\/01\/150309-Dental-Guard-Protect-and-storagebox.jpg\",\"width\":1276,\"height\":1417},{\"@type\":\"BreadcrumbList\",\"@id\":\"https:\/\/beconfident.com\/ch_de\/produkt\/mundschutz-protect\/#breadcrumb\",\"itemListElement\":[{\"@type\":\"ListItem\",\"position\":1,\"name\":\"Hem\",\"item\":\"https:\/\/beconfident.com\/ch_de\/\"},{\"@type\":\"ListItem\",\"position\":2,\"name\":\"Webbutik\",\"item\":\"https:\/\/beconfident.com\/ch_de\/webbutik\/\"},{\"@type\":\"ListItem\",\"position\":3,\"name\":\"MUNDSCHUTZ &#8220;PROTECT&#8221;\"}]},{\"@type\":\"WebSite\",\"@id\":\"https:\/\/beconfident.com\/lv\/#website\",\"url\":\"https:\/\/beconfident.com\/lv\/\",\"name\":\"Beconfident\",\"description\":\"\",\"potentialAction\":[{\"@type\":\"SearchAction\",\"target\":{\"@type\":\"EntryPoint\",\"urlTemplate\":\"https:\/\/beconfident.com\/lv\/?s={search_term_string}\"},\"query-input\":{\"@type\":\"PropertyValueSpecification\",\"valueRequired\":true,\"valueName\":\"search_term_string\"}}],\"inLanguage\":\"ch-DE\"}]}<\/script>\n<!-- \/ Yoast SEO plugin. -->","yoast_head_json":{"title":"MUNDSCHUTZ \"PROTECT\" - Beconfident","robots":{"index":"index","follow":"follow","max-snippet":"max-snippet:-1","max-image-preview":"max-image-preview:large","max-video-preview":"max-video-preview:-1"},"canonical":"https:\/\/beconfident.com\/ch_de\/produkt\/mundschutz-protect\/","og_locale":"en_US","og_type":"article","og_title":"MUNDSCHUTZ \"PROTECT\" - Beconfident","og_description":"Einfach zu bedienender Mundschutz gegen Bruxismus \/ Z\u00e4hneknirschen.","og_url":"https:\/\/beconfident.com\/ch_de\/produkt\/mundschutz-protect\/","og_site_name":"Beconfident","article_modified_time":"2025-10-31T19:12:19+00:00","og_image":[{"width":1276,"height":1417,"url":"https:\/\/beconfident.com\/wp-content\/uploads\/2021\/01\/150309-Dental-Guard-Protect-and-storagebox.jpg","type":"image\/jpeg"}],"twitter_card":"summary_large_image","twitter_misc":{"Est. reading time":"1 minute"},"schema":{"@context":"https:\/\/schema.org","@graph":[{"@type":"WebPage","@id":"https:\/\/beconfident.com\/ch_de\/produkt\/mundschutz-protect\/","url":"https:\/\/beconfident.com\/ch_de\/produkt\/mundschutz-protect\/","name":"MUNDSCHUTZ \"PROTECT\" - Beconfident","isPartOf":{"@id":"https:\/\/beconfident.com\/lv\/#website"},"primaryImageOfPage":{"@id":"https:\/\/beconfident.com\/ch_de\/produkt\/mundschutz-protect\/#primaryimage"},"image":{"@id":"https:\/\/beconfident.com\/ch_de\/produkt\/mundschutz-protect\/#primaryimage"},"thumbnailUrl":"https:\/\/beconfident.com\/wp-content\/uploads\/2021\/01\/150309-Dental-Guard-Protect-and-storagebox.jpg","datePublished":"2021-01-20T17:10:17+00:00","dateModified":"2025-10-31T19:12:19+00:00","breadcrumb":{"@id":"https:\/\/beconfident.com\/ch_de\/produkt\/mundschutz-protect\/#breadcrumb"},"inLanguage":"ch-DE","potentialAction":[{"@type":"ReadAction","target":["https:\/\/beconfident.com\/ch_de\/produkt\/mundschutz-protect\/"]}]},{"@type":"ImageObject","inLanguage":"ch-DE","@id":"https:\/\/beconfident.com\/ch_de\/produkt\/mundschutz-protect\/#primaryimage","url":"https:\/\/beconfident.com\/wp-content\/uploads\/2021\/01\/150309-Dental-Guard-Protect-and-storagebox.jpg","contentUrl":"https:\/\/beconfident.com\/wp-content\/uploads\/2021\/01\/150309-Dental-Guard-Protect-and-storagebox.jpg","width":1276,"height":1417},{"@type":"BreadcrumbList","@id":"https:\/\/beconfident.com\/ch_de\/produkt\/mundschutz-protect\/#breadcrumb","itemListElement":[{"@type":"ListItem","position":1,"name":"Hem","item":"https:\/\/beconfident.com\/ch_de\/"},{"@type":"ListItem","position":2,"name":"Webbutik","item":"https:\/\/beconfident.com\/ch_de\/webbutik\/"},{"@type":"ListItem","position":3,"name":"MUNDSCHUTZ &#8220;PROTECT&#8221;"}]},{"@type":"WebSite","@id":"https:\/\/beconfident.com\/lv\/#website","url":"https:\/\/beconfident.com\/lv\/","name":"Beconfident","description":"","potentialAction":[{"@type":"SearchAction","target":{"@type":"EntryPoint","urlTemplate":"https:\/\/beconfident.com\/lv\/?s={search_term_string}"},"query-input":{"@type":"PropertyValueSpecification","valueRequired":true,"valueName":"search_term_string"}}],"inLanguage":"ch-DE"}]}},"_links":{"self":[{"href":"https:\/\/beconfident.com\/ch_de\/wp-json\/wp\/v2\/product\/21398","targetHints":{"allow":["GET"]}}],"collection":[{"href":"https:\/\/beconfident.com\/ch_de\/wp-json\/wp\/v2\/product"}],"about":[{"href":"https:\/\/beconfident.com\/ch_de\/wp-json\/wp\/v2\/types\/product"}],"replies":[{"embeddable":true,"href":"https:\/\/beconfident.com\/ch_de\/wp-json\/wp\/v2\/comments?post=21398"}],"wp:featuredmedia":[{"embeddable":true,"href":"https:\/\/beconfident.com\/ch_de\/wp-json\/wp\/v2\/media\/60335"}],"wp:attachment":[{"href":"https:\/\/beconfident.com\/ch_de\/wp-json\/wp\/v2\/media?parent=21398"}],"wp:term":[{"taxonomy":"product_brand","embeddable":true,"href":"https:\/\/beconfident.com\/ch_de\/wp-json\/wp\/v2\/product_brand?post=21398"},{"taxonomy":"product_cat","embeddable":true,"href":"https:\/\/beconfident.com\/ch_de\/wp-json\/wp\/v2\/product_cat?post=21398"},{"taxonomy":"product_tag","embeddable":true,"href":"https:\/\/beconfident.com\/ch_de\/wp-json\/wp\/v2\/product_tag?post=21398"}],"curies":[{"name":"wp","href":"https:\/\/api.w.org\/{rel}","templated":true}]}}