{"id":21335,"date":"2021-01-11T10:04:36","date_gmt":"2021-01-11T09:04:36","guid":{"rendered":"http:\/\/beconfident.beconfident.hemsida.eu\/produkt\/hyaluronic-anti-ageing-cream\/"},"modified":"2026-03-03T12:24:56","modified_gmt":"2026-03-03T11:24:56","slug":"hyaluronic-anti-ageing-cream","status":"publish","type":"product","link":"https:\/\/beconfident.com\/ch_de\/produkt\/hyaluronic-anti-ageing-cream\/","title":{"rendered":"Hyaluronic Anti-Ageing Cream 20ml"},"content":{"rendered":"<p>Beconfident\u00ae Hyaluronic Anti-Aging Cream enth\u00e4lt eine fortschrittliche Formel mit sch\u00fctzenden Eigenschaften, die sowohl Feuchtigkeit spenden als auch Zeichen des Alterns verhindern. Das Produkt enth\u00e4lt Hylasome\u00ae EG 10, eine nicht-tierische Hyalurons\u00e4ure, die 50-mal wasserbindender als normale Hyalurons\u00e4ure und 5-mal ist Nach 24 Stunden mehr Feuchtigkeit. Die Creme stellt die Elastizit\u00e4t der Haut wieder her und spendet dank des hohen Hyalurons\u00e4uregehalts 24 Stunden lang Feuchtigkeit. Die Vitamine E und B5 beschleunigen die Heilung der Haut und der Gr\u00fcntee-Extrakt f\u00fcgt Antioxidantien hinzu, die die Haut gesund und frisch machen. Hergestellt in Schweden. Apotheke zugelassen Registriert bei der Medical Products Agency Die Packung enth\u00e4lt ein R\u00f6hrchen (20 ml) und eine Gebrauchsanweisung.<\/p>\n","protected":false},"excerpt":{"rendered":"<p>Anti-Aging-Creme mit Hyalurons\u00e4ure<\/p>\n","protected":false},"featured_media":21340,"comment_status":"open","ping_status":"closed","template":"","meta":{"_acf_changed":false,"inline_featured_image":false,"_monsterinsights_skip_tracking":false,"_monsterinsights_sitenote_active":false,"_monsterinsights_sitenote_note":"","_monsterinsights_sitenote_category":0},"product_brand":[],"product_cat":[508],"product_tag":[],"class_list":{"0":"post-21335","1":"product","2":"type-product","3":"status-publish","4":"has-post-thumbnail","6":"product_cat-unkategorisiert-ch_de","8":"first","9":"instock","10":"taxable","11":"shipping-taxable","12":"purchasable","13":"product-type-simple"},"acf":[],"shsp-ext":{"main":{},"variations":[]},"yoast_head":"<!-- This site is optimized with the Yoast SEO plugin v27.5 - https:\/\/yoast.com\/product\/yoast-seo-wordpress\/ -->\n<title>Hyaluronic Anti-Ageing Cream 20ml - Beconfident<\/title>\n<meta name=\"robots\" content=\"index, follow, max-snippet:-1, max-image-preview:large, max-video-preview:-1\" \/>\n<link rel=\"canonical\" href=\"https:\/\/beconfident.com\/ch_de\/produkt\/hyaluronic-anti-ageing-cream\/\" \/>\n<meta property=\"og:locale\" content=\"en_US\" \/>\n<meta property=\"og:type\" content=\"article\" \/>\n<meta property=\"og:title\" content=\"Hyaluronic Anti-Ageing Cream 20ml - Beconfident\" \/>\n<meta property=\"og:description\" content=\"Anti-Aging-Creme mit Hyalurons\u00e4ure\" \/>\n<meta property=\"og:url\" content=\"https:\/\/beconfident.com\/ch_de\/produkt\/hyaluronic-anti-ageing-cream\/\" \/>\n<meta property=\"og:site_name\" content=\"Beconfident\" \/>\n<meta property=\"article:modified_time\" content=\"2026-03-03T11:24:56+00:00\" \/>\n<meta property=\"og:image\" content=\"https:\/\/beconfident.com\/wp-content\/uploads\/2021\/01\/180790-Hyaluronic-Anti-Ageing-Cream-20-ml.jpg\" \/>\n\t<meta property=\"og:image:width\" content=\"1000\" \/>\n\t<meta property=\"og:image:height\" content=\"1000\" \/>\n\t<meta property=\"og:image:type\" content=\"image\/jpeg\" \/>\n<meta name=\"twitter:card\" content=\"summary_large_image\" \/>\n<meta name=\"twitter:label1\" content=\"Est. reading time\" \/>\n\t<meta name=\"twitter:data1\" content=\"1 minute\" \/>\n<script type=\"application\/ld+json\" class=\"yoast-schema-graph\">{\"@context\":\"https:\\\/\\\/schema.org\",\"@graph\":[{\"@type\":\"WebPage\",\"@id\":\"https:\\\/\\\/beconfident.com\\\/ch_de\\\/produkt\\\/hyaluronic-anti-ageing-cream\\\/\",\"url\":\"https:\\\/\\\/beconfident.com\\\/ch_de\\\/produkt\\\/hyaluronic-anti-ageing-cream\\\/\",\"name\":\"Hyaluronic Anti-Ageing Cream 20ml - Beconfident\",\"isPartOf\":{\"@id\":\"https:\\\/\\\/beconfident.com\\\/lv\\\/#website\"},\"primaryImageOfPage\":{\"@id\":\"https:\\\/\\\/beconfident.com\\\/ch_de\\\/produkt\\\/hyaluronic-anti-ageing-cream\\\/#primaryimage\"},\"image\":{\"@id\":\"https:\\\/\\\/beconfident.com\\\/ch_de\\\/produkt\\\/hyaluronic-anti-ageing-cream\\\/#primaryimage\"},\"thumbnailUrl\":\"https:\\\/\\\/beconfident.com\\\/wp-content\\\/uploads\\\/2021\\\/01\\\/180790-Hyaluronic-Anti-Ageing-Cream-20-ml.jpg\",\"datePublished\":\"2021-01-11T09:04:36+00:00\",\"dateModified\":\"2026-03-03T11:24:56+00:00\",\"breadcrumb\":{\"@id\":\"https:\\\/\\\/beconfident.com\\\/ch_de\\\/produkt\\\/hyaluronic-anti-ageing-cream\\\/#breadcrumb\"},\"inLanguage\":\"ch-DE\",\"potentialAction\":[{\"@type\":\"ReadAction\",\"target\":[\"https:\\\/\\\/beconfident.com\\\/ch_de\\\/produkt\\\/hyaluronic-anti-ageing-cream\\\/\"]}]},{\"@type\":\"ImageObject\",\"inLanguage\":\"ch-DE\",\"@id\":\"https:\\\/\\\/beconfident.com\\\/ch_de\\\/produkt\\\/hyaluronic-anti-ageing-cream\\\/#primaryimage\",\"url\":\"https:\\\/\\\/beconfident.com\\\/wp-content\\\/uploads\\\/2021\\\/01\\\/180790-Hyaluronic-Anti-Ageing-Cream-20-ml.jpg\",\"contentUrl\":\"https:\\\/\\\/beconfident.com\\\/wp-content\\\/uploads\\\/2021\\\/01\\\/180790-Hyaluronic-Anti-Ageing-Cream-20-ml.jpg\",\"width\":1000,\"height\":1000},{\"@type\":\"BreadcrumbList\",\"@id\":\"https:\\\/\\\/beconfident.com\\\/ch_de\\\/produkt\\\/hyaluronic-anti-ageing-cream\\\/#breadcrumb\",\"itemListElement\":[{\"@type\":\"ListItem\",\"position\":1,\"name\":\"Hem\",\"item\":\"https:\\\/\\\/beconfident.com\\\/ch_de\\\/\"},{\"@type\":\"ListItem\",\"position\":2,\"name\":\"Webbutik\",\"item\":\"https:\\\/\\\/beconfident.com\\\/ch_de\\\/webbutik\\\/\"},{\"@type\":\"ListItem\",\"position\":3,\"name\":\"Hyaluronic Anti-Ageing Cream 20ml\"}]},{\"@type\":\"WebSite\",\"@id\":\"https:\\\/\\\/beconfident.com\\\/lv\\\/#website\",\"url\":\"https:\\\/\\\/beconfident.com\\\/lv\\\/\",\"name\":\"Beconfident\",\"description\":\"\",\"potentialAction\":[{\"@type\":\"SearchAction\",\"target\":{\"@type\":\"EntryPoint\",\"urlTemplate\":\"https:\\\/\\\/beconfident.com\\\/lv\\\/?s={search_term_string}\"},\"query-input\":{\"@type\":\"PropertyValueSpecification\",\"valueRequired\":true,\"valueName\":\"search_term_string\"}}],\"inLanguage\":\"ch-DE\"}]}<\/script>\n<!-- \/ Yoast SEO plugin. -->","yoast_head_json":{"title":"Hyaluronic Anti-Ageing Cream 20ml - Beconfident","robots":{"index":"index","follow":"follow","max-snippet":"max-snippet:-1","max-image-preview":"max-image-preview:large","max-video-preview":"max-video-preview:-1"},"canonical":"https:\/\/beconfident.com\/ch_de\/produkt\/hyaluronic-anti-ageing-cream\/","og_locale":"en_US","og_type":"article","og_title":"Hyaluronic Anti-Ageing Cream 20ml - Beconfident","og_description":"Anti-Aging-Creme mit Hyalurons\u00e4ure","og_url":"https:\/\/beconfident.com\/ch_de\/produkt\/hyaluronic-anti-ageing-cream\/","og_site_name":"Beconfident","article_modified_time":"2026-03-03T11:24:56+00:00","og_image":[{"width":1000,"height":1000,"url":"https:\/\/beconfident.com\/wp-content\/uploads\/2021\/01\/180790-Hyaluronic-Anti-Ageing-Cream-20-ml.jpg","type":"image\/jpeg"}],"twitter_card":"summary_large_image","twitter_misc":{"Est. reading time":"1 minute"},"schema":{"@context":"https:\/\/schema.org","@graph":[{"@type":"WebPage","@id":"https:\/\/beconfident.com\/ch_de\/produkt\/hyaluronic-anti-ageing-cream\/","url":"https:\/\/beconfident.com\/ch_de\/produkt\/hyaluronic-anti-ageing-cream\/","name":"Hyaluronic Anti-Ageing Cream 20ml - Beconfident","isPartOf":{"@id":"https:\/\/beconfident.com\/lv\/#website"},"primaryImageOfPage":{"@id":"https:\/\/beconfident.com\/ch_de\/produkt\/hyaluronic-anti-ageing-cream\/#primaryimage"},"image":{"@id":"https:\/\/beconfident.com\/ch_de\/produkt\/hyaluronic-anti-ageing-cream\/#primaryimage"},"thumbnailUrl":"https:\/\/beconfident.com\/wp-content\/uploads\/2021\/01\/180790-Hyaluronic-Anti-Ageing-Cream-20-ml.jpg","datePublished":"2021-01-11T09:04:36+00:00","dateModified":"2026-03-03T11:24:56+00:00","breadcrumb":{"@id":"https:\/\/beconfident.com\/ch_de\/produkt\/hyaluronic-anti-ageing-cream\/#breadcrumb"},"inLanguage":"ch-DE","potentialAction":[{"@type":"ReadAction","target":["https:\/\/beconfident.com\/ch_de\/produkt\/hyaluronic-anti-ageing-cream\/"]}]},{"@type":"ImageObject","inLanguage":"ch-DE","@id":"https:\/\/beconfident.com\/ch_de\/produkt\/hyaluronic-anti-ageing-cream\/#primaryimage","url":"https:\/\/beconfident.com\/wp-content\/uploads\/2021\/01\/180790-Hyaluronic-Anti-Ageing-Cream-20-ml.jpg","contentUrl":"https:\/\/beconfident.com\/wp-content\/uploads\/2021\/01\/180790-Hyaluronic-Anti-Ageing-Cream-20-ml.jpg","width":1000,"height":1000},{"@type":"BreadcrumbList","@id":"https:\/\/beconfident.com\/ch_de\/produkt\/hyaluronic-anti-ageing-cream\/#breadcrumb","itemListElement":[{"@type":"ListItem","position":1,"name":"Hem","item":"https:\/\/beconfident.com\/ch_de\/"},{"@type":"ListItem","position":2,"name":"Webbutik","item":"https:\/\/beconfident.com\/ch_de\/webbutik\/"},{"@type":"ListItem","position":3,"name":"Hyaluronic Anti-Ageing Cream 20ml"}]},{"@type":"WebSite","@id":"https:\/\/beconfident.com\/lv\/#website","url":"https:\/\/beconfident.com\/lv\/","name":"Beconfident","description":"","potentialAction":[{"@type":"SearchAction","target":{"@type":"EntryPoint","urlTemplate":"https:\/\/beconfident.com\/lv\/?s={search_term_string}"},"query-input":{"@type":"PropertyValueSpecification","valueRequired":true,"valueName":"search_term_string"}}],"inLanguage":"ch-DE"}]}},"_links":{"self":[{"href":"https:\/\/beconfident.com\/ch_de\/wp-json\/wp\/v2\/product\/21335","targetHints":{"allow":["GET"]}}],"collection":[{"href":"https:\/\/beconfident.com\/ch_de\/wp-json\/wp\/v2\/product"}],"about":[{"href":"https:\/\/beconfident.com\/ch_de\/wp-json\/wp\/v2\/types\/product"}],"replies":[{"embeddable":true,"href":"https:\/\/beconfident.com\/ch_de\/wp-json\/wp\/v2\/comments?post=21335"}],"wp:featuredmedia":[{"embeddable":true,"href":"https:\/\/beconfident.com\/ch_de\/wp-json\/wp\/v2\/media\/21340"}],"wp:attachment":[{"href":"https:\/\/beconfident.com\/ch_de\/wp-json\/wp\/v2\/media?parent=21335"}],"wp:term":[{"taxonomy":"product_brand","embeddable":true,"href":"https:\/\/beconfident.com\/ch_de\/wp-json\/wp\/v2\/product_brand?post=21335"},{"taxonomy":"product_cat","embeddable":true,"href":"https:\/\/beconfident.com\/ch_de\/wp-json\/wp\/v2\/product_cat?post=21335"},{"taxonomy":"product_tag","embeddable":true,"href":"https:\/\/beconfident.com\/ch_de\/wp-json\/wp\/v2\/product_tag?post=21335"}],"curies":[{"name":"wp","href":"https:\/\/api.w.org\/{rel}","templated":true}]}}