{"id":21330,"date":"2021-01-11T10:04:31","date_gmt":"2021-01-11T09:04:31","guid":{"rendered":"http:\/\/beconfident.beconfident.hemsida.eu\/produkt\/sonic-tandborsthuvuden-whitening-2-pack-vit\/"},"modified":"2023-06-26T06:41:23","modified_gmt":"2023-06-26T04:41:23","slug":"sonic-tandborsthuvuden-whitening-2-pack-vit","status":"publish","type":"product","link":"https:\/\/beconfident.com\/ch_de\/produkt\/sonic-tandborsthuvuden-whitening-2-pack-vit\/","title":{"rendered":"Sonic Zahnb\u00fcrstenk\u00f6pfe Whitening Doppelpack Weiss"},"content":{"rendered":"<p>Mit Beconfident\u00ae Sonic Toothbrush Heads Whitening White im Doppelpack erhalten Sie wei\u00dfere, sauberere und st\u00e4rkere Z\u00e4hne. Der Zahnb\u00fcrstenkopf verf\u00fcgt \u00fcber DuPont\u00ae-Borsten mit integrierter Farberinnerung, wenn der Zahnb\u00fcrstenkopf gewechselt werden muss. Dieser B\u00fcrstenkopf wurde speziell entwickelt, um \u00e4u\u00dfere Beschichtungen zu entfernen und sichtbar wei\u00dfere Z\u00e4hne zu erhalten. H\u00e4rte: normale \/ mittlere H\u00e4rte f\u00fcr den t\u00e4glichen Gebrauch. Wir empfehlen, den Zahnb\u00fcrstenkopf alle drei Monate zu wechseln, um die beste Reinigung und den geringsten Verschlei\u00df des Zahnschmelzes zu erzielen.<\/p>\n<p>Beconfident \u00a9 Sonic Zahnb\u00fcrstenk\u00f6pfe k\u00f6nnen weder f\u00fcr Philips Sonicare noch f\u00fcr die elektrischen Zahnb\u00fcrsten von Oral-B verwendet werden. Die Passung zwischen Zahnb\u00fcrste und B\u00fcrstenkopf muss pr\u00e4zise sein, um den richtigen Schwung \/ die richtige Vibration zu geben, was f\u00fcr saubere Z\u00e4hne entscheidend ist.<\/p>\n","protected":false},"excerpt":{"rendered":"<p>Beconfident\u00ae Sonic Zahnb\u00fcrstenk\u00f6pfe mit DuPont\u00ae Borsten und Pedex Farberinnerung<\/p>\n","protected":false},"featured_media":21334,"comment_status":"open","ping_status":"closed","template":"","meta":{"_acf_changed":false,"inline_featured_image":false,"_monsterinsights_skip_tracking":false,"_monsterinsights_sitenote_active":false,"_monsterinsights_sitenote_note":"","_monsterinsights_sitenote_category":0},"product_brand":[],"product_cat":[720,506],"product_tag":[],"class_list":{"0":"post-21330","1":"product","2":"type-product","3":"status-publish","4":"has-post-thumbnail","6":"product_cat-alla-produkter-ch_de","7":"product_cat-sonic-zahnbuerste","9":"first","10":"outofstock","11":"taxable","12":"shipping-taxable","13":"purchasable","14":"product-type-simple"},"acf":[],"shsp-ext":{"main":{},"variations":[]},"yoast_head":"<!-- This site is optimized with the Yoast SEO plugin v27.2 - https:\/\/yoast.com\/product\/yoast-seo-wordpress\/ -->\n<title>Sonic Zahnb\u00fcrstenk\u00f6pfe Whitening Doppelpack Weiss - Beconfident<\/title>\n<meta name=\"robots\" content=\"index, follow, max-snippet:-1, max-image-preview:large, max-video-preview:-1\" \/>\n<link rel=\"canonical\" href=\"https:\/\/beconfident.com\/ch_de\/produkt\/sonic-tandborsthuvuden-whitening-2-pack-vit\/\" \/>\n<meta property=\"og:locale\" content=\"en_US\" \/>\n<meta property=\"og:type\" content=\"article\" \/>\n<meta property=\"og:title\" content=\"Sonic Zahnb\u00fcrstenk\u00f6pfe Whitening Doppelpack Weiss - Beconfident\" \/>\n<meta property=\"og:description\" content=\"Beconfident\u00ae Sonic Zahnb\u00fcrstenk\u00f6pfe mit DuPont\u00ae Borsten und Pedex Farberinnerung\" \/>\n<meta property=\"og:url\" content=\"https:\/\/beconfident.com\/ch_de\/produkt\/sonic-tandborsthuvuden-whitening-2-pack-vit\/\" \/>\n<meta property=\"og:site_name\" content=\"Beconfident\" \/>\n<meta property=\"article:modified_time\" content=\"2023-06-26T04:41:23+00:00\" \/>\n<meta property=\"og:image\" content=\"https:\/\/beconfident.com\/wp-content\/uploads\/2021\/01\/Beconfident\u00ae-TwinWhiteningbrushpackwhite_650498.jpg\" \/>\n\t<meta property=\"og:image:width\" content=\"1417\" \/>\n\t<meta property=\"og:image:height\" content=\"1063\" \/>\n\t<meta property=\"og:image:type\" content=\"image\/jpeg\" \/>\n<meta name=\"twitter:card\" content=\"summary_large_image\" \/>\n<meta name=\"twitter:label1\" content=\"Est. reading time\" \/>\n\t<meta name=\"twitter:data1\" content=\"1 minute\" \/>\n<script type=\"application\/ld+json\" class=\"yoast-schema-graph\">{\"@context\":\"https:\/\/schema.org\",\"@graph\":[{\"@type\":\"WebPage\",\"@id\":\"https:\/\/beconfident.com\/ch_de\/produkt\/sonic-tandborsthuvuden-whitening-2-pack-vit\/\",\"url\":\"https:\/\/beconfident.com\/ch_de\/produkt\/sonic-tandborsthuvuden-whitening-2-pack-vit\/\",\"name\":\"Sonic Zahnb\u00fcrstenk\u00f6pfe Whitening Doppelpack Weiss - Beconfident\",\"isPartOf\":{\"@id\":\"https:\/\/beconfident.com\/lv\/#website\"},\"primaryImageOfPage\":{\"@id\":\"https:\/\/beconfident.com\/ch_de\/produkt\/sonic-tandborsthuvuden-whitening-2-pack-vit\/#primaryimage\"},\"image\":{\"@id\":\"https:\/\/beconfident.com\/ch_de\/produkt\/sonic-tandborsthuvuden-whitening-2-pack-vit\/#primaryimage\"},\"thumbnailUrl\":\"https:\/\/beconfident.com\/wp-content\/uploads\/2021\/01\/Beconfident\u00ae-TwinWhiteningbrushpackwhite_650498.jpg\",\"datePublished\":\"2021-01-11T09:04:31+00:00\",\"dateModified\":\"2023-06-26T04:41:23+00:00\",\"breadcrumb\":{\"@id\":\"https:\/\/beconfident.com\/ch_de\/produkt\/sonic-tandborsthuvuden-whitening-2-pack-vit\/#breadcrumb\"},\"inLanguage\":\"ch-DE\",\"potentialAction\":[{\"@type\":\"ReadAction\",\"target\":[\"https:\/\/beconfident.com\/ch_de\/produkt\/sonic-tandborsthuvuden-whitening-2-pack-vit\/\"]}]},{\"@type\":\"ImageObject\",\"inLanguage\":\"ch-DE\",\"@id\":\"https:\/\/beconfident.com\/ch_de\/produkt\/sonic-tandborsthuvuden-whitening-2-pack-vit\/#primaryimage\",\"url\":\"https:\/\/beconfident.com\/wp-content\/uploads\/2021\/01\/Beconfident\u00ae-TwinWhiteningbrushpackwhite_650498.jpg\",\"contentUrl\":\"https:\/\/beconfident.com\/wp-content\/uploads\/2021\/01\/Beconfident\u00ae-TwinWhiteningbrushpackwhite_650498.jpg\",\"width\":1417,\"height\":1063},{\"@type\":\"BreadcrumbList\",\"@id\":\"https:\/\/beconfident.com\/ch_de\/produkt\/sonic-tandborsthuvuden-whitening-2-pack-vit\/#breadcrumb\",\"itemListElement\":[{\"@type\":\"ListItem\",\"position\":1,\"name\":\"Hem\",\"item\":\"https:\/\/beconfident.com\/ch_de\/\"},{\"@type\":\"ListItem\",\"position\":2,\"name\":\"Webbutik\",\"item\":\"https:\/\/beconfident.com\/ch_de\/webbutik\/\"},{\"@type\":\"ListItem\",\"position\":3,\"name\":\"Sonic Zahnb\u00fcrstenk\u00f6pfe Whitening Doppelpack Weiss\"}]},{\"@type\":\"WebSite\",\"@id\":\"https:\/\/beconfident.com\/lv\/#website\",\"url\":\"https:\/\/beconfident.com\/lv\/\",\"name\":\"Beconfident\",\"description\":\"\",\"potentialAction\":[{\"@type\":\"SearchAction\",\"target\":{\"@type\":\"EntryPoint\",\"urlTemplate\":\"https:\/\/beconfident.com\/lv\/?s={search_term_string}\"},\"query-input\":{\"@type\":\"PropertyValueSpecification\",\"valueRequired\":true,\"valueName\":\"search_term_string\"}}],\"inLanguage\":\"ch-DE\"}]}<\/script>\n<!-- \/ Yoast SEO plugin. -->","yoast_head_json":{"title":"Sonic Zahnb\u00fcrstenk\u00f6pfe Whitening Doppelpack Weiss - Beconfident","robots":{"index":"index","follow":"follow","max-snippet":"max-snippet:-1","max-image-preview":"max-image-preview:large","max-video-preview":"max-video-preview:-1"},"canonical":"https:\/\/beconfident.com\/ch_de\/produkt\/sonic-tandborsthuvuden-whitening-2-pack-vit\/","og_locale":"en_US","og_type":"article","og_title":"Sonic Zahnb\u00fcrstenk\u00f6pfe Whitening Doppelpack Weiss - Beconfident","og_description":"Beconfident\u00ae Sonic Zahnb\u00fcrstenk\u00f6pfe mit DuPont\u00ae Borsten und Pedex Farberinnerung","og_url":"https:\/\/beconfident.com\/ch_de\/produkt\/sonic-tandborsthuvuden-whitening-2-pack-vit\/","og_site_name":"Beconfident","article_modified_time":"2023-06-26T04:41:23+00:00","og_image":[{"width":1417,"height":1063,"url":"https:\/\/beconfident.com\/wp-content\/uploads\/2021\/01\/Beconfident\u00ae-TwinWhiteningbrushpackwhite_650498.jpg","type":"image\/jpeg"}],"twitter_card":"summary_large_image","twitter_misc":{"Est. reading time":"1 minute"},"schema":{"@context":"https:\/\/schema.org","@graph":[{"@type":"WebPage","@id":"https:\/\/beconfident.com\/ch_de\/produkt\/sonic-tandborsthuvuden-whitening-2-pack-vit\/","url":"https:\/\/beconfident.com\/ch_de\/produkt\/sonic-tandborsthuvuden-whitening-2-pack-vit\/","name":"Sonic Zahnb\u00fcrstenk\u00f6pfe Whitening Doppelpack Weiss - Beconfident","isPartOf":{"@id":"https:\/\/beconfident.com\/lv\/#website"},"primaryImageOfPage":{"@id":"https:\/\/beconfident.com\/ch_de\/produkt\/sonic-tandborsthuvuden-whitening-2-pack-vit\/#primaryimage"},"image":{"@id":"https:\/\/beconfident.com\/ch_de\/produkt\/sonic-tandborsthuvuden-whitening-2-pack-vit\/#primaryimage"},"thumbnailUrl":"https:\/\/beconfident.com\/wp-content\/uploads\/2021\/01\/Beconfident\u00ae-TwinWhiteningbrushpackwhite_650498.jpg","datePublished":"2021-01-11T09:04:31+00:00","dateModified":"2023-06-26T04:41:23+00:00","breadcrumb":{"@id":"https:\/\/beconfident.com\/ch_de\/produkt\/sonic-tandborsthuvuden-whitening-2-pack-vit\/#breadcrumb"},"inLanguage":"ch-DE","potentialAction":[{"@type":"ReadAction","target":["https:\/\/beconfident.com\/ch_de\/produkt\/sonic-tandborsthuvuden-whitening-2-pack-vit\/"]}]},{"@type":"ImageObject","inLanguage":"ch-DE","@id":"https:\/\/beconfident.com\/ch_de\/produkt\/sonic-tandborsthuvuden-whitening-2-pack-vit\/#primaryimage","url":"https:\/\/beconfident.com\/wp-content\/uploads\/2021\/01\/Beconfident\u00ae-TwinWhiteningbrushpackwhite_650498.jpg","contentUrl":"https:\/\/beconfident.com\/wp-content\/uploads\/2021\/01\/Beconfident\u00ae-TwinWhiteningbrushpackwhite_650498.jpg","width":1417,"height":1063},{"@type":"BreadcrumbList","@id":"https:\/\/beconfident.com\/ch_de\/produkt\/sonic-tandborsthuvuden-whitening-2-pack-vit\/#breadcrumb","itemListElement":[{"@type":"ListItem","position":1,"name":"Hem","item":"https:\/\/beconfident.com\/ch_de\/"},{"@type":"ListItem","position":2,"name":"Webbutik","item":"https:\/\/beconfident.com\/ch_de\/webbutik\/"},{"@type":"ListItem","position":3,"name":"Sonic Zahnb\u00fcrstenk\u00f6pfe Whitening Doppelpack Weiss"}]},{"@type":"WebSite","@id":"https:\/\/beconfident.com\/lv\/#website","url":"https:\/\/beconfident.com\/lv\/","name":"Beconfident","description":"","potentialAction":[{"@type":"SearchAction","target":{"@type":"EntryPoint","urlTemplate":"https:\/\/beconfident.com\/lv\/?s={search_term_string}"},"query-input":{"@type":"PropertyValueSpecification","valueRequired":true,"valueName":"search_term_string"}}],"inLanguage":"ch-DE"}]}},"_links":{"self":[{"href":"https:\/\/beconfident.com\/ch_de\/wp-json\/wp\/v2\/product\/21330","targetHints":{"allow":["GET"]}}],"collection":[{"href":"https:\/\/beconfident.com\/ch_de\/wp-json\/wp\/v2\/product"}],"about":[{"href":"https:\/\/beconfident.com\/ch_de\/wp-json\/wp\/v2\/types\/product"}],"replies":[{"embeddable":true,"href":"https:\/\/beconfident.com\/ch_de\/wp-json\/wp\/v2\/comments?post=21330"}],"wp:featuredmedia":[{"embeddable":true,"href":"https:\/\/beconfident.com\/ch_de\/wp-json\/wp\/v2\/media\/21334"}],"wp:attachment":[{"href":"https:\/\/beconfident.com\/ch_de\/wp-json\/wp\/v2\/media?parent=21330"}],"wp:term":[{"taxonomy":"product_brand","embeddable":true,"href":"https:\/\/beconfident.com\/ch_de\/wp-json\/wp\/v2\/product_brand?post=21330"},{"taxonomy":"product_cat","embeddable":true,"href":"https:\/\/beconfident.com\/ch_de\/wp-json\/wp\/v2\/product_cat?post=21330"},{"taxonomy":"product_tag","embeddable":true,"href":"https:\/\/beconfident.com\/ch_de\/wp-json\/wp\/v2\/product_tag?post=21330"}],"curies":[{"name":"wp","href":"https:\/\/api.w.org\/{rel}","templated":true}]}}