{"id":22578,"date":"2021-01-11T10:04:36","date_gmt":"2021-01-11T09:04:36","guid":{"rendered":"http:\/\/beconfident.beconfident.hemsida.eu\/produkt\/antioxidant-cleanser\/"},"modified":"2026-04-10T14:58:59","modified_gmt":"2026-04-10T12:58:59","slug":"antioxidant-cleanser","status":"publish","type":"product","link":"https:\/\/beconfident.com\/be_nl\/produkt\/antioxidant-cleanser\/","title":{"rendered":"ANTIOXIDANT REINIGER"},"content":{"rendered":"<p>Antioxidant Cleanser reinigt diep zonder de huid uit te drogen. Het bevat biologisch toverhazelaarwater en alo\u00eb vera wat een kalmerend en hydraterend effect heeft. Beide zijn ingredi\u00ebnten die kunnen worden gebruikt voor de gevoelige huid en alo\u00eb vera in het bijzonder is erg goed als je een beschadigde of gevoelige huid hebt. Verwijdert effectief make-up en andere onzuiverheden, maar laat de huid gehydrateerd en fris. Bevat antioxidanten die de huid beschermen tegen vrije radicalen. Gebruik zowel &#8216;s ochtends als&#8217; s avonds. Vrij van sulfaten. Het pakket bevat 1 x Antioxidant Cleanser (150 ml) en instructies voor gebruik.<\/p>\n","protected":false},"excerpt":{"rendered":"<p>Gezichtsreiniger met antioxidanten en kalmerende ingredi\u00ebnten.<\/p>\n","protected":false},"featured_media":22060,"comment_status":"open","ping_status":"closed","template":"","meta":{"_acf_changed":false,"inline_featured_image":false,"_monsterinsights_skip_tracking":false,"_monsterinsights_sitenote_active":false,"_monsterinsights_sitenote_note":"","_monsterinsights_sitenote_category":0},"product_brand":[],"product_cat":[549],"product_tag":[],"class_list":{"0":"post-22578","1":"product","2":"type-product","3":"status-publish","4":"has-post-thumbnail","6":"product_cat-uncategorized-be_nl","8":"first","9":"outofstock","10":"taxable","11":"shipping-taxable","12":"purchasable","13":"product-type-simple"},"acf":[],"shsp-ext":{"main":{},"variations":[]},"yoast_head":"<!-- This site is optimized with the Yoast SEO plugin v27.2 - https:\/\/yoast.com\/product\/yoast-seo-wordpress\/ -->\n<title>ANTIOXIDANT REINIGER - Beconfident<\/title>\n<meta name=\"description\" content=\"ANTIOXIDANT REINIGER. Gezichtsreiniger met antioxidanten en kalmerende ingredi\u00ebnten.\" \/>\n<meta name=\"robots\" content=\"index, follow, max-snippet:-1, max-image-preview:large, max-video-preview:-1\" \/>\n<link rel=\"canonical\" href=\"https:\/\/beconfident.com\/be_nl\/produkt\/antioxidant-cleanser\/\" \/>\n<meta property=\"og:locale\" content=\"en_US\" \/>\n<meta property=\"og:type\" content=\"article\" \/>\n<meta property=\"og:title\" content=\"ANTIOXIDANT REINIGER - Beconfident\" \/>\n<meta property=\"og:description\" content=\"ANTIOXIDANT REINIGER. Gezichtsreiniger met antioxidanten en kalmerende ingredi\u00ebnten.\" \/>\n<meta property=\"og:url\" content=\"https:\/\/beconfident.com\/be_nl\/produkt\/antioxidant-cleanser\/\" \/>\n<meta property=\"og:site_name\" content=\"Beconfident\" \/>\n<meta property=\"article:modified_time\" content=\"2026-04-10T12:58:59+00:00\" \/>\n<meta property=\"og:image\" content=\"https:\/\/beconfident.com\/wp-content\/uploads\/2021\/01\/180998-Antioxidant-Cleanser.jpg\" \/>\n\t<meta property=\"og:image:width\" content=\"1000\" \/>\n\t<meta property=\"og:image:height\" content=\"1000\" \/>\n\t<meta property=\"og:image:type\" content=\"image\/jpeg\" \/>\n<meta name=\"twitter:card\" content=\"summary_large_image\" \/>\n<script type=\"application\/ld+json\" class=\"yoast-schema-graph\">{\"@context\":\"https:\/\/schema.org\",\"@graph\":[{\"@type\":\"WebPage\",\"@id\":\"https:\/\/beconfident.com\/be_nl\/produkt\/antioxidant-cleanser\/\",\"url\":\"https:\/\/beconfident.com\/be_nl\/produkt\/antioxidant-cleanser\/\",\"name\":\"ANTIOXIDANT REINIGER - Beconfident\",\"isPartOf\":{\"@id\":\"https:\/\/beconfident.com\/lv\/#website\"},\"primaryImageOfPage\":{\"@id\":\"https:\/\/beconfident.com\/be_nl\/produkt\/antioxidant-cleanser\/#primaryimage\"},\"image\":{\"@id\":\"https:\/\/beconfident.com\/be_nl\/produkt\/antioxidant-cleanser\/#primaryimage\"},\"thumbnailUrl\":\"https:\/\/beconfident.com\/wp-content\/uploads\/2021\/01\/180998-Antioxidant-Cleanser.jpg\",\"datePublished\":\"2021-01-11T09:04:36+00:00\",\"dateModified\":\"2026-04-10T12:58:59+00:00\",\"description\":\"ANTIOXIDANT REINIGER. Gezichtsreiniger met antioxidanten en kalmerende ingredi\u00ebnten.\",\"breadcrumb\":{\"@id\":\"https:\/\/beconfident.com\/be_nl\/produkt\/antioxidant-cleanser\/#breadcrumb\"},\"inLanguage\":\"br-NL\",\"potentialAction\":[{\"@type\":\"ReadAction\",\"target\":[\"https:\/\/beconfident.com\/be_nl\/produkt\/antioxidant-cleanser\/\"]}]},{\"@type\":\"ImageObject\",\"inLanguage\":\"br-NL\",\"@id\":\"https:\/\/beconfident.com\/be_nl\/produkt\/antioxidant-cleanser\/#primaryimage\",\"url\":\"https:\/\/beconfident.com\/wp-content\/uploads\/2021\/01\/180998-Antioxidant-Cleanser.jpg\",\"contentUrl\":\"https:\/\/beconfident.com\/wp-content\/uploads\/2021\/01\/180998-Antioxidant-Cleanser.jpg\",\"width\":1000,\"height\":1000},{\"@type\":\"BreadcrumbList\",\"@id\":\"https:\/\/beconfident.com\/be_nl\/produkt\/antioxidant-cleanser\/#breadcrumb\",\"itemListElement\":[{\"@type\":\"ListItem\",\"position\":1,\"name\":\"Hem\",\"item\":\"https:\/\/beconfident.com\/be_nl\/\"},{\"@type\":\"ListItem\",\"position\":2,\"name\":\"Webbutik\",\"item\":\"https:\/\/beconfident.com\/be_nl\/webbutik\/\"},{\"@type\":\"ListItem\",\"position\":3,\"name\":\"ANTIOXIDANT REINIGER\"}]},{\"@type\":\"WebSite\",\"@id\":\"https:\/\/beconfident.com\/lv\/#website\",\"url\":\"https:\/\/beconfident.com\/lv\/\",\"name\":\"Beconfident\",\"description\":\"\",\"potentialAction\":[{\"@type\":\"SearchAction\",\"target\":{\"@type\":\"EntryPoint\",\"urlTemplate\":\"https:\/\/beconfident.com\/lv\/?s={search_term_string}\"},\"query-input\":{\"@type\":\"PropertyValueSpecification\",\"valueRequired\":true,\"valueName\":\"search_term_string\"}}],\"inLanguage\":\"br-NL\"}]}<\/script>\n<!-- \/ Yoast SEO plugin. -->","yoast_head_json":{"title":"ANTIOXIDANT REINIGER - Beconfident","description":"ANTIOXIDANT REINIGER. Gezichtsreiniger met antioxidanten en kalmerende ingredi\u00ebnten.","robots":{"index":"index","follow":"follow","max-snippet":"max-snippet:-1","max-image-preview":"max-image-preview:large","max-video-preview":"max-video-preview:-1"},"canonical":"https:\/\/beconfident.com\/be_nl\/produkt\/antioxidant-cleanser\/","og_locale":"en_US","og_type":"article","og_title":"ANTIOXIDANT REINIGER - Beconfident","og_description":"ANTIOXIDANT REINIGER. Gezichtsreiniger met antioxidanten en kalmerende ingredi\u00ebnten.","og_url":"https:\/\/beconfident.com\/be_nl\/produkt\/antioxidant-cleanser\/","og_site_name":"Beconfident","article_modified_time":"2026-04-10T12:58:59+00:00","og_image":[{"width":1000,"height":1000,"url":"https:\/\/beconfident.com\/wp-content\/uploads\/2021\/01\/180998-Antioxidant-Cleanser.jpg","type":"image\/jpeg"}],"twitter_card":"summary_large_image","schema":{"@context":"https:\/\/schema.org","@graph":[{"@type":"WebPage","@id":"https:\/\/beconfident.com\/be_nl\/produkt\/antioxidant-cleanser\/","url":"https:\/\/beconfident.com\/be_nl\/produkt\/antioxidant-cleanser\/","name":"ANTIOXIDANT REINIGER - Beconfident","isPartOf":{"@id":"https:\/\/beconfident.com\/lv\/#website"},"primaryImageOfPage":{"@id":"https:\/\/beconfident.com\/be_nl\/produkt\/antioxidant-cleanser\/#primaryimage"},"image":{"@id":"https:\/\/beconfident.com\/be_nl\/produkt\/antioxidant-cleanser\/#primaryimage"},"thumbnailUrl":"https:\/\/beconfident.com\/wp-content\/uploads\/2021\/01\/180998-Antioxidant-Cleanser.jpg","datePublished":"2021-01-11T09:04:36+00:00","dateModified":"2026-04-10T12:58:59+00:00","description":"ANTIOXIDANT REINIGER. Gezichtsreiniger met antioxidanten en kalmerende ingredi\u00ebnten.","breadcrumb":{"@id":"https:\/\/beconfident.com\/be_nl\/produkt\/antioxidant-cleanser\/#breadcrumb"},"inLanguage":"br-NL","potentialAction":[{"@type":"ReadAction","target":["https:\/\/beconfident.com\/be_nl\/produkt\/antioxidant-cleanser\/"]}]},{"@type":"ImageObject","inLanguage":"br-NL","@id":"https:\/\/beconfident.com\/be_nl\/produkt\/antioxidant-cleanser\/#primaryimage","url":"https:\/\/beconfident.com\/wp-content\/uploads\/2021\/01\/180998-Antioxidant-Cleanser.jpg","contentUrl":"https:\/\/beconfident.com\/wp-content\/uploads\/2021\/01\/180998-Antioxidant-Cleanser.jpg","width":1000,"height":1000},{"@type":"BreadcrumbList","@id":"https:\/\/beconfident.com\/be_nl\/produkt\/antioxidant-cleanser\/#breadcrumb","itemListElement":[{"@type":"ListItem","position":1,"name":"Hem","item":"https:\/\/beconfident.com\/be_nl\/"},{"@type":"ListItem","position":2,"name":"Webbutik","item":"https:\/\/beconfident.com\/be_nl\/webbutik\/"},{"@type":"ListItem","position":3,"name":"ANTIOXIDANT REINIGER"}]},{"@type":"WebSite","@id":"https:\/\/beconfident.com\/lv\/#website","url":"https:\/\/beconfident.com\/lv\/","name":"Beconfident","description":"","potentialAction":[{"@type":"SearchAction","target":{"@type":"EntryPoint","urlTemplate":"https:\/\/beconfident.com\/lv\/?s={search_term_string}"},"query-input":{"@type":"PropertyValueSpecification","valueRequired":true,"valueName":"search_term_string"}}],"inLanguage":"br-NL"}]}},"_links":{"self":[{"href":"https:\/\/beconfident.com\/be_nl\/wp-json\/wp\/v2\/product\/22578","targetHints":{"allow":["GET"]}}],"collection":[{"href":"https:\/\/beconfident.com\/be_nl\/wp-json\/wp\/v2\/product"}],"about":[{"href":"https:\/\/beconfident.com\/be_nl\/wp-json\/wp\/v2\/types\/product"}],"replies":[{"embeddable":true,"href":"https:\/\/beconfident.com\/be_nl\/wp-json\/wp\/v2\/comments?post=22578"}],"wp:featuredmedia":[{"embeddable":true,"href":"https:\/\/beconfident.com\/be_nl\/wp-json\/wp\/v2\/media\/22060"}],"wp:attachment":[{"href":"https:\/\/beconfident.com\/be_nl\/wp-json\/wp\/v2\/media?parent=22578"}],"wp:term":[{"taxonomy":"product_brand","embeddable":true,"href":"https:\/\/beconfident.com\/be_nl\/wp-json\/wp\/v2\/product_brand?post=22578"},{"taxonomy":"product_cat","embeddable":true,"href":"https:\/\/beconfident.com\/be_nl\/wp-json\/wp\/v2\/product_cat?post=22578"},{"taxonomy":"product_tag","embeddable":true,"href":"https:\/\/beconfident.com\/be_nl\/wp-json\/wp\/v2\/product_tag?post=22578"}],"curies":[{"name":"wp","href":"https:\/\/api.w.org\/{rel}","templated":true}]}}