{"id":62642,"date":"2026-03-11T12:11:27","date_gmt":"2026-03-11T11:11:27","guid":{"rendered":"https:\/\/beconfident.com\/?post_type=product&#038;p=62642"},"modified":"2026-04-21T08:54:50","modified_gmt":"2026-04-21T06:54:50","slug":"beconfident-no-flow-teeth-whitening-pro-mouth-trays","status":"publish","type":"product","link":"https:\/\/beconfident.com\/be_fr\/produkt\/beconfident-no-flow-teeth-whitening-pro-mouth-trays\/","title":{"rendered":"Beconfident\u00ae No Flow Teeth Whitening Pro Mouth Trays"},"content":{"rendered":"<p data-path-to-node=\"1\">Beconfident\u00ae No Flow Teeth Whitening Pro Mouth Trays \u00e4r \u00e4ntligen h\u00e4r. Uppt\u00e4ck Beconfidents nya formbara tandskena &#8220;No Flow&#8221; \u2013 en uppgraderad version som g\u00f6r din tandblekning b\u00e5de s\u00e4krare och effektivare. Den \u00e4r speciellt utvecklad f\u00f6r att maximera effekten av din blekgel och ge dig renare t\u00e4nder med ett str\u00e5lande vitt leende!<\/p>\n<p data-path-to-node=\"2\">Den patenterade \u201dNo Flow\u201d-funktionen ser till att blekgelen inte rinner ut i on\u00f6dan, utan stannar precis d\u00e4r den g\u00f6r mest nytta \u2013 t\u00e4tt mot emaljen. En extra f\u00f6rdel med &#8220;No Flow&#8221; \u00e4r att du slipper obehaget av att f\u00e5 ner gel i halsen, vilket ocks\u00e5 skonar ditt tandk\u00f6tt och dina slemhinnor fr\u00e5n on\u00f6dig irritation.<\/p>\n<p data-path-to-node=\"3\">Skenan \u00e4r dessutom designad f\u00f6r att vara otroligt enkel och smidig att anv\u00e4nda. I f\u00f6rpackningen f\u00e5r du tv\u00e5 tandskenor (en f\u00f6r \u00f6verk\u00e4ken och en f\u00f6r underk\u00e4ken) samt en praktisk gelapplikator. Doppa dem bara en i taget i varmt vatten och forma dem d\u00e4refter exakt efter dina egna t\u00e4nder. Resultatet? En skr\u00e4ddarsydd och perfekt passform som ger dig den absolut b\u00e4sta tandblekningsupplevelsen.<\/p>\n<h2 data-path-to-node=\"4\">En h\u00e5llbar tandskena<\/h2>\n<p data-path-to-node=\"4\">V\u00e5ra Whitening Pro-tandskenor inneh\u00e5ller dessutom hela 28 % mer material. Det g\u00f6r dem extra stabila och garanterar en fantastisk passform som h\u00e5ller \u00f6ver tid. N\u00e4r du v\u00e4l har format dina skenor kan du spara och \u00e5teranv\u00e4nda dem \u00f6ver 100 g\u00e5nger, tillsammans med valfri blekgel. F\u00f6r att h\u00e5lla dina skenor trygga och fr\u00e4scha mellan behandlingarna kan du med f\u00f6rdel best\u00e4lla till Beconfidents\u00ae praktiska f\u00f6rvaringsask.<\/p>\n<p data-path-to-node=\"5\">Som en extra bonus kan skenorna \u00e4ven anv\u00e4ndas som ett enklare skydd mot tandgnissling om natten. F\u00f6r dig som vill ha ett dedikerat skydd mot tandgnissling och bruxism rekommenderar vi dock starkt v\u00e5r specialutformade bettskena,\u00a0 <a href=\"https:\/\/beconfident.com\/sv\/produkt\/dental-guard-protect\/\"><i data-path-to-node=\"3\" data-index-in-node=\"228\">Beconfident Protect<\/i>.<\/a><\/p>\n<p>F\u00f6rpackningen inneh\u00e5ller 2-pack Tandblekningsskenor, applikator f\u00f6r behandling av enskilda tandytor samt bruksanvisning.<\/p>\n","protected":false},"excerpt":{"rendered":"<p data-path-to-node=\"2,0,0\">&#8220;No Flow&#8221;-tekniken g\u00f6r att blekningsgelen stannar kvar p\u00e5 t\u00e4nderna d\u00e4r den g\u00f6r nytta, utan att rinna ner i halsen eller irritera tandk\u00f6ttet. Den \u00e4r extra h\u00e5llbar (28 % mer material \u00e4n tidigare) vilket g\u00f6r den stabil och beh\u00e5ller formen \u00f6ver tid. Du kan \u00e5teranv\u00e4nda tandskenorna \u00f6ver 100+ g\u00e5nger: -Bra f\u00f6r pl\u00e5nboken och sn\u00e4llt mot milj\u00f6n.<\/p>\n","protected":false},"featured_media":62666,"comment_status":"open","ping_status":"closed","template":"","meta":{"_acf_changed":false,"inline_featured_image":false,"_monsterinsights_skip_tracking":false,"_monsterinsights_sitenote_active":false,"_monsterinsights_sitenote_note":"","_monsterinsights_sitenote_category":0},"product_brand":[],"product_cat":[718,523,521],"product_tag":[],"class_list":{"0":"post-62642","1":"product","2":"type-product","3":"status-publish","4":"has-post-thumbnail","6":"product_cat-alla-produkter-be_fr","7":"product_cat-blanchiment-des-dents-be_fr","8":"product_cat-underhall-fr-be_fr","10":"first","11":"instock","12":"taxable","13":"shipping-taxable","14":"purchasable","15":"product-type-simple"},"acf":[],"shsp-ext":{"main":{},"variations":[]},"yoast_head":"<!-- This site is optimized with the Yoast SEO plugin v27.2 - https:\/\/yoast.com\/product\/yoast-seo-wordpress\/ -->\n<title>Beconfident\u00ae No Flow Teeth Whitening Pro Mouth Trays - Beconfident<\/title>\n<meta name=\"description\" content=\"Beconfident\u00ae No Flow Teeth Whitening Pro Mouth Trays finns i lager tillsammans med flera tandblekningsprodukter. K\u00f6p tandblekning hos Beconfident!\" \/>\n<meta name=\"robots\" content=\"index, follow, max-snippet:-1, max-image-preview:large, max-video-preview:-1\" \/>\n<link rel=\"canonical\" href=\"https:\/\/beconfident.com\/be_fr\/produkt\/beconfident-no-flow-teeth-whitening-pro-mouth-trays\/\" \/>\n<meta property=\"og:locale\" content=\"en_US\" \/>\n<meta property=\"og:type\" content=\"article\" \/>\n<meta property=\"og:title\" content=\"Beconfident\u00ae No Flow Teeth Whitening Pro Mouth Trays - Beconfident\" \/>\n<meta property=\"og:description\" content=\"Beconfident\u00ae No Flow Teeth Whitening Pro Mouth Trays finns i lager tillsammans med flera tandblekningsprodukter. K\u00f6p tandblekning hos Beconfident!\" \/>\n<meta property=\"og:url\" content=\"https:\/\/beconfident.com\/be_fr\/produkt\/beconfident-no-flow-teeth-whitening-pro-mouth-trays\/\" \/>\n<meta property=\"og:site_name\" content=\"Beconfident\" \/>\n<meta property=\"article:modified_time\" content=\"2026-04-21T06:54:50+00:00\" \/>\n<meta property=\"og:image\" content=\"https:\/\/beconfident.com\/wp-content\/uploads\/2026\/03\/121798-Beconfident\u00ae-Pro-Mouth-trays.2.jpg\" \/>\n\t<meta property=\"og:image:width\" content=\"1063\" \/>\n\t<meta property=\"og:image:height\" content=\"1417\" \/>\n\t<meta property=\"og:image:type\" content=\"image\/jpeg\" \/>\n<meta name=\"twitter:card\" content=\"summary_large_image\" \/>\n<meta name=\"twitter:label1\" content=\"Est. reading time\" \/>\n\t<meta name=\"twitter:data1\" content=\"2 minutes\" \/>\n<script type=\"application\/ld+json\" class=\"yoast-schema-graph\">{\"@context\":\"https:\/\/schema.org\",\"@graph\":[{\"@type\":\"WebPage\",\"@id\":\"https:\/\/beconfident.com\/be_fr\/produkt\/beconfident-no-flow-teeth-whitening-pro-mouth-trays\/\",\"url\":\"https:\/\/beconfident.com\/be_fr\/produkt\/beconfident-no-flow-teeth-whitening-pro-mouth-trays\/\",\"name\":\"Beconfident\u00ae No Flow Teeth Whitening Pro Mouth Trays - Beconfident\",\"isPartOf\":{\"@id\":\"https:\/\/beconfident.com\/lv\/#website\"},\"primaryImageOfPage\":{\"@id\":\"https:\/\/beconfident.com\/be_fr\/produkt\/beconfident-no-flow-teeth-whitening-pro-mouth-trays\/#primaryimage\"},\"image\":{\"@id\":\"https:\/\/beconfident.com\/be_fr\/produkt\/beconfident-no-flow-teeth-whitening-pro-mouth-trays\/#primaryimage\"},\"thumbnailUrl\":\"https:\/\/beconfident.com\/wp-content\/uploads\/2026\/03\/121798-Beconfident\u00ae-Pro-Mouth-trays.2.jpg\",\"datePublished\":\"2026-03-11T11:11:27+00:00\",\"dateModified\":\"2026-04-21T06:54:50+00:00\",\"description\":\"Beconfident\u00ae No Flow Teeth Whitening Pro Mouth Trays finns i lager tillsammans med flera tandblekningsprodukter. K\u00f6p tandblekning hos Beconfident!\",\"breadcrumb\":{\"@id\":\"https:\/\/beconfident.com\/be_fr\/produkt\/beconfident-no-flow-teeth-whitening-pro-mouth-trays\/#breadcrumb\"},\"inLanguage\":\"be-FR\",\"potentialAction\":[{\"@type\":\"ReadAction\",\"target\":[\"https:\/\/beconfident.com\/be_fr\/produkt\/beconfident-no-flow-teeth-whitening-pro-mouth-trays\/\"]}]},{\"@type\":\"ImageObject\",\"inLanguage\":\"be-FR\",\"@id\":\"https:\/\/beconfident.com\/be_fr\/produkt\/beconfident-no-flow-teeth-whitening-pro-mouth-trays\/#primaryimage\",\"url\":\"https:\/\/beconfident.com\/wp-content\/uploads\/2026\/03\/121798-Beconfident\u00ae-Pro-Mouth-trays.2.jpg\",\"contentUrl\":\"https:\/\/beconfident.com\/wp-content\/uploads\/2026\/03\/121798-Beconfident\u00ae-Pro-Mouth-trays.2.jpg\",\"width\":1063,\"height\":1417},{\"@type\":\"BreadcrumbList\",\"@id\":\"https:\/\/beconfident.com\/be_fr\/produkt\/beconfident-no-flow-teeth-whitening-pro-mouth-trays\/#breadcrumb\",\"itemListElement\":[{\"@type\":\"ListItem\",\"position\":1,\"name\":\"Hem\",\"item\":\"https:\/\/beconfident.com\/be_fr\/\"},{\"@type\":\"ListItem\",\"position\":2,\"name\":\"Webbutik\",\"item\":\"https:\/\/beconfident.com\/be_fr\/webbutik\/\"},{\"@type\":\"ListItem\",\"position\":3,\"name\":\"Beconfident\u00ae No Flow Teeth Whitening Pro Mouth Trays\"}]},{\"@type\":\"WebSite\",\"@id\":\"https:\/\/beconfident.com\/lv\/#website\",\"url\":\"https:\/\/beconfident.com\/lv\/\",\"name\":\"Beconfident\",\"description\":\"\",\"potentialAction\":[{\"@type\":\"SearchAction\",\"target\":{\"@type\":\"EntryPoint\",\"urlTemplate\":\"https:\/\/beconfident.com\/lv\/?s={search_term_string}\"},\"query-input\":{\"@type\":\"PropertyValueSpecification\",\"valueRequired\":true,\"valueName\":\"search_term_string\"}}],\"inLanguage\":\"be-FR\"}]}<\/script>\n<!-- \/ Yoast SEO plugin. -->","yoast_head_json":{"title":"Beconfident\u00ae No Flow Teeth Whitening Pro Mouth Trays - Beconfident","description":"Beconfident\u00ae No Flow Teeth Whitening Pro Mouth Trays finns i lager tillsammans med flera tandblekningsprodukter. K\u00f6p tandblekning hos Beconfident!","robots":{"index":"index","follow":"follow","max-snippet":"max-snippet:-1","max-image-preview":"max-image-preview:large","max-video-preview":"max-video-preview:-1"},"canonical":"https:\/\/beconfident.com\/be_fr\/produkt\/beconfident-no-flow-teeth-whitening-pro-mouth-trays\/","og_locale":"en_US","og_type":"article","og_title":"Beconfident\u00ae No Flow Teeth Whitening Pro Mouth Trays - Beconfident","og_description":"Beconfident\u00ae No Flow Teeth Whitening Pro Mouth Trays finns i lager tillsammans med flera tandblekningsprodukter. K\u00f6p tandblekning hos Beconfident!","og_url":"https:\/\/beconfident.com\/be_fr\/produkt\/beconfident-no-flow-teeth-whitening-pro-mouth-trays\/","og_site_name":"Beconfident","article_modified_time":"2026-04-21T06:54:50+00:00","og_image":[{"width":1063,"height":1417,"url":"https:\/\/beconfident.com\/wp-content\/uploads\/2026\/03\/121798-Beconfident\u00ae-Pro-Mouth-trays.2.jpg","type":"image\/jpeg"}],"twitter_card":"summary_large_image","twitter_misc":{"Est. reading time":"2 minutes"},"schema":{"@context":"https:\/\/schema.org","@graph":[{"@type":"WebPage","@id":"https:\/\/beconfident.com\/be_fr\/produkt\/beconfident-no-flow-teeth-whitening-pro-mouth-trays\/","url":"https:\/\/beconfident.com\/be_fr\/produkt\/beconfident-no-flow-teeth-whitening-pro-mouth-trays\/","name":"Beconfident\u00ae No Flow Teeth Whitening Pro Mouth Trays - Beconfident","isPartOf":{"@id":"https:\/\/beconfident.com\/lv\/#website"},"primaryImageOfPage":{"@id":"https:\/\/beconfident.com\/be_fr\/produkt\/beconfident-no-flow-teeth-whitening-pro-mouth-trays\/#primaryimage"},"image":{"@id":"https:\/\/beconfident.com\/be_fr\/produkt\/beconfident-no-flow-teeth-whitening-pro-mouth-trays\/#primaryimage"},"thumbnailUrl":"https:\/\/beconfident.com\/wp-content\/uploads\/2026\/03\/121798-Beconfident\u00ae-Pro-Mouth-trays.2.jpg","datePublished":"2026-03-11T11:11:27+00:00","dateModified":"2026-04-21T06:54:50+00:00","description":"Beconfident\u00ae No Flow Teeth Whitening Pro Mouth Trays finns i lager tillsammans med flera tandblekningsprodukter. K\u00f6p tandblekning hos Beconfident!","breadcrumb":{"@id":"https:\/\/beconfident.com\/be_fr\/produkt\/beconfident-no-flow-teeth-whitening-pro-mouth-trays\/#breadcrumb"},"inLanguage":"be-FR","potentialAction":[{"@type":"ReadAction","target":["https:\/\/beconfident.com\/be_fr\/produkt\/beconfident-no-flow-teeth-whitening-pro-mouth-trays\/"]}]},{"@type":"ImageObject","inLanguage":"be-FR","@id":"https:\/\/beconfident.com\/be_fr\/produkt\/beconfident-no-flow-teeth-whitening-pro-mouth-trays\/#primaryimage","url":"https:\/\/beconfident.com\/wp-content\/uploads\/2026\/03\/121798-Beconfident\u00ae-Pro-Mouth-trays.2.jpg","contentUrl":"https:\/\/beconfident.com\/wp-content\/uploads\/2026\/03\/121798-Beconfident\u00ae-Pro-Mouth-trays.2.jpg","width":1063,"height":1417},{"@type":"BreadcrumbList","@id":"https:\/\/beconfident.com\/be_fr\/produkt\/beconfident-no-flow-teeth-whitening-pro-mouth-trays\/#breadcrumb","itemListElement":[{"@type":"ListItem","position":1,"name":"Hem","item":"https:\/\/beconfident.com\/be_fr\/"},{"@type":"ListItem","position":2,"name":"Webbutik","item":"https:\/\/beconfident.com\/be_fr\/webbutik\/"},{"@type":"ListItem","position":3,"name":"Beconfident\u00ae No Flow Teeth Whitening Pro Mouth Trays"}]},{"@type":"WebSite","@id":"https:\/\/beconfident.com\/lv\/#website","url":"https:\/\/beconfident.com\/lv\/","name":"Beconfident","description":"","potentialAction":[{"@type":"SearchAction","target":{"@type":"EntryPoint","urlTemplate":"https:\/\/beconfident.com\/lv\/?s={search_term_string}"},"query-input":{"@type":"PropertyValueSpecification","valueRequired":true,"valueName":"search_term_string"}}],"inLanguage":"be-FR"}]}},"_links":{"self":[{"href":"https:\/\/beconfident.com\/be_fr\/wp-json\/wp\/v2\/product\/62642","targetHints":{"allow":["GET"]}}],"collection":[{"href":"https:\/\/beconfident.com\/be_fr\/wp-json\/wp\/v2\/product"}],"about":[{"href":"https:\/\/beconfident.com\/be_fr\/wp-json\/wp\/v2\/types\/product"}],"replies":[{"embeddable":true,"href":"https:\/\/beconfident.com\/be_fr\/wp-json\/wp\/v2\/comments?post=62642"}],"wp:featuredmedia":[{"embeddable":true,"href":"https:\/\/beconfident.com\/be_fr\/wp-json\/wp\/v2\/media\/62666"}],"wp:attachment":[{"href":"https:\/\/beconfident.com\/be_fr\/wp-json\/wp\/v2\/media?parent=62642"}],"wp:term":[{"taxonomy":"product_brand","embeddable":true,"href":"https:\/\/beconfident.com\/be_fr\/wp-json\/wp\/v2\/product_brand?post=62642"},{"taxonomy":"product_cat","embeddable":true,"href":"https:\/\/beconfident.com\/be_fr\/wp-json\/wp\/v2\/product_cat?post=62642"},{"taxonomy":"product_tag","embeddable":true,"href":"https:\/\/beconfident.com\/be_fr\/wp-json\/wp\/v2\/product_tag?post=62642"}],"curies":[{"name":"wp","href":"https:\/\/api.w.org\/{rel}","templated":true}]}}