{"id":22055,"date":"2021-01-11T10:04:36","date_gmt":"2021-01-11T09:04:36","guid":{"rendered":"http:\/\/beconfident.beconfident.hemsida.eu\/produkt\/stay-fresh-day-cream\/"},"modified":"2026-03-03T12:24:48","modified_gmt":"2026-03-03T11:24:48","slug":"stay-fresh-day-cream","status":"publish","type":"product","link":"https:\/\/beconfident.com\/be_fr\/produkt\/stay-fresh-day-cream\/","title":{"rendered":"CR\u00c8ME DE JOUR FRA\u00ceCHEUR"},"content":{"rendered":"<p>La cr\u00e8me de jour Stay Fresh hydrate la peau tout au long de la journ\u00e9e gr\u00e2ce \u00e0 l&#8217;huile de jojoba naturelle et \u00e0 l&#8217;huile de coco, qui, associ\u00e9es au beurre de karit\u00e9, au th\u00e9 vert et \u00e0 la vitamine A, font de la cr\u00e8me de jour Stay Fresh une cr\u00e8me de jour hydratante et fortifiante qui pr\u00e9vient le dess\u00e8chement de la surface et l&#8217;apparition de boutons. et les caillots. Il aide \u00e0 \u00abrecharger\u00bb une peau fatigu\u00e9e et \u00e0 augmenter l&#8217;absorption des ingr\u00e9dients nutritifs. Utilis\u00e9 pleinement apr\u00e8s le S\u00e9rum Revitalisant Boost pour une peau hydrat\u00e9e, r\u00e9sistante et \u00e9clatante de jeunesse.<\/p>\n<p>Stay Fresh contient 4% de b\u00e9ta\u00efne qui hydrate la peau, la rend plus forte et plus \u00e9lastique et a un effet anti-inflammatoire. Il contient \u00e9galement du jojoba bio et de l&#8217;huile de coco qui hydrate naturellement la peau. Stay Fresh contient \u00e9galement de la vitamine A (r\u00e9tinol) qui am\u00e9liore la qualit\u00e9 de la peau en stimulant la production de collag\u00e8ne.<\/p>\n<p>Emball\u00e9s dans notre bouteille airless, tous les ingr\u00e9dients conservent leur effet tandis que la bouteille est hygi\u00e9nique. Convient \u00e0 toutes les peaux normales \u00e0 grasses.<\/p>\n","protected":false},"excerpt":{"rendered":"<p>Cr\u00e8me de jour riche en vitamines au r\u00e9tinol qui laisse la peau hydrat\u00e9e, ferme et \u00e9clatante<\/p>\n","protected":false},"featured_media":22056,"comment_status":"open","ping_status":"closed","template":"","meta":{"_acf_changed":false,"inline_featured_image":false,"_monsterinsights_skip_tracking":false,"_monsterinsights_sitenote_active":false,"_monsterinsights_sitenote_note":"","_monsterinsights_sitenote_category":0},"product_brand":[],"product_cat":[531],"product_tag":[],"class_list":{"0":"post-22055","1":"product","2":"type-product","3":"status-publish","4":"has-post-thumbnail","6":"product_cat-non-classifiee-be_fr","8":"first","9":"outofstock","10":"taxable","11":"shipping-taxable","12":"purchasable","13":"product-type-simple"},"acf":[],"shsp-ext":{"main":{},"variations":[]},"yoast_head":"<!-- This site is optimized with the Yoast SEO plugin v27.5 - https:\/\/yoast.com\/product\/yoast-seo-wordpress\/ -->\n<title>CR\u00c8ME DE JOUR FRA\u00ceCHEUR - Beconfident<\/title>\n<meta name=\"robots\" content=\"index, follow, max-snippet:-1, max-image-preview:large, max-video-preview:-1\" \/>\n<link rel=\"canonical\" href=\"https:\/\/beconfident.com\/be_fr\/produkt\/stay-fresh-day-cream\/\" \/>\n<meta property=\"og:locale\" content=\"en_US\" \/>\n<meta property=\"og:type\" content=\"article\" \/>\n<meta property=\"og:title\" content=\"CR\u00c8ME DE JOUR FRA\u00ceCHEUR - Beconfident\" \/>\n<meta property=\"og:description\" content=\"Cr\u00e8me de jour riche en vitamines au r\u00e9tinol qui laisse la peau hydrat\u00e9e, ferme et \u00e9clatante\" \/>\n<meta property=\"og:url\" content=\"https:\/\/beconfident.com\/be_fr\/produkt\/stay-fresh-day-cream\/\" \/>\n<meta property=\"og:site_name\" content=\"Beconfident\" \/>\n<meta property=\"article:modified_time\" content=\"2026-03-03T11:24:48+00:00\" \/>\n<meta property=\"og:image\" content=\"https:\/\/beconfident.com\/wp-content\/uploads\/2021\/01\/180500-Stay-Fresh-Day-Cream.jpg\" \/>\n\t<meta property=\"og:image:width\" content=\"1000\" \/>\n\t<meta property=\"og:image:height\" content=\"1000\" \/>\n\t<meta property=\"og:image:type\" content=\"image\/jpeg\" \/>\n<meta name=\"twitter:card\" content=\"summary_large_image\" \/>\n<meta name=\"twitter:label1\" content=\"Est. reading time\" \/>\n\t<meta name=\"twitter:data1\" content=\"1 minute\" \/>\n<script type=\"application\/ld+json\" class=\"yoast-schema-graph\">{\"@context\":\"https:\\\/\\\/schema.org\",\"@graph\":[{\"@type\":\"WebPage\",\"@id\":\"https:\\\/\\\/beconfident.com\\\/be_fr\\\/produkt\\\/stay-fresh-day-cream\\\/\",\"url\":\"https:\\\/\\\/beconfident.com\\\/be_fr\\\/produkt\\\/stay-fresh-day-cream\\\/\",\"name\":\"CR\u00c8ME DE JOUR FRA\u00ceCHEUR - Beconfident\",\"isPartOf\":{\"@id\":\"https:\\\/\\\/beconfident.com\\\/lv\\\/#website\"},\"primaryImageOfPage\":{\"@id\":\"https:\\\/\\\/beconfident.com\\\/be_fr\\\/produkt\\\/stay-fresh-day-cream\\\/#primaryimage\"},\"image\":{\"@id\":\"https:\\\/\\\/beconfident.com\\\/be_fr\\\/produkt\\\/stay-fresh-day-cream\\\/#primaryimage\"},\"thumbnailUrl\":\"https:\\\/\\\/beconfident.com\\\/wp-content\\\/uploads\\\/2021\\\/01\\\/180500-Stay-Fresh-Day-Cream.jpg\",\"datePublished\":\"2021-01-11T09:04:36+00:00\",\"dateModified\":\"2026-03-03T11:24:48+00:00\",\"breadcrumb\":{\"@id\":\"https:\\\/\\\/beconfident.com\\\/be_fr\\\/produkt\\\/stay-fresh-day-cream\\\/#breadcrumb\"},\"inLanguage\":\"be-FR\",\"potentialAction\":[{\"@type\":\"ReadAction\",\"target\":[\"https:\\\/\\\/beconfident.com\\\/be_fr\\\/produkt\\\/stay-fresh-day-cream\\\/\"]}]},{\"@type\":\"ImageObject\",\"inLanguage\":\"be-FR\",\"@id\":\"https:\\\/\\\/beconfident.com\\\/be_fr\\\/produkt\\\/stay-fresh-day-cream\\\/#primaryimage\",\"url\":\"https:\\\/\\\/beconfident.com\\\/wp-content\\\/uploads\\\/2021\\\/01\\\/180500-Stay-Fresh-Day-Cream.jpg\",\"contentUrl\":\"https:\\\/\\\/beconfident.com\\\/wp-content\\\/uploads\\\/2021\\\/01\\\/180500-Stay-Fresh-Day-Cream.jpg\",\"width\":1000,\"height\":1000},{\"@type\":\"BreadcrumbList\",\"@id\":\"https:\\\/\\\/beconfident.com\\\/be_fr\\\/produkt\\\/stay-fresh-day-cream\\\/#breadcrumb\",\"itemListElement\":[{\"@type\":\"ListItem\",\"position\":1,\"name\":\"Hem\",\"item\":\"https:\\\/\\\/beconfident.com\\\/be_fr\\\/\"},{\"@type\":\"ListItem\",\"position\":2,\"name\":\"Webbutik\",\"item\":\"https:\\\/\\\/beconfident.com\\\/be_fr\\\/webbutik\\\/\"},{\"@type\":\"ListItem\",\"position\":3,\"name\":\"CR\u00c8ME DE JOUR FRA\u00ceCHEUR\"}]},{\"@type\":\"WebSite\",\"@id\":\"https:\\\/\\\/beconfident.com\\\/lv\\\/#website\",\"url\":\"https:\\\/\\\/beconfident.com\\\/lv\\\/\",\"name\":\"Beconfident\",\"description\":\"\",\"potentialAction\":[{\"@type\":\"SearchAction\",\"target\":{\"@type\":\"EntryPoint\",\"urlTemplate\":\"https:\\\/\\\/beconfident.com\\\/lv\\\/?s={search_term_string}\"},\"query-input\":{\"@type\":\"PropertyValueSpecification\",\"valueRequired\":true,\"valueName\":\"search_term_string\"}}],\"inLanguage\":\"be-FR\"}]}<\/script>\n<!-- \/ Yoast SEO plugin. -->","yoast_head_json":{"title":"CR\u00c8ME DE JOUR FRA\u00ceCHEUR - Beconfident","robots":{"index":"index","follow":"follow","max-snippet":"max-snippet:-1","max-image-preview":"max-image-preview:large","max-video-preview":"max-video-preview:-1"},"canonical":"https:\/\/beconfident.com\/be_fr\/produkt\/stay-fresh-day-cream\/","og_locale":"en_US","og_type":"article","og_title":"CR\u00c8ME DE JOUR FRA\u00ceCHEUR - Beconfident","og_description":"Cr\u00e8me de jour riche en vitamines au r\u00e9tinol qui laisse la peau hydrat\u00e9e, ferme et \u00e9clatante","og_url":"https:\/\/beconfident.com\/be_fr\/produkt\/stay-fresh-day-cream\/","og_site_name":"Beconfident","article_modified_time":"2026-03-03T11:24:48+00:00","og_image":[{"width":1000,"height":1000,"url":"https:\/\/beconfident.com\/wp-content\/uploads\/2021\/01\/180500-Stay-Fresh-Day-Cream.jpg","type":"image\/jpeg"}],"twitter_card":"summary_large_image","twitter_misc":{"Est. reading time":"1 minute"},"schema":{"@context":"https:\/\/schema.org","@graph":[{"@type":"WebPage","@id":"https:\/\/beconfident.com\/be_fr\/produkt\/stay-fresh-day-cream\/","url":"https:\/\/beconfident.com\/be_fr\/produkt\/stay-fresh-day-cream\/","name":"CR\u00c8ME DE JOUR FRA\u00ceCHEUR - Beconfident","isPartOf":{"@id":"https:\/\/beconfident.com\/lv\/#website"},"primaryImageOfPage":{"@id":"https:\/\/beconfident.com\/be_fr\/produkt\/stay-fresh-day-cream\/#primaryimage"},"image":{"@id":"https:\/\/beconfident.com\/be_fr\/produkt\/stay-fresh-day-cream\/#primaryimage"},"thumbnailUrl":"https:\/\/beconfident.com\/wp-content\/uploads\/2021\/01\/180500-Stay-Fresh-Day-Cream.jpg","datePublished":"2021-01-11T09:04:36+00:00","dateModified":"2026-03-03T11:24:48+00:00","breadcrumb":{"@id":"https:\/\/beconfident.com\/be_fr\/produkt\/stay-fresh-day-cream\/#breadcrumb"},"inLanguage":"be-FR","potentialAction":[{"@type":"ReadAction","target":["https:\/\/beconfident.com\/be_fr\/produkt\/stay-fresh-day-cream\/"]}]},{"@type":"ImageObject","inLanguage":"be-FR","@id":"https:\/\/beconfident.com\/be_fr\/produkt\/stay-fresh-day-cream\/#primaryimage","url":"https:\/\/beconfident.com\/wp-content\/uploads\/2021\/01\/180500-Stay-Fresh-Day-Cream.jpg","contentUrl":"https:\/\/beconfident.com\/wp-content\/uploads\/2021\/01\/180500-Stay-Fresh-Day-Cream.jpg","width":1000,"height":1000},{"@type":"BreadcrumbList","@id":"https:\/\/beconfident.com\/be_fr\/produkt\/stay-fresh-day-cream\/#breadcrumb","itemListElement":[{"@type":"ListItem","position":1,"name":"Hem","item":"https:\/\/beconfident.com\/be_fr\/"},{"@type":"ListItem","position":2,"name":"Webbutik","item":"https:\/\/beconfident.com\/be_fr\/webbutik\/"},{"@type":"ListItem","position":3,"name":"CR\u00c8ME DE JOUR FRA\u00ceCHEUR"}]},{"@type":"WebSite","@id":"https:\/\/beconfident.com\/lv\/#website","url":"https:\/\/beconfident.com\/lv\/","name":"Beconfident","description":"","potentialAction":[{"@type":"SearchAction","target":{"@type":"EntryPoint","urlTemplate":"https:\/\/beconfident.com\/lv\/?s={search_term_string}"},"query-input":{"@type":"PropertyValueSpecification","valueRequired":true,"valueName":"search_term_string"}}],"inLanguage":"be-FR"}]}},"_links":{"self":[{"href":"https:\/\/beconfident.com\/be_fr\/wp-json\/wp\/v2\/product\/22055","targetHints":{"allow":["GET"]}}],"collection":[{"href":"https:\/\/beconfident.com\/be_fr\/wp-json\/wp\/v2\/product"}],"about":[{"href":"https:\/\/beconfident.com\/be_fr\/wp-json\/wp\/v2\/types\/product"}],"replies":[{"embeddable":true,"href":"https:\/\/beconfident.com\/be_fr\/wp-json\/wp\/v2\/comments?post=22055"}],"wp:featuredmedia":[{"embeddable":true,"href":"https:\/\/beconfident.com\/be_fr\/wp-json\/wp\/v2\/media\/22056"}],"wp:attachment":[{"href":"https:\/\/beconfident.com\/be_fr\/wp-json\/wp\/v2\/media?parent=22055"}],"wp:term":[{"taxonomy":"product_brand","embeddable":true,"href":"https:\/\/beconfident.com\/be_fr\/wp-json\/wp\/v2\/product_brand?post=22055"},{"taxonomy":"product_cat","embeddable":true,"href":"https:\/\/beconfident.com\/be_fr\/wp-json\/wp\/v2\/product_cat?post=22055"},{"taxonomy":"product_tag","embeddable":true,"href":"https:\/\/beconfident.com\/be_fr\/wp-json\/wp\/v2\/product_tag?post=22055"}],"curies":[{"name":"wp","href":"https:\/\/api.w.org\/{rel}","templated":true}]}}