{"id":22041,"date":"2021-01-11T10:04:36","date_gmt":"2021-01-11T09:04:36","guid":{"rendered":"http:\/\/beconfident.beconfident.hemsida.eu\/produkt\/clear-skin-start-kit\/"},"modified":"2024-08-09T19:34:55","modified_gmt":"2024-08-09T17:34:55","slug":"clear-skin-start-kit","status":"publish","type":"product","link":"https:\/\/beconfident.com\/be_fr\/produkt\/clear-skin-start-kit\/","title":{"rendered":"KIT DE D\u00c9MARRAGE CLEAR SKIN"},"content":{"rendered":"<p>Le kit Beconfident\u00ae Clear Skin Start est un syst\u00e8me complet avec tout ce dont vous avez besoin pour r\u00e9duire les boutons, et l&#8217;acn\u00e9 en deux \u00e9tapes faciles.<\/p>\n<p>\u00c9tape 1 &#8211; Clear Skin Prepare contient de la lactoperoxydase qui est un produit de colostrum unique qui a pour t\u00e2che de r\u00e9duire les bact\u00e9ries de l&#8217;acn\u00e9 avec le moins d&#8217;irritation possible de votre peau. Les produits sont doux mais contiennent des ingr\u00e9dients qui r\u00e9duisent efficacement vos probl\u00e8mes d&#8217;acn\u00e9, tout en renfor\u00e7ant la peau \u00e0 long terme et en \u00e9vitant ainsi l&#8217;apparition de nouveaux boutons.<br \/>\n\u00c9tape 2 &#8211; Peau claire R\u00e9duire avec une utilisation quotidienne rendra la peau plus r\u00e9sistante et plus forte \u00e0 long terme afin d&#8217;\u00e9viter l&#8217;apparition d&#8217;une nouvelle acn\u00e9 et limitera ainsi vos probl\u00e8mes futurs.<br \/>\nL&#8217;acn\u00e9 est mieux trait\u00e9e dans chaque phase avec juste la bonne quantit\u00e9 d&#8217;ingr\u00e9dients actifs. Nous vendons donc le traitement sous forme de kit complet contenant deux flacons airless (pour la meilleure hygi\u00e8ne possible), Clear Skin Pr\u00e9parez-vous \u00e0 d\u00e9marrer le traitement avec et Clear Skin Reduce pour un r\u00e9sultat durable. De cette fa\u00e7on, votre acn\u00e9 est combattue le plus efficacement possible \u00e0 chaque phase.<\/p>\n<p>Clear Skin est d\u00e9velopp\u00e9 par des experts de l&#8217;Universit\u00e9 de Lund et avec des r\u00e9sultats cliniquement prouv\u00e9s qui montrent une r\u00e9duction de 30% de l&#8217;acn\u00e9 en 3 semaines et jusqu&#8217;\u00e0 65% apr\u00e8s 6 semaines. Les produits Clear Skin ne contiennent pas d&#8217;acide ac\u00e9tylsalicylique qui peut irriter une peau d\u00e9j\u00e0 sensible.<br \/>\nL&#8217;emballage contient 1 x Pr\u00e9parer (10 ml), 1 x R\u00e9duire (10 ml) et des instructions d&#8217;utilisation.<\/p>\n","protected":false},"excerpt":{"rendered":"<p>Un syst\u00e8me de soins de la peau complet avec un effet prouv\u00e9 contre les boutons et l&#8217;acn\u00e9<\/p>\n","protected":false},"featured_media":22042,"comment_status":"open","ping_status":"closed","template":"","meta":{"_acf_changed":false,"inline_featured_image":false,"_monsterinsights_skip_tracking":false,"_monsterinsights_sitenote_active":false,"_monsterinsights_sitenote_note":"","_monsterinsights_sitenote_category":0},"product_brand":[],"product_cat":[533],"product_tag":[],"class_list":{"0":"post-22041","1":"product","2":"type-product","3":"status-publish","4":"has-post-thumbnail","6":"product_cat-serie-clear-skin-be_fr","8":"first","9":"outofstock","10":"taxable","11":"shipping-taxable","12":"purchasable","13":"product-type-simple"},"acf":[],"shsp-ext":{"main":{},"variations":[]},"yoast_head":"<!-- This site is optimized with the Yoast SEO plugin v27.5 - https:\/\/yoast.com\/product\/yoast-seo-wordpress\/ -->\n<title>KIT DE D\u00c9MARRAGE CLEAR SKIN - Beconfident<\/title>\n<meta name=\"robots\" content=\"index, follow, max-snippet:-1, max-image-preview:large, max-video-preview:-1\" \/>\n<link rel=\"canonical\" href=\"https:\/\/beconfident.com\/be_fr\/produkt\/clear-skin-start-kit\/\" \/>\n<meta property=\"og:locale\" content=\"en_US\" \/>\n<meta property=\"og:type\" content=\"article\" \/>\n<meta property=\"og:title\" content=\"KIT DE D\u00c9MARRAGE CLEAR SKIN - Beconfident\" \/>\n<meta property=\"og:description\" content=\"Un syst\u00e8me de soins de la peau complet avec un effet prouv\u00e9 contre les boutons et l&#039;acn\u00e9\" \/>\n<meta property=\"og:url\" content=\"https:\/\/beconfident.com\/be_fr\/produkt\/clear-skin-start-kit\/\" \/>\n<meta property=\"og:site_name\" content=\"Beconfident\" \/>\n<meta property=\"article:modified_time\" content=\"2024-08-09T17:34:55+00:00\" \/>\n<meta property=\"og:image\" content=\"https:\/\/beconfident.com\/wp-content\/uploads\/2021\/01\/190097-Clear-Skin-Start-Kit.jpg\" \/>\n\t<meta property=\"og:image:width\" content=\"1000\" \/>\n\t<meta property=\"og:image:height\" content=\"1000\" \/>\n\t<meta property=\"og:image:type\" content=\"image\/jpeg\" \/>\n<meta name=\"twitter:card\" content=\"summary_large_image\" \/>\n<meta name=\"twitter:label1\" content=\"Est. reading time\" \/>\n\t<meta name=\"twitter:data1\" content=\"1 minute\" \/>\n<script type=\"application\/ld+json\" class=\"yoast-schema-graph\">{\"@context\":\"https:\\\/\\\/schema.org\",\"@graph\":[{\"@type\":\"WebPage\",\"@id\":\"https:\\\/\\\/beconfident.com\\\/be_fr\\\/produkt\\\/clear-skin-start-kit\\\/\",\"url\":\"https:\\\/\\\/beconfident.com\\\/be_fr\\\/produkt\\\/clear-skin-start-kit\\\/\",\"name\":\"KIT DE D\u00c9MARRAGE CLEAR SKIN - Beconfident\",\"isPartOf\":{\"@id\":\"https:\\\/\\\/beconfident.com\\\/lv\\\/#website\"},\"primaryImageOfPage\":{\"@id\":\"https:\\\/\\\/beconfident.com\\\/be_fr\\\/produkt\\\/clear-skin-start-kit\\\/#primaryimage\"},\"image\":{\"@id\":\"https:\\\/\\\/beconfident.com\\\/be_fr\\\/produkt\\\/clear-skin-start-kit\\\/#primaryimage\"},\"thumbnailUrl\":\"https:\\\/\\\/beconfident.com\\\/wp-content\\\/uploads\\\/2021\\\/01\\\/190097-Clear-Skin-Start-Kit.jpg\",\"datePublished\":\"2021-01-11T09:04:36+00:00\",\"dateModified\":\"2024-08-09T17:34:55+00:00\",\"breadcrumb\":{\"@id\":\"https:\\\/\\\/beconfident.com\\\/be_fr\\\/produkt\\\/clear-skin-start-kit\\\/#breadcrumb\"},\"inLanguage\":\"be-FR\",\"potentialAction\":[{\"@type\":\"ReadAction\",\"target\":[\"https:\\\/\\\/beconfident.com\\\/be_fr\\\/produkt\\\/clear-skin-start-kit\\\/\"]}]},{\"@type\":\"ImageObject\",\"inLanguage\":\"be-FR\",\"@id\":\"https:\\\/\\\/beconfident.com\\\/be_fr\\\/produkt\\\/clear-skin-start-kit\\\/#primaryimage\",\"url\":\"https:\\\/\\\/beconfident.com\\\/wp-content\\\/uploads\\\/2021\\\/01\\\/190097-Clear-Skin-Start-Kit.jpg\",\"contentUrl\":\"https:\\\/\\\/beconfident.com\\\/wp-content\\\/uploads\\\/2021\\\/01\\\/190097-Clear-Skin-Start-Kit.jpg\",\"width\":1000,\"height\":1000},{\"@type\":\"BreadcrumbList\",\"@id\":\"https:\\\/\\\/beconfident.com\\\/be_fr\\\/produkt\\\/clear-skin-start-kit\\\/#breadcrumb\",\"itemListElement\":[{\"@type\":\"ListItem\",\"position\":1,\"name\":\"Hem\",\"item\":\"https:\\\/\\\/beconfident.com\\\/be_fr\\\/\"},{\"@type\":\"ListItem\",\"position\":2,\"name\":\"Webbutik\",\"item\":\"https:\\\/\\\/beconfident.com\\\/be_fr\\\/webbutik\\\/\"},{\"@type\":\"ListItem\",\"position\":3,\"name\":\"KIT DE D\u00c9MARRAGE CLEAR SKIN\"}]},{\"@type\":\"WebSite\",\"@id\":\"https:\\\/\\\/beconfident.com\\\/lv\\\/#website\",\"url\":\"https:\\\/\\\/beconfident.com\\\/lv\\\/\",\"name\":\"Beconfident\",\"description\":\"\",\"potentialAction\":[{\"@type\":\"SearchAction\",\"target\":{\"@type\":\"EntryPoint\",\"urlTemplate\":\"https:\\\/\\\/beconfident.com\\\/lv\\\/?s={search_term_string}\"},\"query-input\":{\"@type\":\"PropertyValueSpecification\",\"valueRequired\":true,\"valueName\":\"search_term_string\"}}],\"inLanguage\":\"be-FR\"}]}<\/script>\n<!-- \/ Yoast SEO plugin. -->","yoast_head_json":{"title":"KIT DE D\u00c9MARRAGE CLEAR SKIN - Beconfident","robots":{"index":"index","follow":"follow","max-snippet":"max-snippet:-1","max-image-preview":"max-image-preview:large","max-video-preview":"max-video-preview:-1"},"canonical":"https:\/\/beconfident.com\/be_fr\/produkt\/clear-skin-start-kit\/","og_locale":"en_US","og_type":"article","og_title":"KIT DE D\u00c9MARRAGE CLEAR SKIN - Beconfident","og_description":"Un syst\u00e8me de soins de la peau complet avec un effet prouv\u00e9 contre les boutons et l'acn\u00e9","og_url":"https:\/\/beconfident.com\/be_fr\/produkt\/clear-skin-start-kit\/","og_site_name":"Beconfident","article_modified_time":"2024-08-09T17:34:55+00:00","og_image":[{"width":1000,"height":1000,"url":"https:\/\/beconfident.com\/wp-content\/uploads\/2021\/01\/190097-Clear-Skin-Start-Kit.jpg","type":"image\/jpeg"}],"twitter_card":"summary_large_image","twitter_misc":{"Est. reading time":"1 minute"},"schema":{"@context":"https:\/\/schema.org","@graph":[{"@type":"WebPage","@id":"https:\/\/beconfident.com\/be_fr\/produkt\/clear-skin-start-kit\/","url":"https:\/\/beconfident.com\/be_fr\/produkt\/clear-skin-start-kit\/","name":"KIT DE D\u00c9MARRAGE CLEAR SKIN - Beconfident","isPartOf":{"@id":"https:\/\/beconfident.com\/lv\/#website"},"primaryImageOfPage":{"@id":"https:\/\/beconfident.com\/be_fr\/produkt\/clear-skin-start-kit\/#primaryimage"},"image":{"@id":"https:\/\/beconfident.com\/be_fr\/produkt\/clear-skin-start-kit\/#primaryimage"},"thumbnailUrl":"https:\/\/beconfident.com\/wp-content\/uploads\/2021\/01\/190097-Clear-Skin-Start-Kit.jpg","datePublished":"2021-01-11T09:04:36+00:00","dateModified":"2024-08-09T17:34:55+00:00","breadcrumb":{"@id":"https:\/\/beconfident.com\/be_fr\/produkt\/clear-skin-start-kit\/#breadcrumb"},"inLanguage":"be-FR","potentialAction":[{"@type":"ReadAction","target":["https:\/\/beconfident.com\/be_fr\/produkt\/clear-skin-start-kit\/"]}]},{"@type":"ImageObject","inLanguage":"be-FR","@id":"https:\/\/beconfident.com\/be_fr\/produkt\/clear-skin-start-kit\/#primaryimage","url":"https:\/\/beconfident.com\/wp-content\/uploads\/2021\/01\/190097-Clear-Skin-Start-Kit.jpg","contentUrl":"https:\/\/beconfident.com\/wp-content\/uploads\/2021\/01\/190097-Clear-Skin-Start-Kit.jpg","width":1000,"height":1000},{"@type":"BreadcrumbList","@id":"https:\/\/beconfident.com\/be_fr\/produkt\/clear-skin-start-kit\/#breadcrumb","itemListElement":[{"@type":"ListItem","position":1,"name":"Hem","item":"https:\/\/beconfident.com\/be_fr\/"},{"@type":"ListItem","position":2,"name":"Webbutik","item":"https:\/\/beconfident.com\/be_fr\/webbutik\/"},{"@type":"ListItem","position":3,"name":"KIT DE D\u00c9MARRAGE CLEAR SKIN"}]},{"@type":"WebSite","@id":"https:\/\/beconfident.com\/lv\/#website","url":"https:\/\/beconfident.com\/lv\/","name":"Beconfident","description":"","potentialAction":[{"@type":"SearchAction","target":{"@type":"EntryPoint","urlTemplate":"https:\/\/beconfident.com\/lv\/?s={search_term_string}"},"query-input":{"@type":"PropertyValueSpecification","valueRequired":true,"valueName":"search_term_string"}}],"inLanguage":"be-FR"}]}},"_links":{"self":[{"href":"https:\/\/beconfident.com\/be_fr\/wp-json\/wp\/v2\/product\/22041","targetHints":{"allow":["GET"]}}],"collection":[{"href":"https:\/\/beconfident.com\/be_fr\/wp-json\/wp\/v2\/product"}],"about":[{"href":"https:\/\/beconfident.com\/be_fr\/wp-json\/wp\/v2\/types\/product"}],"replies":[{"embeddable":true,"href":"https:\/\/beconfident.com\/be_fr\/wp-json\/wp\/v2\/comments?post=22041"}],"wp:featuredmedia":[{"embeddable":true,"href":"https:\/\/beconfident.com\/be_fr\/wp-json\/wp\/v2\/media\/22042"}],"wp:attachment":[{"href":"https:\/\/beconfident.com\/be_fr\/wp-json\/wp\/v2\/media?parent=22041"}],"wp:term":[{"taxonomy":"product_brand","embeddable":true,"href":"https:\/\/beconfident.com\/be_fr\/wp-json\/wp\/v2\/product_brand?post=22041"},{"taxonomy":"product_cat","embeddable":true,"href":"https:\/\/beconfident.com\/be_fr\/wp-json\/wp\/v2\/product_cat?post=22041"},{"taxonomy":"product_tag","embeddable":true,"href":"https:\/\/beconfident.com\/be_fr\/wp-json\/wp\/v2\/product_tag?post=22041"}],"curies":[{"name":"wp","href":"https:\/\/api.w.org\/{rel}","templated":true}]}}