{"id":21909,"date":"2021-01-11T10:04:26","date_gmt":"2021-01-11T09:04:26","guid":{"rendered":"http:\/\/beconfident.beconfident.hemsida.eu\/produkt\/multifunctional-whitening-toothpaste-strawberrymint\/"},"modified":"2025-02-05T09:21:34","modified_gmt":"2025-02-05T08:21:34","slug":"multifunctional-whitening-toothpaste-strawberrymint","status":"publish","type":"product","link":"https:\/\/beconfident.com\/be_fr\/produkt\/multifunctional-whitening-toothpaste-strawberrymint\/","title":{"rendered":"DENTIFRICE BLANCHISSANT MULTIFONCTION FRAISE + MENTHE"},"content":{"rendered":"<p>Le dentifrice blanchissant multifonctionnel Beconfident\u00ae a \u00e9t\u00e9 d\u00e9velopp\u00e9 en collaboration avec des dentistes de renomm\u00e9e mondiale pour devenir le dentifrice blanchissant le plus complet du march\u00e9. En plus de blanchir les dents, il prot\u00e8ge contre les caries et la plaque dentaire, renforce les gencives et \u00e9limine les taches et les d\u00e9colorations. Disponible en saveurs: Acai + Mint, Cocos + Mint, Fraise + Menthe, Extra Mint et Sensitive Mint. Afin de garantir que le dentifrice multifonctionnel Beconfident\u00ae est s\u00fbr et efficace, nous avons men\u00e9 une \u00e9tude clinique sur quatre semaines. L&#8217;\u00e9tude a \u00e9t\u00e9 r\u00e9alis\u00e9e conform\u00e9ment aux directives de bonnes pratiques cliniques et aux directives de l&#8217;ADA pour tester les dentifrices et les produits de blanchiment des dents. Le dentifrice blanchissant multifonctionnel Beconfident\u00ae contient un m\u00e9lange de fluor, de nitrate de potassium, de phosphate de calcium, de zinc, de carbone blanc et de peroxyde de calcium pour pro<\/p>\n","protected":false},"excerpt":{"rendered":"<p>Dentifrice blanchissant multifonctionnel pour des dents plus blanches, plus propres et plus fortes.<\/p>\n","protected":false},"featured_media":21910,"comment_status":"open","ping_status":"closed","template":"","meta":{"_acf_changed":false,"inline_featured_image":false,"_monsterinsights_skip_tracking":false,"_monsterinsights_sitenote_active":false,"_monsterinsights_sitenote_note":"","_monsterinsights_sitenote_category":0},"product_brand":[],"product_cat":[718,525,526],"product_tag":[],"class_list":{"0":"post-21909","1":"product","2":"type-product","3":"status-publish","4":"has-post-thumbnail","6":"product_cat-alla-produkter-be_fr","7":"product_cat-tandkram-fr-be_fr","8":"product_cat-multifunctional-tandkram-fr-be_fr","10":"first","11":"instock","12":"taxable","13":"shipping-taxable","14":"purchasable","15":"product-type-simple"},"acf":[],"shsp-ext":{"main":{},"variations":[]},"yoast_head":"<!-- This site is optimized with the Yoast SEO plugin v27.2 - https:\/\/yoast.com\/product\/yoast-seo-wordpress\/ -->\n<title>DENTIFRICE BLANCHISSANT MULTIFONCTION FRAISE + MENTHE - Beconfident<\/title>\n<meta name=\"robots\" content=\"index, follow, max-snippet:-1, max-image-preview:large, max-video-preview:-1\" \/>\n<link rel=\"canonical\" href=\"https:\/\/beconfident.com\/be_fr\/produkt\/multifunctional-whitening-toothpaste-strawberrymint\/\" \/>\n<meta property=\"og:locale\" content=\"en_US\" \/>\n<meta property=\"og:type\" content=\"article\" \/>\n<meta property=\"og:title\" content=\"DENTIFRICE BLANCHISSANT MULTIFONCTION FRAISE + MENTHE - Beconfident\" \/>\n<meta property=\"og:description\" content=\"Dentifrice blanchissant multifonctionnel pour des dents plus blanches, plus propres et plus fortes.\" \/>\n<meta property=\"og:url\" content=\"https:\/\/beconfident.com\/be_fr\/produkt\/multifunctional-whitening-toothpaste-strawberrymint\/\" \/>\n<meta property=\"og:site_name\" content=\"Beconfident\" \/>\n<meta property=\"article:modified_time\" content=\"2025-02-05T08:21:34+00:00\" \/>\n<meta property=\"og:image\" content=\"https:\/\/beconfident.com\/wp-content\/uploads\/2021\/01\/141198-Multifunctional-Whitening-Toothpaste-Jordgubb-Mint.jpg\" \/>\n\t<meta property=\"og:image:width\" content=\"1000\" \/>\n\t<meta property=\"og:image:height\" content=\"1000\" \/>\n\t<meta property=\"og:image:type\" content=\"image\/jpeg\" \/>\n<meta name=\"twitter:card\" content=\"summary_large_image\" \/>\n<meta name=\"twitter:label1\" content=\"Est. reading time\" \/>\n\t<meta name=\"twitter:data1\" content=\"1 minute\" \/>\n<script type=\"application\/ld+json\" class=\"yoast-schema-graph\">{\"@context\":\"https:\/\/schema.org\",\"@graph\":[{\"@type\":\"WebPage\",\"@id\":\"https:\/\/beconfident.com\/be_fr\/produkt\/multifunctional-whitening-toothpaste-strawberrymint\/\",\"url\":\"https:\/\/beconfident.com\/be_fr\/produkt\/multifunctional-whitening-toothpaste-strawberrymint\/\",\"name\":\"DENTIFRICE BLANCHISSANT MULTIFONCTION FRAISE + MENTHE - Beconfident\",\"isPartOf\":{\"@id\":\"https:\/\/beconfident.com\/lv\/#website\"},\"primaryImageOfPage\":{\"@id\":\"https:\/\/beconfident.com\/be_fr\/produkt\/multifunctional-whitening-toothpaste-strawberrymint\/#primaryimage\"},\"image\":{\"@id\":\"https:\/\/beconfident.com\/be_fr\/produkt\/multifunctional-whitening-toothpaste-strawberrymint\/#primaryimage\"},\"thumbnailUrl\":\"https:\/\/beconfident.com\/wp-content\/uploads\/2021\/01\/141198-Multifunctional-Whitening-Toothpaste-Jordgubb-Mint.jpg\",\"datePublished\":\"2021-01-11T09:04:26+00:00\",\"dateModified\":\"2025-02-05T08:21:34+00:00\",\"breadcrumb\":{\"@id\":\"https:\/\/beconfident.com\/be_fr\/produkt\/multifunctional-whitening-toothpaste-strawberrymint\/#breadcrumb\"},\"inLanguage\":\"be-FR\",\"potentialAction\":[{\"@type\":\"ReadAction\",\"target\":[\"https:\/\/beconfident.com\/be_fr\/produkt\/multifunctional-whitening-toothpaste-strawberrymint\/\"]}]},{\"@type\":\"ImageObject\",\"inLanguage\":\"be-FR\",\"@id\":\"https:\/\/beconfident.com\/be_fr\/produkt\/multifunctional-whitening-toothpaste-strawberrymint\/#primaryimage\",\"url\":\"https:\/\/beconfident.com\/wp-content\/uploads\/2021\/01\/141198-Multifunctional-Whitening-Toothpaste-Jordgubb-Mint.jpg\",\"contentUrl\":\"https:\/\/beconfident.com\/wp-content\/uploads\/2021\/01\/141198-Multifunctional-Whitening-Toothpaste-Jordgubb-Mint.jpg\",\"width\":1000,\"height\":1000},{\"@type\":\"BreadcrumbList\",\"@id\":\"https:\/\/beconfident.com\/be_fr\/produkt\/multifunctional-whitening-toothpaste-strawberrymint\/#breadcrumb\",\"itemListElement\":[{\"@type\":\"ListItem\",\"position\":1,\"name\":\"Hem\",\"item\":\"https:\/\/beconfident.com\/be_fr\/\"},{\"@type\":\"ListItem\",\"position\":2,\"name\":\"Webbutik\",\"item\":\"https:\/\/beconfident.com\/be_fr\/webbutik\/\"},{\"@type\":\"ListItem\",\"position\":3,\"name\":\"DENTIFRICE BLANCHISSANT MULTIFONCTION FRAISE + MENTHE\"}]},{\"@type\":\"WebSite\",\"@id\":\"https:\/\/beconfident.com\/lv\/#website\",\"url\":\"https:\/\/beconfident.com\/lv\/\",\"name\":\"Beconfident\",\"description\":\"\",\"potentialAction\":[{\"@type\":\"SearchAction\",\"target\":{\"@type\":\"EntryPoint\",\"urlTemplate\":\"https:\/\/beconfident.com\/lv\/?s={search_term_string}\"},\"query-input\":{\"@type\":\"PropertyValueSpecification\",\"valueRequired\":true,\"valueName\":\"search_term_string\"}}],\"inLanguage\":\"be-FR\"}]}<\/script>\n<!-- \/ Yoast SEO plugin. -->","yoast_head_json":{"title":"DENTIFRICE BLANCHISSANT MULTIFONCTION FRAISE + MENTHE - Beconfident","robots":{"index":"index","follow":"follow","max-snippet":"max-snippet:-1","max-image-preview":"max-image-preview:large","max-video-preview":"max-video-preview:-1"},"canonical":"https:\/\/beconfident.com\/be_fr\/produkt\/multifunctional-whitening-toothpaste-strawberrymint\/","og_locale":"en_US","og_type":"article","og_title":"DENTIFRICE BLANCHISSANT MULTIFONCTION FRAISE + MENTHE - Beconfident","og_description":"Dentifrice blanchissant multifonctionnel pour des dents plus blanches, plus propres et plus fortes.","og_url":"https:\/\/beconfident.com\/be_fr\/produkt\/multifunctional-whitening-toothpaste-strawberrymint\/","og_site_name":"Beconfident","article_modified_time":"2025-02-05T08:21:34+00:00","og_image":[{"width":1000,"height":1000,"url":"https:\/\/beconfident.com\/wp-content\/uploads\/2021\/01\/141198-Multifunctional-Whitening-Toothpaste-Jordgubb-Mint.jpg","type":"image\/jpeg"}],"twitter_card":"summary_large_image","twitter_misc":{"Est. reading time":"1 minute"},"schema":{"@context":"https:\/\/schema.org","@graph":[{"@type":"WebPage","@id":"https:\/\/beconfident.com\/be_fr\/produkt\/multifunctional-whitening-toothpaste-strawberrymint\/","url":"https:\/\/beconfident.com\/be_fr\/produkt\/multifunctional-whitening-toothpaste-strawberrymint\/","name":"DENTIFRICE BLANCHISSANT MULTIFONCTION FRAISE + MENTHE - Beconfident","isPartOf":{"@id":"https:\/\/beconfident.com\/lv\/#website"},"primaryImageOfPage":{"@id":"https:\/\/beconfident.com\/be_fr\/produkt\/multifunctional-whitening-toothpaste-strawberrymint\/#primaryimage"},"image":{"@id":"https:\/\/beconfident.com\/be_fr\/produkt\/multifunctional-whitening-toothpaste-strawberrymint\/#primaryimage"},"thumbnailUrl":"https:\/\/beconfident.com\/wp-content\/uploads\/2021\/01\/141198-Multifunctional-Whitening-Toothpaste-Jordgubb-Mint.jpg","datePublished":"2021-01-11T09:04:26+00:00","dateModified":"2025-02-05T08:21:34+00:00","breadcrumb":{"@id":"https:\/\/beconfident.com\/be_fr\/produkt\/multifunctional-whitening-toothpaste-strawberrymint\/#breadcrumb"},"inLanguage":"be-FR","potentialAction":[{"@type":"ReadAction","target":["https:\/\/beconfident.com\/be_fr\/produkt\/multifunctional-whitening-toothpaste-strawberrymint\/"]}]},{"@type":"ImageObject","inLanguage":"be-FR","@id":"https:\/\/beconfident.com\/be_fr\/produkt\/multifunctional-whitening-toothpaste-strawberrymint\/#primaryimage","url":"https:\/\/beconfident.com\/wp-content\/uploads\/2021\/01\/141198-Multifunctional-Whitening-Toothpaste-Jordgubb-Mint.jpg","contentUrl":"https:\/\/beconfident.com\/wp-content\/uploads\/2021\/01\/141198-Multifunctional-Whitening-Toothpaste-Jordgubb-Mint.jpg","width":1000,"height":1000},{"@type":"BreadcrumbList","@id":"https:\/\/beconfident.com\/be_fr\/produkt\/multifunctional-whitening-toothpaste-strawberrymint\/#breadcrumb","itemListElement":[{"@type":"ListItem","position":1,"name":"Hem","item":"https:\/\/beconfident.com\/be_fr\/"},{"@type":"ListItem","position":2,"name":"Webbutik","item":"https:\/\/beconfident.com\/be_fr\/webbutik\/"},{"@type":"ListItem","position":3,"name":"DENTIFRICE BLANCHISSANT MULTIFONCTION FRAISE + MENTHE"}]},{"@type":"WebSite","@id":"https:\/\/beconfident.com\/lv\/#website","url":"https:\/\/beconfident.com\/lv\/","name":"Beconfident","description":"","potentialAction":[{"@type":"SearchAction","target":{"@type":"EntryPoint","urlTemplate":"https:\/\/beconfident.com\/lv\/?s={search_term_string}"},"query-input":{"@type":"PropertyValueSpecification","valueRequired":true,"valueName":"search_term_string"}}],"inLanguage":"be-FR"}]}},"_links":{"self":[{"href":"https:\/\/beconfident.com\/be_fr\/wp-json\/wp\/v2\/product\/21909","targetHints":{"allow":["GET"]}}],"collection":[{"href":"https:\/\/beconfident.com\/be_fr\/wp-json\/wp\/v2\/product"}],"about":[{"href":"https:\/\/beconfident.com\/be_fr\/wp-json\/wp\/v2\/types\/product"}],"replies":[{"embeddable":true,"href":"https:\/\/beconfident.com\/be_fr\/wp-json\/wp\/v2\/comments?post=21909"}],"wp:featuredmedia":[{"embeddable":true,"href":"https:\/\/beconfident.com\/be_fr\/wp-json\/wp\/v2\/media\/21910"}],"wp:attachment":[{"href":"https:\/\/beconfident.com\/be_fr\/wp-json\/wp\/v2\/media?parent=21909"}],"wp:term":[{"taxonomy":"product_brand","embeddable":true,"href":"https:\/\/beconfident.com\/be_fr\/wp-json\/wp\/v2\/product_brand?post=21909"},{"taxonomy":"product_cat","embeddable":true,"href":"https:\/\/beconfident.com\/be_fr\/wp-json\/wp\/v2\/product_cat?post=21909"},{"taxonomy":"product_tag","embeddable":true,"href":"https:\/\/beconfident.com\/be_fr\/wp-json\/wp\/v2\/product_tag?post=21909"}],"curies":[{"name":"wp","href":"https:\/\/api.w.org\/{rel}","templated":true}]}}